{"id":9992,"date":"2022-07-07T15:15:49","date_gmt":"2022-07-07T15:15:49","guid":{"rendered":"https:\/\/www.asbestosclaims.law\/?page_id=9992"},"modified":"2022-09-29T17:17:41","modified_gmt":"2022-09-29T17:17:41","slug":"aircraft-carriers","status":"publish","type":"page","link":"https:\/\/www.asbestosclaims.law\/es\/fuentes-de-exposicion\/marina-eeuu\/clases-de-barcos\/portaaviones\/","title":{"rendered":"Asbesto en Portaaviones"},"content":{"rendered":"<p class=\"mt-5\">Durante la Segunda Guerra Mundial, los planificadores estadounidenses nunca dudaron de que Estados Unidos eventualmente derrotar\u00eda a Jap\u00f3n. Sin embargo, en las primeras etapas de la guerra, \"eventualmente\" parec\u00eda que ser\u00eda mucho tiempo. La inesperada y abrumadora victoria estadounidense en Midway, que ha sido tema de varias <a href=\"https:\/\/www.youtube.com\/watch?v=OnrL47mdOTg\" target=\"_blank\" rel=\"noreferrer noopener\">pel\u00edculas<\/a> y libros, cambi\u00f3 esa perspectiva.<\/p>\n\n\n\n<h2 class=\"wp-block-heading\" id=\"h-american-aircraft-carriers-helped-win-world-war-ii\">Los portaaviones estadounidenses ayudaron a ganar la Segunda Guerra Mundial.<\/h2>\n\n\n\n<h3 class=\"wp-block-heading\" id=\"h-they-also-contained-a-lot-of-asbestos\">Tambi\u00e9n conten\u00edan mucho asbesto.<\/h3>\n\n\n\n<p>Cuatro portaaviones estadounidenses, Lexington, Yorktown, Enterprise y Hornet, jugaron un papel fundamental en la victoria en Midway, que ocurri\u00f3 solo seis meses despu\u00e9s del desastre en Pearl Harbor. Sin el conocimiento de las valientes personas que sirvieron a bordo de estos portaaviones, el asbesto que conten\u00edan estos barcos era casi tan peligroso como las bombas y balas japonesas que volaron por el cielo durante la batalla.<\/p>\n\n\n\n<figure class=\"wp-block-image size-full\"><img decoding=\"async\" width=\"1430\" height=\"510\" src=\"https:\/\/www.asbestosclaims.law\/wp-content\/uploads\/2022\/07\/Asbestos-aircraf-carriers-img1.jpg\" alt=\"\" class=\"wp-image-10166\" srcset=\"https:\/\/www.asbestosclaims.law\/wp-content\/uploads\/2022\/07\/Asbestos-aircraf-carriers-img1.jpg 1430w, https:\/\/www.asbestosclaims.law\/wp-content\/uploads\/2022\/07\/Asbestos-aircraf-carriers-img1-540x193.jpg 540w, https:\/\/www.asbestosclaims.law\/wp-content\/uploads\/2022\/07\/Asbestos-aircraf-carriers-img1-768x274.jpg 768w, https:\/\/www.asbestosclaims.law\/wp-content\/uploads\/2022\/07\/Asbestos-aircraf-carriers-img1-18x6.jpg 18w\" sizes=\"(max-width: 1430px) 100vw, 1430px\" \/><\/figure>\n\n\n\n<h3 class=\"wp-block-heading\">Portaaviones Ign\u00edfugo con Asbesto<\/h3>\n\n\n\n<p>Hasta la era de la Guerra Fr\u00eda, los portaaviones como estos ten\u00edan cubiertas de vuelo de madera. Dado que el fuego era un peligro tan grave, estos recipientes ten\u00edan cantidades significativas de asbesto en materiales como:<\/p>\n\n\n\n<div class=\"wp-block-columns mt-0 mb-4 is-layout-flex wp-container-core-columns-is-layout-9d6595d7 wp-block-columns-is-layout-flex\">\n<div class=\"wp-block-column is-layout-flow wp-block-column-is-layout-flow\">\n<ul class=\"wp-block-list\"><li>Tela recubierta,<\/li><li>VIdrio de espuma,<\/li><li>Superficies de fibra de vidrio,<\/li><li>Bloques de aislamiento,<\/li><\/ul>\n<\/div>\n\n\n\n<div class=\"wp-block-column is-layout-flow wp-block-column-is-layout-flow\">\n<ul class=\"wp-block-list\"><li>Tableros absorbentes ac\u00fasticos,<\/li><li>Resina de vinilideno, y<\/li><li>Azulejos de cubierta.<\/li><\/ul>\n<\/div>\n<\/div>\n\n\n\n<p>Entonces, como ahora, los contratos del gobierno generalmente van al postor m\u00e1s bajo. Por lo tanto, los constructores utilizaron los materiales m\u00e1s baratos posibles. El asbesto era muy barato y tambi\u00e9n muy eficaz, por lo que, a pesar de los conocidos riesgos para la salud, los constructores navales lo utilizaban en grandes cantidades.<\/p>\n\n\n\n<p>Todos los que estaban a bordo de un portaaviones construido antes de 1975 y, por lo tanto, conten\u00edan asbesto, corren el riesgo de contraer mesotelioma y otras enfermedades graves por exposici\u00f3n al asbesto. Los individuos en mayor riesgo incluyen:<\/p>\n\n\n\n<ul class=\"check-list wp-block-list\"><li><strong>Compa\u00f1eros de electricista<\/strong>: El asbesto no conduce la electricidad. Entonces, los constructores navales usaron asbesto para el aislamiento. Por lo general, los EM no usaban equipo de protecci\u00f3n, ni siquiera una m\u00e1scara de respiraci\u00f3n. Estas personas normalmente estaban expuestas al asbesto.<\/li><li><strong>Soldadores<\/strong>: Si un portaaviones sufr\u00eda alg\u00fan da\u00f1o de combate u otro da\u00f1o, la Marina llamaba inmediatamente a los soldadores y otros trabajadores de reparaci\u00f3n. Una vez m\u00e1s, estas personas no ten\u00edan protecci\u00f3n contra las fibras de asbesto en el aire.<\/li><\/ul>\n\n\n\n<p>Cuando los marineros que sirvieron en portaaviones desarrollan una enfermedad relacionada con el asbesto, pueden presentar reclamos por discapacidad ante la Administraci\u00f3n de Veteranos, reclamos por productos defectuosos contra un fabricante de asbesto o reclamos de fondos fiduciarios de asbesto.<\/p>\n\n\n\n<section class=\"boxtextnew\">\n            <div class=\"row pt-5 5 px-xl-0 px-lg-3\" style=\"padding:30px 10px !Important; background-color:#F8F7F6; margin:0px;\">\n                <div>\n                    <table style=\"width:90%; margin:0px auto;\">\n                        <tbody><tr>                           \n                            <td style=\"text-align:left;\">\n<h5>AsbestosClaims.Law<\/h5>\n<p>AsbestosClaims.law es su recurso integral para todo lo relacionado con el asbesto, incluida informaci\u00f3n sobre salud y compensaci\u00f3n para los veteranos de la Fuerza A\u00e9rea y otros exmiembros del servicio. Esperamos que esto sea de ayuda y estamos agradecidos con todos los que se han dado de s\u00ed mismos para defendernos a todos.<\/p>\n\n<p>Si tiene preguntas o inquietudes adicionales relacionadas con el asbesto, visite nuestro <a href=\"https:\/\/www.asbestosclaims.law\/es\/\" rel=\"noopener\">sitio web<\/a> y <a href=\"http:\/\/youtube.com\/channel\/UCZ8k_hDOrgpwHTVwzZHKcmA\" target=\"_blank\" rel=\"noopener\">p\u00e1gina de YouTube<\/a> para ver videos, infograf\u00edas y respuestas a sus preguntas sobre el asbesto, incluida <a href=\"https:\/\/www.asbestosclaims.law\/es\/blogtag\/health-and-safety\/\">la salud y la seguridad<\/a>, <a href=\"https:\/\/www.asbestosclaims.law\/es\/asbestos-blog\/estoy-mudandome-deberia-tener-prueba-de-asbesto-gratis\/\">prueba de asbesto<\/a>, <a href=\"https:\/\/www.asbestosclaims.law\/es\/blogtag\/asbestos-removal\/\">la eliminaci\u00f3n del asbesto de su hogar y edificio<\/a>, y <a href=\"https:\/\/www.asbestosclaims.law\/es\/asbestos-mesothelioma-claims\/\">informaci\u00f3n legal<\/a> sobre <a href=\"https:\/\/www.asbestosclaims.law\/es\/asbestos-trusts\/what-are-asbestos-trusts-and-why-do-they-exist\/\">la compensaci\u00f3n por lesiones de asbesto<\/a>.<\/p>\n\n<p>Y si cree que estuvo expuesto al asbesto, o le han diagnosticado una enfermedad relacionada con el asbesto, podr\u00eda tener derecho a <a href=\"https:\/\/www.asbestosclaims.law\/es\/asbestos-claims\/\">compensaci\u00f3n significativa<\/a>: dinero que podr\u00eda usar para cubrir los costos de los servicios de eliminaci\u00f3n de asbesto, pagar el tratamiento m\u00e9dico y proteger de forma preventiva su bienestar f\u00edsico.&nbsp;<\/p>\n\n<p>Todo sin presentar una demanda.<\/p>\n\n<p>Si desea ayuda para presentar un reclamo, <a href=\"https:\/\/www.asbestosclaims.law\/es\/about-us\/contacta-con-nosotros\/\">ponerse en contacto<\/a> por correo electr\u00f3nico a <a href=\"mailto:help@asbestosclaims.law\">help@asbestosclaims.law<\/a>&nbsp;\to ll\u00e1menos o env\u00edenos un mensaje de texto al <a href=\"tel:8334272378\">(833) 4-ASBESTOS (427-2378)<\/a> o <a href=\"tel:2064559190\">(206) 455-9190<\/a>. Escucharemos su historia y le explicaremos sus opciones. Y nunca cobramos por nada a menos que reciba dinero en su bolsillo.<\/p>\n\n<\/td>                            \n                        <\/tr>\n                    <\/tbody><\/table>\n                <\/div>\n            <\/div>\n        <\/section>"},"excerpt":{"rendered":"<p>During World War II, American planners never doubted that the United States would eventually defeat Japan. However, in the early stages of the war, \u201ceventually\u201d seemed like it would be a very long time. The unexpected and overwhelming American victory at Midway, which has been the subject of various movies and books, changed that outlook. [&#8230;]<\/p>\n<p><a class=\"btn btn-secondary understrap-read-more-link\" href=\"https:\/\/www.asbestosclaims.law\/es\/fuentes-de-exposicion\/marina-eeuu\/clases-de-barcos\/portaaviones\/\">Leer m\u00e1s&#8230;<\/a><\/p>","protected":false},"author":1,"featured_media":0,"parent":10924,"menu_order":1,"comment_status":"closed","ping_status":"closed","template":"page-templates\/page-sidebar-template.php","meta":{"_acf_changed":false,"ub_ctt_via":"","footnotes":""},"class_list":["post-9992","page","type-page","status-publish","hentry"],"acf":[],"featured_image_src":null,"_links":{"self":[{"href":"https:\/\/www.asbestosclaims.law\/es\/wp-json\/wp\/v2\/pages\/9992","targetHints":{"allow":["GET"]}}],"collection":[{"href":"https:\/\/www.asbestosclaims.law\/es\/wp-json\/wp\/v2\/pages"}],"about":[{"href":"https:\/\/www.asbestosclaims.law\/es\/wp-json\/wp\/v2\/types\/page"}],"author":[{"embeddable":true,"href":"https:\/\/www.asbestosclaims.law\/es\/wp-json\/wp\/v2\/users\/1"}],"replies":[{"embeddable":true,"href":"https:\/\/www.asbestosclaims.law\/es\/wp-json\/wp\/v2\/comments?post=9992"}],"version-history":[{"count":0,"href":"https:\/\/www.asbestosclaims.law\/es\/wp-json\/wp\/v2\/pages\/9992\/revisions"}],"up":[{"embeddable":true,"href":"https:\/\/www.asbestosclaims.law\/es\/wp-json\/wp\/v2\/pages\/10924"}],"wp:attachment":[{"href":"https:\/\/www.asbestosclaims.law\/es\/wp-json\/wp\/v2\/media?parent=9992"}],"curies":[{"name":"wp","href":"https:\/\/api.w.org\/{rel}","templated":true}]}}