{"id":9957,"date":"2022-07-06T23:46:55","date_gmt":"2022-07-06T23:46:55","guid":{"rendered":"https:\/\/www.asbestosclaims.law\/?page_id=9957"},"modified":"2022-09-28T21:23:29","modified_gmt":"2022-09-28T21:23:29","slug":"amphibious-warships","status":"publish","type":"page","link":"https:\/\/www.asbestosclaims.law\/es\/fuentes-de-exposicion\/marina-eeuu\/clases-de-barcos\/barcos-de-guerra-anfibios\/","title":{"rendered":"Asbesto en Barcos de Guerra Anfibios"},"content":{"rendered":"<p class=\"mt-5\">La necesidad de lanchas de desembarco anfibias se hizo evidente en la Primera Guerra Mundial. Ese fue tambi\u00e9n el momento en que el asbesto comenz\u00f3 a usarse de forma generalizada en los buques de guerra.<\/p>\n\n\n\n<p>A lo largo de los a\u00f1os, la tecnolog\u00eda de los buques de guerra anfibios mejor\u00f3 significativamente. Lanchas de desembarco blindadas y armadas especializadas aparecieron en la Segunda Guerra Mundial, incluidos los tanques de desembarco (LST), que sus tripulaciones apodaron \"Objetivos grandes y lentos\".<\/p>\n\n\n\n<p>La funci\u00f3n y la forma cambiaron, pero no el dise\u00f1o b\u00e1sico. Hasta finales del per\u00edodo de la Guerra Fr\u00eda, la Armada usaba mucho asbesto en las lanchas de desembarco anfibias. Desafortunadamente, la exposici\u00f3n al asbesto puede causar problemas de salud importantes, incluidos c\u00e1nceres como el mesotelioma.<\/p>\n\n\n\n<h2 class=\"wp-block-heading\" id=\"h-the-health-hazards-of-asbestos-exposure-on-us-naval-amphibious-warships\">Los peligros para la salud de la exposici\u00f3n al asbesto en los buques de guerra anfibios navales de EE. UU.<\/h2>\n\n\n\n<p>Las fibras de asbesto son microsc\u00f3picas, pero duraderas y afiladas como agujas diminutas. Inhalar o tragar una sola fibra puede provocar enfermedades graves, como la asbestosis o el c\u00e1ncer conocido como mesotelioma, que suele ser mortal.<\/p>\n\n\n\n<p>A medida que pasan por las v\u00edas respiratorias de los pulmones, las fibras de asbesto queman el tejido y provocan cicatrices. A medida que se acumula este tejido cicatricial, bloquea estos conductos de respiraci\u00f3n. Eventualmente, la asbestosis est\u00e1 tan avanzada que las v\u00edctimas tienen problemas para respirar incluso en reposo. Esta enfermedad es dif\u00edcil de tratar y a\u00fan m\u00e1s dif\u00edcil vivir con ella.<\/p>\n\n\n\n<p>El mesotelioma es una forma rara y agresiva de c\u00e1ncer de pulm\u00f3n\/coraz\u00f3n con una tasa de mortalidad extremadamente alta. Cuando se forman tumores en el revestimiento meso, que se encuentra entre el coraz\u00f3n y los pulmones, son muy dif\u00edciles de tratar. En casos avanzados, los m\u00e9dicos ni siquiera pueden tratar los s\u00edntomas del mesotelioma.<\/p>\n\n\n\n<figure class=\"wp-block-image size-full\"><img decoding=\"async\" width=\"1430\" height=\"510\" src=\"https:\/\/www.asbestosclaims.law\/wp-content\/uploads\/2022\/07\/Asbestos-Warships-img4-1.jpg\" alt=\"\" class=\"wp-image-10024\" srcset=\"https:\/\/www.asbestosclaims.law\/wp-content\/uploads\/2022\/07\/Asbestos-Warships-img4-1.jpg 1430w, https:\/\/www.asbestosclaims.law\/wp-content\/uploads\/2022\/07\/Asbestos-Warships-img4-1-540x193.jpg 540w, https:\/\/www.asbestosclaims.law\/wp-content\/uploads\/2022\/07\/Asbestos-Warships-img4-1-768x274.jpg 768w, https:\/\/www.asbestosclaims.law\/wp-content\/uploads\/2022\/07\/Asbestos-Warships-img4-1-18x6.jpg 18w\" sizes=\"(max-width: 1430px) 100vw, 1430px\" \/><\/figure>\n\n\n\n<h2 class=\"wp-block-heading\" id=\"h-veterans-of-amphibious-warships-who-are-at-risk-for-asbestos-exposure-and-health-problems\">Veteranos de buques de guerra anfibios que est\u00e1n en riesgo de exposici\u00f3n al asbesto y problemas de salud<\/h2>\n\n\n\n<p class=\" translation-block\">Si usted o un ser querido sirvieron en un buque de guerra anfibio de la Guerra Fr\u00eda, es posible que en este momento est\u00e9n surgiendo signos de enfermedad. El per\u00edodo de latencia de estas enfermedades puede ser de  <a href=\"https:\/\/pubmed.ncbi.nlm.nih.gov\/7448712\/\" target=\"_self\">al menos cuarenta a\u00f1os<\/a>. Estas v\u00edctimas tienen varias opciones legales:<\/p>\n\n\n\n<ul class=\"check-list wp-block-list\"><li class=\" translation-block\"><strong>Discapacidad del VA<\/strong>: Las v\u00edctimas con discapacidades relacionadas con el servicio, incluidas las enfermedades por exposici\u00f3n al asbesto antes mencionadas, podr\u00edan tener derecho a dinero en efectivo mensual y atenci\u00f3n m\u00e9dica gratuita en un centro del VA. Un abogado ayuda a estas v\u00edctimas a navegar el complejo sistema de discapacidad.<\/li><li class=\" translation-block\"><strong>Producto defectuoso<\/strong>: si est\u00e1 dispuesto a pelear m\u00e1s, una demanda por producto defectuoso en un tribunal civil es una buena opci\u00f3n. Por lo general, los fabricantes de asbesto son estrictamente responsables de las lesiones que causan sus productos defectuosos. Adem\u00e1s, estas v\u00edctimas suelen tener derecho a da\u00f1os punitivos adicionales, adem\u00e1s de la compensaci\u00f3n por p\u00e9rdidas econ\u00f3micas.<\/li><li><strong>Fondo fiduciario de asbesto<\/strong>: si el fabricante ya no est\u00e1 en el negocio, un abogado puede ayudar a una v\u00edctima a presentar un reclamo ante un fondo de compensaci\u00f3n para v\u00edctimas de asbesto. Estos VCF contienen miles de millones de d\u00f3lares.<\/li><\/ul>\n\n\n\n<p>Cualquiera que haya servido en una lancha de desembarco corre peligro. Las ocupaciones de mayor riesgo incluyen soldadores, instaladores de tuber\u00edas, ingenieros y electricistas.<\/p>\n\n\n\n<section class=\"boxtextnew\">\n            <div class=\"row pt-5 5 px-xl-0 px-lg-3\" style=\"padding:30px 10px !Important; background-color:#F8F7F6; margin:0px;\">\n                <div>\n                    <table style=\"width:90%; margin:0px auto;\">\n                        <tbody><tr>                           \n                            <td style=\"text-align:left;\">\n<h5>AsbestosClaims.Law<\/h5>\n<p>AsbestosClaims.law es su recurso integral para todo lo relacionado con el asbesto, incluida informaci\u00f3n sobre salud y compensaci\u00f3n para los veteranos de la Fuerza A\u00e9rea y otros exmiembros del servicio. Esperamos que esto sea de ayuda y estamos agradecidos con todos los que se han dado de s\u00ed mismos para defendernos a todos.<\/p>\n\n<p>Si tiene preguntas o inquietudes adicionales relacionadas con el asbesto, visite nuestro <a href=\"https:\/\/www.asbestosclaims.law\/es\/\" rel=\"noopener\">sitio web<\/a> y <a href=\"http:\/\/youtube.com\/channel\/UCZ8k_hDOrgpwHTVwzZHKcmA\" target=\"_blank\" rel=\"noopener\">p\u00e1gina de YouTube<\/a> para ver videos, infograf\u00edas y respuestas a sus preguntas sobre el asbesto, incluida <a href=\"https:\/\/www.asbestosclaims.law\/es\/blogtag\/health-and-safety\/\">la salud y la seguridad<\/a>, <a href=\"https:\/\/www.asbestosclaims.law\/es\/asbestos-blog\/estoy-mudandome-deberia-tener-prueba-de-asbesto-gratis\/\">prueba de asbesto<\/a>, <a href=\"https:\/\/www.asbestosclaims.law\/es\/blogtag\/asbestos-removal\/\">la eliminaci\u00f3n del asbesto de su hogar y edificio<\/a>, y <a href=\"https:\/\/www.asbestosclaims.law\/es\/asbestos-mesothelioma-claims\/\">informaci\u00f3n legal<\/a> sobre <a href=\"https:\/\/www.asbestosclaims.law\/es\/asbestos-trusts\/what-are-asbestos-trusts-and-why-do-they-exist\/\">la compensaci\u00f3n por lesiones de asbesto<\/a>.<\/p>\n\n<p>Y si cree que estuvo expuesto al asbesto, o le han diagnosticado una enfermedad relacionada con el asbesto, podr\u00eda tener derecho a <a href=\"https:\/\/www.asbestosclaims.law\/es\/asbestos-claims\/\">compensaci\u00f3n significativa<\/a>: dinero que podr\u00eda usar para cubrir los costos de los servicios de eliminaci\u00f3n de asbesto, pagar el tratamiento m\u00e9dico y proteger de forma preventiva su bienestar f\u00edsico.&nbsp;<\/p>\n\n<p>Todo sin presentar una demanda.<\/p>\n\n<p>Si desea ayuda para presentar un reclamo, <a href=\"https:\/\/www.asbestosclaims.law\/es\/about-us\/contacta-con-nosotros\/\">ponerse en contacto<\/a> por correo electr\u00f3nico a <a href=\"mailto:help@asbestosclaims.law\">help@asbestosclaims.law<\/a>&nbsp;\to ll\u00e1menos o env\u00edenos un mensaje de texto al <a href=\"tel:8334272378\">(833) 4-ASBESTOS (427-2378)<\/a> o <a href=\"tel:2064559190\">(206) 455-9190<\/a>. Escucharemos su historia y le explicaremos sus opciones. Y nunca cobramos por nada a menos que reciba dinero en su bolsillo.<\/p>\n\n<\/td>                            \n                        <\/tr>\n                    <\/tbody><\/table>\n                <\/div>\n            <\/div>\n        <\/section>"},"excerpt":{"rendered":"<p>The need for amphibious landing craft became apparent in World War I. That was also about the time asbestos entered widespread use in naval ships. Over the years, amphibious warship technology improved significantly. Speciality armed and armored landing craft appeared in World War II, including Landing Ship Tanks (LSTs), which their crews nicknamed \u201cLarge, Slow [&#8230;]<\/p>\n<p><a class=\"btn btn-secondary understrap-read-more-link\" href=\"https:\/\/www.asbestosclaims.law\/es\/fuentes-de-exposicion\/marina-eeuu\/clases-de-barcos\/barcos-de-guerra-anfibios\/\">Leer m\u00e1s&#8230;<\/a><\/p>","protected":false},"author":1,"featured_media":0,"parent":10924,"menu_order":2,"comment_status":"closed","ping_status":"closed","template":"page-templates\/page-sidebar-template.php","meta":{"_acf_changed":false,"ub_ctt_via":"","footnotes":""},"class_list":["post-9957","page","type-page","status-publish","hentry"],"acf":[],"featured_image_src":null,"_links":{"self":[{"href":"https:\/\/www.asbestosclaims.law\/es\/wp-json\/wp\/v2\/pages\/9957","targetHints":{"allow":["GET"]}}],"collection":[{"href":"https:\/\/www.asbestosclaims.law\/es\/wp-json\/wp\/v2\/pages"}],"about":[{"href":"https:\/\/www.asbestosclaims.law\/es\/wp-json\/wp\/v2\/types\/page"}],"author":[{"embeddable":true,"href":"https:\/\/www.asbestosclaims.law\/es\/wp-json\/wp\/v2\/users\/1"}],"replies":[{"embeddable":true,"href":"https:\/\/www.asbestosclaims.law\/es\/wp-json\/wp\/v2\/comments?post=9957"}],"version-history":[{"count":0,"href":"https:\/\/www.asbestosclaims.law\/es\/wp-json\/wp\/v2\/pages\/9957\/revisions"}],"up":[{"embeddable":true,"href":"https:\/\/www.asbestosclaims.law\/es\/wp-json\/wp\/v2\/pages\/10924"}],"wp:attachment":[{"href":"https:\/\/www.asbestosclaims.law\/es\/wp-json\/wp\/v2\/media?parent=9957"}],"curies":[{"name":"wp","href":"https:\/\/api.w.org\/{rel}","templated":true}]}}