{"id":9508,"date":"2022-06-24T16:23:11","date_gmt":"2022-06-24T16:23:11","guid":{"rendered":"https:\/\/www.asbestosclaims.law\/?page_id=9508"},"modified":"2022-06-28T15:39:00","modified_gmt":"2022-06-28T15:39:00","slug":"us-navy","status":"publish","type":"page","link":"https:\/\/www.asbestosclaims.law\/es\/asbestos-in-the-military\/us-navy\/","title":{"rendered":"Asbesto en la Marina de los EE. UU."},"content":{"rendered":"<h2 class=\"wp-block-heading\" id=\"h-u-s-naval-forces-accounted-for-the-majority-of-asbestos-used-the-u-s-military\">Las fuerzas navales de EE. UU. representaron la mayor\u00eda del asbesto utilizado por el ej\u00e9rcito de EE. UU.<\/h2>\n\n\n\n<p class=\" translation-block\">En la historia, se pueden encontrar historias sobre la \"magia\" del asbesto que se remontan a 2000 a\u00f1os. El asbesto tiene una multitud de usos que tomaron por asalto <a href=\"https:\/\/www.asbestosclaims.law\/sources-of-asbestos-exposure\/occupational-exposure\" target=\"_self\">las industrias y las industrias de construcci\u00f3n de principios del siglo XX .<\/p>\n\n\n\n<p>Todo, desde materiales de construcci\u00f3n como <a href=\"https:\/\/www.asbestosclaims.law\/es\/asbestos-blog\/5-formas-probar-pisos-vinilo-para-detectar-asbesto\/\">baldosas<\/a>, placas de yeso y <a href=\"https:\/\/www.asbestosclaims.law\/es\/asbestos-blog\/el-cemento-tiene-asbesto\/\">cemento<\/a>, to protective clothing like gloves and aprons, to mechanical component parts like gaskets, brakes, and valves, contained asbestos at some point.\u00a0There was even asbestos paint, tape, and yarn. The <a href=\"https:\/\/www.asbestosclaims.law\/es\/asbestos-blog\/asbesto-el-mineral-milagroso\/\">\u201cmineral milagroso\u201d<\/a> era econ\u00f3mico y extremadamente duradero, lo que lo convert\u00eda en una opci\u00f3n obvia y popular para los fabricantes.\u00a0<\/p>\n\n\n\n<div class=\"wp-block-columns is-layout-flex wp-container-core-columns-is-layout-9d6595d7 wp-block-columns-is-layout-flex\">\n<div class=\"wp-block-column is-layout-flow wp-block-column-is-layout-flow\" style=\"flex-basis:66.66%\">\n<h2 class=\"mt-0 wp-block-heading\" id=\"h-u-s-naval-vessels-and-ships-were-fireproofed-with-asbestos\">Embarcaciones y barcos de la Armada de EE. UU. fueron ignifugados con asbesto<\/h2>\n\n\n\n<p>Another very widespread use of asbestos was in shipyards and aboard ships and submarines.\u00a0Vessels built for the U.S. Navy, U.S. Coast Guard, and <a href=\"https:\/\/www.asbestosclaims.law\/es\/asbestos-mesothelioma-claims\/maritime-claims\/\">Marina Mercante<\/a> from roughly the 1930s through 1980 contained asbestos in nearly every place imaginable.\u00a0Asbestos insulation especially was a ubiquitous product due to the need for ships to be fire resistant to protect the people and any cargo on board.\u00a0<\/p>\n<\/div>\n\n\n\n<div class=\"wp-block-column is-layout-flow wp-block-column-is-layout-flow\" style=\"flex-basis:33.33%\">\n<figure class=\"wp-block-image size-full\"><img decoding=\"async\" width=\"592\" height=\"780\" src=\"https:\/\/www.asbestosclaims.law\/wp-content\/uploads\/2022\/06\/Asbestos-military-img1-v3.jpg\" alt=\"\" class=\"wp-image-9550\" srcset=\"https:\/\/www.asbestosclaims.law\/wp-content\/uploads\/2022\/06\/Asbestos-military-img1-v3.jpg 592w, https:\/\/www.asbestosclaims.law\/wp-content\/uploads\/2022\/06\/Asbestos-military-img1-v3-410x540.jpg 410w, https:\/\/www.asbestosclaims.law\/wp-content\/uploads\/2022\/06\/Asbestos-military-img1-v3-9x12.jpg 9w\" sizes=\"(max-width: 592px) 100vw, 592px\" \/><\/figure>\n<\/div>\n<\/div>\n\n\n\n<p>Desafortunadamente, la exposici\u00f3n a las fibras de asbesto puede conducir al desarrollo de enfermedades y problemas de salud graves, como la asbestosis o el c\u00e1ncer.<\/p>\n\n\n\n<h2 class=\"wp-block-heading\" id=\"h-asbestos-and-health\">Asbesto y Salud<\/h2>\n\n\n\n<p>To be exposed to asbestos means that someone has inhaled or ingested friable (small, broken) asbestos fibers.\u00a0Exposure to asbestos, in any amount, can negatively impact your health. The National Cancer Institute has stated that <strong>ninguna cantidad de exposici\u00f3n al asbesto es segura<sup><strong><sup>1<\/sup><\/strong><\/sup>.<\/strong><\/p>\n\n\n\n<p>They can lodge into tissue called the mesothelium, which covers internal organs in the abdomen and chest, or irritate the pleura, the lining of the lungs. This irritation causes scar tissue and damage over time, which eventually can lead to the development of malignant (aggressive, rapidly spreading) or non-malignant (less aggressive, typically non-cancerous) disease.<\/p>\n\n\n\n<h3 class=\"wp-block-heading\">Problemas de salud causados \u200b\u200bpor la exposici\u00f3n al asbesto en la Marina de los EE. UU.<\/h3>\n\n\n\n<p>Los veteranos que estuvieron expuestos al asbesto en la Marina de los EE. UU. a menudo desarrollan las mismas condiciones causadas por la exposici\u00f3n al asbesto en general, que incluye enfermedades <strong>no malignas<\/strong> y <strong><em>malignas <\/em><\/strong><a href=\"https:\/\/www.asbestosclaims.law\/es\/asbestos-symptoms-and-treatment\/asbestos-injuries\/\">enfermedades relacionadas con el asbesto<\/a>:<\/p>\n\n\n\n<div class=\"wp-block-columns is-layout-flex wp-container-core-columns-is-layout-9d6595d7 wp-block-columns-is-layout-flex\">\n<div class=\"wp-block-column is-layout-flow wp-block-column-is-layout-flow\">\n<h4 class=\"wp-block-heading\" id=\"h-non-malignant\">No malignas:<\/h4>\n\n\n\n<ul class=\"wp-block-list\"><li>La Asbestosis<\/li><li>Placas pleurales<\/li><li>Derrame pleural<\/li><\/ul>\n\n\n\n<p><strong>Nota: Incluso las lesiones no malignas pueden ser extremadamente dolorosas y debilitantes para su calidad de vida, adem\u00e1s de implicar un tratamiento m\u00e9dico costoso y lento.<\/strong><\/p>\n<\/div>\n\n\n\n<div class=\"wp-block-column is-layout-flow wp-block-column-is-layout-flow\">\n<h4 class=\"wp-block-heading\" id=\"h-malignant\">Malignas:<\/h4>\n\n\n\n<ul class=\"wp-block-list\"><li>Mesotelioma<\/li><li class=\" translation-block\"><a href=\"https:\/\/www.thealphaparent.com\/6-reasons-why-you-should-purchase-an-air-cleaner\/\" target=\"_blank\" rel=\"noreferrer noopener\">C\u00e1ncer de<\/a> pulm\u00f3n<\/li><li>C\u00e1ncer de ovarios<\/li><li>C\u00e1ncer de est\u00f3mago<\/li><\/ul>\n\n\n\n<p>Al considerar si puede tener una enfermedad relacionada con el asbesto, <a href=\"https:\/\/www.asbestosclaims.law\/es\/asbestos-symptoms-and-treatment\/asbestos-injuries\/malignant-injuries\/\">potencialmente mortal<\/a> o no, es importante recordar que la exposici\u00f3n al asbesto tiene un largo per\u00edodo de latencia, lo que significa que los s\u00edntomas tardan <strong>decadas<\/strong> for symptoms to develop in the body.\u00a0Therefore, someone who was recently diagnosed with one of the above illnesses may have been exposed to asbestos anywhere from 20 to even 50 years prior to their diagnosis.\u00a0<\/p>\n<\/div>\n<\/div>\n\n\n\n<h2 class=\"wp-block-heading\" id=\"h-places-asbestos-could-be-found-in-the-u-s-navy\">Lugares donde se podr\u00eda encontrar asbesto en la Marina de los EE. UU.<\/h2>\n\n\n\n<p>El asbesto tiene cualidades notables, que incluyen:<\/p>\n\n\n\n<ul class=\"wp-block-list\"><li>Baja conductividad el\u00e9ctrica<\/li><li>Insolubilidad en agua<\/li><li>Resistencia al calor<\/li><li>Durabilidad y la capacidad de fortalecer otros materiales.<\/li><li>Resistencia a \u00e1cidos y \u00e1lcalis<\/li><li>Una naturaleza fibrosa que le permite ser rociado o tejido como tela<\/li><\/ul>\n\n\n\n<h2 class=\"wp-block-heading\" id=\"h-asbestos-was-often-used-on-u-s-naval-vessels\">El asbesto se usaba con frecuencia en los buques navales de EE. UU.<\/h2>\n\n\n\n<p>Algunas \u00e1reas comunes en embarcaciones donde se puede encontrar asbesto incluyen:<\/p>\n\n\n\n<div class=\"wp-block-columns is-layout-flex wp-container-core-columns-is-layout-9d6595d7 wp-block-columns-is-layout-flex\">\n<div class=\"wp-block-column is-layout-flow wp-block-column-is-layout-flow\">\n<h4 class=\"mt-0 wp-block-heading\" id=\"h-boiler-rooms-or-fire-rooms\">Salas de calderas (o salas de fuego)<\/h4>\n\n\n\n<p>Equipment like boilers and turbines that powered the ships by creating and controlling steam required asbestos insulation.\u00a0The pipes connected to this machinery were also covered in asbestos insulation.<\/p>\n<\/div>\n\n\n\n<div class=\"wp-block-column is-layout-flow wp-block-column-is-layout-flow\">\n<h4 class=\"mt-0 wp-block-heading\" id=\"h-engine-rooms\">Salas de m\u00e1quinas<\/h4>\n\n\n\n<p>Located either directly next to the boiler room or within the same space, the engine room was where the steam from the boiler room was sent to continue to power the ship.\u00a0The high temperature of the steam required that equipment be covered in asbestos insulation.<\/p>\n<\/div>\n\n\n\n<div class=\"wp-block-column is-layout-flow wp-block-column-is-layout-flow\">\n<h4 class=\"mt-0 wp-block-heading\" id=\"h-pump-rooms\">Salas de bombas<\/h4>\n\n\n\n<p>High-powered industrial pumps were a necessary part of the propulsion process of the ship.\u00a0These pumps required asbestos component parts like gaskets, valves, and insulation to function properly.\u00a0<\/p>\n<\/div>\n<\/div>\n\n\n\n<div class=\"wp-block-columns is-layout-flex wp-container-core-columns-is-layout-9d6595d7 wp-block-columns-is-layout-flex\">\n<div class=\"wp-block-column is-layout-flow wp-block-column-is-layout-flow\">\n<h4 class=\"mt-0 wp-block-heading\" id=\"h-cabins\">Caba\u00f1as&nbsp;<\/h4>\n\n\n\n<p>Aboard the ships, asbestos could be found in the bulkheads of the cabins, or the area where crew members slept.\u00a0A bulkhead is a barrier or divider between compartments, and to ensure that sailors were safe inside the cabins, asbestos insulation was used to fireproof the bulkheads.<\/p>\n<\/div>\n\n\n\n<div class=\"wp-block-column is-layout-flow wp-block-column-is-layout-flow\">\n<h4 class=\"mt-0 wp-block-heading\" id=\"h-hulls\">Cascos<\/h4>\n\n\n\n<p>The hull, or body of the ship, needs to be watertight and fireproof to ensure the safety of the entire ship.\u00a0Asbestos materials were used to protect the hulls.<\/p>\n<\/div>\n<\/div>\n\n\n\n<div class=\"wp-block-columns are-vertically-aligned-center is-layout-flex wp-container-core-columns-is-layout-9d6595d7 wp-block-columns-is-layout-flex\">\n<div class=\"wp-block-column is-vertically-aligned-center is-layout-flow wp-block-column-is-layout-flow\" style=\"flex-basis:33.33%\">\n<figure class=\"wp-block-image size-full\"><img decoding=\"async\" width=\"600\" height=\"350\" src=\"https:\/\/www.asbestosclaims.law\/wp-content\/uploads\/2022\/06\/Asbestos-military-img2.jpg\" alt=\"\" class=\"wp-image-9553\" srcset=\"https:\/\/www.asbestosclaims.law\/wp-content\/uploads\/2022\/06\/Asbestos-military-img2.jpg 600w, https:\/\/www.asbestosclaims.law\/wp-content\/uploads\/2022\/06\/Asbestos-military-img2-540x315.jpg 540w, https:\/\/www.asbestosclaims.law\/wp-content\/uploads\/2022\/06\/Asbestos-military-img2-18x12.jpg 18w\" sizes=\"(max-width: 600px) 100vw, 600px\" \/><\/figure>\n<\/div>\n\n\n\n<div class=\"wp-block-column is-vertically-aligned-center is-layout-flow wp-block-column-is-layout-flow\" style=\"flex-basis:66.66%\">\n<p>Las salas de m\u00e1quinas y las salas de calderas sol\u00edan ser espacios peque\u00f1os y cerrados con poca ventilaci\u00f3n.<\/p>\n<\/div>\n<\/div>\n\n\n\n<div class=\"wp-block-columns are-vertically-aligned-center is-layout-flex wp-container-core-columns-is-layout-9d6595d7 wp-block-columns-is-layout-flex\">\n<div class=\"wp-block-column is-vertically-aligned-center is-layout-flow wp-block-column-is-layout-flow\" style=\"flex-basis:33.33%\">\n<figure class=\"wp-block-image size-full\"><img decoding=\"async\" width=\"600\" height=\"350\" src=\"https:\/\/www.asbestosclaims.law\/wp-content\/uploads\/2022\/06\/Asbestos-military-img3.jpg\" alt=\"\" class=\"wp-image-9554\" srcset=\"https:\/\/www.asbestosclaims.law\/wp-content\/uploads\/2022\/06\/Asbestos-military-img3.jpg 600w, https:\/\/www.asbestosclaims.law\/wp-content\/uploads\/2022\/06\/Asbestos-military-img3-540x315.jpg 540w, https:\/\/www.asbestosclaims.law\/wp-content\/uploads\/2022\/06\/Asbestos-military-img3-18x12.jpg 18w\" sizes=\"(max-width: 600px) 100vw, 600px\" \/><\/figure>\n<\/div>\n\n\n\n<div class=\"wp-block-column is-vertically-aligned-center is-layout-flow wp-block-column-is-layout-flow\" style=\"flex-basis:66.66%\">\n<p>Las fibras de asbesto liberadas al aire en estas habitaciones por la reparaci\u00f3n, el mantenimiento o la instalaci\u00f3n de productos que contienen asbesto habr\u00edan permanecido durante horas y aumentado el riesgo de exposici\u00f3n para cualquier persona en esas habitaciones.<\/p>\n<\/div>\n<\/div>\n\n\n\n<h2 class=\"wp-block-heading\" id=\"h-other-places-asbestos-may-have-been-present-on-u-s-naval-vessels\">Otros lugares donde el asbesto pudo haber estado presente en los buques navales de EE. UU.<\/h2>\n\n\n\n<p>Otros lugares donde el asbesto puede estar presente en los barcos incluyen:<\/p>\n\n\n\n<ul class=\"wp-block-list\"><li>Salas de navegaci\u00f3n, que albergaban equipos de navegaci\u00f3n que deb\u00edan ser ign\u00edfugos.<\/li><li>Comedores, donde com\u00edan los marineros<\/li><li>Galeras (cocinas)<\/li><li>Cableado el\u00e9ctrico<\/li><\/ul>\n\n\n\n<section class=\"boxtextnew\">\n            <div class=\"row pt-5 5 px-xl-0 px-lg-3\" style=\"padding:30px 10px !Important; background-color:#F8F7F6; margin:0px;\">\n                <div class=\"col-md-12\">\n                    <table style=\"width:90%; margin:0px auto;\">\n                        <tbody><tr>                            \n                            <td style=\"width:90%; text-align:left;\"><h4 style=\"margin-top:12px;\">Si sirvi\u00f3 en la Marina de los EE. UU. durante las d\u00e9cadas de 1930 y 1970, es muy probable que haya servido a bordo de un barco que conten\u00eda materiales de asbesto.<\/h4><\/td>                            \n                        <\/tr>\n                    <\/tbody><\/table>\n                <\/div>\n            <\/div>\n<\/section>\n\n\n\n<h2 class=\"wp-block-heading\" id=\"h-occupational-asbestos-exposure-is-most-common-including-jobs-in-the-u-s-navy\">La exposici\u00f3n ocupacional al asbesto es la m\u00e1s com\u00fan, incluidos los trabajos en la Marina de los EE. UU.<\/h2>\n\n\n\n<p>Common occupations that would have had a higher likelihood of working directly with asbestos-containing products include boilermakers, pipefitters, hull repair technicians, insulators (or laggers), and machinist\u2019s mates.\u00a0Even if you did not have one of these occupations, however, you may have been at risk of exposure if you frequently passed by an area where others were manipulating products that released friable fibers into the air.\u00a0<\/p>\n\n\n\n<h2 class=\"wp-block-heading\" id=\"h-shipyards-contained-asbestos-and-shipyard-workers-may-be-at-risk-of-asbestos-exposure\">Los astilleros conten\u00edan asbesto y los trabajadores de los astilleros pueden estar en riesgo de exposici\u00f3n al asbesto<\/h2>\n\n\n\n<p>Additionally, shipyard workers \u2013 who did not necessarily have to be members of the military \u2013 were at high risk of exposure during the construction and repair of the ships.\u00a0Any time that asbestos is disturbed, microscopic fibers can become airborne and present a health risk to those nearby.\u00a0Those who transported asbestos materials in the shipyards, mixed, sawed, cut, or fabricated asbestos products, or installed or removed asbestos-containing materials on the vessels would have been exposed to harmful fibers.\u00a0<\/p>\n\n\n\n<figure class=\"wp-block-image size-full\"><img decoding=\"async\" width=\"1430\" height=\"510\" src=\"https:\/\/www.asbestosclaims.law\/wp-content\/uploads\/2022\/06\/Asbestos-military-img4.jpg\" alt=\"\" class=\"wp-image-9557\" srcset=\"https:\/\/www.asbestosclaims.law\/wp-content\/uploads\/2022\/06\/Asbestos-military-img4.jpg 1430w, https:\/\/www.asbestosclaims.law\/wp-content\/uploads\/2022\/06\/Asbestos-military-img4-540x193.jpg 540w, https:\/\/www.asbestosclaims.law\/wp-content\/uploads\/2022\/06\/Asbestos-military-img4-768x274.jpg 768w, https:\/\/www.asbestosclaims.law\/wp-content\/uploads\/2022\/06\/Asbestos-military-img4-18x6.jpg 18w\" sizes=\"(max-width: 1430px) 100vw, 1430px\" \/><\/figure>\n\n\n\n<h2 class=\"wp-block-heading\" id=\"h-ship-construction-maintenance-repair-and-decommissioning-can-involve-asbestos-exposure\">La construcci\u00f3n, el mantenimiento, la reparaci\u00f3n y el desmantelamiento de barcos pueden implicar exposici\u00f3n al asbesto<\/h2>\n\n\n\n<p>Desde 1930 hasta 1975, los Estados Unidos construyeron cientos de barcos para sus fuerzas navales, y puede estar seguro de que se usaron materiales de asbesto en pr\u00e1cticamente todos esos barcos. Diferentes tipos de embarcaciones, como portaaviones o submarinos, pueden haber tenido materiales de asbesto en diferentes \u00e1reas. Hemos compilado una <a href=\"#\">lista completa<\/a> para que le resulte m\u00e1s f\u00e1cil verificar si usted o un ser querido sirvieron en alguno de estos barcos. Para obtener m\u00e1s informaci\u00f3n sobre reclamos por discapacidad de veteranos, <a href=\"https:\/\/www.asbestosclaims.law\/es\/asbestos-mesothelioma-claims\/veterans-disability-claims\/\">haga clic aqu\u00ed.<\/a><\/p>\n\n\n\n<h2 class=\"wp-block-heading\" id=\"h-justinian-means-justice\">Justinian significa justicia<\/h2>\n\n\n\n<p>In addition to healthcare bills, asbestos-related illness can lead to lost wages, an inability to work, different disabilities, a degraded quality of life, and even death.\u00a0But under state and federal laws, people harmed by asbestos exposure are often entitled to compensation for their injuries.<\/p>\n\n\n\n<h3 class=\"wp-block-heading\" id=\"h-in-many-cases-they-do-not-even-need-to-file-a-lawsuit\">En muchos casos, ni siquiera necesitan presentar una demanda.<\/h3>\n\n\n\n<p>Incluso los fumadores habituales de cigarrillos que desarrollaron c\u00e1ncer de pulm\u00f3n a menudo pueden recuperar dinero si la exposici\u00f3n al asbesto empeora sus problemas de salud.<\/p>\n\n\n\n<div class=\"wp-block-columns is-layout-flex wp-container-core-columns-is-layout-9d6595d7 wp-block-columns-is-layout-flex\">\n<div class=\"wp-block-column is-layout-flow wp-block-column-is-layout-flow\" style=\"flex-basis:66.66%\">\n<p>Y si le han diagnosticado una enfermedad relacionada con el asbesto, puede hablar con un abogado especializado en lesiones por asbesto en las oficinas legales de Justinian C. Lane, Esq. \u2013 PLLC para discutir sus opciones.<\/p>\n\n\n\n<p>Mi abuelo fue un veterano de la Segunda Guerra Mundial y mi propia familia se vio afectada por los enga\u00f1os y el descuido de la industria del asbesto. Y mi equipo y yo estamos listos para enfrentarnos cara a cara con cualquier empresa que fabrique, venda, instale o elimine productos de asbesto sin brindar la protecci\u00f3n adecuada a nuestros clientes.<\/p>\n\n\n\n<p>No aceptamos la derrota. A menos que le consigamos dinero por sus lesiones, no nos paga ni un centavo.<\/p>\n<\/div>\n\n\n\n<div class=\"wp-block-column is-layout-flow wp-block-column-is-layout-flow\" style=\"flex-basis:33.33%\">\n<figure class=\"wp-block-image size-full\"><img decoding=\"async\" width=\"592\" height=\"870\" src=\"https:\/\/www.asbestosclaims.law\/wp-content\/uploads\/2022\/06\/Asbestos-military-img5.jpg\" alt=\"\" class=\"wp-image-9601\" srcset=\"https:\/\/www.asbestosclaims.law\/wp-content\/uploads\/2022\/06\/Asbestos-military-img5.jpg 592w, https:\/\/www.asbestosclaims.law\/wp-content\/uploads\/2022\/06\/Asbestos-military-img5-367x540.jpg 367w, https:\/\/www.asbestosclaims.law\/wp-content\/uploads\/2022\/06\/Asbestos-military-img5-8x12.jpg 8w\" sizes=\"(max-width: 592px) 100vw, 592px\" \/><\/figure>\n<\/div>\n<\/div>\n\n\n\n<h3 class=\"wp-block-heading\" id=\"h-your-rights-can-be-lost-if-you-wait\">Sus derechos pueden perderse si espera<\/h3>\n\n\n\n<p>Existen leyes que limitan la cantidad de tiempo que tiene para presentar una demanda despu\u00e9s de sufrir una lesi\u00f3n. Se conocen como estatutos de prescripci\u00f3n.<\/p>\n\n\n\n<div class=\"wp-block-columns is-layout-flex wp-container-core-columns-is-layout-9d6595d7 wp-block-columns-is-layout-flex\">\n<div class=\"wp-block-column is-layout-flow wp-block-column-is-layout-flow\" style=\"flex-basis:66.66%\">\n<p>La mayor\u00eda de los estatutos comenzar\u00e1n a correr a partir de la fecha de la lesi\u00f3n. Eso significa que el \u201creloj en marcha\u201d comienza el d\u00eda en que le diagnosticaron una enfermedad relacionada con el asbesto. Si est\u00e1 presentando un reclamo por muerte por negligencia, el estatuto de limitaci\u00f3n generalmente termina en la fecha en que falleci\u00f3 el ser querido.<\/p>\n\n\n\n<p>No espere para saber cu\u00e1ndo comienza su reclamo. Si cree que tiene derecho a una compensaci\u00f3n por su enfermedad relacionada con el asbesto, llame, env\u00ede un mensaje de texto o env\u00ede un correo electr\u00f3nico a Law Offices of Justinian C. Lane, Esq. \u2013 PLLC para entender sus derechos.<\/p>\n<\/div>\n\n\n\n<div class=\"wp-block-column is-layout-flow wp-block-column-is-layout-flow\" style=\"flex-basis:33.33%\">\n<figure class=\"wp-block-image size-full\"><img decoding=\"async\" width=\"592\" height=\"690\" src=\"https:\/\/www.asbestosclaims.law\/wp-content\/uploads\/2022\/06\/Asbestos-military-img6.jpg\" alt=\"\" class=\"wp-image-9571\" srcset=\"https:\/\/www.asbestosclaims.law\/wp-content\/uploads\/2022\/06\/Asbestos-military-img6.jpg 592w, https:\/\/www.asbestosclaims.law\/wp-content\/uploads\/2022\/06\/Asbestos-military-img6-463x540.jpg 463w, https:\/\/www.asbestosclaims.law\/wp-content\/uploads\/2022\/06\/Asbestos-military-img6-10x12.jpg 10w\" sizes=\"(max-width: 592px) 100vw, 592px\" \/><\/figure>\n<\/div>\n<\/div>\n\n\n\n<h2 class=\"wp-block-heading\" id=\"h-no-matter-what-there-is-no-fee-for-a-consultation-and-no-obligation\">Pase lo que pase, no hay tarifa por una consulta ni obligaci\u00f3n.<\/h2>\n\n\n\n<p>Si result\u00f3 da\u00f1ado por la exposici\u00f3n al asbesto, se reservaron $30 mil millones de d\u00f3lares para ayudarlo a pagar sus facturas de atenci\u00f3n m\u00e9dica, los costos de viaje para el tratamiento, los costos funerarios inevitables y brindar apoyo a su familia.<\/p>\n\n\n\n<p>Y no le costar\u00e1 nada presentar una reclamaci\u00f3n.<\/p>\n\n\n\n<section class=\"boxtextnew\">\n            <div class=\"row pt-5 5 px-xl-0 px-lg-3\" style=\"padding:30px 10px !Important; background-color:#F8F7F6; margin:0px;\">\n                <div class=\"col-md-12\">\n                    <table style=\"width:90%; margin:0px auto;\">\n                        <tbody><tr>                            \n                            <td style=\"width:90%; text-align:left;\"><p style=\"margin-top:12px;\">En AsbestosClaims.Law, hemos ayudado a miles de personas que estuvieron expuestas al asbesto en su trabajo, autom\u00f3vil o en su hogar.<\/p><h5 style=\"margin-top:12px; text-align:right;\">\u00bfPodemos ayudarte?<\/h5><\/td>                            \n                        <\/tr>\n                    <\/tbody><\/table>\n                <\/div>\n            <\/div>\n<\/section>\n\n\n\n<p style=\"font-size: 0.7rem;\">1 Instituto Nacional del C\u00e1ncer (NIH) <a href=\"https:\/\/www.cancer.gov\/about-cancer\/causes-prevention\/risk\/substances\/asbestos\/asbestos-fact-sheet\" target=\"_blank\" rel=\"noopener noreferrer\">Hoja informativa sobre el asbesto<\/a><\/p>"},"excerpt":{"rendered":"<p>U.S. Naval forces accounted for the majority of asbestos used the U.S. military In history, tales about the \u201cmagic\u201d of asbestos can be found dating back 2000 years.\u00a0Asbestos has a multitude of uses that took the early 20th century industrial and building industries by storm.\u00a0 Everything from construction materials like floor tiles, sheetrock, and cement, [&#8230;]<\/p>\n<p><a class=\"btn btn-secondary understrap-read-more-link\" href=\"https:\/\/www.asbestosclaims.law\/es\/asbestos-in-the-military\/us-navy\/\">Leer m\u00e1s&#8230;<\/a><\/p>","protected":false},"author":1,"featured_media":0,"parent":9516,"menu_order":0,"comment_status":"closed","ping_status":"closed","template":"page-templates\/page-sidebar-template.php","meta":{"_acf_changed":false,"ub_ctt_via":"","footnotes":""},"class_list":["post-9508","page","type-page","status-publish","hentry"],"acf":[],"featured_image_src":null,"_links":{"self":[{"href":"https:\/\/www.asbestosclaims.law\/es\/wp-json\/wp\/v2\/pages\/9508","targetHints":{"allow":["GET"]}}],"collection":[{"href":"https:\/\/www.asbestosclaims.law\/es\/wp-json\/wp\/v2\/pages"}],"about":[{"href":"https:\/\/www.asbestosclaims.law\/es\/wp-json\/wp\/v2\/types\/page"}],"author":[{"embeddable":true,"href":"https:\/\/www.asbestosclaims.law\/es\/wp-json\/wp\/v2\/users\/1"}],"replies":[{"embeddable":true,"href":"https:\/\/www.asbestosclaims.law\/es\/wp-json\/wp\/v2\/comments?post=9508"}],"version-history":[{"count":0,"href":"https:\/\/www.asbestosclaims.law\/es\/wp-json\/wp\/v2\/pages\/9508\/revisions"}],"up":[{"embeddable":true,"href":"https:\/\/www.asbestosclaims.law\/es\/wp-json\/wp\/v2\/pages\/9516"}],"wp:attachment":[{"href":"https:\/\/www.asbestosclaims.law\/es\/wp-json\/wp\/v2\/media?parent=9508"}],"curies":[{"name":"wp","href":"https:\/\/api.w.org\/{rel}","templated":true}]}}