{"id":7245,"date":"2022-05-13T00:13:48","date_gmt":"2022-05-13T00:13:48","guid":{"rendered":"https:\/\/www.asbestosclaims.law\/?page_id=7245"},"modified":"2023-03-29T17:56:10","modified_gmt":"2023-03-29T23:56:10","slug":"asbestos-safety-tips","status":"publish","type":"page","link":"https:\/\/www.asbestosclaims.law\/es\/centro-de-aprendizaje\/consejos-de-seguridad-para-asbesto\/","title":{"rendered":"Consejos de seguridad para Asbesto"},"content":{"rendered":"<h1 class=\"wp-block-heading\" id=\"h-asbestos-safety-tips\">Consejos de seguridad para Asbesto<\/h1>\n\n\n\n<h2 class=\"wp-block-heading\" id=\"h-asbestos-hasn-t-gone-away\">Asbestos hasn\u2019t gone away.<\/h2>\n\n\n\n<p>Asbestos is a known human carcinogen, capable of causing serious medical conditions up to and including cancer.<\/p>\n\n\n\n<h2 class=\"wp-block-heading\" id=\"h-nearly-every-building-constructed-before-the-mid-1980s-contained-an-asbestos-product-of-some-kind\">Nearly every building constructed before the mid-1980s contained an asbestos product of some kind.<\/h2>\n\n\n\n<h3 class=\"wp-block-heading\" id=\"h-asbestos-is-incredibly-durable-and-resistant-with-virtually-no-known-half-life\">Asbestos is incredibly durable and resistant, with virtually no known half-life.<\/h3>\n\n\n\n<h3 class=\"wp-block-heading\" id=\"h-that-means-it-s-not-going-anywhere-and-won-t-be-unless-properly-removed-and-disposed-of\">That means it\u2019s not going anywhere, and won\u2019t be unless properly removed and disposed of.<\/h3>\n\n\n\n<h2 class=\"wp-block-heading\" id=\"h-where-asbestos-is-found\">Where Asbestos is Found<\/h2>\n\n\n\n<p>Between <a href=\"https:\/\/www.asbestosclaims.law\/es\/asbestos-blog\/una-casa-construida-en-la-decada-de-1920-tendria-asbesto\/\">the 1920s and 1970s<\/a>, asbestos could be found <a href=\"https:\/\/www.asbestosclaims.law\/es\/fuentes-de-exposicion\/\">almost everywhere<\/a>. Common asbestos products included:<\/p>\n\n\n\n<ul class=\"wp-block-list\"><li><a href=\"https:\/\/www.asbestosclaims.law\/es\/about-us\/sobre-nosotros\/\"><strong>Piezas de autom\u00f3viles<\/strong><\/a>, such as brake pads, hood liners, and gaskets.<\/li><\/ul>\n\n\n\n<ul class=\"wp-block-list\"><li><a href=\"https:\/\/www.asbestosclaims.law\/es\/asbestos-blog\/que-es-el-material-sin-asbesto-que-reemplaza-al-asbesto\/\"><strong>Tiles<\/strong><\/a> used to protect and decorate floors, roofs, and ceilings.<\/li><\/ul>\n\n\n\n<ul class=\"wp-block-list\"><li><strong>Roof materials<\/strong>, especially asphalt- and cement-based shingles and underlayment.<\/li><\/ul>\n\n\n\n<ul class=\"wp-block-list\"><li><a href=\"https:\/\/www.asbestosclaims.law\/es\/asbestos-blog\/puede-pintar-revestimiento-viejo-de-asbesto\/\"><strong>V\u00eda muerta<\/strong><\/a> used outside of homes, offices, and schools.<\/li><\/ul>\n\n\n\n<ul class=\"wp-block-list\"><li><strong>Heat-resistant materials<\/strong>, como la <a href=\"https:\/\/www.asbestosclaims.law\/es\/asbestos-blog\/como-elimino-los-conductos-de-asbesto\/\">duct covers<\/a> and pipe insulation.<\/li><\/ul>\n\n\n\n<p>Mientras que la Agencia de Protecci\u00f3n Ambiental<a href=\"https:\/\/www.asbestosclaims.law\/es\/centro-de-aprendizaje\/historial-legal-de-asbesto\/\"> began restricting the sale of asbestos products<\/a> in the 1970s and 1980s, many American homes and consumer products remain contaminated by this mineral. Unfortunately, while asbestos-related diseases are slow to develop, they can be incredibly difficult to treat. In fact, the National Cancer Institute has stated that no amount of asbestos exposure is safe.<\/p>\n\n\n\n<h2 class=\"wp-block-heading\" id=\"h-reasons-to-remove-asbestos-in-your-home-or-other-building\">Reasons to remove asbestos in your home or other building:<\/h2>\n\n\n\n<h4 class=\"wp-block-heading\">\u25cf Asbestos can cause respiratory illness and other diseases, including cancers like lung cancer and mesothelioma.<\/h4>\n\n\n\n<h4 class=\"wp-block-heading\">\u25cf&nbsp;Asbestos has no taste or smell, and you may not know you\u2019re breathing it.<\/h4>\n\n\n\n<h4 class=\"wp-block-heading\">\u25cf&nbsp;Property owners (and even renters) can be legally responsible if someone is injured by asbestos lingering on their property.<\/h4>\n\n\n\n<h4 class=\"wp-block-heading\">\u25cf&nbsp;Asbestos illnesses have a long <em>latencia<\/em>, and can take 20-50 years to appear.<\/h4>\n\n\n\n<div class=\"wp-block-columns p-4 border-column is-layout-flex wp-container-core-columns-is-layout-9d6595d7 wp-block-columns-is-layout-flex\">\n<div class=\"wp-block-column is-layout-flow wp-block-column-is-layout-flow\">\n<h3 class=\"wp-block-heading\" id=\"h-generally-those-who-develop-asbestos-related-diseases-show-no-signs-of-illness-for-a-long-time-after-exposure\">\u201cGenerally, those who develop asbestos- related diseases show no signs of illness for a long time after exposure.\u201d<\/h3>\n\n\n\n<p class=\"has-text-align-right\">Fuente: Instituto Nacional del C\u00e1ncer (NIH)<sup>1<\/sup><\/p>\n<\/div>\n<\/div>\n\n\n\n<h2 class=\"wp-block-heading\" id=\"h-asbestos-abatement\">Reducci\u00f3n de Asbesto<\/h2>\n\n\n\n<h3 class=\"wp-block-heading\" id=\"h-identifying-asbestos-getting-tested\">Identifying Asbestos: Getting tested<\/h3>\n\n\n\n<p>In general, when in doubt, the wisest move is to have a professional company <a href=\"https:\/\/www.asbestosclaims.law\/es\/asbestos-blog\/que-es-una-prueba-de-aire-de-asbesto\/?highlight=test\">test your home<\/a> or other property for asbestos. We have a lot of information about what kind of asbestos testing to get, and what to look for in considering which company to hire.<\/p>\n\n\n\n<p>But if you are handy and use precaution, proper materials and protective gear, you can test for asbestos in isolated parts of your house or office. We have <a href=\"https:\/\/www.asbestosclaims.law\/es\/asbestos-blog\/debo-probar-mi-techo-palomitas-de-maiz-detectar-asbesto\/?highlight=test\">informaci\u00f3n<\/a> about that too.<\/p>\n\n\n\n<h3 class=\"wp-block-heading\" id=\"h-asbestos-removal\">Eliminaci\u00f3n de Asbesto<\/h3>\n\n\n\n<p>It is also best to use an experienced professional licensed in asbestos abatement to remove and dispose of asbestos in your home or building.<\/p>\n\n\n\n<p>Professional asbestos abatement companies know the particular risks of asbestos removal and how to minimize them. They are also familiar with applicable state and federal laws regulating the removal of asbestos as well as how and where to dispose of asbestos.<\/p>\n\n\n\n<div class=\"wp-block-columns align_center border-column p-4 is-layout-flex wp-container-core-columns-is-layout-9d6595d7 wp-block-columns-is-layout-flex\">\n<div class=\"wp-block-column sign-mobile text-center is-layout-flow wp-block-column-is-layout-flow\" style=\"flex-basis:25%\">\n<style>.wp-block-column.sign-mobile.text-center{\nflex-basis: 13.6% !important;\n}\n.fs_200 {\n    font-size: 150px !important;\n    margin-left: 40px;\n}\nh3#h-generally-those-who-develop-asbestos-related-diseases-show-no-signs-of-illness-for-a-long-time-after-exposure {\n    margin-top: 0 !important;\n}\n<\/style>\n\n<p class=\"fs_200 color_red\">!<\/p>\n<\/div>\n\n\n\n<div class=\"wp-block-column is-layout-flow wp-block-column-is-layout-flow\">\n<p class=\" translation-block\"><font size=\"5\"><img align=\"left\" width=\"70\" height=\"70\" style=\"padding: 10px;float: left\" src=\"https:\/\/www.asbestosclaims.law\/wp-content\/uploads\/2023\/01\/ex_point_left.png\" class=\"webpexpress-processed smush-detected-img smush-image-17 smush-image-36\"><em>Si es posible que haya estado expuesto al asbesto, hable con su proveedor de atenci\u00f3n m\u00e9dica sobre pruebas y ex\u00e1menes para ayudar a detectar la presencia de fibras de <a href=\"https:\/\/www.asbestosclaims.law\/asbestos-injuries\" target=\"_blank\" rel=\"noreferrer noopener\">enfermedades relacionadas con el asbesto<\/a>.<\/em><\/font><\/p>\n<\/div>\n<\/div>\n\n\n\n<p><\/p>\n\n\n\n<div class=\"wp-block-columns align_center border-column p-4 is-layout-flex wp-container-core-columns-is-layout-9d6595d7 wp-block-columns-is-layout-flex\">\n<div class=\"wp-block-column sign-mobile text-center is-layout-flow wp-block-column-is-layout-flow\" style=\"flex-basis:20%\">\n<style>.wp-container-6.wp-block-column.sign-mobile.text-center {\n    flex-basis: 18.5% !important;\n}\n.wp-container-8.wp-block-columns.align_center {\n    gap: 0 !important;\n}\nh3#h-asbestosclaims-law {\n    margin-top: 0 !important;\n}\n<\/style>\n<h3 class=\"fs_200 color_red\" style=\"font-size: 50px!important;margin: 0 !important\"><strong>20%<\/strong><\/h3>\n<\/div>\n\n\n\n<div class=\"wp-block-column is-layout-flow wp-block-column-is-layout-flow\">\n<p><strong>En estudios de la enfermedad del asbesto, 1 de cada 5 casos de exposici\u00f3n al asbesto fue causado por una exposici\u00f3n secundaria al asbesto.3<\/strong> <sup>2<\/sup> <\/p>\n<\/div>\n<\/div>\n\n\n\n<p class=\"p-4 border-column\"><strong>Los fumadores que est\u00e1n expuestos al asbesto tienen hasta cincuenta veces m\u00e1s probabilidades de desarrollar c\u00e1ncer de pulm\u00f3n que los no fumadores que no est\u00e1n expuestos.<\/strong><sup>3<\/sup><\/p>\n\n\n\n<div class=\"wp-block-columns p-4 has-background is-layout-flex wp-container-core-columns-is-layout-9d6595d7 wp-block-columns-is-layout-flex\" style=\"background-color:#f8f8f8\">\n<div class=\"wp-block-column is-layout-flow wp-block-column-is-layout-flow\">\n<p><strong>\u201c[S]ome [asbestos] fibers may bypass\u2026your body\u2019s natural defenses\u2026and lodge deep within your lungs. Those fibers can remain in place for a very long time and may never be removed.\u201d<\/strong><\/p>\n\n\n\n<p class=\"has-text-align-right\">Fuente: <a href=\"https:\/\/www.lung.org\/clean-air\/at-home\/indoor-air-pollutants\/asbestos\">Asociaci\u00f3n Americana del Pulm\u00f3n<\/a><\/p>\n<\/div>\n<\/div>\n\n\n\n<div class=\"wp-block-columns p-4 has-background is-layout-flex wp-container-core-columns-is-layout-9d6595d7 wp-block-columns-is-layout-flex\" style=\"background-color:#f8f8f8\">\n<div class=\"wp-block-column is-layout-flow wp-block-column-is-layout-flow\">\n<h3 class=\"wp-block-heading\" id=\"h-asbestosclaims-law\">AsbestosClaims.Law<\/h3>\n\n\n\n<p>AsbestosClaims.law es su recurso integral para todo lo relacionado con el asbesto. Esperamos que esta informaci\u00f3n sea \u00fatil.<\/p>\n\n\n\n<p>Si tiene preguntas o inquietudes adicionales relacionadas con el asbesto, visite nuestro <a href=\"https:\/\/www.asbestosclaims.law\/es\/\">sitio web<\/a> y <a href=\"http:\/\/youtube.com\/channel\/UCZ8k_hDOrgpwHTVwzZHKcmA\">p\u00e1gina de YouTube<\/a> para ver videos, infograf\u00edas y respuestas a sus preguntas sobre el asbesto, incluida <a href=\"https:\/\/www.asbestosclaims.law\/es\/blogtag\/health-and-safety\/\">la salud y la seguridad<\/a>, <a href=\"https:\/\/www.asbestosclaims.law\/es\/asbestos-blog\/estoy-mudandome-deberia-tener-prueba-de-asbesto-gratis\/\">prueba de asbesto<\/a>, <a href=\"https:\/\/www.asbestosclaims.law\/es\/blogtag\/asbestos-removal\/\">la eliminaci\u00f3n del asbesto de su hogar y edificio<\/a>, y <a href=\"https:\/\/www.asbestosclaims.law\/es\/asbestos-mesothelioma-claims\/\">informaci\u00f3n legal<\/a> sobre <a href=\"https:\/\/www.asbestosclaims.law\/es\/asbestos-trusts\/what-are-asbestos-trusts-and-why-do-they-exist\/\">la compensaci\u00f3n por lesiones de asbesto<\/a>.<\/p>\n\n\n\n<p class=\" translation-block\">Si cree que su hogar estuvo contaminado con asbesto, cree que estuvo expuesto al asbesto o le han diagnosticado una enfermedad relacionada con el asbesto, podr\u00eda tener derecho a una <a href=\"https:\/\/www.asbestosclaims.law\/asbestos-claims\" target=\"_self\">compensaci\u00f3n significativa:<\/a> dinero que podr\u00eda usar para cubrir los costos de los servicios de eliminaci\u00f3n de asbesto, pagar el tratamiento m\u00e9dico y proteger de forma preventiva su bienestar f\u00edsico.<\/p>\n\n\n\n<p>All without filing a lawsuit. If you\u2019d like help with filing a claim, please <a href=\"https:\/\/www.asbestosclaims.law\/es\/about-us\/contacta-con-nosotros\/\">ponerse en contacto<\/a> por correo electr\u00f3nico a <a href=\"http:\/\/help@asbestosclaims.law\">help@asbestosclaims.law<\/a>, us or call or text us at <a href=\"tel:2064559190\">(206) 455-9190<\/a>. Escucharemos su historia y le explicaremos sus opciones. Y nunca cobramos por nada a menos que reciba dinero en su bolsillo.<\/p>\n<\/div>\n<\/div>\n\n\n\n<h2 class=\"wp-block-heading\" id=\"h-have-you-been-hurt-by-an-asbestos-illness\">Have You Been Hurt By An Asbestos Illness?<\/h2>\n\n\n\n<h3 class=\"wp-block-heading\" id=\"h-for-us-this-is-personal\">For us this is personal.<\/h3>\n\n\n\n<p>Las Oficinas Legales de Justinian C. Lane, Esq.-PLLC tienen un compromiso profundamente arraigado de ayudar a las v\u00edctimas de la industria del asbesto.&nbsp;<\/p>\n\n\n\n<p>Unlike many other law firms, we understand exactly what it is like to lose a loved one to mesothelioma. Our <a href=\"https:\/\/www.asbestosclaims.law\/es\/about-us\/sobre-nosotros\/\">founder<\/a>, Justinian C. Lane, lost his father and his grandparents to asbestos-related cancers. When they passed away, nobody in Justinian\u2019s family knew they could have claimed compensation to help pay their remaining medical bills and funeral costs.&nbsp;<\/p>\n\n\n\n<p>Hemos visto de primera mano el costo que el mesotelioma tiene para las personas y las familias, raz\u00f3n por la cual nos dedicamos a ayudar a otros no solo a obtener la compensaci\u00f3n que necesitan, sino tambi\u00e9n la justicia que merecen.<\/p>\n\n\n\n<h3 class=\"wp-block-heading\" id=\"h-no-payment-or-fee-unless-you-receive-compensation\">No Payment or Fee Unless You Receive Compensation<\/h3>\n\n\n\n<p>Las Oficinas Legales de Justinian C. Lane no creen en cobrar a los clientes potenciales que pueden estar profundamente afligidos. Ofrecemos consultas gratuitas: en persona, por tel\u00e9fono, videollamada e incluso por correo electr\u00f3nico. Y cuando aceptamos un nuevo caso, no le pedimos a nuestros clientes que paguen por nuestros servicios. Trabajamos sobre una base de contingencia, lo que significa que cubrimos los costos asociados con el litigio. Solo nos pagan si ganamos, y solo tomamos nuestro pago como un porcentaje del acuerdo.&nbsp;<\/p>\n\n\n\n<p>Nuestros abogados han recuperado millones de d\u00f3lares para personas heridas y muertas por exposici\u00f3n al asbesto. Te podemos ayudar tambi\u00e9n.&nbsp;<\/p>\n\n\n\n<p>Si bien cada caso de asbesto es diferente, nos impulsa un sentido de justicia y nuestro objetivo es brindar justicia a los clientes, independientemente de lo que eso pueda significar para ellos.<\/p>\n\n\n\n<h3 class=\"wp-block-heading\" id=\"h-contact-us-today\">P\u00f3ngase en contacto con nosotros hoy<\/h3>\n\n\n\n<p>Porfavor&nbsp;<a href=\"https:\/\/www.asbestosclaims.law\/es\/about-us\/contacta-con-nosotros\/\">comun\u00edquese con nosotros en l\u00ednea<\/a>&nbsp;o ll\u00e1menos al 833-4-ASBESTOS (427-2378) para programar su consulta gratuita y sin compromiso lo antes posible .<\/p>\n\n\n\n<div style=\"height:100px\" aria-hidden=\"true\" class=\"wp-block-spacer\"><\/div>\n\n\n\n<hr class=\"wp-block-separator has-alpha-channel-opacity is-style-wide\"\/>\n\n\n\n<p style=\"font-size: 0.7rem\">\n\n\n1 Instituto Nacional del C\u00e1ncer (NIH) <a href=\"https:\/\/www.cancer.gov\/about-cancer\/causes-prevention\/risk\/substances\/asbestos\/asbestos-fact-sheet\" target=\"_blank\" rel=\"noopener noreferrer\">Hoja informativa sobre asbesto.<\/a>\n<br>\n\n2 Tompa E, Kalcevich C, McLeod C, Lebeau M, Song C, McLeod K, et al. <a href=\"https:\/\/www.google.com\/search?q=The+economic+burden+of+lung+cancer+and+mesothelioma+due+to+occupational+and+para-occupational+asbestos+exposure.&amp;oq=The+economic+burden+of+lung+cancer+and+mesothelioma+due+to+occupational+and+para-occupational+asbestos+exposure.&amp;aqs=chrome..69i57.439j0j7&amp;sourceid=chrome&amp;ie=UTF-8#:~:text=%5BPDF%5D%20The%20economic,paper%20%E2%80%BA%20The%2Deconomic%2D...\" target=\"_blank\" rel=\"noopener noreferrer\">The economic burden of lung cancer and mesothelioma due to occupational and para-occupational asbestos exposure<\/a> Occup Environ Med 2017; 74: 816-22.\n<br>\n\n3 Klebe, S., Leigh, J., Henderson, D.W. and Nurminen, M., 2020. <a href=\"https:\/\/www.mdpi.com\/1660-4601\/17\/1\/258\/pdf\" target=\"_blank\" rel=\"noopener noreferrer\"> Asbesto, tabaquismo y c\u00e1ncer de pulm\u00f3n: una actualizaci\u00f3n.<\/a> Revista internacional de investigaci\u00f3n ambiental y salud p\u00fablica, 17(1), p.258.\n<br>\n<\/p>\n\n\n\n<div class=\"wp-block-columns p-5 has-background is-layout-flex wp-container-core-columns-is-layout-9d6595d7 wp-block-columns-is-layout-flex\" style=\"background-color:#f8f8f8\">\n<div class=\"wp-block-column is-layout-flow wp-block-column-is-layout-flow\">\n<h3 id=\"h-latest-health-safety-tips\" style=\"color:#444444 !important\">Latest Health &amp; Safety Tips<\/h3>\n\n\n\n<div class=\"wp-block-query is-layout-flow wp-block-query-is-layout-flow\"><ul class=\"wp-block-post-template is-layout-flow wp-block-post-template-is-layout-flow\"><li class=\"wp-block-post post-17136 blog type-blog status-publish has-post-thumbnail hentry blogtag-health-and-treatment blogtag-health-and-safety-tips blogtag-asbestos-medical-info blogtag-lung-cancer-and-asbestos blogtag-cancer-treatment blogtag-respiratory-cancer-and-asbestos blogtag-asbestos-medical-news blogtag-health-and-safety-tips-asbestos blogtag-health-and-asbestos blogtag-paying-for-medical-care\">\n<h6 class=\"wp-block-post-title\"><a href=\"https:\/\/www.asbestosclaims.law\/es\/asbestos-blog\/staying-active-while-managing-respiratory-illnesses\/\" target=\"_blank\" >Staying Active While Managing Respiratory Illnesses<\/a><\/h6>\n<\/li><li class=\"wp-block-post post-17123 blog type-blog status-publish has-post-thumbnail hentry blogtag-health-and-safety blogtag-health-and-safety-tips blogtag-cancer-and-asbestos blogtag-cancer-treatment blogtag-asbestos-cancer blogtag-asbestos-related-cancer blogtag-asbestos-cancer-treatment blogtag-cancer-financial-aid blogtag-health-and-asbestos blogtag-parathyroid-cancer blogtag-parathyroid-cancer-asbestos\">\n<h6 class=\"wp-block-post-title\"><a href=\"https:\/\/www.asbestosclaims.law\/es\/asbestos-blog\/is-there-a-link-between-asbestos-and-thyroid-cancer\/\" target=\"_blank\" >Is there a link between asbestos and thyroid cancer?<\/a><\/h6>\n<\/li><li class=\"wp-block-post post-17118 blog type-blog status-publish has-post-thumbnail hentry blogtag-health-and-safety blogtag-asbestos-and-health blogtag-asbestos-and-construction blogtag-asbestos-abatement-and-disposal blogtag-asbestos-trust-compensation blogtag-secondary-asbestos-exposure blogtag-asbestos-awareness blogtag-health-and-safety-tips-asbestos blogtag-asbestos-health-problems\">\n<h6 class=\"wp-block-post-title\"><a href=\"https:\/\/www.asbestosclaims.law\/es\/asbestos-blog\/new-review-highlights-gaps-in-environmental-asbestos-exposure-by-sex\/\" target=\"_blank\" >New Review Highlights Gaps in Environmental Asbestos Exposure by Sex<\/a><\/h6>\n<\/li><li class=\"wp-block-post post-17035 blog type-blog status-publish has-post-thumbnail hentry blogtag-asbestos-safety-tips blogtag-health-and-safety-tips blogtag-family-exposure blogtag-asbestos-safety blogtag-family-asbestos-exposure blogtag-asbestos-and-children blogtag-home-repair-asbestos blogtag-safety-asbestos blogtag-parents-and-asbestos blogtag-toxic-exposures-asbestos blogtag-kids-toxic-asbestos\">\n<h6 class=\"wp-block-post-title\"><a href=\"https:\/\/www.asbestosclaims.law\/es\/asbestos-blog\/why-your-babys-nursery-needs-a-voc-free-paint-job\/\" target=\"_blank\" >Why Your Baby\u2019s Nursery Needs a VOC-Free Paint Job<\/a><\/h6>\n<\/li><li class=\"wp-block-post post-16963 blog type-blog status-publish has-post-thumbnail hentry blogtag-asbestos-products blogtag-asbestos-history blogtag-asbestos-safety-tips blogtag-asbestos-news blogtag-asbestos-case blogtag-asbestos-awareness blogtag-los-angeles-wildfires blogtag-los-angeles-county-wildfires blogtag-wildfire-asbestos\">\n<h6 class=\"wp-block-post-title\"><a href=\"https:\/\/www.asbestosclaims.law\/es\/asbestos-blog\/asbestos-and-fireworks-a-dangerous-duo\/\" target=\"_blank\" >Asbestos and Fireworks: A Dangerous Duo<\/a><\/h6>\n<\/li><li class=\"wp-block-post post-16914 blog type-blog status-publish has-post-thumbnail hentry blogtag-health-and-safety-tips blogtag-mesothelioma-firefighter blogtag-los-angeles-wildfires blogtag-los-angeles-fire-news blogtag-los-angeles-fire-warning blogtag-los-angeles-county-wildfires blogtag-firefighters-and-asbestos blogtag-air-quality-index-and-asbestos blogtag-swimming-pool-asbestos-wildfire\">\n<h6 class=\"wp-block-post-title\"><a href=\"https:\/\/www.asbestosclaims.law\/es\/asbestos-blog\/wildfires-what-is-the-air-quality-index\/\" target=\"_blank\" >Wildfires \u2013 What Is the Air Quality Index?<\/a><\/h6>\n<\/li><li class=\"wp-block-post post-16751 blog type-blog status-publish has-post-thumbnail hentry blogtag-health-and-safety-tips blogtag-asbestos-news blogtag-mesothelioma-claims blogtag-mesothelioma-treatment blogtag-mesothelioma-lawyer blogtag-mesothelioma-diagnosis blogtag-mesothelioma-cancer blogtag-mesothelioma-information blogtag-mesothelioma-asbestos-exposure blogtag-mesothelioma-industrial-worker blogtag-mesothelioma-news\">\n<h6 class=\"wp-block-post-title\"><a href=\"https:\/\/www.asbestosclaims.law\/es\/asbestos-blog\/mesothelioma-gets-a-new-grade\/\" target=\"_blank\" >Mesothelioma Gets A New Grade<\/a><\/h6>\n<\/li><li class=\"wp-block-post post-16571 blog type-blog status-publish has-post-thumbnail hentry blogtag-asbestos-products blogtag-asbestos-history blogtag-asbestos-removal blogtag-asbestos-and-health blogtag-asbestos-and-construction blogtag-asbestos-safety-tips blogtag-asbestos-abatement-and-disposal blogtag-asbestos-medical-info blogtag-asbestos-learning blogtag-asbestos-trust-compensation blogtag-secondary-asbestos-exposure blogtag-asbestos-awareness\">\n<h6 class=\"wp-block-post-title\"><a href=\"https:\/\/www.asbestosclaims.law\/es\/asbestos-blog\/asbestos-ghosts-haunt-christmas-past-present-and-future\/\" target=\"_blank\" >Asbestos Ghosts Haunt Christmas Past, Present, and Future<\/a><\/h6>\n<\/li><li class=\"wp-block-post post-16541 blog type-blog status-publish has-post-thumbnail hentry blogtag-asbestos-history blogtag-asbestos-removal blogtag-health-and-safety blogtag-asbestos-safety-tips blogtag-asbestos-abatement-and-disposal blogtag-asbestos-abatement blogtag-asbestos-trust-compensation blogtag-asbestos-legal-news\">\n<h6 class=\"wp-block-post-title\"><a href=\"https:\/\/www.asbestosclaims.law\/es\/asbestos-blog\/royal-renovation-woes-buckingham-palace-battles-asbestos-hazards\/\" target=\"_blank\" >Royal Renovation Woes: Buckingham Palace Battles Asbestos Hazards<\/a><\/h6>\n<\/li><li class=\"wp-block-post post-16289 blog type-blog status-publish has-post-thumbnail hentry blogtag-health-and-safety-tips blogtag-asbestos-news blogtag-second-hand-asbestos-exposure blogtag-secondary-asbestos-exposure blogtag-asbestos-and-women blogtag-makeup-and-asbestos blogtag-talc-and-asbestos blogtag-talcum-powder-and-cancer blogtag-women-and-asbestos-cancer blogtag-women-and-talcum-powder-cancer blogtag-cosmetics-and-asbestos\">\n<h6 class=\"wp-block-post-title\"><a href=\"https:\/\/www.asbestosclaims.law\/es\/asbestos-blog\/bbc-show-finds-asbestos-contaminating-old-makeup\/\" target=\"_blank\" >BBC Show Finds Asbestos Contaminating Old Makeup<\/a><\/h6>\n<\/li><\/ul><\/div>\n<\/div>\n<\/div>"},"excerpt":{"rendered":"<p>Asbestos Safety Tips Asbestos hasn\u2019t gone away. Asbestos is a known human carcinogen, capable of causing serious medical conditions up to and including cancer. Nearly every building constructed before the mid-1980s contained an asbestos product of some kind. Asbestos is incredibly durable and resistant, with virtually no known half-life. That means it\u2019s not going anywhere, [&#8230;]<\/p>\n<p><a class=\"btn btn-secondary understrap-read-more-link\" href=\"https:\/\/www.asbestosclaims.law\/es\/centro-de-aprendizaje\/consejos-de-seguridad-para-asbesto\/\">Leer m\u00e1s&#8230;<\/a><\/p>","protected":false},"author":1,"featured_media":11947,"parent":3615,"menu_order":82,"comment_status":"closed","ping_status":"closed","template":"page-templates\/page-sidebar-template.php","meta":{"_acf_changed":false,"ub_ctt_via":"","footnotes":""},"class_list":["post-7245","page","type-page","status-publish","has-post-thumbnail","hentry"],"acf":[],"featured_image_src":"https:\/\/www.asbestosclaims.law\/wp-content\/uploads\/2022\/12\/asbestos-safety-tips-hero.jpg","_links":{"self":[{"href":"https:\/\/www.asbestosclaims.law\/es\/wp-json\/wp\/v2\/pages\/7245","targetHints":{"allow":["GET"]}}],"collection":[{"href":"https:\/\/www.asbestosclaims.law\/es\/wp-json\/wp\/v2\/pages"}],"about":[{"href":"https:\/\/www.asbestosclaims.law\/es\/wp-json\/wp\/v2\/types\/page"}],"author":[{"embeddable":true,"href":"https:\/\/www.asbestosclaims.law\/es\/wp-json\/wp\/v2\/users\/1"}],"replies":[{"embeddable":true,"href":"https:\/\/www.asbestosclaims.law\/es\/wp-json\/wp\/v2\/comments?post=7245"}],"version-history":[{"count":4,"href":"https:\/\/www.asbestosclaims.law\/es\/wp-json\/wp\/v2\/pages\/7245\/revisions"}],"predecessor-version":[{"id":13174,"href":"https:\/\/www.asbestosclaims.law\/es\/wp-json\/wp\/v2\/pages\/7245\/revisions\/13174"}],"up":[{"embeddable":true,"href":"https:\/\/www.asbestosclaims.law\/es\/wp-json\/wp\/v2\/pages\/3615"}],"wp:featuredmedia":[{"embeddable":true,"href":"https:\/\/www.asbestosclaims.law\/es\/wp-json\/wp\/v2\/media\/11947"}],"wp:attachment":[{"href":"https:\/\/www.asbestosclaims.law\/es\/wp-json\/wp\/v2\/media?parent=7245"}],"curies":[{"name":"wp","href":"https:\/\/api.w.org\/{rel}","templated":true}]}}