{"id":7235,"date":"2022-05-12T23:53:40","date_gmt":"2022-05-12T23:53:40","guid":{"rendered":"https:\/\/www.asbestosclaims.law\/?page_id=7235"},"modified":"2022-06-22T15:39:25","modified_gmt":"2022-06-22T15:39:25","slug":"what-are-asbestos-trusts","status":"publish","type":"page","link":"https:\/\/www.asbestosclaims.law\/es\/fideicomisos-de-asbesto-2\/que-son-los-fideicomisos-de-asbesto\/","title":{"rendered":"\u00bfQu\u00e9 son los fideicomisos de asbesto?"},"content":{"rendered":"<h2 class=\"wp-block-heading\" id=\"h-how-can-asbestos-cause-injuries\">How Can Asbestos Cause Injuries?<\/h2>\n\n\n\n<h3 class=\"wp-block-heading\" id=\"h-asbestos-overview\">Asbestos Overview<\/h3>\n\n\n\n<p>Asbestos is historically acclaimed as the \u201cmiracle mineral\u201d due to its extreme versatility.&nbsp; The term <a href=\"https:\/\/www.asbestosclaims.law\/es\/centro-de-aprendizaje\/tipos-de-asbestos\/\">asbesto<\/a> refers to a group of related silicate minerals, each with slightly different characteristics, but all with the same highly durable and heat-resistant properties.&nbsp;&nbsp;<br>That&#8217;s why asbestos was used in <strong>almost every part<\/strong> of the construction and industrial industries; it was found in paint and cement, brake linings and pipe insulation, and even protective clothing like aprons and gloves.<\/p>\n\n\n\n<p><strong>Even a small exposure to asbestos can cause a <\/strong><a href=\"https:\/\/www.asbestosclaims.law\/es\/asbestos-symptoms-and-treatment\/asbestos-injuries\/\"><strong>range of health problems<\/strong><\/a><strong> decades later. <\/strong>When asbestos fibers are inhaled or ingested, they stay in the body forever.\u00a0The fibers are microscopic \u2013 thinner than a human hair \u2013 but they can become embedded in the lungs, pleural membranes, or mesothelium (the layer of protective tissue that covers the organs in your abdomen and chest) and cause damage.<\/p>\n\n\n\n<p>The illnesses most often developed from asbestos exposure include asbestosis, pleural plaques, lung cancer, mesothelioma, and other cancers.\u00a0These are also known as asbestos related diseases.\u00a0<\/p>\n\n\n\n<p><strong>It&#8217;s important to note that illnesses from asbestos exposure do not occur overnight, or even over the course of a week, month, or year.<\/strong><\/p>\n\n\n\n<p>Asbestos related diseases have long latency periods, meaning that they take <strong><em>decadas<\/em><\/strong> to develop.\u00a0Most people do not know that they have been injured by asbestos exposure until they begin to experience symptoms of illness. Some people do not know how or when they could have been exposed, but that does not mean that a legal team, like us, cannot help them figure it out.\u00a0<\/p>\n\n\n\n<p><\/p>\n\n\n\n<figure class=\"wp-block-image size-full\"><img decoding=\"async\" width=\"1430\" height=\"510\" src=\"https:\/\/www.asbestosclaims.law\/wp-content\/uploads\/2022\/05\/What-Are-Asbestos-Trusts.jpg\" alt=\"\" class=\"wp-image-7920\" srcset=\"https:\/\/www.asbestosclaims.law\/wp-content\/uploads\/2022\/05\/What-Are-Asbestos-Trusts.jpg 1430w, https:\/\/www.asbestosclaims.law\/wp-content\/uploads\/2022\/05\/What-Are-Asbestos-Trusts-540x193.jpg 540w, https:\/\/www.asbestosclaims.law\/wp-content\/uploads\/2022\/05\/What-Are-Asbestos-Trusts-768x274.jpg 768w, https:\/\/www.asbestosclaims.law\/wp-content\/uploads\/2022\/05\/What-Are-Asbestos-Trusts-18x6.jpg 18w\" sizes=\"(max-width: 1430px) 100vw, 1430px\" \/><\/figure>\n\n\n\n<h2 class=\"wp-block-heading\" id=\"h-what-are-asbestos-trusts-why-do-they-exist\">What Are Asbestos Trusts &amp; Why Do They Exist?<\/h2>\n\n\n\n<h3 class=\"wp-block-heading\" id=\"h-what-is-an-asbestos-trust\">What is an Asbestos Trust?<\/h3>\n\n\n\n<section class=\"boxtextnew\">\n            <div class=\"row pt-5 5 px-xl-0 px-lg-3\" style=\"padding:30px 10px !Important; background-color:#F8F7F6; margin:0px;\">\n                <div>\n                    <table style=\"width:90%; margin:0px auto;\">\n                        <tbody><tr>                           \n                            <td style=\"text-align:left;\">\n<h3>Las compa\u00f1\u00edas de asbesto y sus aseguradoras colocaron cerca de $ 30 mil millones de d\u00f3lares en fondos fiduciarios para pagar a las personas que resultaron heridas por el asbesto.<\/h3>\n<h4 style=\"margin-top:12px;\">Pero casi el 40% de los fondos a\u00fan no han sido reclamados por las v\u00edctimas. Es posible que tenga derecho a una parte de estos fondos.<\/h4><\/td>                            \n                        <\/tr>\n                    <\/tbody><\/table>\n                <\/div>\n            <\/div>\n        <\/section>\n\n\n\n<p>The asbestos industry is an old industry.\u00a0Some companies, like notorious <a href=\"https:\/\/www.asbestosclaims.law\/es\/asbestos-trusts\/johns-manville\/\">Johns-Manville<\/a> (JM), were founded in the 1800s.\u00a0This means that there has been a long time (hundreds of years) for a great deal of workers and their families to have been at risk of exposure to asbestos, and a long history of lawsuits and asbestos injury claims being brought against these corporations on behalf of those injured.\u00a0<\/p>\n\n\n\n<p>Some asbestos companies, like JM, were sued by workers with injury claims as early as the 1930s.\u00a0For many others, the litigation against them began in the late 1960s and continued to pile on as years passed.\u00a0<\/p>\n\n\n\n<p><strong>Settling cases and going to trial was very expensive, and many companies determined that they needed to file for Chapter 11 Bankruptcy.<\/strong> Under the laws and regulations regarding Chapter 11 Bankruptcy filings, the companies were ordered by their respective Courts to form Asbestos Bankruptcy Trusts.\u00a0\u00a0<\/p>\n\n\n\n<p>The trusts were to be funded by the companies and their insurance providers, often with millions or billions of dollars set aside, <strong>with the sole purpose of providing compensation to victims injured by asbestos exposure.<\/strong>&nbsp;<\/p>\n\n\n\n<p>Each asbestos bankruptcy trust has certain criteria that a person must meet to qualify for compensation for their claim.\u00a0This typically includes providing the trust with information about your work or exposure history, medical history and diagnosis of asbestos related disease, and any other information deemed relevant by the trust.\u00a0<\/p>\n\n\n\n<p>We have a <a href=\"https:\/\/www.asbestosclaims.law\/es\/fideicomisos-de-asbesto-2\/\">list of every trust<\/a> that is still actively paying victims, and we have information on the ones that have already closed, too.\u00a0We also have one of the largest record databases on bankrupt asbestos companies out there.\u00a0If you believe you or a loved one suffered an asbestos injury, we can help you figure it out.<\/p>\n\n\n\n<h2 class=\"wp-block-heading\" id=\"h-important-facts-about-asbestos-trust-compensation-for-people-with-asbestos-illnesses\">Datos importantes sobre la compensaci\u00f3n del fideicomiso de asbesto para personas con enfermedades de asbesto<\/h2>\n\n\n\n<div class=\"wp-block-columns row custom-column-alternative is-layout-flex wp-container-core-columns-is-layout-9d6595d7 wp-block-columns-is-layout-flex\">\n<div class=\"wp-block-column col-xl-6 col-lg-6 col-md-6 col-sm-12 is-layout-flow wp-block-column-is-layout-flow\">\n<h3 class=\"mt-0 mb-0 wp-block-heading\" id=\"h-the-vast-majority-of-our-clients-qualify-for-payments-from-multiple-asbestos-trusts\">La gran mayor\u00eda de nuestros clientes califican para pagos de m\u00faltiples fideicomisos de asbesto.&nbsp;<\/h3>\n<\/div>\n\n\n\n<div class=\"wp-block-column col-xl-6 col-lg-6 col-md-6 col-sm-12 is-layout-flow wp-block-column-is-layout-flow\">\n<figure class=\"wp-block-image size-full\"><img decoding=\"async\" width=\"385\" height=\"120\" src=\"https:\/\/www.asbestosclaims.law\/wp-content\/uploads\/2022\/05\/The-Vast-Majority-of-Our-Clients-Qualify-for-Payments-from-Multiple-Asbestos-Trusts.-II.jpg\" alt=\"\" class=\"wp-image-6499\" srcset=\"https:\/\/www.asbestosclaims.law\/wp-content\/uploads\/2022\/05\/The-Vast-Majority-of-Our-Clients-Qualify-for-Payments-from-Multiple-Asbestos-Trusts.-II.jpg 385w, https:\/\/www.asbestosclaims.law\/wp-content\/uploads\/2022\/05\/The-Vast-Majority-of-Our-Clients-Qualify-for-Payments-from-Multiple-Asbestos-Trusts.-II-18x6.jpg 18w\" sizes=\"(max-width: 385px) 100vw, 385px\" \/><\/figure>\n<\/div>\n<\/div>\n\n\n\n<p><strong>Depending on where you worked, or how you were exposed to asbestos, you may qualify to file claims with more than one asbestos trust.&nbsp; Different occupations worked with different types of asbestos products.&nbsp; The location of the work &#8211; the actual job site &#8211; also impacts which claims may be filed.&nbsp; Every case is unique, and thousands of clients have been able to receive compensation from multiple asbestos trusts.&nbsp;&nbsp;<\/strong><\/p>\n\n\n\n<div class=\"wp-block-columns is-layout-flex wp-container-core-columns-is-layout-9d6595d7 wp-block-columns-is-layout-flex\">\n<div class=\"wp-block-column is-layout-flow wp-block-column-is-layout-flow\">\n<figure class=\"wp-block-image size-full\"><img decoding=\"async\" width=\"385\" height=\"120\" src=\"https:\/\/www.asbestosclaims.law\/wp-content\/uploads\/2022\/05\/Asbestos-Trust-Claims-Are-Not-Lawsuits-and-Do-Not-Affect-a-Persons-Employer-or-Benefits-II.jpg\" alt=\"\" class=\"wp-image-6501\" srcset=\"https:\/\/www.asbestosclaims.law\/wp-content\/uploads\/2022\/05\/Asbestos-Trust-Claims-Are-Not-Lawsuits-and-Do-Not-Affect-a-Persons-Employer-or-Benefits-II.jpg 385w, https:\/\/www.asbestosclaims.law\/wp-content\/uploads\/2022\/05\/Asbestos-Trust-Claims-Are-Not-Lawsuits-and-Do-Not-Affect-a-Persons-Employer-or-Benefits-II-18x6.jpg 18w\" sizes=\"(max-width: 385px) 100vw, 385px\" \/><\/figure>\n<\/div>\n\n\n\n<div class=\"wp-block-column is-layout-flow wp-block-column-is-layout-flow\">\n<h3 class=\"mt-0 mb-0\" id=\"h-asbestos-trust-claims-are-not-lawsuits-and-do-not-affect-a-person-s-employer-or-benefits\">Las reclamaciones del fideicomiso de asbesto no son juicios y no afectan al empleador ni a los beneficios de una persona.<\/h3>\n<\/div>\n<\/div>\n\n\n\n<p>Filing claims with asbestos trusts is a separate act than filing a lawsuit against certain companies.&nbsp; It is possible, however, to file a lawsuit and additionally file claims with asbestos trusts. This determination is made on a case-by-case basis depending on each client&#8217;s work and\/or exposure history. Companies that are not bankrupt are eligible to be sued in a lawsuit, while bankrupt companies are those that were ordered to establish asbestos bankruptcy trusts.<\/p>\n\n\n\n<p>The asbestos trusts exist for the purpose of awarding compensation to qualifying claimants.\u00a0The courts designated that money be specifically set aside to provide payment to those individuals injured by asbestos.\u00a0You do not have to be retired to file a claim, and the claim does not affect your current or previous employer(s), or any benefits you may already receive. If you worked with products or at a job site that was owned by a company that has established an asbestos trust, you may meet the criteria for compensation.\u00a0<\/p>\n\n\n\n<h3 class=\"wp-block-heading\" id=\"h-secondary-asbestos-exposure\">Exposici\u00f3n Secundaria al Asbesto<\/h3>\n\n\n\n<h4 class=\"wp-block-heading\" id=\"h-spouses-and-household-members-of-workers-may-qualify-for-the-asbestos-bankruptcy-trusts-as-well\">Spouses and household members of workers may qualify for the Asbestos Bankruptcy Trusts as well.<\/h4>\n\n\n\n<p>People who brought home asbestos on their work clothes may have also been exposed in their homes and vehicles. This especially includes anyone who regularly laundered asbestos-tainted work clothes. Asbestos is dusty and durable, and anyone who spent time in a garage, car, or small laundry room breathing it in could have been at risk.<\/p>\n\n\n\n<div class=\"wp-block-columns row custom-column-alternative is-layout-flex wp-container-core-columns-is-layout-9d6595d7 wp-block-columns-is-layout-flex\">\n<div class=\"wp-block-column col-xl-6 col-lg-6 col-md-6 col-sm-12 is-layout-flow wp-block-column-is-layout-flow\">\n<h3 class=\"mt-0 mb-0 wp-block-heading\" id=\"h-veterans-injured-by-asbestos-exposure-during-service-can-claim-asbestos-trust-compensation-and-veterans-benefits\">Los veteranos lesionados por la exposici\u00f3n al asbesto durante el servicio pueden reclamar una compensaci\u00f3n del fideicomiso de asbesto y beneficios para veteranos&nbsp;<\/h3>\n<\/div>\n\n\n\n<div class=\"wp-block-column col-xl-6 col-lg-6 col-md-6 col-sm-12 is-layout-flow wp-block-column-is-layout-flow\">\n<figure class=\"wp-block-image size-full\"><img decoding=\"async\" width=\"385\" height=\"160\" src=\"https:\/\/www.asbestosclaims.law\/wp-content\/uploads\/2022\/05\/Veterans-Injured-By-Asbestos-Exposure-During-Service-Can-Claim-Asbestos-Trust-Compensation-and-Veterans-Benefits-II-5.jpg\" alt=\"\" class=\"wp-image-6691\" srcset=\"https:\/\/www.asbestosclaims.law\/wp-content\/uploads\/2022\/05\/Veterans-Injured-By-Asbestos-Exposure-During-Service-Can-Claim-Asbestos-Trust-Compensation-and-Veterans-Benefits-II-5.jpg 385w, https:\/\/www.asbestosclaims.law\/wp-content\/uploads\/2022\/05\/Veterans-Injured-By-Asbestos-Exposure-During-Service-Can-Claim-Asbestos-Trust-Compensation-and-Veterans-Benefits-II-5-18x7.jpg 18w\" sizes=\"(max-width: 385px) 100vw, 385px\" \/><\/figure>\n<\/div>\n<\/div>\n\n\n\n<p>Asbestos use was extremely common in the U.S. military for decades.\u00a0Navy ships were built using asbestos insulation to ensure they were fireproof.\u00a0The boiler rooms on the ships were full of asbestos insulation, gaskets, and valves used on the various types of equipment.\u00a0Military tanks and vehicles used asbestos containing brake parts as well as gaskets and valves.\u00a0These are just some examples of where asbestos would have been found.<\/p>\n\n\n\n<p>Some military jobs, such as mechanics, boilermakers, and pipefitters, to name a few, would cause service members to be directly exposed to asbestos. &nbsp; Other jobs required that work be done near those using or working with asbestos, which still put those workers at risk.&nbsp; A military veteran&#8217;s benefits will not be affected by filing asbestos trust claims; this is true even if you already receive disability benefits from the VA.&nbsp;<\/p>\n\n\n\n<div class=\"wp-block-columns is-layout-flex wp-container-core-columns-is-layout-9d6595d7 wp-block-columns-is-layout-flex\">\n<div class=\"wp-block-column is-layout-flow wp-block-column-is-layout-flow\">\n<figure class=\"wp-block-image size-full\"><img decoding=\"async\" width=\"385\" height=\"99\" src=\"https:\/\/www.asbestosclaims.law\/wp-content\/uploads\/2022\/05\/Cigarette-Smokers-Are-Absolutely-Eligible-to-File-Asbestos-Trust-Claims.-1.jpg\" alt=\"\" class=\"wp-image-6348\" srcset=\"https:\/\/www.asbestosclaims.law\/wp-content\/uploads\/2022\/05\/Cigarette-Smokers-Are-Absolutely-Eligible-to-File-Asbestos-Trust-Claims.-1.jpg 385w, https:\/\/www.asbestosclaims.law\/wp-content\/uploads\/2022\/05\/Cigarette-Smokers-Are-Absolutely-Eligible-to-File-Asbestos-Trust-Claims.-1-18x5.jpg 18w\" sizes=\"(max-width: 385px) 100vw, 385px\" \/><\/figure>\n<\/div>\n\n\n\n<div class=\"wp-block-column is-layout-flow wp-block-column-is-layout-flow\">\n<h3 class=\"mt-0 mb-0 wp-block-heading\" id=\"h-cigarette-smokers-are-absolutely-eligible-to-file-asbestos-trust-claims\">Los fumadores de cigarrillos son absolutamente elegibles para presentar reclamos de fideicomiso de asbesto.<\/h3>\n<\/div>\n<\/div>\n\n\n\n<h5 class=\"h5 has-background\" id=\"h-one-of-the-common-misconceptions-surrounding-asbestos-trust-claims-is-that-people-who-smoked-are-not-eligible-to-file-for-compensation-that-s-absolutely-false\" style=\"background-color:#ccc8c4\"><em>Uno de los conceptos err\u00f3neos comunes que rodean las reclamaciones de fideicomisos de asbesto es que las personas que fumaron no pueden solicitar una compensaci\u00f3n.<\/em><br><br>Eso es absolutamente falso.<\/h5>\n\n\n\n<h4 class=\"h4 wp-block-heading\" id=\"h-our-office-has-recovered-many-trust-settlements-on-behalf-of-smokers\">Nuestra oficina ha recuperado muchos acuerdos de fideicomiso en nombre de fumadores.&nbsp;<\/h4>\n\n\n\nLa exposici\u00f3n al asbesto hace que sea cinco veces m\u00e1s probable que desarrolle c\u00e1ncer de pulm\u00f3n. Fumar hace que sea diez veces m\u00e1s probable que desarrolle c\u00e1ncer de pulm\u00f3n. Pero ser un fumador con exposici\u00f3n al asbesto hace que sea cincuenta veces m\u00e1s probable que desarrolle c\u00e1ncer de pulm\u00f3n.\n\n\n\n<h5 class=\"h5\" id=\"h-and-that-s-why-asbestos-companies-will-pay-compensation-to-industrial-workers-or-others-exposed-to-asbestos-even-if-they-were-lifelong-smokers\"><strong><em>Y es por eso que las empresas de asbesto pagar\u00e1n una compensaci\u00f3n a los trabajadores industriales u otras personas expuestas al asbesto, incluso si fueron fumadores de por vida.<\/em><\/strong><\/h5>\n\n\n\n<p>Lo s\u00e9 porque muchos de ellos son mis clientes.<\/p>\n\n\n\n<div class=\"wp-block-columns row custom-column-alternative is-layout-flex wp-container-core-columns-is-layout-9d6595d7 wp-block-columns-is-layout-flex\">\n<div class=\"wp-block-column col-xl-6 col-lg-6 col-md-6 col-sm-12 is-layout-flow wp-block-column-is-layout-flow\">\n<h3 class=\"mt-0 mb-0 wp-block-heading\" id=\"h-your-rights-can-be-lost-if-you-wait\">Sus derechos pueden perderse si espera.<\/h3>\n<\/div>\n\n\n\n<div class=\"wp-block-column col-xl-6 col-lg-6 col-md-6 col-sm-12 is-layout-flow wp-block-column-is-layout-flow\">\n<figure class=\"wp-block-image size-full\"><img decoding=\"async\" width=\"385\" height=\"99\" src=\"https:\/\/www.asbestosclaims.law\/wp-content\/uploads\/2022\/05\/Your-rights-can-be-lost-if-you-wait..jpg\" alt=\"\" class=\"wp-image-6350\" srcset=\"https:\/\/www.asbestosclaims.law\/wp-content\/uploads\/2022\/05\/Your-rights-can-be-lost-if-you-wait..jpg 385w, https:\/\/www.asbestosclaims.law\/wp-content\/uploads\/2022\/05\/Your-rights-can-be-lost-if-you-wait.-18x5.jpg 18w\" sizes=\"(max-width: 385px) 100vw, 385px\" \/><\/figure>\n<\/div>\n<\/div>\n\n\n\n<p>Aunque los reclamos de fideicomisos de asbesto no son juicios, est\u00e1n sujetos a las mismas limitaciones de tiempo que los juicios.<\/p>\n\n\n\n<h4 class=\"h4 wp-block-heading\" id=\"h-these-laws-are-called-statutes-of-limitation\">Estas leyes se denominan estatutos de limitaci\u00f3n.&nbsp;<\/h4>\n\n\n\n<p>Los estatutos de limitaci\u00f3n especifican cu\u00e1nto tiempo tiene una persona para presentar una demanda.<\/p>\n\n\n\n<h4 class=\"h4 wp-block-heading\" id=\"h-if-a-person-waits-too-long-they-lose-the-right-to-file-a-lawsuit\">Si una persona espera demasiado, pierde el derecho a presentar una demanda.\u00a0<\/h4>\n\n\n\n<p>Every state puts limits on how long individuals have to file lawsuits on their own behalf or on behalf of a deceased loved one.\u00a0These laws are called Statutes of Limitation, and if you miss one, you will not be able to file any asbestos claims.<\/p>\n\n\n\n<h4 class=\"h4 wp-block-heading\" id=\"h-the-exact-same-thing-applies-with-asbestos-trusts\">Exactamente lo mismo se aplica a los fideicomisos de asbesto:&nbsp;<\/h4>\n\n\n\n<p>If you wait too long to file an asbestos trust claim, you&#8217;ll lose the right to do so.&nbsp; Statutes of Limitation can be complicated in asbestos cases because a person typically doesn&#8217;t develop an asbestos-related illness until many years after they were exposed.<\/p>\n\n\n\n<p>Los estatutos de limitaciones a menudo no son muy sencillos en los casos de asbesto porque hay preguntas sobre cu\u00e1ndo deber\u00eda comenzar el estatuto:<\/p>\n\n\n\n<ul><li>\u00bfComienza \u201cel reloj\u201d cuando a una persona se le diagnostica una enfermedad relacionada con el asbesto, o comienza cuando descubre que su enfermedad podr\u00eda haber sido causada por el asbesto? <\/li><\/ul>\n\n\n\n<ul class=\"wp-block-list\"><li>Si trabajaron en Texas pero ahora viven en Missouri, \u00bfqu\u00e9 estatuto se aplica?&nbsp;<\/li><\/ul>\n\n\n\n<p>Estos son los tipos de preguntas que mejor se le plantean a un abogado especializado en asbesto, y nos complacer\u00e1 responderlas por usted.<br><br><\/p>\n\n\n\n<p><strong>Si cree que tiene derecho a una compensaci\u00f3n por su enfermedad relacionada con el asbesto, llame, env\u00ede un mensaje de texto o env\u00ede un correo electr\u00f3nico a nuestro bufete de abogados para que podamos decirle cu\u00e1nto tiempo tiene para tomar la decisi\u00f3n de presentar un reclamo de fideicomiso o buscar una compensaci\u00f3n por asbesto a trav\u00e9s de una demanda por asbesto.<\/strong>&nbsp;&nbsp;<\/p>\n\n\n\n<p><strong>No le costar\u00e1 nada llamarnos, pero podr\u00eda costarle todo si espera demasiado para presentar un reclamo.<\/strong><\/p>\n\n\n\n<h2 id=\"h-justinian-c-lane-esq-asbestosclaims-law\">Justinian C. Lane, Esq. &#8211; AsbestosClaims.Law<\/h2>\n\n\n\n<p>Mi abuelo, mi abuela y mi padre estuvieron expuestos al asbesto en su trabajo y los tres murieron de c\u00e1nceres relacionados con las v\u00edas respiratorias.<\/p>\n\n\n\n<p><strong>Me enter\u00e9 demasiado tarde de los efectos del asbesto en la salud como para ayudarlos.<\/strong><\/p>\n\n\n\n<p><strong>Pero mi empresa ha ayudado a muchas otras personas a recibir una compensaci\u00f3n por los problemas de salud que desarrollaron por la exposici\u00f3n al asbesto.&nbsp;<\/strong><\/p>\n\n\n\n<p>Ll\u00e1menos, env\u00edenos un mensaje de texto o env\u00edenos un correo electr\u00f3nico para una consulta completamente gratuita y sin compromiso. Escuchar\u00e9 los detalles de su historia y le explicar\u00e9 sus opciones. Solo trabajamos en contingencia, por lo que solo cobramos si lo haces.<\/p>\n\n\n\n<p>Cada caso es diferente, pero las Oficinas Legales de Justinian C. Lane, Esq. ha obtenido cuantiosas indemnizaciones para miles de personas perjudicadas por el asbesto. Esta compensaci\u00f3n ha ayudado a aliviar las cargas financieras de nuestros clientes y ofrece un legado para sus seres queridos.<\/p>\n\n\n\n<section class=\"boxtextnew\">\n            <div class=\"row pt-5 5 px-xl-0 px-lg-3\" style=\"padding:30px 10px !Important; background-color:#F8F7F6; margin:0px;\">\n                <div class=\"col-md-12\">\n                    <table style=\"width:90%; margin:0px auto;\">\n                        <tbody><tr>                            \n                            <td style=\"width:90%; text-align:left;\"><p style=\"margin-top:12px;\">En AsbestosClaims.Law, hemos ayudado a miles de personas que estuvieron expuestas al asbesto en su trabajo, autom\u00f3vil o en casa.<\/p><h5 style=\"margin-top:12px; text-align:right;\">\u00bfPodemos ayudarte?<\/h5><\/td>                            \n                        <\/tr>\n                    <\/tbody><\/table>\n                <\/div>\n            <\/div>\n<\/section>"},"excerpt":{"rendered":"<p>How Can Asbestos Cause Injuries? Asbestos Overview Asbestos is historically acclaimed as the \u201cmiracle mineral\u201d due to its extreme versatility.&nbsp; The term asbestos refers to a group of related silicate minerals, each with slightly different characteristics, but all with the same highly durable and heat-resistant properties.&nbsp;&nbsp;That&#8217;s why asbestos was used in almost every part of [&#8230;]<\/p>\n<p><a class=\"btn btn-secondary understrap-read-more-link\" href=\"https:\/\/www.asbestosclaims.law\/es\/fideicomisos-de-asbesto-2\/que-son-los-fideicomisos-de-asbesto\/\">Leer m\u00e1s&#8230;<\/a><\/p>","protected":false},"author":1,"featured_media":0,"parent":6279,"menu_order":64,"comment_status":"closed","ping_status":"closed","template":"page-templates\/page-sidebar-template.php","meta":{"_acf_changed":false,"ub_ctt_via":"","footnotes":""},"class_list":["post-7235","page","type-page","status-publish","hentry"],"acf":[],"featured_image_src":null,"_links":{"self":[{"href":"https:\/\/www.asbestosclaims.law\/es\/wp-json\/wp\/v2\/pages\/7235","targetHints":{"allow":["GET"]}}],"collection":[{"href":"https:\/\/www.asbestosclaims.law\/es\/wp-json\/wp\/v2\/pages"}],"about":[{"href":"https:\/\/www.asbestosclaims.law\/es\/wp-json\/wp\/v2\/types\/page"}],"author":[{"embeddable":true,"href":"https:\/\/www.asbestosclaims.law\/es\/wp-json\/wp\/v2\/users\/1"}],"replies":[{"embeddable":true,"href":"https:\/\/www.asbestosclaims.law\/es\/wp-json\/wp\/v2\/comments?post=7235"}],"version-history":[{"count":0,"href":"https:\/\/www.asbestosclaims.law\/es\/wp-json\/wp\/v2\/pages\/7235\/revisions"}],"up":[{"embeddable":true,"href":"https:\/\/www.asbestosclaims.law\/es\/wp-json\/wp\/v2\/pages\/6279"}],"wp:attachment":[{"href":"https:\/\/www.asbestosclaims.law\/es\/wp-json\/wp\/v2\/media?parent=7235"}],"curies":[{"name":"wp","href":"https:\/\/api.w.org\/{rel}","templated":true}]}}