{"id":3926,"date":"2021-05-18T22:42:54","date_gmt":"2021-05-18T22:42:54","guid":{"rendered":"https:\/\/www.asbestosclaims.law\/?page_id=3926"},"modified":"2024-08-27T11:38:56","modified_gmt":"2024-08-27T17:38:56","slug":"contact-us","status":"publish","type":"page","link":"https:\/\/www.asbestosclaims.law\/es\/about-us\/contacta-con-nosotros\/","title":{"rendered":"Contacta con nosotros"},"content":{"rendered":"<style>span.wpcf7-list-item label{padding:0;}<\/style><h1 id=\"h-contact-the-law-offices-of-justinian-c-lane-esq-pllc\">P\u00f3ngase en contacto con las Oficinas Legales de Justinian C. Lane, Esq. - PLLC<\/h1>\n\n\n\n<section class=\"boxtextnew\">\n            <div class=\"row pt-5 5 px-xl-0 px-lg-3\" style=\"padding:30px 10px !Important;background-color:#F8F7F6;margin:0px\">\n                <div class=\"col-md-12\">\n                    <table style=\"width:90%;margin:0px auto\">\n                        <tbody><tr>                            \n                            <td style=\"width:90%;text-align:left\"><h4 style=\"margin-top:12px\">Si ha estado expuesto al asbesto en el pasado o si tiene s\u00edntomas de una <a href=\"https:\/\/www.asbestosclaims.law\/es\/asbestos-symptoms-and-treatment\/asbestos-injuries\/\">enfermedad relacionada con el asbesto,<\/a> comun\u00edquese con un profesional de la salud.<\/h4><h4 style=\"margin-top:12px\">Existen ex\u00e1menes m\u00e9dicos y ex\u00e1menes de detecci\u00f3n que pueden ayudar a detectar da\u00f1os a la salud por el asbesto. Algunas enfermedades relacionadas con el asbesto son fatales, pero la intervenci\u00f3n temprana puede ayudar.<\/h4><\/td>                            \n                        <\/tr>\n                    <\/tbody><\/table>\n                <\/div>\n            <\/div>\n        <\/section>\n\n\n\n<p><strong>Tambi\u00e9n hay una compensaci\u00f3n disponible para las personas que han sido da\u00f1adas por la exposici\u00f3n al asbesto. Esto incluye facturas de atenci\u00f3n m\u00e9dica, salarios perdidos y dolor y sufrimiento.<\/strong><\/p>\n\n\n\n<p>En muchos casos, las personas afectadas por el asbesto ni siquiera necesitan presentar una demanda para obtener una compensaci\u00f3n por sus lesiones.<\/p>\n\n\n\n<div class=\"wp-block-columns row no-gutters is-layout-flex wp-container-core-columns-is-layout-9d6595d7 wp-block-columns-is-layout-flex\">\n<div class=\"wp-block-column col-sm-12 col-md-12 col-lg-12 col-xl-5 text-center is-layout-flow wp-block-column-is-layout-flow\" style=\"flex-basis:33.33%\">\n<figure class=\"wp-block-image size-large\"><img decoding=\"async\" width=\"276\" height=\"304\" src=\"https:\/\/www.asbestosclaims.law\/wp-content\/uploads\/2021\/07\/Contact-us.jpg\" alt=\"\" class=\"wp-image-5131\" srcset=\"https:\/\/www.asbestosclaims.law\/wp-content\/uploads\/2021\/07\/Contact-us.jpg 276w, https:\/\/www.asbestosclaims.law\/wp-content\/uploads\/2021\/07\/Contact-us-11x12.jpg 11w\" sizes=\"(max-width: 276px) 100vw, 276px\" \/><\/figure>\n<\/div>\n\n\n\n<div class=\"wp-block-column col-sm-12 col-md-12 col-lg-12 col-xl-7 is-layout-flow wp-block-column-is-layout-flow\" style=\"flex-basis:66.66%\">\n<h3 class=\"wp-block-heading\" id=\"h-justinian-means-justice\">Justinian significa Justicia<\/h3>\n\n\n\n<p>The Law Offices of Justinian C. Lane, Esq. &#8211; PLLC has represented asbestos claims victims for nearly two decades.<\/p>\n\n\n\n<h4 class=\"wp-block-heading\" id=\"h-we-want-to-be-the-law-firm-that-you-entrust-with-your-case\">Queremos ser el despacho de abogados al que conf\u00edes tu caso.<\/h4>\n\n\n\n<p>Damos la bienvenida a todas y cada una de las preguntas legales y responderemos muy r\u00e1pidamente a su mensaje. <a href=\"#wrapper-footer\">Ponte en contacto con nosotros, <\/a>a cualquier hora del d\u00eda o de la noche.<\/p>\n<\/div>\n<\/div>\n\n\n\n<div class=\"wp-block-columns row no-gutters is-layout-flex wp-container-core-columns-is-layout-9d6595d7 wp-block-columns-is-layout-flex\">\n<div class=\"wp-block-column col-sm-12 col-md-12 col-lg-12 col-xl-7 is-layout-flow wp-block-column-is-layout-flow\" style=\"flex-basis:66.66%\">\n<h4 class=\"wp-block-heading\" id=\"h-we-have-built-an-extensive-database-of-asbestos-law-and-medical-information\">Hemos creado una extensa base de datos de informaci\u00f3n m\u00e9dica y de leyes sobre el asbesto.<\/h4>\n\n\n\n<p>Las Oficinas Legales de Justinian C. Lane, Esq. - PLLC no deja piedra sin mover en la investigaci\u00f3n y demostrar c\u00f3mo se vieron perjudicados por la exposici\u00f3n al amianto.<\/p>\n\n\n\n<p><strong>Si cree que pudo haber trabajado con asbesto, puede verificar su lugar de trabajo o los productos con los que trabaj\u00f3 en nuestra base de datos.<\/strong><\/p>\n<\/div>\n\n\n\n<div class=\"wp-block-column col-sm-12 col-md-12 col-lg-12 col-xl-5 text-center is-layout-flow wp-block-column-is-layout-flow\" style=\"flex-basis:33.33%\">\n<figure class=\"wp-block-image size-large\"><img decoding=\"async\" width=\"390\" height=\"378\" src=\"https:\/\/www.asbestosclaims.law\/wp-content\/uploads\/2021\/05\/img06-3.jpg\" alt=\"\" class=\"wp-image-3933\" srcset=\"https:\/\/www.asbestosclaims.law\/wp-content\/uploads\/2021\/05\/img06-3.jpg 390w, https:\/\/www.asbestosclaims.law\/wp-content\/uploads\/2021\/05\/img06-3-12x12.jpg 12w\" sizes=\"(max-width: 390px) 100vw, 390px\" \/><\/figure>\n<\/div>\n<\/div>\n\n\n\n<h4 class=\"wp-block-heading\" id=\"h-our-asbestos-claims-law-firm-offers-an-entirely-free-consultation-with-a-seasoned-asbestos-claims-attorney\">Nuestro bufete de abogados de reclamos de asbesto ofrece una consulta totalmente gratuita con un abogado experimentado en reclamos de asbesto.<\/h4>\n\n\n\n<p id=\"contact\">En las Oficinas Legales de Justinian C. Lane, Esq. - PLLC, podemos escuchar su historia, y explicar sus opciones.<\/p>\n\n\n\n<p><strong>Todas nuestras consultas son siempre gratuitas y sin compromiso.<\/strong><\/p>\n\n\n\n<h4 class=\"wp-block-heading\" id=\"h-we-work-entirely-on-a-contingency-basis\">Trabajamos \u00edntegramente en base a contingencias.<\/h4>\n\n\n\n<p>A menos que reciba una compensaci\u00f3n por sus lesiones, no hay tarifa.<\/p>\n\n\n\n<p><strong>Contacta con nosotros:<\/strong><\/p>\n\n\n\n<div class=\"wpcf7 no-js\" id=\"wpcf7-f10798-o2\" lang=\"en-US\" dir=\"ltr\" data-wpcf7-id=\"10798\">\n<div class=\"screen-reader-response\"><p role=\"status\" aria-live=\"polite\" aria-atomic=\"true\"><\/p> <ul><\/ul><\/div>\n<form action=\"\/es\/wp-json\/wp\/v2\/pages\/3926#wpcf7-f10798-o2\" method=\"post\" class=\"wpcf7-form init\" aria-label=\"Contact form\" novalidate=\"novalidate\" data-status=\"init\" data-trp-original-action=\"\/es\/wp-json\/wp\/v2\/pages\/3926#wpcf7-f10798-o2\">\n<fieldset class=\"hidden-fields-container\"><input type=\"hidden\" name=\"_wpcf7\" value=\"10798\" \/><input type=\"hidden\" name=\"_wpcf7_version\" value=\"6.1.4\" \/><input type=\"hidden\" name=\"_wpcf7_locale\" value=\"en_US\" \/><input type=\"hidden\" name=\"_wpcf7_unit_tag\" value=\"wpcf7-f10798-o2\" \/><input type=\"hidden\" name=\"_wpcf7_container_post\" value=\"0\" \/><input type=\"hidden\" name=\"_wpcf7_posted_data_hash\" value=\"\" \/><input type=\"hidden\" name=\"_wpcf7_recaptcha_response\" value=\"\" \/>\n<\/fieldset>\n<div class=\"form-group\">\n\t<p><span class=\"wpcf7-form-control-wrap\" data-name=\"your-name\"><input size=\"40\" maxlength=\"400\" class=\"wpcf7-form-control wpcf7-text wpcf7-validates-as-required form-control\" aria-required=\"true\" aria-invalid=\"false\" placeholder=\"Nombre y apellido*\" value=\"\" type=\"text\" name=\"your-name\" \/><\/span>\n\t<\/p>\n<\/div>\n<div class=\"form-group\">\n\t<p><span class=\"wpcf7-form-control-wrap\" data-name=\"your-email\"><input size=\"40\" maxlength=\"400\" class=\"wpcf7-form-control wpcf7-email wpcf7-validates-as-required wpcf7-text wpcf7-validates-as-email form-control\" aria-required=\"true\" aria-invalid=\"false\" placeholder=\"Correo electr\u00f3nico*\" value=\"\" type=\"email\" name=\"your-email\" \/><\/span>\n\t<\/p>\n<\/div>\n<div class=\"form-group\">\n\t<p><span class=\"wpcf7-form-control-wrap\" data-name=\"phone\"><input size=\"40\" maxlength=\"400\" class=\"wpcf7-form-control wpcf7-tel wpcf7-validates-as-required wpcf7-text wpcf7-validates-as-tel form-control\" aria-required=\"true\" aria-invalid=\"false\" placeholder=\"Tel\u00e9fono*\" value=\"\" type=\"tel\" name=\"phone\" \/><\/span>\n\t<\/p>\n<\/div>\n<div class=\"form-group\">\n\t<p><span class=\"wpcf7-form-control-wrap\" data-name=\"your-message\"><textarea cols=\"40\" rows=\"10\" maxlength=\"2000\" class=\"wpcf7-form-control wpcf7-textarea form-control\" aria-invalid=\"false\" placeholder=\"\u00bfC\u00f3mo podemos ayudarle?\" name=\"your-message\"><\/textarea><\/span>\n\t<\/p>\n<\/div>\n<div class=\"form-group\">\n\t<div class=\"form-check\">\n\t\t<p><span class=\"wpcf7-form-control-wrap\" data-name=\"options-communication\"><span class=\"wpcf7-form-control wpcf7-acceptance optional\"><span class=\"wpcf7-list-item\"><label><input type=\"checkbox\" name=\"options-communication\" value=\"1\" aria-invalid=\"false\" \/><span class=\"wpcf7-list-item-label\">Al marcar esta casilla, acepto recibir actualizaciones (informativas\/promocionales) por SMS de Siniestros de Amianto en el n\u00famero facilitado. Pueden aplicarse tarifas de mensajes y datos. Los transportistas no son responsables de los mensajes retrasados o no entregados. La frecuencia de los mensajes var\u00eda seg\u00fan el usuario. Env\u00eda HELP para obtener ayuda y STOP para darte de baja en cualquier momento. Consulte nuestra <a href=\"https:\/\/www.asbestosclaims.law\/es\/politica-de-privacidad-del-abogado-de-lesiones-personales-de-austin\/\" target=\"_blank\">Pol\u00edtica de privacidad<\/a> para obtener m\u00e1s informaci\u00f3n.<\/span><\/label><\/span><\/span><\/span>\n\t\t<\/p>\n\t\t<p class=\"wpcf7\"><label>Entiendo que el env\u00edo de este mensaje no significa autom\u00e1ticamente que estoy contratando a un abogado. El bufete de abogados Asbestos Claims se pondr\u00e1 en contacto conmigo para una consulta gratuita para explicarme mis opciones.<\/label>\n\t\t<\/p>\n\t\t<p class=\"wpcf7\"><label>No se me cobrar\u00e1n honorarios ni costas judiciales a menos que reciba una indemnizaci\u00f3n.<\/label>\n\t\t<\/p>\n\t<\/div>\n<\/div>\n<p><input class=\"wpcf7-form-control wpcf7-submit has-spinner form-fill-contact-us\" type=\"submit\" value=\"enviar mensaje\" \/>\n<\/p><div class=\"wpcf7-response-output\" aria-hidden=\"true\"><\/div>\n<input type=\"hidden\" name=\"trp-form-language\" value=\"es\"\/><\/form>\n<\/div>\n\n\n\n\n<h4 class=\"wp-block-heading\" id=\"h-many-asbestos-illnesses-are-life-threatening\">Muchas enfermedades causadas por el asbesto ponen en peligro la vida.<\/h4>\n\n\n\n<p><strong>No espere a saber si puede tener da\u00f1os en los pulmones y el sistema respiratorio.<\/strong><\/p>\n\n\n\n<p><strong>Si ya ha desarrollado problemas de salud, es posible que tenga derecho a una compensaci\u00f3n por sus lesiones.<\/strong><\/p>\n\n\n\n<p>Cada caso es diferente, pero he obtenido grandes acuerdos para miles de personas da\u00f1adas por el amianto. Ha ayudado a aliviar su carga con las facturas m\u00e9dicas y otras obligaciones financieras. Muchos de mis clientes lo ven como una oportunidad para dejar un legado a sus seres queridos.<\/p>\n\n\n\n<figure class=\"wp-block-image size-large\"><img decoding=\"async\" width=\"1042\" height=\"314\" src=\"https:\/\/www.asbestosclaims.law\/wp-content\/uploads\/2021\/05\/img07-3.jpg\" alt=\"\" class=\"wp-image-3932\" srcset=\"https:\/\/www.asbestosclaims.law\/wp-content\/uploads\/2021\/05\/img07-3.jpg 1042w, https:\/\/www.asbestosclaims.law\/wp-content\/uploads\/2021\/05\/img07-3-540x163.jpg 540w, https:\/\/www.asbestosclaims.law\/wp-content\/uploads\/2021\/05\/img07-3-768x231.jpg 768w, https:\/\/www.asbestosclaims.law\/wp-content\/uploads\/2021\/05\/img07-3-16x5.jpg 16w\" sizes=\"(max-width: 1042px) 100vw, 1042px\" \/><\/figure>\n\n\n\n<p><strong>Cont\u00e1ctenos por tel\u00e9fono, mensaje de texto o correo electr\u00f3nico para programar una consulta.<\/strong><\/p>\n\n\n\n<p>Podemos reunirnos con usted en alg\u00fan lugar conveniente o hablar por tel\u00e9fono o por videoconferencia.<\/p>\n\n\n\n<p><strong>Nunca hay ninguna obligaci\u00f3n de hablar y comprender sus opciones.<\/strong><\/p>\n\n\n\n<h2 class=\"wp-block-heading\" id=\"h-financial-compensation-for-people-injured-by-asbestos-exposure\">Compensaci\u00f3n financiera para personas lesionadas por Exposici\u00f3n al Asbesto<\/h2>\n\n\n\n<p>Millones de trabajadores y sus familias estuvieron expuestos al asbesto porque la industria del asbesto ocultaba los peligros de su producto.<\/p>\n\n\n\n<p>Los tribunales ordenaron que se depositaran miles de millones de d\u00f3lares de seguros en fideicomisos para compensar a las personas con enfermedades relacionadas con el asbesto.<\/p>\n\n\n\n<section class=\"boxtextnew\">\n            <div class=\"row pt-5 5 px-xl-0 px-lg-3\" style=\"padding:30px 10px !Important;background-color:#F8F7F6;margin:0px\">\n                <div class=\"col-md-12\">\n                    <table style=\"width:90%;margin:0px auto\">\n                        <tbody><tr>                            \n                            <td style=\"width:90%;text-align:left\"><h4 style=\"margin-top:12px\">Pero casi el 40% de los fondos a\u00fan no han sido reclamados por las personas a las que est\u00e1n destinados a ayudar.<\/h4><\/td>                            \n                        <\/tr>\n                    <\/tbody><\/table>\n                <\/div>\n            <\/div>\n        <\/section>\n\n\n\n<p>Muchas personas con enfermedades relacionadas con el asbesto que estuvieron expuestas al asbesto no saben que califican para una compensaci\u00f3n.<\/p>\n\n\n\n<p>La mayor\u00eda puede recibir dinero sin presentar una demanda.<\/p>\n\n\n\n<p>Hemos ayudado a miles de personas que estuvieron expuestas al asbesto en su trabajo, autom\u00f3vil o en su hogar. \u00bfPodemos ayudarte? <\/p>\n<style>\n#btn-contact{margin:15px 0 15px 0}.btn-outline-secondary{position:relative;padding:15px 34px 15px 24px;font-weight:700;font-size:14px;background:#0aadff;border:none}\n.btn-outline-secondary:hover{background-color:#0482c1;-webkit-transition:150ms ease-in-out;-o-transition:150ms ease-in-out;transition:150ms ease-in-out}<\/style>\n<a class=\"btn btn-outline-secondary\" id=\"btn-contact\" href=\"#contact-form-footer\">CONSULTA GRATIS<\/a>\n\n\n\n<h2 class=\"wp-block-heading\" id=\"h-justinian-means-justice-1\">Justinian significa Justicia<\/h2>\n\n\n\n<p>Si cree que pudo haber trabajado con asbesto, puede verificar su lugar de trabajo o los productos con los que trabaj\u00f3 en nuestra base de datos. Cont\u00e1ctenos<strong> <\/strong>para obtener m\u00e1s informaci\u00f3n.<\/p>\n\n\n\n<section class=\"boxtextnew\">\n            <div class=\"row pt-5 5 px-xl-0 px-lg-3\" style=\"padding:30px 10px !Important;background-color:#F8F7F6;margin:0px\">\n                <div class=\"col-md-12\">\n                    <table style=\"width:90%;margin:0px auto\">\n                        <tbody><tr>                            \n                            <td style=\"width:90%;text-align:left\"><p style=\"margin-top:12px\">En AsbestosClaims.Law, hemos ayudado a miles de personas que estuvieron expuestas al asbesto en su trabajo, autom\u00f3vil o en casa.<\/p><h5 style=\"margin-top:12px;text-align:right\">\u00bfPodemos ayudarte?<\/h5><\/td>                            \n                        <\/tr>\n                    <\/tbody><\/table>\n                <\/div>\n            <\/div>\n<\/section>"},"excerpt":{"rendered":"<p>Contact the Law Offices of Justinian C. Lane, Esq. &#8211; PLLC If you have been exposed to asbestos in the past, or if you have symptoms of an asbestos-related illness, contact a healthcare professional. There are medical tests and screening that can help detect asbestos health damage. Some asbestos-related illnesses are fatal, but early intervention [&#8230;]<\/p>\n<p><a class=\"btn btn-secondary understrap-read-more-link\" href=\"https:\/\/www.asbestosclaims.law\/es\/about-us\/contacta-con-nosotros\/\">Leer m\u00e1s&#8230;<\/a><\/p>","protected":false},"author":1,"featured_media":0,"parent":7274,"menu_order":85,"comment_status":"closed","ping_status":"closed","template":"page-templates\/page-sidebar-template.php","meta":{"_acf_changed":false,"ub_ctt_via":"","footnotes":""},"class_list":["post-3926","page","type-page","status-publish","hentry"],"acf":[],"featured_image_src":null,"_links":{"self":[{"href":"https:\/\/www.asbestosclaims.law\/es\/wp-json\/wp\/v2\/pages\/3926","targetHints":{"allow":["GET"]}}],"collection":[{"href":"https:\/\/www.asbestosclaims.law\/es\/wp-json\/wp\/v2\/pages"}],"about":[{"href":"https:\/\/www.asbestosclaims.law\/es\/wp-json\/wp\/v2\/types\/page"}],"author":[{"embeddable":true,"href":"https:\/\/www.asbestosclaims.law\/es\/wp-json\/wp\/v2\/users\/1"}],"replies":[{"embeddable":true,"href":"https:\/\/www.asbestosclaims.law\/es\/wp-json\/wp\/v2\/comments?post=3926"}],"version-history":[{"count":7,"href":"https:\/\/www.asbestosclaims.law\/es\/wp-json\/wp\/v2\/pages\/3926\/revisions"}],"predecessor-version":[{"id":16301,"href":"https:\/\/www.asbestosclaims.law\/es\/wp-json\/wp\/v2\/pages\/3926\/revisions\/16301"}],"up":[{"embeddable":true,"href":"https:\/\/www.asbestosclaims.law\/es\/wp-json\/wp\/v2\/pages\/7274"}],"wp:attachment":[{"href":"https:\/\/www.asbestosclaims.law\/es\/wp-json\/wp\/v2\/media?parent=3926"}],"curies":[{"name":"wp","href":"https:\/\/api.w.org\/{rel}","templated":true}]}}