{"id":3808,"date":"2021-05-16T22:24:39","date_gmt":"2021-05-16T22:24:39","guid":{"rendered":"https:\/\/www.asbestosclaims.law\/?page_id=3808"},"modified":"2023-03-29T17:49:38","modified_gmt":"2023-03-29T23:49:38","slug":"types-of-asbestos","status":"publish","type":"page","link":"https:\/\/www.asbestosclaims.law\/es\/centro-de-aprendizaje\/tipos-de-asbestos\/","title":{"rendered":"Tipos de asbestos"},"content":{"rendered":"<a id=\"video-body\"><\/a>\n\n\n\n<h1 class=\"wp-block-heading\" id=\"h-types-of-asbestos\">Tipos de asbestos<\/h1>\n\n\n\n<figure class=\"wp-block-embed is-type-video is-provider-youtube wp-block-embed-youtube video-embed-body wp-embed-aspect-16-9 wp-has-aspect-ratio\"><div class=\"wp-block-embed__wrapper\">\n<iframe title=\"Most Common Type of Asbestos; Are all types of asbestos dangerous?\" width=\"640\" height=\"360\" src=\"https:\/\/www.youtube.com\/embed\/aIwtgmvf3cY?feature=oembed\" frameborder=\"0\" allow=\"accelerometer; autoplay; clipboard-write; encrypted-media; gyroscope; picture-in-picture; web-share\" referrerpolicy=\"strict-origin-when-cross-origin\" allowfullscreen><\/iframe>\n<\/div><\/figure>\n\n\n\n<h2 class=\"wp-block-heading\" id=\"h-what-is-asbestos\">\u00bfQu\u00e9 es el asbesto?<\/h2>\n\n\n\n<ul class=\"check-list wp-block-list\"><li><strong>El t\u00e9rmino asbesto se refiere a un grupo de minerales de silicato relacionados.<\/strong><br>Las diferentes formas minerales de asbesto tienen diferentes colores, apariencias y fibras.<br><br>Todos los tipos de asbesto son duraderos. Son resistentes al calor, la corrosi\u00f3n, la electricidad y el sonido.<sup>2<\/sup> Es por eso que la mayor\u00eda de los tipos de asbesto se utilizaron tanto en la industria y los hogares.<br><\/li><li>All asbestos types can break up into fibers or particles and be inhaled or swallowed. But none of the types of asbestos fibers have any smell or taste. So if anybody asks you, &#8220;Does asbestos smell?&#8221; The answer is a flat NO. <br><br>Las personas no siempre saben que est\u00e1n respirando o tragando fibras de asbesto en el aire.<br><\/li><li>Todos los tipos de fibras de asbesto pueden permanecer en el cuerpo para siempre.<br>El asbesto no se evapora ni se disuelve en agua. Es duradero y resistente a la corrosi\u00f3n.<br><br><strong>Una vez dentro del cuerpo, las fibras de asbesto pueden causar da\u00f1os con el tiempo y provocar enfermedades relacionadas con el asbesto d\u00e9cadas m\u00e1s tarde.<\/strong><\/li><\/ul>\n\n\n\n<h3 id=\"h-asbestos-is-divided-into-two-main-groups-based-on-the-shape-of-the-mineral-s-fibers\">Asbestos is divided into two main groups, based on the shape of the mineral&#8217;s fibers.<\/h3>\n\n\n\n<div class=\"wp-block-columns is-layout-flex wp-container-core-columns-is-layout-9d6595d7 wp-block-columns-is-layout-flex\">\n<div class=\"wp-block-column is-layout-flow wp-block-column-is-layout-flow\">\n<h4 class=\"wp-block-heading\" id=\"h-serpentine-asbestos\">Asbestos serpentino<\/h4>\n\n\n\n<p>El asbesto serpentino tiene fibras rizadas.<\/p>\n<\/div>\n\n\n\n<div class=\"wp-block-column is-layout-flow wp-block-column-is-layout-flow\">\n<h4 class=\"wp-block-heading\" id=\"h-amphibole-asbestos\">Asbestos anf\u00edbol<\/h4>\n\n\n\n<p>El asbesto anf\u00edbol tiene fibras rectas en forma de aguja.<\/p>\n<\/div>\n<\/div>\n\n\n\n<h3 class=\"wp-block-heading\" id=\"h-various-types-of-asbestos-were-widely-used-in-different-ways\">Se utilizaron ampliamente varios tipos de asbestos de diferentes formas.<\/h3>\n\n\n\n<figure class=\"wp-block-table\"><table class=\"table-one\"><tbody><tr style=\"background-color:#F8F7F6\"><th><strong>Nombre<\/strong><\/th><th><strong>Color<\/strong><\/th><th><strong>Familia Mineral<\/strong><\/th><th><strong>Tipo de fibra<\/strong><\/th><th><strong>Uso en la industria<\/strong><\/th><\/tr><tr><td>Crisotilo<br>(Forma de asbesto m\u00e1s utilizada)<br>El crisotilo es la principal causa del c\u00e1ncer terminal conocido como mesotelioma.<sup>3<\/sup><\/td><td>Asbesto blanco<\/td><td>Serpentina<\/td><td>Rizado, enmara\u00f1ado<\/td><td>Pisos, techos, techos y paredes<br>Pastillas y forros de freno<br>Embragues<br>Tejas<br>Cemento<br>Juntas<br>Pl\u00e1sticos<br>Caucho<br>Textiles<\/td><\/tr><tr style=\"background-color:#F8F7F6\"><td>AMOSITE<\/td><td>Asbestos marr\u00f3n<\/td><td>Anf\u00edbol<\/td><td>Grueso, recto y afilado<br>Encontrado naturalmente en paquetes<br>Particularmente fuerte y resistente al calor<\/td><td>Plomer\u00eda y aislamiento el\u00e9ctrico<br>Techumbre<br>Tejas del techo<br>Cemento<br>Juntas<br>Protecci\u00f3n contra incendios<\/td><\/tr><tr><td>CROCIDOLITA<\/td><td>Asbestos azul<\/td><td>Anf\u00edbol<\/td><td>Las fibras finas, rectas y quebradizas lo convierten en un tipo de amianto particularmente peligroso:<br>La fragilidad hace que se rompa y se inhale o trague f\u00e1cilmente.<br>Las fibras delgadas se alojan f\u00e1cilmente en los tejidos corporales.<\/td><td>Aislamiento de fontaner\u00eda<br>Cemento<br>Pl\u00e1sticos<br>Recubrimiento en aerosol<\/td><\/tr><tr style=\"background-color:#F8F7F6\"><td>ANTOFILLITA<\/td><td>Asbesto verde, gris, marr\u00f3n o blanco opaco<\/td><td>Anf\u00edbol<\/td><td><\/td><td>Cemento<br>Materiales de construcci\u00f3n<br>Productos de aislamiento<br>Tambi\u00e9n se encuentra como contaminante en el asbesto crisotilo.<\/td><\/tr><tr><td>TREMOLITE<\/td><td>Blanco, marr\u00f3n, gris, verde o transparente.<\/td><td>Anf\u00edbol<\/td><td>Fibras afiladas que se pueden tejer.<br>F\u00e1cilmente aerotransportado e inhalado o tragado.<\/td><td>Se encuentra como contaminante en el asbesto crisotilo (as\u00ed como en el talco y la vermiculita).<br>No se utiliza comercialmente.<\/td><\/tr><tr style=\"background-color:#F8F7F6\"><td>ACTINOLITA<\/td><td>Blanco, marr\u00f3n, gris, verde o transparente.<\/td><td>Anf\u00edbol<\/td><td>Fibras afiladas que se pueden tejer.<br>Easily airborne and inhaled.<\/td><td>Se encuentra como contaminante en el asbesto crisotilo (as\u00ed como en el talco y la vermiculita).<br>No se utiliza comercialmente.<\/td><\/tr><\/tbody><\/table><\/figure>\n\n\n\n<h3 id=\"h-why-is-asbestos-exposure-so-dangerous-to-a-person-s-health\">\u00bfPor qu\u00e9 la exposici\u00f3n al asbesto es tan peligrosa para la salud de una persona?<\/h3>\n\n\n\n<h4 class=\"wp-block-heading\" id=\"h-asbestos-is-extremely-durable\">El asbesto es extremadamente duradero.<\/h4>\n\n\n\n<p>La palabra <em>asbesto<\/em> means &#8216;indestructible&#8217; in ancient Greek.<\/p>\n\n\n\n<p>Y durante m\u00e1s de 2000 a\u00f1os, los seres humanos han utilizado el asbesto por su notable durabilidad:<\/p>\n\n\n\n<ul class=\"check-list wp-block-list\"><li>El asbesto no se derrite, corroe, disuelve, evapora, descompone o conduce electricidad f\u00e1cilmente.<\/li><li>El asbesto es tremendamente fuerte y resiste una intensa presi\u00f3n y fricci\u00f3n.<\/li><li>El asbesto tambi\u00e9n se rompe f\u00e1cilmente en fibras y se puede tejer en una tela muy resistente.<\/li><li>El asbesto tambi\u00e9n se puede rociar en superficies o en el suelo y mezclar con otras sustancias para fortalecerlas y hacerlas resistentes al fuego, la fricci\u00f3n, la corrosi\u00f3n, la electricidad y el sonido.<\/li><\/ul>\n\n\n\n<h4 class=\"wp-block-heading\" id=\"h-people-do-not-immediately-feel-the-harm-of-asbestos\">La gente no siente inmediatamente el da\u00f1o del asbestos.<\/h4>\n\n\n\n<p>Las fibras de asbesto pueden ser microsc\u00f3picas. El asbesto no tiene sabor ni olor.<\/p>\n\n\n\n<p><strong>Las personas pueden inhalar o tragar asbesto sin saberlo.<\/strong><\/p>\n\n\n\n<div class=\"wp-block-columns row no-gutters is-layout-flex wp-container-core-columns-is-layout-9d6595d7 wp-block-columns-is-layout-flex\">\n<div class=\"wp-block-column col-sm-12 col-md-12 col-lg-12 col-xl-7 is-layout-flow wp-block-column-is-layout-flow\" style=\"flex-basis:66.66%\">\n<h4 class=\"wp-block-heading\" id=\"h-when-asbestos-fibers-are-inhaled-or-swallowed-they-can-embed-in-tissue-irritating-and-damaging-it-over-time\">Cuando se inhalan o ingieren fibras de asbesto, pueden incrustarse en el tejido, irritarlo y da\u00f1arlo con el tiempo.<\/h4>\n\n\n\n<ul class=\"check-list wp-block-list\"><li><strong>Las fibras de asbesto incrustadas son muy duraderas y resistentes, y no se disuelven.<\/strong><\/li><li><strong>Con el tiempo, estas fibras de asbesto peque\u00f1as y duraderas pueden causar problemas de salud.<\/strong><br>Las fibras son como agujas diminutas, que perforan y desgarran los pulmones y otros tejidos. El tejido cicatricial se acumula y causa s\u00edntomas como tos, dificultad para respirar y disminuci\u00f3n de la capacidad pulmonar.<\/li><li><strong>Eventualmente, todas las cicatrices y da\u00f1os causados por las fibras de asbesto incrustadas en el pulm\u00f3n y la pleura pueden provocar enfermedades cr\u00f3nicas, algunas fatales.<\/strong> Adem\u00e1s de la asbestosis y la fibrosis pulmonar, las fibras incrustadas pueden causar mesotelioma y otros c\u00e1nceres.<\/li><li><strong>La ingesti\u00f3n de asbesto puede da\u00f1ar el sistema digestivo e incluso causar c\u00e1ncer de est\u00f3mago y de colon.<\/strong><\/li><\/ul>\n<\/div>\n\n\n\n<div class=\"wp-block-column col-sm-12 col-md-12 col-lg-12 col-xl-5 text-center is-layout-flow wp-block-column-is-layout-flow\" style=\"flex-basis:33.33%\">\n<figure class=\"wp-block-image size-large\"><img decoding=\"async\" width=\"277\" height=\"560\" src=\"https:\/\/www.asbestosclaims.law\/wp-content\/uploads\/2021\/07\/WHEN-A1.jpg\" alt=\"\" class=\"wp-image-5524\" srcset=\"https:\/\/www.asbestosclaims.law\/wp-content\/uploads\/2021\/07\/WHEN-A1.jpg 277w, https:\/\/www.asbestosclaims.law\/wp-content\/uploads\/2021\/07\/WHEN-A1-267x540.jpg 267w, https:\/\/www.asbestosclaims.law\/wp-content\/uploads\/2021\/07\/WHEN-A1-6x12.jpg 6w\" sizes=\"(max-width: 277px) 100vw, 277px\" \/><\/figure>\n<\/div>\n<\/div>\n\n\n\n<section class=\"textocom3;\">\n<div style=\"padding:30px 10px !Important;background-color:#000;margin:0px\">\n<div>\n<table style=\"width:100%;margin:0px auto\">\n<tbody><tr>\n<td class=\"tdancho1\" style=\"vertical-align:top\"><img decoding=\"async\" src=\"https:\/\/www.asbestosclaims.law\/wp-content\/uploads\/2021\/05\/comillaizq.png\" alt=\"Reclamaciones de asbesto\"><\/td>\n<td class=\"tdancho2\" style=\"text-align:center\">\n<h3 style=\"margin-top:12px;color:#fff;font-size:22px;line-height:30px;font-family:'Noto Serif'\"><em>Las fibras [de asbesto] pueden permanecer en su lugar durante mucho tiempo y es posible que nunca se retiren.<\/em><\/h3>\n<h3 style=\"margin-top:12px;color:#fff;font-size:22px;line-height:30px;font-family:'Noto Serif'\"><em>La mayor\u00eda de los impactos da\u00f1inos del asbesto no se notar\u00e1n de inmediato.<\/em><\/h3>\n<h3 style=\"margin-top:12px;color:#fff;font-size:22px;line-height:30px;font-family:'Noto Serif'\"><em>A menudo se desarrollan a\u00f1os despu\u00e9s de que ocurre la exposici\u00f3n.<\/em><\/h3>\n<h3 style=\"margin-top:12px;color:#fff;font-size:14px;line-height:30px;font-family:'Noto Serif'\"><em>- Asociaci\u00f3n Americana del Pulm\u00f3n<sup>4<\/sup><\/em><\/h3>\n<\/td>\n<td class=\"tdancho3\" style=\"vertical-align:bottom\"><img decoding=\"async\" src=\"https:\/\/www.asbestosclaims.law\/wp-content\/uploads\/2021\/05\/comillader.png\" alt=\"Reclamaciones de asbesto\"><\/td>\n<\/tr><\/tbody><\/table>\n<\/div>\n<\/div>\n<\/section>\n\n\n\n<h3 class=\"wp-block-heading\" id=\"h-asbestos-exposure-can-cause-a-variety-of-diseases-and-health-problems\">La exposici\u00f3n al asbesto puede causar una variedad de enfermedades y problemas de salud.<\/h3>\n\n\n\n<p>La investigaci\u00f3n sobre los efectos del asbesto en la salud ha establecido de manera concluyente que la inhalaci\u00f3n de asbesto puede provocar enfermedades importantes y malignas, incluidos c\u00e1nceres agresivos como el mesotelioma y el c\u00e1ncer de pulm\u00f3n, as\u00ed como otras enfermedades potencialmente mortales.<\/p>\n\n\n\n<section class=\"boxtextnew\">\n            <div class=\"row pt-5 5 px-xl-0 px-lg-3\" style=\"padding:30px 10px !Important;background-color:#F8F7F6;margin:0px\">\n                <div class=\"col-md-12\">\n                    <table style=\"width:90%;margin:0px auto\">\n                        <tbody><tr>                            \n                            <td style=\"width:90%;text-align:left\"><h4 style=\"margin-top:12px\">La investigaci\u00f3n cient\u00edfica sugiere firmemente que no existe un nivel seguro de exposici\u00f3n al asbesto.<br><br>Las personas expuestas al asbesto a los veinte a\u00f1os han desarrollado enfermedades relacionadas con el asbesto cuarenta o cincuenta a\u00f1os despu\u00e9s.<sup>5<\/sup><\/h4><\/td>                            \n                        <\/tr>\n                    <\/tbody><\/table>\n                <\/div>\n            <\/div>\n        <\/section>\n\n\n\n<p>La exposici\u00f3n al asbesto tambi\u00e9n puede causar problemas respiratorios, asbestosis y otros problemas de salud no malignos. Si bien estas afecciones no siempre ponen en peligro la vida, a menudo son dolorosas y no curables.<\/p>\n\n\n\n<p><strong>Incluso los c\u00e1nceres causados por otros factores como fumar<\/strong> <strong>puede agravarse e intensificarse por el da\u00f1o del asbesto en el cuerpo.<\/strong><\/p>\n\n\n\n<section class=\"boxtextnew\">\n            <div class=\"row pt-5 5 px-xl-0 px-lg-3\" style=\"padding:30px 10px !Important;background-color:#F8F7F6;margin:0px\">\n                <div class=\"col-md-12\">\n                    <table style=\"width:90%;margin:0px auto\">\n                        <tbody><tr>                            \n                            <td style=\"width:90%;text-align:left\"><h4 style=\"margin-top:12px\">Si tiene s\u00edntomas de una enfermedad relacionada con el asbesto, hable con un profesional de la salud.<\/h4><\/td>                            \n                        <\/tr>\n                    <\/tbody><\/table>\n                <\/div>\n            <\/div>\n        <\/section>\n\n\n\n<h2 id=\"h-the-law-offices-of-justinian-c-lane-esq-pllc\">Oficinas Legales de Justiniano C. Lane, Esq. - PLLC<\/h2>\n\n\n\n<div class=\"wp-block-columns row no-gutters is-layout-flex wp-container-core-columns-is-layout-9d6595d7 wp-block-columns-is-layout-flex\">\n<div class=\"wp-block-column col-sm-12 col-md-12 col-lg-12 col-xl-7 is-layout-flow wp-block-column-is-layout-flow\" style=\"flex-basis:66.66%\">\n<p>Millones de trabajadores y sus familias estuvieron expuestos al asbesto porque la industria del asbesto ocultaba los peligros de su producto.<\/p>\n\n\n\n<p>Los tribunales ordenaron que se depositaran miles de millones de d\u00f3lares de seguros en fideicomisos para compensar a las personas con enfermedades relacionadas con el asbesto.<\/p>\n\n\n\n<p>Pero muchas personas con enfermedades relacionadas con el asbesto que estuvieron expuestas al asbesto no saben que califican para una compensaci\u00f3n.<\/p>\n\n\n\n<p>La mayor\u00eda puede recibir dinero sin presentar una demanda.<\/p>\n<\/div>\n\n\n\n<div class=\"wp-block-column col-sm-12 col-md-12 col-lg-12 col-xl-5 text-center is-layout-flow wp-block-column-is-layout-flow\" style=\"flex-basis:33.33%\">\n<figure class=\"wp-block-image size-large\"><img decoding=\"async\" width=\"277\" height=\"300\" src=\"https:\/\/www.asbestosclaims.law\/wp-content\/uploads\/2021\/07\/The-Law-Offices-of-Justinian-C.-Lane-Esq.\u2013PLLC.jpg\" alt=\"\" class=\"wp-image-5525\" srcset=\"https:\/\/www.asbestosclaims.law\/wp-content\/uploads\/2021\/07\/The-Law-Offices-of-Justinian-C.-Lane-Esq.\u2013PLLC.jpg 277w, https:\/\/www.asbestosclaims.law\/wp-content\/uploads\/2021\/07\/The-Law-Offices-of-Justinian-C.-Lane-Esq.\u2013PLLC-11x12.jpg 11w\" sizes=\"(max-width: 277px) 100vw, 277px\" \/><\/figure>\n<\/div>\n<\/div>\n\n\n\n<h3 class=\"wp-block-heading\" id=\"h-justinian-means-justice\">Justinian significa Justicia<\/h3>\n\n\n\n<h4 class=\"wp-block-heading\" id=\"h-we-have-helped-thousands-of-people-receive-compensation-for-health-issues-that-they-developed-from-asbestos-exposure\">Hemos ayudado a miles de personas a recibir compensaci\u00f3n por problemas de salud que desarrollaron por la exposici\u00f3n al asbesto.<\/h4>\n\n\n\n<section class=\"boxtextnew\">\n            <div class=\"row pt-5 5 px-xl-0 px-lg-3\" style=\"padding:30px 10px !Important;background-color:#F8F7F6;margin:0px\">\n                <div class=\"col-md-12\">\n                    <table style=\"width:90%;margin:0px auto\">\n                        <tbody><tr>                            \n                            <td style=\"width:90%;text-align:left\"><h4 style=\"margin-top:12px\">Si tiene s\u00edntomas de una enfermedad relacionada con el asbesto, hable con un profesional de la salud.<\/h4><\/td>                            \n                        <\/tr>\n                    <\/tbody><\/table>\n                <\/div>\n            <\/div>\n        <\/section>\n\n\n\n<div class=\"wp-block-columns row no-gutters is-layout-flex wp-container-core-columns-is-layout-9d6595d7 wp-block-columns-is-layout-flex\">\n<div class=\"wp-block-column col-sm-12 col-md-12 col-lg-12 col-xl-5 text-center is-layout-flow wp-block-column-is-layout-flow\" style=\"flex-basis:33.33%\">\n<figure class=\"wp-block-image size-large\"><img decoding=\"async\" width=\"277\" height=\"355\" src=\"https:\/\/www.asbestosclaims.law\/wp-content\/uploads\/2021\/07\/The-Environmental-Protection-Agency.jpg\" alt=\"\" class=\"wp-image-5573\" srcset=\"https:\/\/www.asbestosclaims.law\/wp-content\/uploads\/2021\/07\/The-Environmental-Protection-Agency.jpg 277w, https:\/\/www.asbestosclaims.law\/wp-content\/uploads\/2021\/07\/The-Environmental-Protection-Agency-9x12.jpg 9w\" sizes=\"(max-width: 277px) 100vw, 277px\" \/><\/figure>\n<\/div>\n\n\n\n<div class=\"wp-block-column col-sm-12 col-md-12 col-lg-12 col-xl-7 is-layout-flow wp-block-column-is-layout-flow\" style=\"flex-basis:66.66%\">\n<p>La Agencia de Protecci\u00f3n Ambiental ha declarado que las personas a\u00fan pueden estar expuestas al asbesto en edificios como lugares de trabajo e incluso hogares, porque a\u00fan se desconoce la cantidad de asbesto restante.<sup>6<\/sup><\/p>\n\n\n\n<p><strong>Nuestra firma monitorea constantemente las investigaciones de salud m\u00e1s actualizadas sobre el asbesto.<\/strong> Lo usamos para actualizar nuestra base de datos para desarrollar y fortalecer nuestras reclamaciones de asbesto para nuestros clientes.<\/p>\n\n\n\n<p><strong>Nuestra base de datos de archivo tiene pr\u00e1cticamente toda la informaci\u00f3n disponible sobre el uso del asbesto y sus efectos sobre la salud.<\/strong> Si cree que pudo haber trabajado con asbesto, podemos verificar su lugar de trabajo o los productos con los que trabaj\u00f3 en nuestros <strong>base de datos<\/strong><\/p>\n<\/div>\n<\/div>\n\n\n\n<h4 class=\"wp-block-heading\" id=\"h-asbestos-never-leaves-the-body\">El asbesto nunca sale del cuerpo.<\/h4>\n\n\n\n<p>El asbesto puede causar estos problemas de salud incluso si su exposici\u00f3n al asbesto tuvo lugar hace cuarenta o cincuenta a\u00f1os. Los s\u00edntomas pueden tardar d\u00e9cadas en aparecer.<\/p>\n\n\n\n<h3 class=\"wp-block-heading\" id=\"h-applying-for-asbestos-trust-fund-compensation-is-not-getting-into-a-fight\">Solicitar una compensaci\u00f3n al fondo fiduciario de asbesto no es meterse en una pelea.<\/h3>\n\n\n\n<p><strong>Este dinero se reserv\u00f3 en una cuenta fiduciaria para los heridos.<\/strong><\/p>\n\n\n\n<p>Solicitar un pago de estos fideicomisos no afecta a ninguna empresa ni sale del bolsillo de nadie. Este es dinero del seguro espec\u00edficamente para ayudar a las personas lesionadas por el asbesto.<\/p>\n\n\n\n<p><strong>El tribunal orden\u00f3 los fondos porque la industria del asbesto ya no pudo ocultar su secreto: el asbesto es muy peligroso para respirar.<\/strong><\/p>\n\n\n\n<h2 class=\"wp-block-heading\" id=\"h-justinian-c-lane-esq\">Justinian C. Lane, Esq.<\/h2>\n\n\n\n<p>Mi abuelo, mi abuela y mi padre estuvieron expuestos al asbesto en su trabajo y los tres murieron de c\u00e1nceres relacionados con las v\u00edas respiratorias.<\/p>\n\n\n\n<p><strong>Me enter\u00e9 demasiado tarde de los efectos del asbesto en la salud como para ayudarlos.<\/strong><\/p>\n\n\n\n<p><strong>Pero mi empresa ha ayudado a muchas otras personas a recibir una compensaci\u00f3n por los problemas de salud que desarrollaron por la exposici\u00f3n al asbesto.<\/strong><\/p>\n\n\n\n<p>Ll\u00e1menos, env\u00edenos un mensaje de texto o env\u00edenos un correo electr\u00f3nico para una consulta completamente gratuita y sin compromiso. Escuchar\u00e9 los detalles de tu historia y explicar\u00e9 tus opciones. Solo trabajamos en caso de contingencia, por lo que solo nos pagan si usted lo hace.<\/p>\n\n\n\n<p>Every case is different, but the Law Offices of Justinian C. Lane, Esq. &#8211; PLLC has <a href=\"https:\/\/www.asbestosclaims.law\/es\/about-us\/\">obtenido grandes asentamientos<\/a> for thousands of people harmed by asbestos. This compensation has helped ease our clients&#8217; financial burdens, and offers a legacy to leave for their loved ones.<\/p>\n\n\n\n<section class=\"boxtextnew\">\n            <div class=\"row pt-5 5 px-xl-0 px-lg-3\" style=\"padding:30px 10px !Important;background-color:#F8F7F6;margin:0px\">\n                <div class=\"col-md-12\">\n                    <table style=\"width:90%;margin:0px auto\">\n                        <tbody><tr>                            \n                            <td style=\"width:90%;text-align:left\"><p style=\"margin-top:12px\">En AsbestosClaims.Law, hemos ayudado a miles de personas que estuvieron expuestas al asbesto en su trabajo, autom\u00f3vil o en casa.<\/p><h5 style=\"margin-top:12px;text-align:right\">\u00bfPodemos ayudarte?<\/h5><\/td>                            \n                        <\/tr>\n                    <\/tbody><\/table>\n                <\/div>\n            <\/div>\n<\/section>\n\n\n\n<p style=\"font-size: 0.7rem\">1 Agencia para el Registro de Sustancias T\u00f3xicas y Enfermedades. <a href=\"https:\/\/www.atsdr.cdc.gov\/ToxProfiles\/tp61-c1-b.pdf\" target=\"_blank\" rel=\"noopener noreferrer\">Declaraci\u00f3n de salud p\u00fablica para el asbestos<\/a>. Septiembre de 2001. Consultado el 18 de abril de 2017.<br>2 Calidad de absorci\u00f3n ac\u00fastica utilizada para encontrar asbestos - G. Bonifazi, G. Capobianco y S. Serranti, <a href=\"https:\/\/ieeexplore.ieee.org\/abstract\/document\/7370458\" target=\"_blank\" rel=\"noopener noreferrer\">\"Im\u00e1genes hiperespectrales aplicadas a la identificaci\u00f3n y clasificaci\u00f3n de fibras de asbesto\",<\/a> 2015 IEEE SENSORS, Busan, Korea (South), 2015, pp. 1-4, doi: 10.1109\/ICSENS.2015.7370458.<br>3 <a href=\"https:\/\/www.ocf.berkeley.edu\/~asrg\/wp-content\/uploads\/2018\/01\/96SmithChrysotile.pdf\" target=\"_blank\" rel=\"noopener noreferrer\">El crisotilo es la principal causa del mesotelioma pleural,<\/a> Alan H Smith y Catherine C. Wright, Revista estadounidense de medicina industrial (1996).<br>4 La Asociaci\u00f3n Americana del Pulm\u00f3n, Clean Air, <a href=\"https:\/\/www.lung.org\/clean-air\/at-home\/indoor-air-pollutants\/asbestos\" target=\"_blank\" rel=\"noopener noreferrer\">Asbestos.<\/a><br>5 <a href=\"https:\/\/www.tandfonline.com\/doi\/abs\/10.1080\/10408440701845609?journalCode=itxc20&amp;\" target=\"_blank\" rel=\"noopener noreferrer\">Una evaluaci\u00f3n de las exposiciones al asbesto crisotilo sin efectos notificadas para el c\u00e1ncer de pulm\u00f3n y el mesotelioma,<\/a> Jennifer S. Pierce, Meg A. McKinley, Dennis J. Paustenbach y Brent L. Finley, Opiniones cr\u00edticas en toxicolog\u00eda (2008).<br>6 Agencia para el Registro de Sustancias T\u00f3xicas y Enfermedades. <a href=\"https:\/\/www.atsdr.cdc.gov\/toxprofiles\/tp61.pdf\" target=\"_blank\" rel=\"noopener noreferrer\">Perfil toxicol\u00f3gico del asbesto.<\/a> Septiembre de 2001. Consultado el 15 de marzo de 2021.<\/p>\n\n\n\n<style type=\"text\/css\">\n.table-one td {padding:5px 10px; font-size:0.8rem; vertical-align:text-top;}\n<\/style>"},"excerpt":{"rendered":"<p>Types of Asbestos What is Asbestos? The term asbestos refers to a group of related silicate minerals.Different asbestos mineral forms have different colors, appearances and fibers. All types of asbestos are durable. They are resistant to heat, corrosion, electricity and sound.2 That is why most asbestos types were used so widely in industry and homes. [&#8230;]<\/p>\n<p><a class=\"btn btn-secondary understrap-read-more-link\" href=\"https:\/\/www.asbestosclaims.law\/es\/centro-de-aprendizaje\/tipos-de-asbestos\/\">Leer m\u00e1s&#8230;<\/a><\/p>","protected":false},"author":1,"featured_media":0,"parent":3615,"menu_order":78,"comment_status":"closed","ping_status":"closed","template":"page-templates\/page-sidebar-template.php","meta":{"_acf_changed":false,"ub_ctt_via":"","footnotes":""},"class_list":["post-3808","page","type-page","status-publish","hentry"],"acf":[],"featured_image_src":null,"_links":{"self":[{"href":"https:\/\/www.asbestosclaims.law\/es\/wp-json\/wp\/v2\/pages\/3808","targetHints":{"allow":["GET"]}}],"collection":[{"href":"https:\/\/www.asbestosclaims.law\/es\/wp-json\/wp\/v2\/pages"}],"about":[{"href":"https:\/\/www.asbestosclaims.law\/es\/wp-json\/wp\/v2\/types\/page"}],"author":[{"embeddable":true,"href":"https:\/\/www.asbestosclaims.law\/es\/wp-json\/wp\/v2\/users\/1"}],"replies":[{"embeddable":true,"href":"https:\/\/www.asbestosclaims.law\/es\/wp-json\/wp\/v2\/comments?post=3808"}],"version-history":[{"count":5,"href":"https:\/\/www.asbestosclaims.law\/es\/wp-json\/wp\/v2\/pages\/3808\/revisions"}],"predecessor-version":[{"id":14113,"href":"https:\/\/www.asbestosclaims.law\/es\/wp-json\/wp\/v2\/pages\/3808\/revisions\/14113"}],"up":[{"embeddable":true,"href":"https:\/\/www.asbestosclaims.law\/es\/wp-json\/wp\/v2\/pages\/3615"}],"wp:attachment":[{"href":"https:\/\/www.asbestosclaims.law\/es\/wp-json\/wp\/v2\/media?parent=3808"}],"curies":[{"name":"wp","href":"https:\/\/api.w.org\/{rel}","templated":true}]}}