{"id":3701,"date":"2021-05-13T00:44:40","date_gmt":"2021-05-13T00:44:40","guid":{"rendered":"https:\/\/www.asbestosclaims.law\/?page_id=3701"},"modified":"2023-03-23T10:12:26","modified_gmt":"2023-03-23T16:12:26","slug":"meet-justinian","status":"publish","type":"page","link":"https:\/\/www.asbestosclaims.law\/es\/about-us\/sobre-nosotros\/","title":{"rendered":"Conoce Justinian"},"content":{"rendered":"<h1 class=\"wp-block-heading\" id=\"h-meet-justinian\">Conoce Justinian<\/h1>\n\n\n\n<p><strong>For nearly a decade, the Law Offices of Justinian C. Lane, Esq. &#8211; PLLC has asserted the rights of people harmed by asbestos exposure. We have secured millions of dollars of compensation for our clients, and ensured that justice is served. That&#8217;s all we do.<\/strong><\/p>\n\n\n\n<div class=\"wp-block-columns row no-gutters is-layout-flex wp-container-core-columns-is-layout-9d6595d7 wp-block-columns-is-layout-flex\">\n<div class=\"wp-block-column col-sm-12 col-md-12 col-lg-12 col-xl-7 is-layout-flow wp-block-column-is-layout-flow\" style=\"flex-basis:66.66%\">\n<h2 id=\"h-the-law-offices-of-justinian-c-lane-esq-pllc-practices-only-asbestos-claims-law\">The Law Offices of Justinian C. Lane, Esq. &#8211; PLLC Practices Only Asbestos Claims Law.<\/h2>\n\n\n\n<h4 class=\"wp-block-heading\" id=\"h-our-history\">Nuestra historia<\/h4>\n\n\n\n<p>The Law Offices of Justinian C. Lane, Esq. &#8211; PLLC is a Washington law firm, founded by Justinian Lane to represent individuals injured by exposure to asbestos.<\/p>\n\n\n\n<p>La firma ha ayudado a miles de personas a obtener compensaci\u00f3n por lesiones resultantes de:<\/p>\n\n\n\n<ul class=\"check-list wp-block-list\"><li><a href=\"https:\/\/www.asbestosclaims.law\/es\/fuentes-de-exposicion\/exposicion-ocupacional\/\">Exposici\u00f3n ocupacional al asbestos<\/a><\/li><li><a href=\"https:\/\/www.asbestosclaims.law\/es\/fuentes-de-exposicion\/exposicion-del-hogar\/\">Exposici\u00f3n del hogar al asbestos<\/a><\/li><li><a href=\"https:\/\/www.asbestosclaims.law\/es\/fuentes-de-exposicion\/productos-de-asbestos\/\">Exposici\u00f3n del producto al asbestos<\/a><\/li><\/ul>\n<\/div>\n\n\n\n<div class=\"wp-block-column col-sm-12 col-md-12 col-lg-12 col-xl-5 text-center is-layout-flow wp-block-column-is-layout-flow\" style=\"flex-basis:33.33%\">\n<figure class=\"wp-block-image size-large\"><img decoding=\"async\" width=\"277\" height=\"518\" src=\"https:\/\/www.asbestosclaims.law\/wp-content\/uploads\/2021\/07\/The-Law-Offices-of-Justinian-C.-Lane-Esq.-\u2013-PLLC-practices-only-asbestos-claims-law..jpg\" alt=\"\" class=\"wp-image-5476\" srcset=\"https:\/\/www.asbestosclaims.law\/wp-content\/uploads\/2021\/07\/The-Law-Offices-of-Justinian-C.-Lane-Esq.-\u2013-PLLC-practices-only-asbestos-claims-law..jpg 277w, https:\/\/www.asbestosclaims.law\/wp-content\/uploads\/2021\/07\/The-Law-Offices-of-Justinian-C.-Lane-Esq.-\u2013-PLLC-practices-only-asbestos-claims-law.-6x12.jpg 6w\" sizes=\"(max-width: 277px) 100vw, 277px\" \/><\/figure>\n<\/div>\n<\/div>\n\n\n\n<p><strong>Aunque tiene su sede en Washington, la firma tiene clientes en todo el pa\u00eds y no limita su pr\u00e1ctica a ning\u00fan estado o estados.<\/strong><\/p>\n\n\n\n<p><strong>Ayudamos regularmente a personas en cualquier parte del pa\u00eds, represent\u00e1ndolas en todos los aspectos de su ley de reclamos de asbesto.<\/strong><\/p>\n\n\n\n<div class=\"wp-block-columns row no-gutters is-layout-flex wp-container-core-columns-is-layout-9d6595d7 wp-block-columns-is-layout-flex\">\n<div class=\"wp-block-column col-sm-12 col-md-12 col-lg-12 col-xl-5 text-center is-layout-flow wp-block-column-is-layout-flow\" style=\"flex-basis:33.33%\">\n<figure class=\"wp-block-image size-large\"><img decoding=\"async\" width=\"257\" height=\"200\" src=\"https:\/\/www.asbestosclaims.law\/wp-content\/uploads\/2021\/07\/We-Can-Help.jpg\" alt=\"\" class=\"wp-image-5477\" srcset=\"https:\/\/www.asbestosclaims.law\/wp-content\/uploads\/2021\/07\/We-Can-Help.jpg 257w, https:\/\/www.asbestosclaims.law\/wp-content\/uploads\/2021\/07\/We-Can-Help-16x12.jpg 16w\" sizes=\"(max-width: 257px) 100vw, 257px\" \/><\/figure>\n<\/div>\n\n\n\n<div class=\"wp-block-column col-sm-12 col-md-12 col-lg-12 col-xl-7 is-layout-flow wp-block-column-is-layout-flow\" style=\"flex-basis:66.66%\">\n<h4 class=\"wp-block-heading\" id=\"h-we-can-help\">Nosotros podemos ayudar<\/h4>\n\n\n\n<p>Si usted o un ser querido cree que se lesion\u00f3 por exposici\u00f3n al asbesto, probablemente podamos ayudarlo a obtener una compensaci\u00f3n de las empresas que fabricaron, vendieron o instalaron el asbesto.<\/p>\n\n\n\n<p>Cont\u00e1ctenos hoy gratis <a href=\"https:\/\/www.asbestosclaims.law\/es\/about-us\/contacta-con-nosotros\/\">consulta.<\/a><\/p>\n<\/div>\n<\/div>\n\n\n\n<h4 class=\"wp-block-heading\" id=\"h-about-justinian\">Sobre Justinian<\/h4>\n\n\n\n<p>Before I practiced law, I was not familiar with the dangers of asbestos. I didn&#8217;t know so many people were exposed to it in their jobs, or the terrible diseases they developed as a result.<\/p>\n\n\n\n<p><strong>But when I worked with clients that developed asbestosis through civilian jobs and Navy service, I started to read about the asbestos industry&#8217;s troubled history. For decades, industry executives knew that asbestos was dangerous-all while they told employees and consumers that it was perfectly safe.<\/strong><\/p>\n\n\n\n<p>Las empresas ganaron millones de d\u00f3lares vendiendo un producto peligroso. Y las personas m\u00e1s perjudicadas por las empresas de asbesto fueron sus propios empleados y sus familias.<\/p>\n\n\n\n<section class=\"boxtextnew\">\n            <div class=\"row pt-5 5 px-xl-0 px-lg-3\" style=\"padding:30px 10px !Important;background-color:#F8F7F6;margin:0px\">\n                <div class=\"col-md-12\">\n                    <table style=\"width:90%;margin:0px auto\">\n                        <tbody><tr>                            \n                            <td style=\"width:90%;text-align:center\"><h4 style=\"margin-top:12px\"><a href=\"https:\/\/www.asbestosclaims.law\/es\/centro-de-aprendizaje\/historial-legal-de-asbesto\/\">Obtenga informaci\u00f3n sobre la industria del asbesto aqu\u00ed<\/a><\/h4><\/td>                            \n                        <\/tr>\n                    <\/tbody><\/table>\n                <\/div>\n            <\/div>\n        <\/section>\n\n\n\n<h4 class=\"wp-block-heading\" id=\"h-for-justinian-c-lane-esq-asbestos-injuries-are-personal\">Para Justinian C. Lane, Esq., Las lesiones por asbesto son personales.<\/h4>\n\n\n\n<p>Mi abuelo pilote\u00f3 una lancha de desembarco naval en la Segunda Guerra Mundial. En el curso de su servicio, estuvo expuesto repetidamente al amianto a bordo de barcos militares. Despu\u00e9s de la Segunda Guerra Mundial, consigui\u00f3 un trabajo como mec\u00e1nico, una carrera que mantuvo durante el resto de su vida. Como mec\u00e1nico, trabaj\u00f3 con frenos, embragues, empaquetaduras, aislamiento y partes de carrocer\u00eda que contienen asbestos.<\/p>\n\n\n\n<p>Mi abuela lav\u00f3 el polvo de asbesto de su ropa y tambi\u00e9n estuvo expuesta en su trabajo de soldadura en una planta el\u00e9ctrica.<\/p>\n\n\n\n<p>Mi padre trabaj\u00f3 en una fundici\u00f3n de titanio durante la d\u00e9cada de 1950, un lugar probablemente lleno de asbestos.<\/p>\n\n\n\n<p><strong>Los tres murieron de c\u00e1nceres que a menudo son causados por la exposici\u00f3n al asbesto.<\/strong><\/p>\n\n\n\n<p>Nunca tuve la oportunidad de ver si sus enfermedades estaban relacionadas con el asbesto, pero tengo un inter\u00e9s personal en el tema y lo veo como una cuesti\u00f3n de justicia.<\/p>\n\n\n\n<p>Estudi\u00e9 derecho y obtuve mi doctorado en derecho en la Facultad de Derecho de la Universidad Estatal de Michigan. Tengo licencia para ejercer en el estado de Washington, as\u00ed como en varios tribunales federales de los Estados Unidos.<\/p>\n\n\n\n<p><strong>Mi firma est\u00e1 disponible para representar a clientes de cualquier estado, en cualquier capacidad relacionada con la ley de reclamos por asbesto.<\/strong><\/p>\n\n\n\n<h4 class=\"wp-block-heading\" id=\"h-activities-affiliations\">Actividades y afiliaciones<\/h4>\n\n\n\n<div class=\"wp-block-columns is-layout-flex wp-container-core-columns-is-layout-9d6595d7 wp-block-columns-is-layout-flex\">\n<div class=\"wp-block-column is-layout-flow wp-block-column-is-layout-flow\">\n<ul class=\"check-list\"><li>Washington State Association for Justice &#8211; Eagle Member<\/li><\/ul>\n<\/div>\n\n\n\n<div class=\"wp-block-column is-layout-flow wp-block-column-is-layout-flow\">\n<ul class=\"check-list wp-block-list\"><li>Asociaci\u00f3n de Abogados Litigantes de Texas<\/li><\/ul>\n<\/div>\n\n\n\n<div class=\"wp-block-column is-layout-flow wp-block-column-is-layout-flow\">\n<ul class=\"check-list wp-block-list\"><li>Libra Compa\u00f1ero de Justicia Civil<\/li><\/ul>\n<\/div>\n<\/div>\n\n\n\n<figure class=\"wp-block-image size-large\"><img decoding=\"async\" width=\"1042\" height=\"314\" src=\"https:\/\/www.asbestosclaims.law\/wp-content\/uploads\/2021\/07\/Activities-Affiliations.jpg\" alt=\"\" class=\"wp-image-5478\" srcset=\"https:\/\/www.asbestosclaims.law\/wp-content\/uploads\/2021\/07\/Activities-Affiliations.jpg 1042w, https:\/\/www.asbestosclaims.law\/wp-content\/uploads\/2021\/07\/Activities-Affiliations-540x163.jpg 540w, https:\/\/www.asbestosclaims.law\/wp-content\/uploads\/2021\/07\/Activities-Affiliations-768x231.jpg 768w, https:\/\/www.asbestosclaims.law\/wp-content\/uploads\/2021\/07\/Activities-Affiliations-16x5.jpg 16w\" sizes=\"(max-width: 1042px) 100vw, 1042px\" \/><\/figure>\n\n\n\n<h2 class=\"wp-block-heading\" id=\"h-justinian-means-justice\">Justinian significa justicia<\/h2>\n\n\n\n<p>Most of my clients are ordinary working folk-people like my dad and grandfather. People who were told not to worry, but ended up paying the price for others&#8217; greed.<\/p>\n\n\n\n<h4 class=\"wp-block-heading\" id=\"h-the-courts-saw-that-justice-was-served-and-ordered-these-companies-to-place-the-insurance-money-in-special-trusts\">Los tribunales vieron que se hizo justicia y ordenaron a estas empresas que depositaran el dinero del seguro en fideicomisos especiales.<\/h4>\n\n\n\n<h4 class=\"wp-block-heading\" id=\"h-the-money-can-only-be-used-to-compensate-asbestos-related-illnesses-for-people-exposed-before-1982-when-the-trusts-were-set-up\">El dinero solo puede usarse para compensar enfermedades relacionadas con el asbesto para personas expuestas antes de 1982, cuando se establecieron los fideicomisos.<\/h4>\n\n\n\n<h4 class=\"wp-block-heading\" id=\"h-but-thousands-of-people-who-the-money-is-meant-to-help-have-no-idea-it-exists\">Pero miles de personas a las que el dinero est\u00e1 destinado a ayudar no tienen idea de que existe.<\/h4>\n\n\n\n<div class=\"wp-block-columns row no-gutters is-layout-flex wp-container-core-columns-is-layout-9d6595d7 wp-block-columns-is-layout-flex\">\n<div class=\"wp-block-column col-sm-12 col-md-12 col-lg-12 col-xl-7 is-layout-flow wp-block-column-is-layout-flow\" style=\"flex-basis:66.66%\">\n<p>Cada caso es diferente, pero he obtenido grandes acuerdos para miles de personas da\u00f1adas por el amianto. Ha ayudado a aliviar su carga con las facturas m\u00e9dicas y otras obligaciones financieras.<\/p>\n\n\n\n<p>Muchos de mis clientes lo ven como una oportunidad para dejar un legado a sus seres queridos.<\/p>\n\n\n\n<p>If you think we can help you, call, text or email me-we can set up a completely free consultation with no financial obligation. We can speak in person, over the phone, or through video conference. We can examine your X-ray, and I will give you a realistic estimate of what you may be able to receive from the asbestos trust funds.<\/p>\n<\/div>\n\n\n\n<div class=\"wp-block-column col-sm-12 col-md-12 col-lg-12 col-xl-5 text-center is-layout-flow wp-block-column-is-layout-flow\" style=\"flex-basis:33.33%\">\n<figure class=\"wp-block-image size-large\"><img decoding=\"async\" width=\"277\" height=\"322\" src=\"https:\/\/www.asbestosclaims.law\/wp-content\/uploads\/2021\/07\/But-thousands-of-people-who-the-money-is-meant-to-help-have-no-idea-it-exists..jpg\" alt=\"\" class=\"wp-image-5479\" srcset=\"https:\/\/www.asbestosclaims.law\/wp-content\/uploads\/2021\/07\/But-thousands-of-people-who-the-money-is-meant-to-help-have-no-idea-it-exists..jpg 277w, https:\/\/www.asbestosclaims.law\/wp-content\/uploads\/2021\/07\/But-thousands-of-people-who-the-money-is-meant-to-help-have-no-idea-it-exists.-10x12.jpg 10w\" sizes=\"(max-width: 277px) 100vw, 277px\" \/><\/figure>\n<\/div>\n<\/div>\n\n\n\n<p><strong>Si desea solicitar un reclamo, no hay tarifa y nunca tendr\u00e1 que pagar por adelantado. Como trabajo en contingencias, solo me pagan despu\u00e9s de que t\u00fa lo hagas.<\/strong><\/p>\n\n\n\n<p>Many asbestos illnesses are life threatening. Don&#8217;t wait to find out if you have damage to your respiratory system. If you have developed an asbestos-related illness, don&#8217;t wait to see if you are entitled to compensation. Your rights can be lost if you wait.<\/p>\n\n\n\n<section class=\"boxtextnew\">\n            <div class=\"row pt-5 5 px-xl-0 px-lg-3\" style=\"padding:30px 10px !Important;background-color:#F8F7F6;margin:0px\">\n                <div class=\"col-md-12\">\n                    <table style=\"width:90%;margin:0px auto\">\n                        <tbody><tr>                            \n                            <td style=\"width:90%;text-align:left\"><p style=\"margin-top:12px\">En AsbestosClaims.Law, hemos ayudado a miles de personas que estuvieron expuestas al asbesto en su trabajo, autom\u00f3vil o en casa.<\/p><h5 style=\"margin-top:12px;text-align:right\">\u00bfPodemos ayudarte?<\/h5><\/td>                            \n                        <\/tr>\n                    <\/tbody><\/table>\n                <\/div>\n            <\/div>\n<\/section>\n\n\n\n\n\n<p><\/p>"},"excerpt":{"rendered":"<p>Meet Justinian For nearly a decade, the Law Offices of Justinian C. Lane, Esq. &#8211; PLLC has asserted the rights of people harmed by asbestos exposure. We have secured millions of dollars of compensation for our clients, and ensured that justice is served. That&#8217;s all we do. The Law Offices of Justinian C. Lane, Esq. [&#8230;]<\/p>\n<p><a class=\"btn btn-secondary understrap-read-more-link\" href=\"https:\/\/www.asbestosclaims.law\/es\/about-us\/sobre-nosotros\/\">Leer m\u00e1s&#8230;<\/a><\/p>","protected":false},"author":1,"featured_media":0,"parent":7274,"menu_order":84,"comment_status":"closed","ping_status":"closed","template":"page-templates\/page-sidebar-template.php","meta":{"_acf_changed":false,"ub_ctt_via":"","footnotes":""},"class_list":["post-3701","page","type-page","status-publish","hentry"],"acf":[],"featured_image_src":null,"_links":{"self":[{"href":"https:\/\/www.asbestosclaims.law\/es\/wp-json\/wp\/v2\/pages\/3701","targetHints":{"allow":["GET"]}}],"collection":[{"href":"https:\/\/www.asbestosclaims.law\/es\/wp-json\/wp\/v2\/pages"}],"about":[{"href":"https:\/\/www.asbestosclaims.law\/es\/wp-json\/wp\/v2\/types\/page"}],"author":[{"embeddable":true,"href":"https:\/\/www.asbestosclaims.law\/es\/wp-json\/wp\/v2\/users\/1"}],"replies":[{"embeddable":true,"href":"https:\/\/www.asbestosclaims.law\/es\/wp-json\/wp\/v2\/comments?post=3701"}],"version-history":[{"count":2,"href":"https:\/\/www.asbestosclaims.law\/es\/wp-json\/wp\/v2\/pages\/3701\/revisions"}],"predecessor-version":[{"id":13075,"href":"https:\/\/www.asbestosclaims.law\/es\/wp-json\/wp\/v2\/pages\/3701\/revisions\/13075"}],"up":[{"embeddable":true,"href":"https:\/\/www.asbestosclaims.law\/es\/wp-json\/wp\/v2\/pages\/7274"}],"wp:attachment":[{"href":"https:\/\/www.asbestosclaims.law\/es\/wp-json\/wp\/v2\/media?parent=3701"}],"curies":[{"name":"wp","href":"https:\/\/api.w.org\/{rel}","templated":true}]}}