{"id":3695,"date":"2021-05-13T00:35:04","date_gmt":"2021-05-13T00:35:04","guid":{"rendered":"https:\/\/www.asbestosclaims.law\/?page_id=3695"},"modified":"2023-03-23T08:04:04","modified_gmt":"2023-03-23T14:04:04","slug":"malignant-injuries","status":"publish","type":"page","link":"https:\/\/www.asbestosclaims.law\/es\/asbesto-sintomas-y-tratamiento\/lesiones-por-asbesto\/lesiones-malignas\/","title":{"rendered":"Lesiones malignas"},"content":{"rendered":"<a id=\"video-body\"><\/a>\n\n\n\n<figure class=\"wp-block-embed is-type-video is-provider-youtube wp-block-embed-youtube video-embed-body wp-embed-aspect-16-9 wp-has-aspect-ratio\"><div class=\"wp-block-embed__wrapper\">\n<iframe title=\"Malignant Mesothelioma and Occupational Exposure to Asbestos\" width=\"640\" height=\"360\" src=\"https:\/\/www.youtube.com\/embed\/oDmtwxB1TYM?feature=oembed\" frameborder=\"0\" allow=\"accelerometer; autoplay; clipboard-write; encrypted-media; gyroscope; picture-in-picture; web-share\" referrerpolicy=\"strict-origin-when-cross-origin\" allowfullscreen><\/iframe>\n<\/div><\/figure>\n\n\n\n<h2 class=\"wp-block-heading\" id=\"h-health-problems-caused-by-asbestos-exposure-can-take-up-to-fifty-years-to-appear\">Los problemas de salud causados por la exposici\u00f3n al asbesto pueden tardar hasta cincuenta a\u00f1os en aparecer.<\/h2>\n\n\n\n<p>Desafortunadamente, algunas de las condiciones de salud que pueden resultar de la exposici\u00f3n al asbesto son agresivas y potencialmente fatales. Estos se conocen generalmente como lesiones malignas.<\/p>\n\n\n\n<p><strong>Si tiene s\u00edntomas de <a href=\"https:\/\/www.asbestosclaims.law\/es\/asbestos-symptoms-and-treatment\/asbestos-injuries\/\">enfermedad relacionada con el asbesto,<\/a> hable con un profesional de la salud.<\/strong><\/p>\n\n\n\n<h3 id=\"h-why-is-asbestos-exposure-so-dangerous-to-a-person-s-health\">\u00bfPor qu\u00e9 la exposici\u00f3n al asbesto es tan peligrosa para la salud de una persona?<\/h3>\n\n\n\n<p>La respuesta corta es:<\/p>\n\n\n\n<ul class=\"check-list wp-block-list\"><li>El asbesto es fibroso y sus fibras son extremadamente peque\u00f1as y duraderas.<\/li><li>Cuando una persona inhala o ingiere fibras de asbesto, nunca abandonan el cuerpo.<\/li><li>Las fibras de asbesto se incrustan en los pulmones y otros tejidos corporales, irrit\u00e1ndolos e inflamando.<\/li><li>Con el tiempo, las cicatrices y los da\u00f1os causados por las fibras de asbesto provocan problemas respiratorios y otras afecciones de salud, incluido el c\u00e1ncer y otras enfermedades mortales.<\/li><li><strong>Incluso una peque\u00f1a exposici\u00f3n puede causar da\u00f1os graves con el tiempo.<\/strong><\/li><\/ul>\n\n\n\n<section class=\"textocom3\">\n            <div style=\"padding:30px 10px !Important;background-color:#000;margin:0px\">\n                <div>\n                    <table style=\"width:100%;margin:0px auto\">\n                        <tbody><tr>\n                            <td class=\"tdancho1\" style=\"vertical-align:top\"><img decoding=\"async\" src=\"https:\/\/www.asbestosclaims.law\/wp-content\/uploads\/2021\/05\/comillaizq.png\" alt=\"Reclamaciones de asbesto\"><\/td>\n                            <td class=\"tdancho2\" style=\"text-align:center\">\n<h3 style=\"margin-top:12px;color:#fff;font-size:22px;line-height:30px;font-family:'Noto Serif'\"><em>\u201cAunque est\u00e1 claro que los riesgos para la salud derivados de la exposici\u00f3n al asbesto aumentan con una exposici\u00f3n m\u00e1s intensa y un tiempo de exposici\u00f3n m\u00e1s prolongado, los investigadores han encontrado enfermedades relacionadas con el asbesto en personas con exposiciones breves.<br><br>Generalmente, quienes desarrollan enfermedades relacionadas con el asbesto no muestran signos de enfermedad durante mucho tiempo despu\u00e9s de la exposici\u00f3n \".<\/em><\/h3><h3 style=\"margin-top:12px;color:#fff;font-size:14px;line-height:30px;font-family:'Noto Serif'\"><em><em>Fuente: Instituto Nacional del C\u00e1ncer (NIH)<sup>2<\/sup><\/em><\/em><\/h3><\/td>\n                            <td class=\"tdancho3\" style=\"vertical-align:bottom\"><img decoding=\"async\" src=\"https:\/\/www.asbestosclaims.law\/wp-content\/uploads\/2021\/05\/comillader.png\" alt=\"Reclamaciones de asbesto\"><\/td>\n                        <\/tr>\n                    <\/tbody><\/table>\n                <\/div>\n            <\/div>\n        <\/section>\n\n\n\n<div class=\"wp-block-columns row no-gutters is-layout-flex wp-container-core-columns-is-layout-9d6595d7 wp-block-columns-is-layout-flex\">\n<div class=\"wp-block-column col-sm-12 col-md-12 col-lg-12 col-xl-7 is-layout-flow wp-block-column-is-layout-flow\" style=\"flex-basis:66.66%\">\n<h3 class=\"wp-block-heading\" id=\"h-what-diseases-and-health-problems-are-caused-by-asbestos-exposure\">\u00bfQu\u00e9 enfermedades y problemas de salud son causados por la exposici\u00f3n al asbesto?<\/h3>\n\n\n\n<h4 class=\"wp-block-heading\" id=\"h-asbestos-related-illnesses-are-often-divided-into-two-categories\">Las enfermedades relacionadas con el asbesto a menudo se dividen en dos categor\u00edas:<\/h4>\n\n\n\n<p><strong><em>Maligno<\/em> condiciones relacionadas con el asbesto.<\/strong><\/p>\n\n\n\n<p>Las enfermedades malignas causadas por el asbesto son muy da\u00f1inas y, a menudo, fatales. Incluyen mesotelioma y otros c\u00e1nceres.<\/p>\n\n\n\n<p><strong><em>No maligno<\/em> condiciones relacionadas con el asbesto.<\/strong><\/p>\n\n\n\n<p>Los problemas de salud no malignos provocados por la exposici\u00f3n al asbesto no son tan agresivos y pueden no ser fatales. Si bien estas afecciones no siempre ponen en peligro la vida, a menudo son dolorosas e incurables.<\/p>\n<\/div>\n\n\n\n<div class=\"wp-block-column col-sm-12 col-md-12 col-lg-12 col-xl-5 text-center is-layout-flow wp-block-column-is-layout-flow\" style=\"flex-basis:33.33%\">\n<figure class=\"wp-block-image size-large\"><img decoding=\"async\" width=\"250\" height=\"444\" src=\"https:\/\/www.asbestosclaims.law\/wp-content\/uploads\/2021\/05\/img09-1-edited.jpg\" alt=\"\" class=\"wp-image-3738\" srcset=\"https:\/\/www.asbestosclaims.law\/wp-content\/uploads\/2021\/05\/img09-1-edited.jpg 250w, https:\/\/www.asbestosclaims.law\/wp-content\/uploads\/2021\/05\/img09-1-edited-7x12.jpg 7w\" sizes=\"(max-width: 250px) 100vw, 250px\" \/><\/figure>\n<\/div>\n<\/div>\n\n\n\n<h4 class=\"wp-block-heading\" id=\"h-malignant-asbestos-related-diseases\">Enfermedades malignas relacionadas con el asbestos<\/h4>\n\n\n\n<p>La investigaci\u00f3n sobre los efectos del asbesto en la salud ha establecido de manera concluyente que la inhalaci\u00f3n de asbesto puede provocar c\u00e1nceres importantes y agresivos y otras enfermedades potencialmente mortales:<\/p>\n\n\n\n<ul class=\"check-list\"><li><strong>Mesotelioma<\/strong> (cancer of the mesothelium, the thin layer of tissue surrounding the body&#8217;s organs)<\/li><li class=\" translation-block\"><a href=\"https:\/\/www.thealphaparent.com\/6-reasons-why-you-should-purchase-an-air-cleaner\/\" target=\"_blank\" rel=\"noreferrer noopener\">C\u00e1ncer de<\/a> pulm\u00f3n<\/li><li><strong>C\u00e1ncer de laringe<\/strong> (c\u00e1ncer de laringe, la parte lar\u00edngea de la garganta)<\/li><li><strong>C\u00e1ncer de ovarios<\/strong> (c\u00e1ncer de ovarios)<\/li><\/ul>\n\n\n\n<section class=\"boxtextnew\">\n            <div class=\"row pt-5 5 px-xl-0 px-lg-3\" style=\"padding:30px 10px !Important;background-color:#F8F7F6;margin:0px\">\n                <div class=\"col-md-12\">\n                    <table style=\"width:90%;margin:0px auto\">\n                        <tbody><tr>                            \n                            <td style=\"width:90%;text-align:left\"><h4 style=\"margin-top:12px\">Si tiene s\u00edntomas de una enfermedad relacionada con el asbesto, hable con un profesional de la salud.<\/h4><\/td>                            \n                        <\/tr>\n                    <\/tbody><\/table>\n                <\/div>\n            <\/div>\n        <\/section>\n\n\n\n<h3 class=\"wp-block-heading\" id=\"h-other-malignant-diseases-that-may-be-linked-to-asbestos-exposure\">Otras enfermedades malignas que pueden estar relacionadas con la exposici\u00f3n al asbesto.<\/h3>\n\n\n\n<div class=\"wp-block-columns boxastestos row no-gutters is-layout-flex wp-container-core-columns-is-layout-9d6595d7 wp-block-columns-is-layout-flex\">\n<div class=\"wp-block-column col-sm-12 col-md-12 col-lg-12 col-xl-5 text-center is-layout-flow wp-block-column-is-layout-flow\" style=\"flex-basis:33.33%\">\n<figure class=\"wp-block-image size-large\"><img decoding=\"async\" width=\"264\" height=\"455\" src=\"https:\/\/www.asbestosclaims.law\/wp-content\/uploads\/2021\/05\/Asbestos-is-highly-durable..jpg\" alt=\"\" class=\"wp-image-4173\" srcset=\"https:\/\/www.asbestosclaims.law\/wp-content\/uploads\/2021\/05\/Asbestos-is-highly-durable..jpg 264w, https:\/\/www.asbestosclaims.law\/wp-content\/uploads\/2021\/05\/Asbestos-is-highly-durable.-7x12.jpg 7w\" sizes=\"(max-width: 264px) 100vw, 264px\" \/><\/figure>\n<\/div>\n\n\n\n<div class=\"wp-block-column col-sm-12 col-md-12 col-lg-12 col-xl-7 is-layout-flow wp-block-column-is-layout-flow\" style=\"flex-basis:66.66%\">\n<h4 class=\"wp-block-heading\" id=\"h-asbestos-is-highly-durable\">El asbesto es muy duradero.<\/h4>\n\n\n\n<p>Es por eso que se us\u00f3 tan ampliamente en <a href=\"https:\/\/www.asbestosclaims.law\/es\/sources-of-asbestos-exposure\/household-exposure\/\">industria, hogares<\/a> y <a href=\"https:\/\/www.asbestosclaims.law\/es\/fuentes-de-exposicion\/productos-de-asbestos\/\">productos.<\/a> Una vez inhaladas o ingeridas, algunas fibras de asbesto nunca abandonan el cuerpo.<\/p>\n\n\n\n<p>Y algunos estudios de salud han demostrado que el asbesto puede causar enfermedades m\u00e1s tarde de lo que se pensaba.<\/p>\n\n\n\n<p>As\u00ed que los investigadores de salud <a href=\"https:\/\/www.asbestosclaims.law\/es\/learning-center\/medical-history-of-asbestos\/\">Continuar estudiando los efectos del asbestos<\/a>.<\/p>\n\n\n\n<p><strong>Desafortunadamente, muchos estudios muestran que las fibras de asbesto pueden extender su da\u00f1o m\u00e1s all\u00e1 de los pulmones y el sistema respiratorio a otras partes del cuerpo.<\/strong><\/p>\n\n\n\n<p>Esto puede conducir a otros c\u00e1nceres agresivos, que incluyen:<\/p>\n\n\n\n<ul class=\"check-list wp-block-list\"><li>C\u00e1ncer de est\u00f3mago<\/li><li>C\u00e1ncer de faringe (c\u00e1ncer de faringe, la parte de la garganta detr\u00e1s de la nariz y la boca)<\/li><li>C\u00e1ncer de col\u00f3n<\/li><\/ul>\n<\/div>\n<\/div>\n\n\n\n<p><strong>La exposici\u00f3n al asbesto tambi\u00e9n puede estar relacionada con el c\u00e1ncer de ri\u00f1\u00f3n, ves\u00edcula biliar, es\u00f3fago y conductos biliares.<\/strong> Los investigadores de la salud todav\u00eda est\u00e1n estudiando estas conexiones.<\/p>\n\n\n\n<p><strong>Incluso los c\u00e1nceres causados por otros factores pueden agravarse e intensificarse por el da\u00f1o del asbesto en el cuerpo.<\/strong><\/p>\n\n\n\n<p>Nuestra firma monitorea constantemente las investigaciones de salud m\u00e1s actualizadas sobre el asbesto. Lo usamos para actualizar nuestra base de datos para desarrollar y fortalecer nuestros reclamos de asbesto para nuestros clientes.<\/p>\n\n\n\n<p><strong>Y aunque muchos de nuestros clientes sufr\u00edan de c\u00e1nceres respiratorios, tambi\u00e9n los hemos ayudado a recuperar una compensaci\u00f3n de la industria del asbesto por c\u00e1ncer en otras \u00e1reas del cuerpo.<\/strong><\/p>\n\n\n\n<section class=\"boxtextnew\">\n            <div class=\"row pt-5 5 px-xl-0 px-lg-3\" style=\"padding:30px 10px !Important;background-color:#F8F7F6;margin:0px\">\n                <div class=\"col-md-12\">\n                    <table style=\"width:90%;margin:0px auto\">\n                        <tbody><tr>                            \n                            <td style=\"width:90%;text-align:left\"><h4 style=\"margin-top:12px\">Si tiene s\u00edntomas de una enfermedad relacionada con el asbesto, hable con un profesional de la salud.<\/h4><p><\/p><\/td>                            \n                        <\/tr>\n                    <\/tbody><\/table>\n                <\/div>\n            <\/div>\n        <\/section>\n\n\n\n<div class=\"wp-block-columns row no-gutters is-layout-flex wp-container-core-columns-is-layout-9d6595d7 wp-block-columns-is-layout-flex\">\n<div class=\"wp-block-column col-sm-12 col-md-12 col-lg-12 col-xl-7 is-layout-flow wp-block-column-is-layout-flow\" style=\"flex-basis:66.66%\">\n<h2 class=\"wp-block-heading\" id=\"h-the-law-offices-ofjustinian-c-lane-esq\"><span style=\"font-size:18px\">The Law Offices of<\/span><br>Justinian C. Lane, Esq.<\/h2>\n\n\n\n<p>Millones de trabajadores y sus familias estuvieron expuestos al asbesto porque la industria del asbesto ocultaba los peligros de su producto.<\/p>\n\n\n\n<p>Los tribunales ordenaron que se depositaran miles de millones de d\u00f3lares de seguros en fideicomisos para compensar a las personas con enfermedades relacionadas con el asbesto.<\/p>\n\n\n\n<p>Pero muchas personas con enfermedades relacionadas con el asbesto que estuvieron expuestas al asbesto no saben que califican para una compensaci\u00f3n.<\/p>\n\n\n\n<p>La mayor\u00eda puede recibir dinero sin presentar una demanda.<\/p>\n<\/div>\n\n\n\n<div class=\"wp-block-column col-sm-12 col-md-12 col-lg-12 col-xl-5 text-center is-layout-flow wp-block-column-is-layout-flow\" style=\"flex-basis:33.33%\">\n<figure class=\"wp-block-image size-large\"><img decoding=\"async\" width=\"264\" height=\"455\" src=\"https:\/\/www.asbestosclaims.law\/wp-content\/uploads\/2021\/05\/Justinian-C.-Lane-Esq..jpg\" alt=\"\" class=\"wp-image-4174\" srcset=\"https:\/\/www.asbestosclaims.law\/wp-content\/uploads\/2021\/05\/Justinian-C.-Lane-Esq..jpg 264w, https:\/\/www.asbestosclaims.law\/wp-content\/uploads\/2021\/05\/Justinian-C.-Lane-Esq.-7x12.jpg 7w\" sizes=\"(max-width: 264px) 100vw, 264px\" \/><\/figure>\n<\/div>\n<\/div>\n\n\n\n<h3 class=\"wp-block-heading\" id=\"h-justinian-means-justice\">Justinian significa Justicia<\/h3>\n\n\n\n<h4 class=\"wp-block-heading\" id=\"h-we-have-helped-thousands-of-people-receive-compensation-for-health-issues-that-they-developed-from-asbestos-exposure\">Hemos ayudado a miles de personas a recibir compensaci\u00f3n por problemas de salud que desarrollaron por la exposici\u00f3n al asbesto.<\/h4>\n\n\n\n<p>Si tiene s\u00edntomas de una enfermedad relacionada con el asbesto, hable con un profesional de la salud.<\/p>\n\n\n\n<p>Nuestra base de datos de archivo tiene pr\u00e1cticamente toda la informaci\u00f3n disponible sobre el uso del asbesto y sus efectos sobre la salud. Si cree que pudo haber trabajado con asbesto, podemos verificar su lugar de trabajo o los productos con los que trabaj\u00f3 en nuestra base de datos.<\/p>\n\n\n\n<h4 class=\"wp-block-heading\" id=\"h-asbestos-never-leaves-the-body\">El asbesto nunca sale del cuerpo.<\/h4>\n\n\n\n<p>El asbesto puede causar estos problemas de salud incluso si su exposici\u00f3n al asbesto tuvo lugar hace cuarenta o cincuenta a\u00f1os. Los s\u00edntomas pueden tardar d\u00e9cadas en aparecer.<\/p>\n\n\n\n<div class=\"wp-block-columns row no-gutters is-layout-flex wp-container-core-columns-is-layout-9d6595d7 wp-block-columns-is-layout-flex\">\n<div class=\"wp-block-column col-sm-12 col-md-12 col-lg-12 col-xl-5 text-center is-layout-flow wp-block-column-is-layout-flow\" style=\"flex-basis:33.33%\">\n<figure class=\"wp-block-image size-large\"><img decoding=\"async\" width=\"333\" height=\"444\" src=\"https:\/\/www.asbestosclaims.law\/wp-content\/uploads\/2021\/05\/img10-edited.jpg\" alt=\"\" class=\"wp-image-3582\" srcset=\"https:\/\/www.asbestosclaims.law\/wp-content\/uploads\/2021\/05\/img10-edited.jpg 333w, https:\/\/www.asbestosclaims.law\/wp-content\/uploads\/2021\/05\/img10-edited-9x12.jpg 9w\" sizes=\"(max-width: 333px) 100vw, 333px\" \/><\/figure>\n<\/div>\n\n\n\n<div class=\"wp-block-column col-sm-12 col-md-12 col-lg-12 col-xl-7 is-layout-flow wp-block-column-is-layout-flow\" style=\"flex-basis:66.66%\">\n<h5 class=\"wp-block-heading\" id=\"h-applying-for-asbestos-trust-fund-compensation-is-not-getting-into-a-fight\">Solicitar una compensaci\u00f3n al fondo fiduciario de asbesto no es meterse en una pelea.<\/h5>\n\n\n\n<p><strong>Este dinero se reserv\u00f3 en una cuenta fiduciaria para los heridos.<\/strong><\/p>\n\n\n\n<p>Solicitar un pago de estos fideicomisos no afecta a ninguna empresa ni sale del bolsillo de nadie. Este es dinero del seguro espec\u00edficamente para ayudar a las personas lesionadas por el asbesto.<\/p>\n\n\n\n<p><strong>El tribunal orden\u00f3 los fondos porque la industria del asbesto ya no pudo ocultar su secreto: el asbesto es muy peligroso para respirar.<\/strong><\/p>\n<\/div>\n<\/div>\n\n\n\n<h2 class=\"wp-block-heading\" id=\"h-justinian-c-lane-esq\">Justinian C. Lane, Esq.<\/h2>\n\n\n\n<p>Mi abuelo, mi abuela y mi padre estuvieron expuestos al asbesto en su trabajo y los tres murieron de c\u00e1nceres relacionados con las v\u00edas respiratorias.<\/p>\n\n\n\n<p><strong>Me enter\u00e9 demasiado tarde de los efectos del asbesto en la salud como para ayudarlos.<\/strong><\/p>\n\n\n\n<p><strong>Pero mi empresa ha ayudado a muchas otras personas a recibir una compensaci\u00f3n por los problemas de salud que desarrollaron por la exposici\u00f3n al asbesto.<\/strong><\/p>\n\n\n\n<p>Ll\u00e1menos, env\u00edenos un mensaje de texto o env\u00edenos un correo electr\u00f3nico para una consulta completamente gratuita y sin compromiso. Escuchar\u00e9 los detalles de tu historia y explicar\u00e9 tus opciones. Trabajamos en caso de contingencia, lo que significa que solo nos pagan si usted lo hace.<\/p>\n\n\n\n<p>Every case is different, but the Law Offices of Justinian C. Lane, Esq. &#8211; PLLC has <a href=\"https:\/\/www.asbestosclaims.law\/es\/about-us\/\">obtenido grandes asentamientos<\/a> for thousands of people harmed by asbestos. This compensation has helped ease our clients&#8217; financial burdens, and offers a legacy to leave for their loved ones.<\/p>\n\n\n\n<section class=\"boxtextnew\">\n            <div class=\"row pt-5 5 px-xl-0 px-lg-3\" style=\"padding:30px 10px !Important;background-color:#F8F7F6;margin:0px\">\n                <div class=\"col-md-12\">\n                    <table style=\"width:90%;margin:0px auto\">\n                        <tbody><tr>                            \n                            <td style=\"width:90%;text-align:left\"><p style=\"margin-top:12px\">En AsbestosClaims.Law, hemos ayudado a miles de personas que estuvieron expuestas al asbesto en su trabajo, autom\u00f3vil o en casa.<\/p><h5 style=\"margin-top:12px;text-align:right\">\u00bfPodemos ayudarte?<\/h5><\/td>                            \n                        <\/tr>\n                    <\/tbody><\/table>\n                <\/div>\n            <\/div>\n<\/section>\n\n\n\n<p style=\"font-size: 0.7rem\">1 <a href=\"https:\/\/www.ncbi.nlm.nih.gov\/pmc\/articles\/PMC3143206\/\" target=\"_blank\" rel=\"noopener noreferrer\">Mesotelioma maligno: hechos, mitos e hip\u00f3tesis<\/a>, Michele Carbone, Bevan H. Ly, Ronald F. Dodson, Ian Pagano, Paul T. Morris, Umran A. Dogan, Adi F. Gazdar, Harvey I. Pass, and Haining Yang, Journal of Cellular Physiology (2012).<br>2 Instituto Nacional del C\u00e1ncer (NIH), <a href=\"https:\/\/www.cancer.gov\/about-cancer\/causes-prevention\/risk\/substances\/asbestos\/asbestos-fact-sheet\" target=\"_blank\" rel=\"noopener noreferrer\">Hoja informativa sobre asbesto.<\/a><\/p>"},"excerpt":{"rendered":"<p>Health Problems Caused By Asbestos Exposure Can Take Up to Fifty Years to Appear. Unfortunately, some of the health conditions that can result from asbestos exposure are aggressive and potentially fatal. These are generally known as malignant injuries. If you have symptoms of an asbestos-related illness, speak to a healthcare professional. Why is asbestos exposure [&#8230;]<\/p>\n<p><a class=\"btn btn-secondary understrap-read-more-link\" href=\"https:\/\/www.asbestosclaims.law\/es\/asbesto-sintomas-y-tratamiento\/lesiones-por-asbesto\/lesiones-malignas\/\">Leer m\u00e1s&#8230;<\/a><\/p>","protected":false},"author":1,"featured_media":0,"parent":3557,"menu_order":74,"comment_status":"closed","ping_status":"closed","template":"page-templates\/page-sidebar-template.php","meta":{"_acf_changed":false,"ub_ctt_via":"","footnotes":""},"class_list":["post-3695","page","type-page","status-publish","hentry"],"acf":[],"featured_image_src":null,"_links":{"self":[{"href":"https:\/\/www.asbestosclaims.law\/es\/wp-json\/wp\/v2\/pages\/3695","targetHints":{"allow":["GET"]}}],"collection":[{"href":"https:\/\/www.asbestosclaims.law\/es\/wp-json\/wp\/v2\/pages"}],"about":[{"href":"https:\/\/www.asbestosclaims.law\/es\/wp-json\/wp\/v2\/types\/page"}],"author":[{"embeddable":true,"href":"https:\/\/www.asbestosclaims.law\/es\/wp-json\/wp\/v2\/users\/1"}],"replies":[{"embeddable":true,"href":"https:\/\/www.asbestosclaims.law\/es\/wp-json\/wp\/v2\/comments?post=3695"}],"version-history":[{"count":1,"href":"https:\/\/www.asbestosclaims.law\/es\/wp-json\/wp\/v2\/pages\/3695\/revisions"}],"predecessor-version":[{"id":13072,"href":"https:\/\/www.asbestosclaims.law\/es\/wp-json\/wp\/v2\/pages\/3695\/revisions\/13072"}],"up":[{"embeddable":true,"href":"https:\/\/www.asbestosclaims.law\/es\/wp-json\/wp\/v2\/pages\/3557"}],"wp:attachment":[{"href":"https:\/\/www.asbestosclaims.law\/es\/wp-json\/wp\/v2\/media?parent=3695"}],"curies":[{"name":"wp","href":"https:\/\/api.w.org\/{rel}","templated":true}]}}