{"id":3615,"date":"2021-05-12T15:01:10","date_gmt":"2021-05-12T15:01:10","guid":{"rendered":"https:\/\/www.asbestosclaims.law\/?page_id=3615"},"modified":"2024-08-13T17:39:15","modified_gmt":"2024-08-13T23:39:15","slug":"asbestos-learning-center","status":"publish","type":"page","link":"https:\/\/www.asbestosclaims.law\/es\/centro-de-aprendizaje\/","title":{"rendered":"Centro de aprendizaje de asbesto"},"content":{"rendered":"<a id=\"video-body\"><\/a>\n\n\n\n<h1 class=\"wp-block-heading\" id=\"h-asbestos-learning-center\">Centro de aprendizaje de asbesto<\/h1>\n\n\n\n<figure class=\"wp-block-embed is-type-video is-provider-youtube wp-block-embed-youtube wp-embed-aspect-16-9 wp-has-aspect-ratio\"><div class=\"wp-block-embed__wrapper\">\n<iframe title=\"Facts About Asbestos: eLearning at AsbestosClaims.law\" width=\"640\" height=\"360\" src=\"https:\/\/www.youtube.com\/embed\/K2c8peHFl0Y?feature=oembed\" frameborder=\"0\" allow=\"accelerometer; autoplay; clipboard-write; encrypted-media; gyroscope; picture-in-picture; web-share\" referrerpolicy=\"strict-origin-when-cross-origin\" allowfullscreen><\/iframe>\n<\/div><\/figure>\n\n\n\n<h2 class=\"wp-block-heading\" id=\"h-asbestos-is-a-mineral-that-is-extremely-useful-but-also-hazardous\">El asbesto es un mineral extremadamente \u00fatil, pero tambi\u00e9n peligroso.<\/h2>\n\n\n\n<p>El t\u00e9rmino asbesto se refiere a un grupo de minerales de silicato relacionados.<\/p>\n\n\n\n<p>Hay varios tipos de asbestos. Las diferentes formas minerales de amianto tienen diferentes colores, apariencias y fibras.<\/p>\n\n\n\n<p>Algunos tipos de asbesto son m\u00e1s peligrosos que otros, pero todos son peligrosos.<sup>2<\/sup><\/p>\n\n\n\n<section class=\"textocom3\">\n            <div style=\"padding:30px 10px !Important;background-color:#000;margin:0px\">\n                <div>\n                    <table style=\"width:100%;margin:0px auto\">\n                        <tbody><tr>\n                            <td class=\"tdancho1\" style=\"vertical-align:top\"><img decoding=\"async\" src=\"https:\/\/www.asbestosclaims.law\/wp-content\/uploads\/2021\/05\/comillaizq.png\" alt=\"Reclamaciones de asbesto\"><\/td>\n                            <td class=\"tdancho2\" style=\"text-align:center\">\n<h3 style=\"margin-top:12px;color:#fff;font-size:22px;line-height:30px;font-family:'Noto Serif'\"><em>El Departamento de Salud y Servicios Humanos (DHHS) ha determinado que se sabe que el asbesto es un carcin\u00f3geno humano.<\/em><\/h3><\/td>\n                            <td class=\"tdancho3\" style=\"vertical-align:bottom\"><img decoding=\"async\" src=\"https:\/\/www.asbestosclaims.law\/wp-content\/uploads\/2021\/05\/comillader.png\" alt=\"Reclamaciones de asbesto\"><\/td>\n                        <\/tr>\n                    <\/tbody><\/table>\n                <\/div>\n            <\/div>\n        <\/section>\n\n\n\n<section class=\"textocom3\">\n            <div style=\"padding:30px 10px !Important;background-color:#000;margin:0px\">\n                <div>\n                    <table style=\"width:100%;margin:0px auto\">\n                        <tbody><tr>\n                            <td class=\"tdancho1\" style=\"vertical-align:top\"><img decoding=\"async\" src=\"https:\/\/www.asbestosclaims.law\/wp-content\/uploads\/2021\/05\/comillaizq.png\" alt=\"Reclamaciones de asbesto\"><\/td>\n                            <td class=\"tdancho2\" style=\"text-align:center\">\n<h3 style=\"margin-top:12px;color:#fff;font-size:22px;line-height:30px;font-family:'Noto Serif'\"><em>La EPA ha determinado que el asbesto es un carcin\u00f3geno humano.<sup>3<\/sup><\/em><\/h3><\/td>\n                            <td class=\"tdancho3\" style=\"vertical-align:bottom\"><img decoding=\"async\" src=\"https:\/\/www.asbestosclaims.law\/wp-content\/uploads\/2021\/05\/comillader.png\" alt=\"Reclamaciones de asbesto\"><\/td>\n                        <\/tr>\n                    <\/tbody><\/table>\n                <\/div>\n            <\/div>\n        <\/section>\n\n\n\n<section class=\"textocom3\">\n            <div style=\"padding:30px 10px !Important;background-color:#000;margin:0px\">\n                <div>\n                    <table style=\"width:100%;margin:0px auto\">\n                        <tbody><tr>\n                            <td class=\"tdancho1\" style=\"vertical-align:top\"><img decoding=\"async\" src=\"https:\/\/www.asbestosclaims.law\/wp-content\/uploads\/2021\/05\/comillaizq.png\" alt=\"Reclamaciones de asbesto\"><\/td>\n                            <td class=\"tdancho2\" style=\"text-align:center\">\n<h3 style=\"margin-top:12px;color:#fff;font-size:22px;line-height:30px;font-family:'Noto Serif'\"><em>La Agencia Internacional para la Investigaci\u00f3n del C\u00e1ncer (IARC) ha determinado que el asbesto es cancer\u00edgeno para los seres humanos.<\/em><sup>4<\/sup><\/h3><\/td>\n                            <td class=\"tdancho3\" style=\"vertical-align:bottom\"><img decoding=\"async\" src=\"https:\/\/www.asbestosclaims.law\/wp-content\/uploads\/2021\/05\/comillader.png\" alt=\"Reclamaciones de asbesto\"><\/td>\n                        <\/tr>\n                    <\/tbody><\/table>\n                <\/div>\n            <\/div>\n        <\/section>\n\n\n\n<p>Incluso las personas que acaban de compartir un hogar con trabajadores expuestos al asbesto tambi\u00e9n pueden estar en riesgo de exposici\u00f3n y <a href=\"https:\/\/www.asbestosclaims.law\/es\/asbestos-symptoms-and-treatment\/asbestos-injuries\/\">enfermedades relacionadas con el asbesto.<\/a><sup>5<\/sup><\/p>\n\n\n\n<div class=\"wp-block-columns row no-gutters is-layout-flex wp-container-core-columns-is-layout-9d6595d7 wp-block-columns-is-layout-flex\">\n<div class=\"wp-block-column col-sm-12 col-md-12 col-lg-12 col-xl-7 is-layout-flow wp-block-column-is-layout-flow\" style=\"flex-basis:66.66%\">\n<h3 class=\"wp-block-heading\" id=\"h-asbestos-is-a-highly-durable-fibrous-mineral-that-resists\">El asbesto es un mineral fibroso muy duradero que resiste:<\/h3>\n\n\n\n<div class=\"wp-block-columns is-layout-flex wp-container-core-columns-is-layout-9d6595d7 wp-block-columns-is-layout-flex\">\n<div class=\"wp-block-column is-layout-flow wp-block-column-is-layout-flow\">\n<ul class=\"check-list wp-block-list\">\n<li>Calor \/ Fuego<\/li>\n\n\n\n<li>Fricci\u00f3n<\/li>\n\n\n\n<li>Presi\u00f3n<\/li>\n\n\n\n<li>Electricidad<\/li>\n<\/ul>\n<\/div>\n\n\n\n<div class=\"wp-block-column is-layout-flow wp-block-column-is-layout-flow\">\n<ul class=\"check-list wp-block-list\">\n<li>\u00c1cidos<\/li>\n\n\n\n<li>\u00c1lcalis<\/li>\n\n\n\n<li>Agua (no se disuelve)<\/li>\n\n\n\n<li>Sonar<\/li>\n<\/ul>\n<\/div>\n<\/div>\n<\/div>\n\n\n\n<div class=\"wp-block-column col-sm-12 col-md-12 col-lg-12 col-xl-5 text-center is-layout-flow wp-block-column-is-layout-flow\" style=\"flex-basis:33.33%\">\n<figure class=\"wp-block-image size-large\"><img decoding=\"async\" width=\"277\" height=\"300\" src=\"https:\/\/www.asbestosclaims.law\/wp-content\/uploads\/2021\/07\/Asbestos-is-a-highly-durable-fibrous-mineral-that-resists.jpg\" alt=\"\" class=\"wp-image-5499\" srcset=\"https:\/\/www.asbestosclaims.law\/wp-content\/uploads\/2021\/07\/Asbestos-is-a-highly-durable-fibrous-mineral-that-resists.jpg 277w, https:\/\/www.asbestosclaims.law\/wp-content\/uploads\/2021\/07\/Asbestos-is-a-highly-durable-fibrous-mineral-that-resists-11x12.jpg 11w\" sizes=\"(max-width: 277px) 100vw, 277px\" \/><\/figure>\n<\/div>\n<\/div>\n\n\n\n<h3 class=\"wp-block-heading\" id=\"h-asbestos-is-a-highly-versatile-building-material\">El asbesto es un material de construcci\u00f3n muy vers\u00e1til.<\/h3>\n\n\n\n<ul class=\"check-list wp-block-list\">\n<li>Las fibras de asbesto pueden moldearse e incluso tejerse en telas.<\/li>\n\n\n\n<li>Se puede rociar asbesto sobre las superficies para hacerlas ign\u00edfugas.<\/li>\n\n\n\n<li>El asbesto se puede mezclar con otros materiales de construcci\u00f3n para hacerlos m\u00e1s fuertes y resistentes al calor.<\/li>\n<\/ul>\n\n\n\n<h5 class=\"wp-block-heading\" id=\"h-that-is-why-for-decades-asbestos-was-one-of-the-most-widely-used-building-materials-in-the-world\">Por eso, durante d\u00e9cadas, el asbesto fue uno de los materiales de construcci\u00f3n m\u00e1s utilizados en el mundo.<\/h5>\n\n\n\n<h3 class=\"wp-block-heading\" id=\"h-asbestos-was-used-throughout-industry-and-home-in\">El asbesto se utiliz\u00f3 en toda la industria y en el hogar en:<\/h3>\n\n\n\n<div class=\"wp-block-columns is-layout-flex wp-container-core-columns-is-layout-9d6595d7 wp-block-columns-is-layout-flex\">\n<div class=\"wp-block-column is-layout-flow wp-block-column-is-layout-flow\">\n<ul class=\"check-list wp-block-list\">\n<li>Edificios<\/li>\n\n\n\n<li>Estructuras<\/li>\n<\/ul>\n<\/div>\n\n\n\n<div class=\"wp-block-column is-layout-flow wp-block-column-is-layout-flow\">\n<ul class=\"check-list wp-block-list\">\n<li>Buques<\/li>\n\n\n\n<li>Maquinaria<\/li>\n<\/ul>\n<\/div>\n\n\n\n<div class=\"wp-block-column is-layout-flow wp-block-column-is-layout-flow\">\n<ul class=\"check-list wp-block-list\">\n<li>Veh\u00edculos<\/li>\n\n\n\n<li>Productos industriales y dom\u00e9sticos<\/li>\n<\/ul>\n<\/div>\n<\/div>\n\n\n\n<p>La Agencia de Protecci\u00f3n Ambiental ha declarado que las personas a\u00fan pueden estar expuestas al asbesto en edificios como lugares de trabajo e incluso hogares, porque a\u00fan se desconoce la cantidad de asbesto restante.<sup>6<\/sup><\/p>\n\n\n\n<h3 class=\"wp-block-heading\" id=\"h-but-asbestos-exposure-can-lead-to-major-health-damage-including-fatal-diseases\">Pero la exposici\u00f3n al asbesto puede provocar importantes da\u00f1os a la salud, incluidas enfermedades mortales.<\/h3>\n\n\n\n<div class=\"wp-block-columns row no-gutters is-layout-flex wp-container-core-columns-is-layout-9d6595d7 wp-block-columns-is-layout-flex\">\n<div class=\"wp-block-column col-sm-12 col-md-12 col-lg-12 col-xl-7 is-layout-flow wp-block-column-is-layout-flow\" style=\"flex-basis:66.66%\">\n<h4 class=\"wp-block-heading\" id=\"h-asbestos-fibers-are-microscopic-and-easily-inhaled\">Las fibras de asbesto son microsc\u00f3picas y se inhalan f\u00e1cilmente.<\/h4>\n\n\n\n<h4 class=\"wp-block-heading\" id=\"h-the-tiny-asbestos-fibers-get-stuck-in-the-lungs\">Las diminutas fibras de asbesto se atascan en los pulmones.<\/h4>\n\n\n\n<h4 class=\"wp-block-heading\" id=\"h-even-people-who-just-shared-a-household-with-workers-exposed-to-asbestos-may-also-be-at-risk-of-exposure-and-asbestos-related-illnesses\">Incluso las personas que acaban de compartir un hogar con trabajadores expuestos al asbesto tambi\u00e9n pueden estar en riesgo de exposici\u00f3n y enfermedades relacionadas con el asbesto.<\/h4>\n\n\n\n<p>Researchers have confirmed &#8220;a consistent elevated risk of mesothelioma&#8221; in people who regularly washed the clothing of asbestos workers.<sup>7<\/sup><\/p>\n<\/div>\n\n\n\n<div class=\"wp-block-column col-sm-12 col-md-12 col-lg-12 col-xl-5 text-center is-layout-flow wp-block-column-is-layout-flow\" style=\"flex-basis:33.33%\">\n<figure class=\"wp-block-image size-large\"><img decoding=\"async\" width=\"283\" height=\"378\" src=\"https:\/\/www.asbestosclaims.law\/wp-content\/uploads\/2021\/05\/img02-2-edited.jpg\" alt=\"\" class=\"wp-image-3804\" srcset=\"https:\/\/www.asbestosclaims.law\/wp-content\/uploads\/2021\/05\/img02-2-edited.jpg 283w, https:\/\/www.asbestosclaims.law\/wp-content\/uploads\/2021\/05\/img02-2-edited-9x12.jpg 9w\" sizes=\"(max-width: 283px) 100vw, 283px\" \/><\/figure>\n<\/div>\n<\/div>\n\n\n\n<h2 class=\"wp-block-heading\" id=\"h-if-you-were-ever-exposed-to-asbestos-you-may-want-to-learn-more-about\">Si alguna vez estuvo expuesto al asbesto, es posible que desee obtener m\u00e1s informaci\u00f3n sobre:<\/h2>\n\n\n\n<div class=\"wp-block-columns row no-gutters is-layout-flex wp-container-core-columns-is-layout-9d6595d7 wp-block-columns-is-layout-flex\">\n<div class=\"wp-block-column col-sm-12 col-md-12 col-lg-12 col-xl-5 text-center is-layout-flow wp-block-column-is-layout-flow\" style=\"flex-basis:33.33%\">\n<figure class=\"wp-block-image size-large\"><img decoding=\"async\" width=\"250\" height=\"470\" src=\"https:\/\/www.asbestosclaims.law\/wp-content\/uploads\/2021\/07\/If-you-were-ever-exposed-to-asbestos-you-may-want-to-learn-more-about.jpg\" alt=\"\" class=\"wp-image-5500\" srcset=\"https:\/\/www.asbestosclaims.law\/wp-content\/uploads\/2021\/07\/If-you-were-ever-exposed-to-asbestos-you-may-want-to-learn-more-about.jpg 250w, https:\/\/www.asbestosclaims.law\/wp-content\/uploads\/2021\/07\/If-you-were-ever-exposed-to-asbestos-you-may-want-to-learn-more-about-6x12.jpg 6w\" sizes=\"(max-width: 250px) 100vw, 250px\" \/><\/figure>\n<\/div>\n\n\n\n<div class=\"wp-block-column col-sm-12 col-md-12 col-lg-12 col-xl-7 is-layout-flow wp-block-column-is-layout-flow\" style=\"flex-basis:66.66%\">\n<h3 class=\"wp-block-heading\" id=\"h-types-of-asbestos\"><a href=\"https:\/\/www.asbestosclaims.law\/es\/centro-de-aprendizaje\/tipos-de-asbestos\/\">Tipos de asbestos<\/a><\/h3>\n\n\n\n<h3 class=\"wp-block-heading\" id=\"h-the-medical-history-of-asbestos\"><a href=\"https:\/\/www.asbestosclaims.law\/es\/centro-de-aprendizaje\/historial-medico-de-asbestos\/\">La historia m\u00e9dica del asbesto<\/a><\/h3>\n\n\n\n<h3 class=\"wp-block-heading\" id=\"h-the-legal-history-of-asbestos\"><a href=\"https:\/\/www.asbestosclaims.law\/es\/centro-de-aprendizaje\/historial-legal-de-asbesto\/\">La historia legal del asbesto<\/a><\/h3>\n\n\n\n<section class=\"boxtextnew\">\n            <div class=\"row pt-5 5 px-xl-0 px-lg-3\" style=\"padding:30px 10px !Important;background-color:#F8F7F6;margin:0px\">\n                <div class=\"col-md-12\">\n                    <table style=\"width:90%;margin:0px auto\">\n                        <tbody><tr>                            \n                            <td style=\"width:90%;text-align:left\"><h4 style=\"margin-top:12px\">Si trabaj\u00f3 con asbesto en el pasado, comparti\u00f3 una casa o un veh\u00edculo con un trabajador de asbesto o tiene s\u00edntomas de una enfermedad relacionada con el asbesto, hable con un profesional de la salud.<\/h4><\/td>                            \n                        <\/tr>\n                    <\/tbody><\/table>\n                <\/div>\n            <\/div>\n        <\/section>\n<\/div>\n<\/div>\n\n\n\n<h2 id=\"h-the-law-offices-of-justinian-c-lane-esq-pllc\">Oficinas Legales de Justiniano C. Lane, Esq. - PLLC<\/h2>\n\n\n\n<p>Millones de trabajadores y sus familias estuvieron expuestos al asbesto porque la industria del asbesto ocultaba los peligros de su producto.<\/p>\n\n\n\n<p>Los tribunales ordenaron que se depositaran miles de millones de d\u00f3lares de seguros en fideicomisos para compensar a las personas con enfermedades relacionadas con el asbesto.<\/p>\n\n\n\n<p><strong>Pero muchas personas con enfermedades relacionadas con el asbesto que estuvieron expuestas al asbesto no saben que califican para una compensaci\u00f3n.<\/strong><\/p>\n\n\n\n<p>La mayor\u00eda puede recibir dinero sin presentar una demanda.<\/p>\n\n\n\n<h3 class=\"wp-block-heading\" id=\"h-justinian-means-justice\">Justinian significa justicia<\/h3>\n\n\n\n<h4 class=\"wp-block-heading\" id=\"h-we-have-helped-thousands-of-people-receive-compensation-for-health-issues-that-they-developed-from-asbestos-exposure\">Hemos ayudado a miles de personas a recibir compensaci\u00f3n por problemas de salud que desarrollaron por la exposici\u00f3n al asbesto.<\/h4>\n\n\n\n<section class=\"boxtextnew\">\n            <div class=\"row pt-5 5 px-xl-0 px-lg-3\" style=\"padding:30px 10px !Important;background-color:#F8F7F6;margin:0px\">\n                <div>\n                    <table style=\"width:90%;margin:0px auto\">\n                        <tbody><tr>                            \n                            <td style=\"width:90%;text-align:left\"><h4 style=\"margin-top:12px\">Si tiene s\u00edntomas de una enfermedad relacionada con el asbesto, hable con un profesional de la salud.<\/h4><\/td>                            \n                        <\/tr>\n                    <\/tbody><\/table>\n                <\/div>\n            <\/div>\n        <\/section>\n\n\n\n<section class=\"textocom3\">\n            <div style=\"padding:30px 10px !Important;background-color:#000;margin:0px\">\n                <div>\n                    <table style=\"width:100%;margin:0px auto\">\n                        <tbody><tr>\n                            <td class=\"tdancho1\" style=\"vertical-align:top\"><img decoding=\"async\" src=\"https:\/\/www.asbestosclaims.law\/wp-content\/uploads\/2021\/05\/comillaizq.png\" alt=\"Reclamaciones de asbesto\"><\/td>\n                            <td class=\"tdancho2\" style=\"text-align:center\">\n<h3 style=\"margin-top:12px;color:#fff;font-size:22px;line-height:30px;font-family:'Noto Serif'\"><em>La Agencia de Protecci\u00f3n Ambiental de EE. UU. (EPA) declar\u00f3 que las personas a\u00fan pueden estar expuestas al asbesto en edificios como lugares de trabajo e incluso hogares, porque a\u00fan se desconoce la cantidad de asbesto restante.<\/em><sup>8<\/sup><\/h3><\/td>\n                            <td class=\"tdancho3\" style=\"vertical-align:bottom\"><img decoding=\"async\" src=\"https:\/\/www.asbestosclaims.law\/wp-content\/uploads\/2021\/05\/comillader.png\" alt=\"Reclamaciones de asbesto\"><\/td>\n                        <\/tr>\n                    <\/tbody><\/table>\n                <\/div>\n            <\/div>\n        <\/section>\n\n\n\n<p>Nuestra firma monitorea constantemente las investigaciones de salud m\u00e1s actualizadas sobre el asbesto. Lo usamos para actualizar nuestra base de datos para desarrollar y fortalecer nuestros reclamos de asbesto para nuestros clientes.<\/p>\n\n\n\n<h5 class=\"wp-block-heading\" id=\"h-if-you-think-you-may-have-worked-with-asbestos-we-can-check-your-worksite-or-the-products-you-worked-with-on-our-database\">Si cree que pudo haber trabajado con asbesto, podemos verificar su lugar de trabajo o los productos con los que trabaj\u00f3 en nuestra base de datos.<\/h5>\n\n\n\n<p><a href=\"https:\/\/www.asbestosclaims.law\/es\/about-us\/contacta-con-nosotros\/\">Cont\u00e1ctenos para obtener m\u00e1s informaci\u00f3n.<\/a><\/p>\n\n\n\n<h4 class=\"wp-block-heading\" id=\"h-asbestos-never-leaves-the-body\">El asbesto nunca sale del cuerpo.<\/h4>\n\n\n\n<p>El asbesto puede causar estos problemas de salud incluso si su exposici\u00f3n al asbesto tuvo lugar hace cuarenta o cincuenta a\u00f1os. Los s\u00edntomas pueden tardar d\u00e9cadas en aparecer.<\/p>\n\n\n\n<h3 class=\"wp-block-heading\" id=\"h-applying-for-asbestos-trust-fund-compensation-is-not-getting-into-a-fight\">Solicitar una compensaci\u00f3n al fondo fiduciario de asbesto no es meterse en una pelea.<\/h3>\n\n\n\n<p><strong>Este dinero se reserv\u00f3 en una cuenta fiduciaria para los heridos.<\/strong><\/p>\n\n\n\n<p>Applying for a payment from these trusts is not affecting any company or coming out of anyone&#8217;s pocket. This is insurance money which was specifically set aside to help people hurt by asbestos.<\/p>\n\n\n\n<p><strong>El tribunal orden\u00f3 los fondos porque la industria del asbesto ya no pudo ocultar su secreto: el asbesto es muy peligroso para respirar.<\/strong><\/p>\n\n\n\n<h2 class=\"wp-block-heading\" id=\"h-meet-justinian-c-lane-esq\">Conoce a Justinian C. Lane, Esq.<\/h2>\n\n\n\n<p>Mi abuelo, mi abuela y mi padre estuvieron expuestos al asbesto en su trabajo y los tres murieron de c\u00e1nceres relacionados con las v\u00edas respiratorias.<\/p>\n\n\n\n<p><strong>Me enter\u00e9 demasiado tarde de los efectos del asbesto en la salud como para ayudarlos.<\/strong><\/p>\n\n\n\n<p><strong>Pero mi empresa ha ayudado a muchas otras personas a recibir una compensaci\u00f3n por los problemas de salud que desarrollaron por la exposici\u00f3n al asbesto.<\/strong><\/p>\n\n\n\n<p>Ll\u00e1menos, env\u00edenos un mensaje de texto o env\u00edenos un correo electr\u00f3nico para una consulta completamente gratuita y sin compromiso. Escuchar\u00e9 los detalles de tu historia y explicar\u00e9 tus opciones. Solo trabajamos en caso de contingencia, por lo que solo nos pagan si usted lo hace.<\/p>\n\n\n\n<p>Cada caso es diferente, pero las Oficinas Legales de Justinian C. Lane, Esq.\u2013 PLLC ha obtenido grandes acuerdos para miles de personas da\u00f1adas por el asbesto.Esta compensaci\u00f3n ha ayudado a aliviar las cargas financieras de nuestros clientes y ofrece un legado para sus seres queridos.<\/p>\n\n\n\n<section class=\"boxtextnew\">\n            <div class=\"row pt-5 5 px-xl-0 px-lg-3\" style=\"padding:30px 10px !Important;background-color:#F8F7F6;margin:0px\">\n                <div class=\"col-md-12\">\n                    <table style=\"width:90%;margin:0px auto\">\n                        <tbody><tr>                            \n                            <td style=\"width:90%;text-align:left\"><p style=\"margin-top:12px\">En AsbestosClaims.Law, hemos ayudado a miles de personas que estuvieron expuestas al asbesto en su trabajo, autom\u00f3vil o en casa.<\/p><h5 style=\"margin-top:12px;text-align:right\">\u00bfPodemos ayudarte?<\/h5><\/td>                            \n                        <\/tr>\n                    <\/tbody><\/table>\n                <\/div>\n            <\/div>\n<\/section>\n\n\n\n<p style=\"font-size: 0.7rem\">\n1 Agencia para el Registro de Sustancias T\u00f3xicas y Enfermedades. <a href=\"https:\/\/www.atsdr.cdc.gov\/ToxProfiles\/tp61-c1-b.pdf\" target=\"_blank\" rel=\"noopener noreferrer\">Declaraci\u00f3n de salud p\u00fablica para el asbesto.<\/a> Septiembre de 2001. Consultado el 18 de abril de 2017.<br>\n2 Agencia para el Registro de Sustancias T\u00f3xicas y Enfermedades. <a href=\"https:\/\/www.atsdr.cdc.gov\/ToxProfiles\/tp61-c1-b.pdf\" target=\"_blank\" rel=\"noopener noreferrer\">Declaraci\u00f3n de salud p\u00fablica para el asbesto.<\/a> Septiembre de 2001. Consultado el 18 de abril de 2017.<br>\n3 Agencia para el Registro de Sustancias T\u00f3xicas y Enfermedades. <a href=\"https:\/\/www.atsdr.cdc.gov\/ToxProfiles\/tp61-c1-b.pdf\" target=\"_blank\" rel=\"noopener noreferrer\">Declaraci\u00f3n de salud p\u00fablica para el asbesto.<\/a> Septiembre de 2001. Consultado el 18 de abril de 2017.<br>\n4 <a href=\"https:\/\/www.epa.gov\/asbestos\/learn-about-asbestos\" target=\"_blank\" rel=\"noopener noreferrer\">Aprenda sobre el asbesto,<\/a> Agencia de Protecci\u00f3n Ambiental.<br>\n5 <a href=\"https:\/\/www.nature.com\/articles\/jes201515#Sec16\" target=\"_blank\" rel=\"noopener noreferrer\">Exposiciones para llevar a casa al asbesto en el aire durante la manipulaci\u00f3n de ropa contaminada con crisotilo despu\u00e9s de exposiciones simuladas en el lugar de trabajo durante un turno completo,<\/a> Journal of Exposure Science &amp; Environmental Epidemiology (2015) (Los investigadores han confirmado \"un riesgo elevado constante de mesotelioma\" en las personas que lavan regularmente la ropa de los trabajadores del asbesto).<br>\n6 Agencia para el Registro de Sustancias T\u00f3xicas y Enfermedades. <a href=\"https:\/\/www.atsdr.cdc.gov\/ToxProfiles\/tp61-c1-b.pdf\" target=\"_blank\" rel=\"noopener noreferrer\">Declaraci\u00f3n de salud p\u00fablica para el asbesto.<\/a> Septiembre de 2001. Consultado el 18 de abril de 2017.<br>\n7 Agencia para el Registro de Sustancias T\u00f3xicas y Enfermedades. <a href=\"https:\/\/www.atsdr.cdc.gov\/toxprofiles\/tp61.pdf\" target=\"_blank\" rel=\"noopener noreferrer\">Perfil toxicol\u00f3gico del asbesto.<\/a> Septiembre de 2001. Consultado el 15 de marzo de 2021.<br>\n8 Agencia para el Registro de Sustancias T\u00f3xicas y Enfermedades. <a href=\"https:\/\/www.atsdr.cdc.gov\/toxprofiles\/tp61.pdf\" target=\"_blank\" rel=\"noopener noreferrer\">Perfil toxicol\u00f3gico del asbesto.<\/a> Septiembre de 2001. Consultado el 15 de marzo de 2021.<\/p>\n\n\n\n.boxtextnew h4:before {display:none;}\n.boxtextnew {margin-top:30px; margin-bottom:50px;}\n.boxtextnew h4 {margin-left:0px;}"},"excerpt":{"rendered":"<p>Asbestos Learning Center Asbestos Is a Mineral That Is Extremely Useful, But Also Hazardous. The term asbestos refers to a group of related silicate minerals. There are various types of asbestos. Different asbestos mineral forms have different colors, appearances and fibers. Some types of asbestos are more dangerous than others, but all are hazardous.2 The [&#8230;]<\/p>\n<p><a class=\"btn btn-secondary understrap-read-more-link\" href=\"https:\/\/www.asbestosclaims.law\/es\/centro-de-aprendizaje\/\">Leer m\u00e1s&#8230;<\/a><\/p>","protected":false},"author":1,"featured_media":0,"parent":0,"menu_order":77,"comment_status":"closed","ping_status":"closed","template":"page-templates\/page-sidebar-template.php","meta":{"_acf_changed":false,"ub_ctt_via":"","footnotes":""},"class_list":["post-3615","page","type-page","status-publish","hentry"],"acf":[],"featured_image_src":null,"_links":{"self":[{"href":"https:\/\/www.asbestosclaims.law\/es\/wp-json\/wp\/v2\/pages\/3615","targetHints":{"allow":["GET"]}}],"collection":[{"href":"https:\/\/www.asbestosclaims.law\/es\/wp-json\/wp\/v2\/pages"}],"about":[{"href":"https:\/\/www.asbestosclaims.law\/es\/wp-json\/wp\/v2\/types\/page"}],"author":[{"embeddable":true,"href":"https:\/\/www.asbestosclaims.law\/es\/wp-json\/wp\/v2\/users\/1"}],"replies":[{"embeddable":true,"href":"https:\/\/www.asbestosclaims.law\/es\/wp-json\/wp\/v2\/comments?post=3615"}],"version-history":[{"count":4,"href":"https:\/\/www.asbestosclaims.law\/es\/wp-json\/wp\/v2\/pages\/3615\/revisions"}],"predecessor-version":[{"id":16270,"href":"https:\/\/www.asbestosclaims.law\/es\/wp-json\/wp\/v2\/pages\/3615\/revisions\/16270"}],"wp:attachment":[{"href":"https:\/\/www.asbestosclaims.law\/es\/wp-json\/wp\/v2\/media?parent=3615"}],"curies":[{"name":"wp","href":"https:\/\/api.w.org\/{rel}","templated":true}]}}