{"id":3555,"date":"2021-05-11T15:23:42","date_gmt":"2021-05-11T15:23:42","guid":{"rendered":"https:\/\/www.asbestosclaims.law\/?page_id=3555"},"modified":"2023-03-23T07:26:43","modified_gmt":"2023-03-23T13:26:43","slug":"sources-of-asbestos-exposure","status":"publish","type":"page","link":"https:\/\/www.asbestosclaims.law\/es\/fuentes-de-exposicion\/","title":{"rendered":"Fuentes de exposici\u00f3n al asbesto"},"content":{"rendered":"<a id=\"video-body\"><\/a>\n\n\n\n<figure class=\"wp-block-embed is-type-video is-provider-youtube wp-block-embed-youtube video-embed-body wp-embed-aspect-16-9 wp-has-aspect-ratio\"><div class=\"wp-block-embed__wrapper\">\n<iframe title=\"What Are The Usual Asbestos Exposure Sources?\" width=\"640\" height=\"360\" src=\"https:\/\/www.youtube.com\/embed\/4UobRKa1Lhk?feature=oembed\" frameborder=\"0\" allow=\"accelerometer; autoplay; clipboard-write; encrypted-media; gyroscope; picture-in-picture; web-share\" referrerpolicy=\"strict-origin-when-cross-origin\" allowfullscreen><\/iframe>\n<\/div><\/figure>\n\n\n\n<h2 class=\"wp-block-heading\" id=\"h-sources-of-exposure-to-asbestos\">Fuentes de Exposici\u00f3n al Asbesto<\/h2>\n\n\n\n<p>Busque su lugar de trabajo o un producto de asbesto en nuestra base de datos para ver si usted o un ser querido podr\u00edan haber estado expuestos.<\/p>\n\n\n\n<h4 class=\"wp-block-heading\" id=\"h-asbestos-was-widely-used-for-its-durability\">El asbesto fue ampliamente utilizado por su durabilidad.<\/h4>\n\n\n\n<p>El asbesto es un mineral que aparece de forma natural en el suelo. El asbesto es abundante y barato para extraerlo de la tierra.<\/p>\n\n\n\n<p>Asbestos manufacturers called their product the &#8216;magic mineral&#8217; because of its unique properties:<\/p>\n\n\n\n<div class=\"wp-block-columns is-layout-flex wp-container-core-columns-is-layout-9d6595d7 wp-block-columns-is-layout-flex\">\n<div class=\"wp-block-column is-layout-flow wp-block-column-is-layout-flow\">\n<ul class=\"check-list row m-1\"><li><strong>Altamente resistente al calor.<\/strong><br>El asbesto se puede mezclar con otros materiales para hacerlos incombustibles.<\/li><li><strong>Insoluble en agua<\/strong><br>El asbesto no se disuelve en agua, por lo que se us\u00f3 en barcos, incluso en algunas de las primeras m\u00e1quinas de vapor.<\/li><li><strong>Resistente a los \u00e1cidos<\/strong><br>El asbesto ayuda a prevenir la corrosi\u00f3n y se utiliz\u00f3 en juntas y refiner\u00edas.<\/li><li><strong>Fibroso y fuerte<\/strong><br>El asbesto se puede tejer en tela y usarse como aislamiento para calefacci\u00f3n, plomer\u00eda y cableado el\u00e9ctrico. Tambi\u00e9n se puede rociar sobre productos para aislar.<\/li><li><strong>Aislante<\/strong><br>El asbesto no es muy conductor de electricidad, por lo que se utiliz\u00f3 para albergar componentes el\u00e9ctricos.<\/li><\/ul>\n<\/div>\n<\/div>\n\n\n\n<div class=\"wp-block-columns row no-gutters is-layout-flex wp-container-core-columns-is-layout-9d6595d7 wp-block-columns-is-layout-flex\">\n<div class=\"wp-block-column col-sm-12 col-md-12 col-lg-12 col-xl-7 is-layout-flow wp-block-column-is-layout-flow\" style=\"flex-basis:66.66%\">\n<h3 class=\"wp-block-heading\" id=\"h-occupational-exposure-to-asbestos\">Exposici\u00f3n ocupacional al Asbesto<\/h3>\n\n\n\n<h4 class=\"wp-block-heading\" id=\"h-construction\">Construcci\u00f3n<\/h4>\n\n\n\n<p>La mayor parte del asbesto se utiliz\u00f3 en materiales de construcci\u00f3n en todos los edificios.<\/p>\n\n\n\n<p>Muchas personas involucradas en la construcci\u00f3n y demolici\u00f3n tambi\u00e9n estuvieron expuestas a productos de asbesto.<\/p>\n\n\n\n<p>Incluso la eliminaci\u00f3n de asbesto a menudo libera fibras de asbesto da\u00f1inas al aire.<\/p>\n\n\n\n<p>Los trabajadores que renuevan y demuelen edificios antiguos tambi\u00e9n pueden verse expuestos a productos fabricados con asbesto. La eliminaci\u00f3n del asbesto en s\u00ed misma a menudo libera fibras de asbesto da\u00f1inas al aire.<\/p>\n\n\n\n<p>Por esta raz\u00f3n, los trabajadores siempre deben usar ropa protectora adecuada antes de intentar eliminar el asbesto.<\/p>\n\n\n\n<p>Los empleados que trabajaron con asbesto o lo eliminaron pero no recibieron la protecci\u00f3n adecuada pueden tener reclamaciones legales por sus lesiones relacionadas con el asbesto.<\/p>\n<\/div>\n\n\n\n<div class=\"wp-block-column col-sm-12 col-md-12 col-lg-12 col-xl-5 text-center is-layout-flow wp-block-column-is-layout-flow\" style=\"flex-basis:33.33%\">\n<figure class=\"wp-block-image size-large\"><img decoding=\"async\" width=\"277\" height=\"590\" src=\"https:\/\/www.asbestosclaims.law\/wp-content\/uploads\/2021\/07\/Occupational-Exposure-to-Asbestos.jpg\" alt=\"\" class=\"wp-image-5518\" srcset=\"https:\/\/www.asbestosclaims.law\/wp-content\/uploads\/2021\/07\/Occupational-Exposure-to-Asbestos.jpg 277w, https:\/\/www.asbestosclaims.law\/wp-content\/uploads\/2021\/07\/Occupational-Exposure-to-Asbestos-254x540.jpg 254w, https:\/\/www.asbestosclaims.law\/wp-content\/uploads\/2021\/07\/Occupational-Exposure-to-Asbestos-6x12.jpg 6w\" sizes=\"(max-width: 277px) 100vw, 277px\" \/><\/figure>\n<\/div>\n<\/div>\n\n\n\n<h4 class=\"wp-block-heading\" id=\"h-industrial-sites\">Sitios industriales<\/h4>\n\n\n\n<p>Por su fuerza y resistencia, el asbesto se utiliz\u00f3 especialmente en:<\/p>\n\n\n\n<div class=\"wp-block-columns is-layout-flex wp-container-core-columns-is-layout-9d6595d7 wp-block-columns-is-layout-flex\">\n<div class=\"wp-block-column is-layout-flow wp-block-column-is-layout-flow\">\n<ul class=\"check-list row m-1\">\n<li class=\"col-xl-3 col-lg-3 col-md-3 col-sm-6\">F\u00e1bricas<\/li>\n<li class=\"col-xl-3 col-lg-3 col-md-3 col-sm-6\">Fundiciones<\/li>\n<li class=\"col-xl-3 col-lg-3 col-md-3 col-sm-6\">Astilleros<\/li>\n<li class=\"col-xl-3 col-lg-3 col-md-3 col-sm-6\">Refiner\u00edas<\/li>\n<\/ul>\n<\/div>\n<\/div>\n\n\n\n<p><strong>Muchos lugares de trabajo exponen regularmente a los trabajadores a la inhalaci\u00f3n de asbesto, incluidos los empleados cuyos trabajos no implican directamente el asbesto.<\/strong><\/p>\n\n\n\n<div class=\"wp-block-columns row box_image_text_2 no-gutters is-layout-flex wp-container-core-columns-is-layout-9d6595d7 wp-block-columns-is-layout-flex\">\n<div class=\"wp-block-column col-sm-12 col-md-12 col-lg-12 col-xl-5 text-center is-layout-flow wp-block-column-is-layout-flow\" style=\"flex-basis:33.33%\">\n<figure class=\"wp-block-image size-large is-resized\"><img decoding=\"async\" src=\"https:\/\/www.asbestosclaims.law\/wp-content\/uploads\/2021\/05\/img02-edited.jpg\" alt=\"\" class=\"wp-image-3562\" width=\"245\" height=\"392\" srcset=\"https:\/\/www.asbestosclaims.law\/wp-content\/uploads\/2021\/05\/img02-edited.jpg 277w, https:\/\/www.asbestosclaims.law\/wp-content\/uploads\/2021\/05\/img02-edited-7x12.jpg 7w\" sizes=\"(max-width: 245px) 100vw, 245px\" \/><\/figure>\n<\/div>\n\n\n\n<div class=\"wp-block-column col-sm-12 col-md-12 col-lg-12 col-xl-7 is-layout-flow wp-block-column-is-layout-flow\" style=\"flex-basis:66.66%\">\n<h4 class=\"wp-block-heading\" id=\"h-vehicles\">Veh\u00edculos<\/h4>\n\n\n\n<p>El asbesto se utiliz\u00f3 en todo tipo de veh\u00edculos, incluidos:<\/p>\n\n\n\n<ul class=\"check-list wp-block-list\"><li>Carros<\/li><li>Camiones<\/li><li>Tren<\/li><li>Motocicletas<\/li><li>Autobuses<\/li><li>Militar<\/li><\/ul>\n<\/div>\n<\/div>\n\n\n\n<p>Dado que el asbesto es resistente al calor, se utiliz\u00f3 en la fabricaci\u00f3n de muchas piezas de autom\u00f3viles que estaban expuestas al calor, incluidos embragues, frenos, juntas, aislamiento, revestimientos de cap\u00f3 y piezas de carrocer\u00eda.<\/p>\n\n\n\n<p>Debido a que el asbesto se us\u00f3 en los frenos y las pastillas de freno, el calor y la presi\u00f3n de los frenos de los autom\u00f3viles pueden liberar polvo de asbesto da\u00f1ino en el aire. Las personas que trabajan en autom\u00f3viles o est\u00e1n expuestas regularmente a los gases de escape de los autom\u00f3viles pueden haber inhalado polvo de asbesto.<\/p>\n\n\n\n<p>Los trabajadores corren el riesgo de exponerse al asbesto si fueron empleados en:<\/p>\n\n\n\n<div class=\"wp-block-columns is-layout-flex wp-container-core-columns-is-layout-9d6595d7 wp-block-columns-is-layout-flex\">\n<div class=\"wp-block-column is-layout-flow wp-block-column-is-layout-flow\" style=\"flex-basis:100%\">\n<ul class=\"check-list row m-1 wp-block-list\"><li class=\"col-xl-4 col-lg-4 col-md-6 col-sm-1\">Ensamblaje de veh\u00edculos<\/li><li class=\"col-xl-4 col-lg-4 col-md-6 col-sm-1\">Paradas de camiones<\/li><li class=\"col-xl-4 col-lg-4 col-md-6 col-sm-1\">Suministro automotriz<\/li><li class=\"col-xl-4 col-lg-4 col-md-6 col-sm-1\">Reparaci\u00f3n de veh\u00edculos<\/li><li class=\"col-xl-4 col-lg-4 col-md-6 col-sm-1\">Transporte<\/li><li class=\"col-xl-4 col-lg-4 col-md-6 col-sm-1\">Cabina de peaje \/ Drive-Thru<\/li><\/ul>\n<\/div>\n<\/div>\n\n\n\n<p><a href=\"https:\/\/www.asbestosclaims.law\/es\/fuentes-de-exposicion\/exposicion-ocupacional\/\">Obtenga m\u00e1s informaci\u00f3n sobre la exposici\u00f3n ocupacional<\/a><\/p>\n\n\n\n<h4 class=\"wp-block-heading\" id=\"h-u-s-armed-forces\">Fuerzas Armadas de EE. UU.<\/h4>\n\n\n\n<p>El asbesto fue utilizado por las Fuerzas Armadas de los Estados Unidos para ignifugar todo tipo de veh\u00edculos, viviendas e incluso uniformes militares.<\/p>\n\n\n\n<p>Los barcos de la Armada de los Estados Unidos se construyeron con asbesto en sus paredes y maquinaria. De hecho, el asbesto todav\u00eda permanece en muchos de los espacios m\u00e1s reducidos dentro de los barcos de la Armada.<\/p>\n\n\n\n<p><strong>Cientos de miles de veteranos estuvieron expuestos a fibras de asbesto durante el desempe\u00f1o normal de sus funciones.<\/strong><\/p>\n\n\n\n<p>El Departamento de Asuntos de Veteranos, o V.A., con frecuencia compensa a los veteranos y sus seres queridos por enfermedades relacionadas con el asbesto que ocurrieron o empeoraron durante el servicio.<\/p>\n\n\n\n<p><a href=\"https:\/\/www.asbestosclaims.law\/es\/asbestos-mesothelioma-claims\/veterans-disability-claims\/\">Obtenga m\u00e1s informaci\u00f3n sobre la exposici\u00f3n al asbesto en el servicio militar de EE. UU.<\/a><\/p>\n\n\n\n<h4 class=\"wp-block-heading\" id=\"h-household-exposure-to-asbestos\">Exposici\u00f3n del hogar al asbesto<\/h4>\n\n\n\n<p>Las personas que viv\u00edan con alguien que trabajaba alrededor del asbesto tambi\u00e9n pueden estar en riesgo de contraer enfermedades relacionadas con el asbesto.<\/p>\n\n\n\n<p><strong>El asbesto es un mineral muy polvoriento que se adhiere a la ropa y otras superficies.<\/strong><\/p>\n\n\n\n<p>Muchos de nuestros clientes que desarrollaron problemas de salud a causa del asbesto estuvieron expuestos al limpiar regularmente los uniformes y la ropa de trabajo cubiertos de asbesto de sus c\u00f3nyuges.<\/p>\n\n\n\n<div class=\"wp-block-columns row no-gutters is-layout-flex wp-container-core-columns-is-layout-9d6595d7 wp-block-columns-is-layout-flex\">\n<div class=\"wp-block-column col-sm-12 col-md-12 col-lg-12 col-xl-7 is-layout-flow wp-block-column-is-layout-flow\" style=\"flex-basis:66.66%\">\n<p><strong>Asbestos is easily inhaled and has no taste or asbestos smell.<\/strong><\/p>\n\n\n\n<p>Los c\u00f3nyuges e hijos pueden haber estado expuestos al compartir un autom\u00f3vil con un trabajador que conduc\u00eda regularmente con asbesto en su ropa y herramientas de trabajo.<\/p>\n\n\n\n<p>El asbesto se us\u00f3 en muchas partes de autom\u00f3viles, y trabajar en un veh\u00edculo en un garaje puede haber expuesto al mec\u00e1nico y a otros en el garaje a las fibras de asbesto.<\/p>\n\n\n\n<p><a href=\"https:\/\/www.asbestosclaims.law\/es\/fuentes-de-exposicion\/exposicion-del-hogar\/\">Obtenga m\u00e1s informaci\u00f3n sobre la exposici\u00f3n del hogar al asbesto.<\/a><\/p>\n<\/div>\n\n\n\n<div class=\"wp-block-column col-sm-12 col-md-12 col-lg-12 col-xl-5 text-center is-layout-flow wp-block-column-is-layout-flow\" style=\"flex-basis:33.33%\">\n<figure class=\"wp-block-image size-large\"><img decoding=\"async\" width=\"370\" height=\"359\" src=\"https:\/\/www.asbestosclaims.law\/wp-content\/uploads\/2021\/07\/Sources-of-Exposure.jpg\" alt=\"\" class=\"wp-image-5146\" srcset=\"https:\/\/www.asbestosclaims.law\/wp-content\/uploads\/2021\/07\/Sources-of-Exposure.jpg 370w, https:\/\/www.asbestosclaims.law\/wp-content\/uploads\/2021\/07\/Sources-of-Exposure-12x12.jpg 12w\" sizes=\"(max-width: 370px) 100vw, 370px\" \/><\/figure>\n<\/div>\n<\/div>\n\n\n\n<h4 class=\"wp-block-heading\" id=\"h-asbestos-products\">Productos de Asbestos<\/h4>\n\n\n\n<p>Con asbestos se fabricaron miles de productos industriales y dom\u00e9sticos.<\/p>\n\n\n\n<p>El asbesto se mezcl\u00f3 con materiales de construcci\u00f3n debido a sus fuertes propiedades de resistencia:<\/p>\n\n\n\n<div class=\"wp-block-columns is-layout-flex wp-container-core-columns-is-layout-9d6595d7 wp-block-columns-is-layout-flex\">\n<div class=\"wp-block-column is-layout-flow wp-block-column-is-layout-flow\">\n<ul class=\"check-list row m-1\"><li class=\"col-xl-3 col-lg-3 col-md-3 col-sm-6\">Yeso<\/li><li class=\"col-xl-3 col-lg-3 col-md-3 col-sm-6\">Vinilo<\/li><li class=\"col-xl-3 col-lg-3 col-md-3 col-sm-6\">Aislamiento<\/li><li class=\"col-xl-3 col-lg-3 col-md-3 col-sm-6\">Paneles de yeso<\/li><li class=\"col-xl-3 col-lg-3 col-md-3 col-sm-6\">Teja<\/li><li class=\"col-xl-3 col-lg-3 col-md-3 col-sm-6\">Selladores<\/li><li class=\"col-xl-3 col-lg-3 col-md-3 col-sm-6\">Cemento<\/li><li class=\"col-xl-3 col-lg-3 col-md-3 col-sm-6\">Pintura<\/li><li class=\"col-xl-3 col-lg-3 col-md-3 col-sm-6\">Conductos<\/li><li class=\"col-xl-3 col-lg-3 col-md-3 col-sm-6\">Tuber\u00eda<\/li><li class=\"col-xl-3 col-lg-3 col-md-3 col-sm-6\">Herpes<\/li><li class=\"col-xl-3 col-lg-3 col-md-3 col-sm-6\">Paneles<\/li><\/ul>\n<\/div>\n<\/div>\n\n\n\n<p>Adem\u00e1s, los bienes de consumo como tablas de planchar y textiles se fabricaban con asbestos.<\/p>\n\n\n\n<p>Los secadores de cabello hechos con asbesto pueden soplar fibras en la cara de alguien y presentar un riesgo de c\u00e1ncer. <sup>2<\/sup><\/p>\n\n\n\n<p><a href=\"https:\/\/www.asbestosclaims.law\/es\/fuentes-de-exposicion\/productos-de-asbestos\/\">Obtenga m\u00e1s informaci\u00f3n sobre la exposici\u00f3n al asbesto de productos que contienen asbesto.<\/a><\/p>\n\n\n\n<div class=\"wp-block-columns row no-gutters is-layout-flex wp-container-core-columns-is-layout-9d6595d7 wp-block-columns-is-layout-flex\">\n<div class=\"wp-block-column col-sm-12 col-md-12 col-lg-12 col-xl-5 text-center is-layout-flow wp-block-column-is-layout-flow\" style=\"flex-basis:33.33%\">\n<figure class=\"wp-block-image size-large\"><img decoding=\"async\" width=\"277\" height=\"410\" src=\"https:\/\/www.asbestosclaims.law\/wp-content\/uploads\/2021\/07\/Financial-compensation-for-people-injured-by-asbestos-exposure.jpg\" alt=\"\" class=\"wp-image-5522\" srcset=\"https:\/\/www.asbestosclaims.law\/wp-content\/uploads\/2021\/07\/Financial-compensation-for-people-injured-by-asbestos-exposure.jpg 277w, https:\/\/www.asbestosclaims.law\/wp-content\/uploads\/2021\/07\/Financial-compensation-for-people-injured-by-asbestos-exposure-8x12.jpg 8w\" sizes=\"(max-width: 277px) 100vw, 277px\" \/><\/figure>\n<\/div>\n\n\n\n<div class=\"wp-block-column col-sm-12 col-md-12 col-lg-12 col-xl-7 is-layout-flow wp-block-column-is-layout-flow\" style=\"flex-basis:66.66%\">\n<h2 class=\"wp-block-heading\" id=\"h-financial-compensation-for-people-injured-by-asbestos-exposure\">Compensaci\u00f3n financiera para personas lesionadas por Exposici\u00f3n al Asbesto<\/h2>\n\n\n\n<p>Millones de trabajadores y sus familias estuvieron expuestos al asbesto porque la industria del asbesto ocultaba los peligros de su producto.<\/p>\n\n\n\n<p>Los tribunales ordenaron que se depositaran miles de millones de d\u00f3lares de seguros en fideicomisos para compensar a las personas con enfermedades relacionadas con el asbesto.<\/p>\n\n\n\n<p><em><strong>Pero casi el 40% de los fondos a\u00fan no han sido reclamados por las personas a las que est\u00e1n destinados a ayudar.<\/strong><\/em><\/p>\n<\/div>\n<\/div>\n\n\n\n<h2 class=\"wp-block-heading\" id=\"h-justinian-c-lane-esq\">Justinian C. Lane, Esq.<\/h2>\n\n\n\n<p>Mi abuelo estuvo expuesto al asbesto a bordo de los barcos de la Armada de la Segunda Guerra Mundial y, m\u00e1s tarde, como mec\u00e1nico. Mi abuela estuvo expuesta lavando su ropa de trabajo y en su trabajo de soldadura en una l\u00ednea de montaje de una f\u00e1brica de productos electr\u00f3nicos. Ambos murieron de c\u00e1ncer de pulm\u00f3n.<\/p>\n\n\n\n<p>En los a\u00f1os antes de tenerme, mi padre trabajaba en una fundici\u00f3n de titanio, en una \u00e9poca en la que el asbesto todav\u00eda se usaba mucho para aislar del calor.<\/p>\n\n\n\n<p>Nunca tuve la oportunidad de ver si alguno de ellos estaba expuesto, pero mi padre, mi abuelo y mi abuela murieron de c\u00e1nceres que pueden estar asociados con el asbetos.<\/p>\n\n\n\n<p>No espere para averiguar si estuvo expuesto al asbesto. Puede estar en riesgo de tener problemas de salud y tener la oportunidad de obtener un tratamiento temprano.<\/p>\n\n\n\n<p>Y si ya est\u00e1 experimentando s\u00edntomas de una enfermedad relacionada con el asbesto, averig\u00fce si puede ser elegible para una compensaci\u00f3n que pueda ayudar a reducir su tensi\u00f3n financiera y brindar apoyo y un legado para su familia.<\/p>\n\n\n\n<p><strong>El asbesto puede tardar d\u00e9cadas en causar enfermedades como el mesotelioma y el c\u00e1ncer de pulm\u00f3n.<\/strong><\/p>\n\n\n\n<section class=\"boxtextnew\">\n            <div class=\"row pt-5 5 px-xl-0 px-lg-3\" style=\"padding:30px 10px !Important;background-color:#F8F7F6;margin:0px\">\n                <div class=\"col-md-12\">\n                    <table style=\"width:90%;margin:0px auto\">\n                        <tbody><tr>                            \n                            <td style=\"width:90%;text-align:left\"><p style=\"margin-top:12px\">En AsbestosClaims.Law, hemos ayudado a miles de personas que estuvieron expuestas al asbesto en su trabajo, autom\u00f3vil o en casa.<\/p><h5 style=\"margin-top:12px;text-align:right\">\u00bfPodemos ayudarte?<\/h5><\/td>                            \n                        <\/tr>\n                    <\/tbody><\/table>\n                <\/div>\n            <\/div>\n<\/section>\n\n\n\n<p style=\"font-size: 0.7rem\">1 <a href=\"https:\/\/www.ncbi.nlm.nih.gov\/pmc\/articles\/PMC3143206\/\" target=\"_blank\" rel=\"noopener noreferrer\">Mesotelioma maligno: hechos, mitos e hip\u00f3tesis<\/a>, , Michele Carbone, Bevan H. Ly, Ronald F. Dodson, Ian Pagano, Paul T. Morris, Umran A. Dogan, Adi F. Gazdar, Harvey I. Pass, and Haining Yang, Journal of Cellular Physiology (2012).\n<br>\n2 <a href=\"https:\/\/www.researchgate.net\/profile\/Peter-Preuss-3\/publication\/226179097_CRITIQUE-Consumer_product_safety_Risk_assessment_of_exposure_to_asbestos_emissions_from_hand-held_hair_dryers\/links\/5761627a08ae2b8d20ed576b\/CRITIQUE-Consumer-product-safety-Risk-assessment-of-exposure-to-asbestos-emissions-from-hand-held-hair-dryers.pdf\" target=\"_blank\" rel=\"noopener noreferrer\">Los secadores de pelo fabricados con asbesto pueden soplar fibras en la cara de una persona y presentar un riesgo de c\u00e1ncer.<\/a>.<\/p>\n\n\n\n.boxtextnew h4:before {display:none;}\n.boxtextnew {margin-top:30px; margin-bottom:50px;}"},"excerpt":{"rendered":"<p>Sources of Exposure to Asbestos Look up your work site or an asbestos product on our database to see if you or a loved one might have been exposed. Asbestos was widely used for its durability. Asbestos is a mineral that appears naturally in the ground. Asbestos is plentiful, and cheap to mine from the [&#8230;]<\/p>\n<p><a class=\"btn btn-secondary understrap-read-more-link\" href=\"https:\/\/www.asbestosclaims.law\/es\/fuentes-de-exposicion\/\">Leer m\u00e1s&#8230;<\/a><\/p>","protected":false},"author":1,"featured_media":0,"parent":0,"menu_order":66,"comment_status":"closed","ping_status":"closed","template":"page-templates\/page-sidebar-template.php","meta":{"_acf_changed":false,"ub_ctt_via":"","footnotes":""},"class_list":["post-3555","page","type-page","status-publish","hentry"],"acf":[],"featured_image_src":null,"_links":{"self":[{"href":"https:\/\/www.asbestosclaims.law\/es\/wp-json\/wp\/v2\/pages\/3555","targetHints":{"allow":["GET"]}}],"collection":[{"href":"https:\/\/www.asbestosclaims.law\/es\/wp-json\/wp\/v2\/pages"}],"about":[{"href":"https:\/\/www.asbestosclaims.law\/es\/wp-json\/wp\/v2\/types\/page"}],"author":[{"embeddable":true,"href":"https:\/\/www.asbestosclaims.law\/es\/wp-json\/wp\/v2\/users\/1"}],"replies":[{"embeddable":true,"href":"https:\/\/www.asbestosclaims.law\/es\/wp-json\/wp\/v2\/comments?post=3555"}],"version-history":[{"count":2,"href":"https:\/\/www.asbestosclaims.law\/es\/wp-json\/wp\/v2\/pages\/3555\/revisions"}],"predecessor-version":[{"id":13068,"href":"https:\/\/www.asbestosclaims.law\/es\/wp-json\/wp\/v2\/pages\/3555\/revisions\/13068"}],"wp:attachment":[{"href":"https:\/\/www.asbestosclaims.law\/es\/wp-json\/wp\/v2\/media?parent=3555"}],"curies":[{"name":"wp","href":"https:\/\/api.w.org\/{rel}","templated":true}]}}