{"id":15924,"date":"2024-03-19T14:15:14","date_gmt":"2024-03-19T20:15:14","guid":{"rendered":"https:\/\/www.asbestosclaims.law\/?page_id=15924"},"modified":"2024-03-19T14:15:28","modified_gmt":"2024-03-19T20:15:28","slug":"lung-cancer","status":"publish","type":"page","link":"https:\/\/www.asbestosclaims.law\/es\/asbestos-related-cancer\/lung-cancer\/","title":{"rendered":"C\u00e1ncer de pulm\u00f3n"},"content":{"rendered":"<style>.border-1{border:1px solid #000;}.bg-mr.p-4.fwhite h5 { margin: 0 !important; } .bg-mr { background: #986e2f; }.v-center { vertical-align: middle !important; }.bresalt { background: #efe8d4; } .gresalt { background: #f8f7f6; }a.none.broken_link {text-decoration: none;}<\/style>\n\n\n\n<h1 class=\"wp-block-heading\" id=\"h-lung-cancer-and-asbestos-exposure\">Lung Cancer and Asbestos Exposure<\/h1>\n\n\n\n<div class=\"wp-block-columns is-layout-flex wp-container-core-columns-is-layout-9d6595d7 wp-block-columns-is-layout-flex\">\n<div class=\"wp-block-column p-4 border-1 is-layout-flow wp-block-column-is-layout-flow\">\n<p>Today there is no doubt that all types of asbestos can cause all types of lung cancer in humans.<\/p>\n\n\n\n<p>But the asbestos industry worked for decades to conceal that information.&nbsp;<\/p>\n\n\n\n<p>That\u2019s why courts ordered the asbestos industry to place billions of dollars in trust for people with asbestos-related injuries.<\/p>\n\n\n\n<p>The money can only be used to help people with asbestos-related diseases pay medical bills and other costs associated with <a href=\"https:\/\/www.asbestosclaims.law\/es\/asbesto-sintomas-y-tratamiento\/tipos-de-tratamiento-de-asbestos\/?highlight=lung cancer\">tratamientos<\/a>.<\/p>\n\n\n\n<p>You do not have to sue anyone, get in a fight, or pay any out of pocket costs. <strong>Just call us, qualify and stake your claim.<\/strong><\/p>\n\n\n\n<p>We\u2019ve recovered millions of dollars for individuals who developed asbestos diseases like throat cancer after working with asbestos.<\/p>\n\n\n\n<p><strong>\u00bfPodemos ayudarte?<\/strong>&nbsp;<\/p>\n<\/div>\n<\/div>\n\n\n\n<h2 class=\"wp-block-heading\" id=\"h-asbestos-companies-knew-in-1943-that-asbestos-could-cause-lung-cancer\">Asbestos Companies Knew In 1943 that Asbestos Could Cause Lung Cancer<\/h2>\n\n\n\n<p>In 1935, Doctors Kenneth Lynch and Atmar Smith published the first medical article describing lung cancer in an asbestos worker, Pulmonary Asbestosis III: Carcinoma of Lung in Asbesto-Silicosis.<sup>1<\/sup> This article was followed shortly thereafter by Dr. Gloyne\u2019s 1935 article Two Cases of Squamous Carcinoma of the Lung Occurring in Asbestosis.<sup>2<\/sup><\/p>\n\n\n\n<p>While neither of these two articles directly linked asbestos exposure to cancer, they both began to raise questions that made the asbestos industry uncomfortable. So in 1936, 13 asbestos companies began privately funding their own studies to determine how dangerous asbestos exposure was.<\/p>\n\n\n\n<div class=\"bg-mr p-4 fwhite\"><h5 style=\"color:#fff !important\">\u201cAsbestos causes twice as many lung cancer deaths than asbestos-related mesothelioma, and together they cause nearly 10,000 deaths per year in the United States.\u201d <sup>3<\/sup><\/h5><\/div>\n\n\n\n<h2 class=\"wp-block-heading\" id=\"h-the-discovery-of-asbestos-s-many-harmful-effects\">The Discovery of Asbestos&#8217;s Many Harmful Effects<\/h2>\n\n\n\n<h3 class=\"wp-block-heading\" id=\"h-asbestos-fibers-are-sharp-microscopic-virtually-indestructible-needles-breathing-them-can-lead-to-respiratory-illnesses-including-lung-cancer\">Asbestos fibers are sharp, microscopic, virtually indestructible needles. Breathing them can lead to respiratory illnesses including lung cancer.<\/h3>\n\n\n\n<p>The asbestos companies hired Dr. Leroy Gardner and the Saranac Laboratory to conduct studies in which they would expose lab rats to asbestos to determine how safe or dangerous asbestos was to breathe. Because they were funding the research, the asbestos companies maintained the sole right to decide whether to publish the research.<\/p>\n\n\n\n<p>If their research proved that asbestos was safe, it would be published by Dr. Gardner, whose name would give the research instant credibility. And if the research showed asbestos was not safe, the industry would keep the study secret.<\/p>\n\n\n\n<p>Dr. Leroy Gardner tried to obtain a grant from the National Cancer Institute to study the link between asbestos and cancer in 1943, but asbestos company executives scuttled the grant.<\/p>\n\n\n\n<h3 class=\"wp-block-heading\" id=\"h-dr-richard-doll-s-1955-paper-proved-asbestos-causes-lung-cancer\">Dr. Richard Doll\u2019s 1955 Paper Proved Asbestos Causes Lung Cancer<\/h3>\n\n\n\n<p>Sir Richard Doll was perhaps the most distinguished medical epidemiologist in the world. (Epidemiology is the study of how diseases form and are transmitted in populations.)<\/p>\n\n\n\n<p>In his groundbreaking 1955 paper titled \u201cMortality from Lung Cancer in Asbestos Workers,\u201d Richard Doll proved that asbestos exposure could cause cancer in humans. Dr. Doll studied the death rate of individuals who worked for Turner &amp; Newall, an English asbestos company.<\/p>\n\n\n\n<p>Doll tracked 113 men who had been exposed to asbestos while working for Turner &amp; Newall and compared their mortality rate to the mortality rate of the whole population. Doll found that the Turner &amp; Newall workers were dying of lung cancer at an alarming rate.<\/p>\n\n\n\n<h3 class=\"wp-block-heading\" id=\"h-confirmation-of-asbestos-s-carcinogenicity\">Confirmation of Asbestos&#8217;s Carcinogenicity<\/h3>\n\n\n\n<p>A carcinogen is a substance known to cause cancerous tumors (carcinomas). Following the publication of Doll\u2019s report, many other medical researchers began investigating the link between asbestos exposure and cancer.<\/p>\n\n\n\n<p>As described below, there are four distinct kinds of lung cancer (Adenocarcinoma, squamous cell carcinoma, small cell carcinoma, and large cell carcinoma). Doll\u2019s 1955 study did not attempt to prove whether asbestos exposure could cause each of those four types, but later researchers did.<\/p>\n\n\n\n<h3 class=\"wp-block-heading\" id=\"h-the-helsinki-criteria-confirmed-that-every-kind-of-asbestos-can-cause-every-kind-of-lung-cancer\">The Helsinki Criteria confirmed that every kind of asbestos can cause every kind of lung cancer.<\/h3>\n\n\n\n<p>In January of 1997, a group of worldwide medical experts met in Helsinki, Finland to discuss the effects of asbestos exposure on humans. The result of their work was an article entitled Asbestos, Asbestosis, and cancer: The Helsinki Criteria for Diagnosis and Attribution.<sup>4<\/sup><\/p>\n\n\n\n<p>The Helsinki Criteria confirmed that asbestos exposure can lead to all 4 major histological types (squamous, adeno-cell, large-cell, and small-cell carcinoma).<\/p>\n\n\n\n<h3 class=\"wp-block-heading has-text-align-center\" id=\"h-top-lung-cancer-treatment-centers-in-the-u-s\"><a href=\"https:\/\/www.asbestosclaims.law\/es\/asbestos-blog\/top-lung-cancer-treatment-centers-in-the-us\/?highlight=lung cancer\">Top Lung Cancer Treatment Centers in the U.S.<\/a><\/h3>\n\n\n\n<figure class=\"wp-block-image size-full\"><img decoding=\"async\" src=\"https:\/\/asbestosclaimslaw.bigscoots-staging.com\/wp-content\/uploads\/2024\/03\/asbestos-Lung-Cancer.jpg\" alt=\"asbestos Lung Cancer\" class=\"wp-image-14991\"\/><\/figure>\n\n\n\n<h2 class=\"wp-block-heading\" id=\"h-types-of-lung-cancer\">Types of Lung Cancer<\/h2>\n\n\n\n<h3 class=\"wp-block-heading\">Lung cancer is broken down into two broad categories:<\/h3>\n\n\n\n<ul class=\"wp-block-list\">\n<li><strong>Non-Small Lung Cell Cancer (NSCLC)<\/strong><br>&nbsp;<\/li>\n\n\n\n<li><strong>Small Cell Lung Cancer (SCLC)<\/strong><\/li>\n<\/ul>\n\n\n\n<h3 class=\"wp-block-heading\">Within those two categories are each of the four types of lung cancer.<\/h3>\n\n\n\n<h2 class=\"wp-block-heading\" id=\"h-non-small-cell-lung-cancer-nsclc\"><strong>Non-Small Cell Lung Cancer (NSCLC)<\/strong><\/h2>\n\n\n\n<h3 class=\"wp-block-heading\">Non-Small Cell Lung Cancers are the most common type of lung cancer, accounting for about 85% of all occurrences of lung cancer. There are multiple types of NSCLC:<\/h3>\n\n\n\n<h5 class=\"wp-block-heading\">\u25cf <strong>Adenocarcinoma<\/strong><\/h5>\n\n\n\n<p>This is the most common subtype of NSCLC, especially among non-smokers. It originates in the mucus-producing cells lining the airways.&nbsp; Adenocarcinoma of the lung is a known consequence of asbestos exposure and our office has collected millions of dollars on behalf of individuals who developed it after working with asbestos.&nbsp; Dr. Churg reported that 19% of the 471 asbestos-exposed workers with lung cancer in his 1985 study had adenocarcinoma.<\/p>\n\n\n\n<h5 class=\"wp-block-heading\">\u25cf <strong>Squamous Cell (Epidermoid) Carcinoma<\/strong><\/h5>\n\n\n\n<p>Epithelial cells are one of the four kinds of primary cells we have in our body.&nbsp; Those cells form the epithelium, which both covers and lines the internal and external surfaces of our body and its organs. A squamous cell is a type of epithelial cell that is flat and thin, resembling the shape of a scale or a tile. Our airways are lined with squamous cells.&nbsp;<\/p>\n\n\n\n<p>Squamous cell cancer typically occurs in the central bronchi, the large airways that lead to our lungs.&nbsp; The very first case of lung cancer reported in an asbestos worker was reported in 1935, and that was a squamous cell carcinoma.&nbsp; Dr. Churg reported that 43% of the 471 asbestos-exposed workers with lung cancer in his 1985 study had squamous cell carcinoma.<\/p>\n\n\n\n<h5 class=\"wp-block-heading\">\u25cf <strong>Large Cell (Undifferentiated) Carcinoma<\/strong><\/h5>\n\n\n\n<p>Large cell carcinoma gets its name from the appearance of the cells affected by the cancer; the cells appear large and abnormal under a microscope.&nbsp; This type of cancer is sometimes called \u201cundifferentiated\u201d carcinoma.&nbsp; Undifferentiated in the medical context means that the cancer has caused the affected cells to lose their normal appearance.&nbsp;<\/p>\n\n\n\n<p>Dr. Churg reported that 10% of the 471 asbestos-exposed workers with lung cancer in his 1985 study had large cell carcinoma.<\/p>\n\n\n\n<h2 class=\"wp-block-heading\" id=\"h-small-cell-lung-cancer-sclc\"><strong>Small Cell Lung Cancer (SCLC):<\/strong><\/h2>\n\n\n\n<h3 class=\"wp-block-heading\">Small Cell Lung Cancer accounts for roughly 10-15% of all lung cancer diagnoses.&nbsp; It\u2019s an aggressive form of lung cancer that tends to spread more rapidly than other types.&nbsp;<\/h3>\n\n\n\n<p>Small Cell Lung Cancer gets its name from its appearance under a microscope \u2013 the cells are small and are typically round.&nbsp; Often the cells are slightly elongated and appear somewhat oat-shaped.<\/p>\n\n\n\n<p>SCLC is sometimes called \u201coat cell cancer\u201d for this very reason.Dr. Churg reported that 28% of the 471 asbestos-exposed workers with lung cancer in his 1985 study had small cell carcinoma, and Dr. Gloyne even mentioned a case of \u201coat cell\u201d carcinoma in his 1935 paper.<\/p>\n\n\n\n<h3 class=\"wp-block-heading has-text-align-center\" id=\"h-what-s-the-difference-between-lung-cancer-and-mesothelioma\"><a href=\"https:\/\/www.asbestosclaims.law\/es\/asbestos-blog\/mesothelioma-vs-lung-cancer-key-differences-explained\/?highlight=lung cancer\">What\u2019s the difference between lung cancer and mesothelioma?<\/a><\/h3>\n\n\n\n<h2 class=\"wp-block-heading\" id=\"h-compensation-is-available-for-individuals-who-have-been-diagnosed-with-lung-cancer\">Compensation is available for individuals who have been diagnosed with lung cancer<\/h2>\n\n\n\n<p>Our law firm has helped thousands of individuals who developed asbestos-related cancers.&nbsp; Individuals with lung cancer have a number of options available to obtain compensation:<\/p>\n\n\n\n<h5 class=\"wp-block-heading\">\u25cf&nbsp;<a href=\"https:\/\/www.asbestosclaims.law\/es\/fideicomisos-de-asbesto-2\/que-son-los-fideicomisos-de-asbesto\/\">Asbestos Trust Claims<\/a><\/h5>\n\n\n\n<p>Asbestos trust claims do not require filing a lawsuit or going to court.&nbsp; There are about fifty active asbestos trusts currently operating, and our office routinely collects trust settlements for people who developed lung cancer.<\/p>\n\n\n\n<h5 class=\"wp-block-heading\">\u25cf&nbsp;<a href=\"https:\/\/www.asbestosclaims.law\/es\/asbesto-mesotelioma-reclamaciones\/abogado-litigante-de-asbestos\/\">Demandas de Asbestos<\/a>&nbsp;<\/h5>\n\n\n\n<p>Clients who are willing to file a lawsuit and go to court have the option of suing the companies who made, sold, distributed, or installed the asbestos products they breathed.<\/p>\n\n\n\n<h5 class=\"wp-block-heading\">\u25cf&nbsp;<a href=\"https:\/\/www.asbestosclaims.law\/es\/asbesto-mesotelioma-reclamaciones\/discapacidad-de-la-seguridad-social\/\">Disability Claims<\/a><\/h5>\n\n\n\n<p>The Social Security Administration and the Veterans Administration offer disability benefits to certain individuals who have been diagnosed with lung cancer.<\/p>\n\n\n\n<h2 class=\"wp-block-heading\" id=\"h-lifelong-smokers-are-eligible-for-asbestos-settlements\">Lifelong smokers are eligible for asbestos settlements.<\/h2>\n\n\n\n<p>A common misconception is that smokers who develop lung cancer aren\u2019t entitled to asbestos settlements because cigarettes probably caused their lung cancer.&nbsp; It\u2019s true of course that cigarettes cause lung cancer.&nbsp; So does asbestos.&nbsp; <strong>Smokers who are exposed to asbestos are at a <\/strong><a href=\"https:\/\/www.asbestosclaims.law\/es\/asbestos-blog\/cigarette-smokers-who-are-exposed-to-asbestos-have-a-higher-risk-of-lung-cancer\/?highlight=lung cancer\"><strong>dramatically higher risk<\/strong><\/a><strong> of developing lung cancer than smokers who are not exposed to asbestos.&nbsp; The reason why is known as the <em>multiplicative effect<\/em>. (This is also called a <\/strong><a href=\"https:\/\/www.asbestosclaims.law\/es\/asbestos-blog\/efectos-sinergicos-sobre-salud-asbesto-y-tabaquismo\/?highlight=lung cancer\"><strong><em>efecto sin\u00e9rgico<\/em><\/strong><\/a><strong>.<\/strong><\/p>\n\n\n\n<h2 class=\"wp-block-heading\" id=\"h-the-multiplicative-effect-of-smoking-and-asbestos-exposure\">The multiplicative effect of smoking and asbestos exposure<\/h2>\n\n\n\n<h5 class=\"wp-block-heading\">Most medical professionals agree that:<\/h5>\n\n\n\n<h5 class=\"wp-block-heading\">\u25cf Individuals who smoke <strong>are at least<\/strong> 10 times as likely to develop lung cancer <strong>than people who don\u2019t smoke.&nbsp;<\/strong><\/h5>\n\n\n\n<h5 class=\"wp-block-heading\">\u25cf&nbsp;<strong>Individuals exposed to asbestos are<\/strong> at least 5 times more likely to develop lung cancer <strong>than someone who was not exposed.&nbsp;<\/strong><\/h5>\n\n\n\n<h3 class=\"wp-block-heading\"><a><\/a>But when someone smokes and is exposed to asbestos, the 10% risk and 5% risk are not added, they are <em>multiplied<\/em>.<\/h3>\n\n\n\n<p>That\u2019s because asbestos and compounds in tobacco smoke interact to make lung cancer much more likely.<\/p>\n\n\n\n<p>If the risk were added, you would add the 10x risk from smoking to the 5x risk of asbestos exposure and have a 15x risk of developing lung cancer.&nbsp;<\/p>\n\n\n\n<p>But the asbestos\/smoking effects are not added, they are multiplied.&nbsp;<\/p>\n\n\n\n<p>When you multiply the 10x risk of smoking by the 5x risk of asbestos exposure, you find that people who smoked and who were exposed to asbestos are fifty times more likely to develop lung cancer than nonsmokers who were not exposed to asbestos.<\/p>\n\n\n\n<table class=\"tbl-1 mb-3\">\r\n<tbody>\r\n<tr class=\"bresalt\">\r\n<td width=\"30%\" class=\"p-3 v-center\"><h3 class=\"m-0\" style=\"font-size: 42px !important; text-align:center;\">5%<\/h3><\/td>\r\n<td width=\"70%\" class=\"p-3 v-center\"><p><strong>La exposici\u00f3n al asbesto hace que sea cinco veces m\u00e1s probable que una persona desarrolle c\u00e1ncer de pulm\u00f3n.<\/strong><\/p><\/td>\r\n<\/tr>\r\n<tr class=\"gresalt\">\r\n<td width=\"30%\" class=\"p-3 v-center\"><h3 class=\"m-0\" style=\"color: #33333 !important; font-size: 42px !important; text-align:center;\">10%<\/h3><\/td>\r\n<td width=\"70%\" class=\"p-3 v-center\"><p><strong>Fumar cigarrillos hace que sea diez veces m\u00e1s probable que una persona desarrolle c\u00e1ncer de pulm\u00f3n.<\/strong><\/p><\/td>\r\n<\/tr>\r\n<tr class=\"bresalt\">\r\n<td width=\"30%\" class=\"p-3 v-center\"><h3 class=\"m-0\" style=\"font-size: 42px !important; text-align:center;\">50%<\/h3><\/td>\r\n<td width=\"70%\" class=\"p-3 v-center\"><p><strong>Being a smoker with asbestos exposure makes it <u>fifty times<\/u> more likely that a person will develop lung cancer. <sup>5<\/sup><\/strong><\/p><\/td>\r\n<\/tr>\r\n<\/tbody>\r\n<\/table>\n\n\n\n<p>While tobacco smoking remains the principal cause for lung cancers, exposure to asbestos is the most important occupational risk factor for these cancers.<sup>6<\/sup><\/p>\n\n\n\n<div class=\"wp-block-columns is-layout-flex wp-container-core-columns-is-layout-9d6595d7 wp-block-columns-is-layout-flex\">\n<div class=\"wp-block-column p-4 border-1 is-layout-flow wp-block-column-is-layout-flow\">\n<p>Muchos de nuestros clientes cre\u00edan que no eran elegibles para presentar una demanda por asbesto porque fumaban cigarrillos y puros.<\/p>\n\n\n\n<p><strong>Esto no es cierto bajo las leyes de muchos estados.<\/strong> Nuestra base de datos contiene la evidencia m\u00e9dica necesaria para demostrar que los fumadores que est\u00e1n expuestos al asbesto tienen muchas m\u00e1s probabilidades de desarrollar c\u00e1ncer que los fumadores que no estuvieron expuestos al asbesto. Los cigarrillos y el asbesto son mucho m\u00e1s peligrosos que los cigarrillos o el asbesto.<\/p>\n<\/div>\n<\/div>\n\n\n\n<h3 class=\"wp-block-heading\" id=\"h-the-asbestos-industry-s-failure-to-warn\">The asbestos industry\u2019s failure to warn<\/h3>\n\n\n\n<p>The reason even lifelong smokers with lung cancer are eligible for asbestos settlements is because the asbestos industry never warned smokers about the multiplicative effect of asbestos exposure upon a smoker\u2019s lungs.&nbsp;<\/p>\n\n\n\n<p>We\u2019ve recovered millions of dollars in compensation for smokers who developed asbestos-related diseases, so don\u2019t worry that your smoking history disqualifies you.<\/p>\n\n\n\n<h3 class=\"wp-block-heading\" id=\"h-justinian-c-lane-esq\">Justinian C. Lane, Esq.<\/h3>\n\n\n\n<p>My grandfather, grandmother and father were all exposed to asbestos in their work, and all three died of respiratory-related cancers, including lung cancer.<\/p>\n\n\n\n<h5 class=\"wp-block-heading\" id=\"h-i-found-out-too-late-about-the-health-effects-of-asbestos-to-help-my-family-but-maybe-i-can-help-yours\">I found out too late about the health effects of asbestos to help my family, but maybe I can help yours.<\/h5>\n\n\n\n<p>My firm at AsbestosClaims.Law has helped many other people receive compensation for health problems they developed from exposure to asbestos.<\/p>\n\n\n\n<p><a href=\"tel:8334272378\">Llamada<\/a>, <a href=\"tel:8334272378\">text<\/a> o <a href=\"http:\/\/help@asbestosclaims.law\">email<\/a> us for a completely free consultation with no obligation. I will listen to the details of your story, and explain your options. We work on contingency, meaning we only get paid if you do.<\/p>\n\n\n\n<p>Every case is different, but the Law Offices of Justinian C. Lane, Esq. \u2013 PLLC has obtained <a href=\"https:\/\/www.asbestosclaims.law\/es\/about-us\/\">grandes asentamientos<\/a> for thousands of people harmed by asbestos. This compensation has helped ease our clients\u2019 financial burdens, and offers a legacy to leave for their loved ones.<\/p>\n\n\n\n<div class=\"wp-block-columns is-layout-flex wp-container-core-columns-is-layout-9d6595d7 wp-block-columns-is-layout-flex\">\n<div class=\"wp-block-column border-1 p-4 is-layout-flow wp-block-column-is-layout-flow\">\n<h5 class=\"wp-block-heading m-0\" id=\"h-at-asbestosclaims-law-we-ve-helped-thousands-of-people-who-were-exposed-to-asbestos-in-their-job-car-or-at-home-can-we-help-you\">At AsbestosClaims.Law, we\u2019ve helped thousands of people who were exposed to asbestos in their job, car or at home. Can we help you?<\/h5>\n<\/div>\n<\/div>\n\n\n\n<hr class=\"wp-block-separator has-alpha-channel-opacity\"\/>\n\n\n\n<p><sup>1<\/sup> <a href=\"https:\/\/aacrjournals.org\/amjcancer\/article-abstract\/24\/1\/56\/679067\">Pulmonary asbestosis III: Carcinoma of lung in asbesto-silicosis.<\/a>, Lynch, K.M. and Smith, W.A., 1935. <em>The American Journal of Cancer<\/em>, <em>24<\/em>(1), pp.56-64.<\/p>\n\n\n\n<p><sup>2<\/sup> <a href=\"https:\/\/www.cabidigitallibrary.org\/doi\/full\/10.5555\/19362700526\" class=\"none\">Two cases of squamous carcinoma of the lung occurring in asbestosis<\/a>., Gloyne, S.R., 1935.<\/p>\n\n\n\n<p><sup>3<\/sup> <a href=\"http:\/\/scholar.google.com\/scholar_lookup?&amp;title=Malignant%20mesothelioma%202008&amp;journal=Curr%20Opin%20Pulm%20Med&amp;doi=10.1097%2FMCP.0b013e328302851d&amp;volume=14&amp;issue=4&amp;pages=303-309&amp;publication_year=2008&amp;author=Zervos%2CMD&amp;author=Bizekis%2CC&amp;author=Pass%2CHI\">Malignant mesothelioma 2008.<\/a>, Zervos MD, Bizekis C, Pass HI: Curr Opin Pulm Med. 2008, 14 (4): 303-309. 10.1097\/MCP.0b013e328302851d.; <a href=\"http:\/\/scholar.google.com\/scholar_lookup?&amp;title=Estimating%20the%20asbestos-related%20lung%20cancer%20burden%20from%20mesothelioma%20mortality&amp;journal=Br%20J%20Cancer&amp;doi=10.1038%2Fbjc.2011.563&amp;volume=106&amp;issue=3&amp;pages=575-584&amp;publication_year=2012&amp;author=McCormack%2CV&amp;author=Peto%2CJ&amp;author=Byrnes%2CG&amp;author=Straif%2CK&amp;author=Boffetta%2CP\">Estimating the asbestos-related lung cancer burden from mesothelioma mortality<\/a>.McCormack V, Peto J, Byrnes G, Straif K, Boffetta P: Br J Cancer. 2012, 106 (3): 575-584. 10.1038\/bjc.2011.563.<\/p>\n\n\n\n<p><sup>4<\/sup> Tossavainen, A., 1997. <a href=\"https:\/\/www.sjweh.fi\/show_abstract.php?abstract_id=226\">Asbestos, asbestosis, and cancer: the Helsinki criteria for diagnosis and attribution<\/a>. <em>Scandinavian journal of work, environment &amp; health<\/em>, <em>23<\/em>(4), pp.311-316.<\/p>\n\n\n\n<p><sup>5<\/sup> <a href=\"https:\/\/scholar.google.com\/scholar?hl=en&amp;as_sdt=0%2C5&amp;q=asbestos+smoking+lung+cancer+&amp;btnG=#:~:text=Create%20alert-,%5BPDF%5D%20mdpi.com,-Asbestos%2C%20smoking%20and\">Asbestos, smoking and lung cancer: an update<\/a>. Klebe, S., Leigh, J., Henderson, D.W. and Nurminen, M., 2020, <em>International journal of environmental research and public health<\/em>, <em>17<\/em>(1), p.258.<\/p>\n\n\n\n<p><sup>6 <\/sup><a href=\"https:\/\/www.ncbi.nlm.nih.gov\/pmc\/articles\/PMC6955579\/\">The current understanding of asbestos-induced epigenetic changes associated with lung cancer<\/a>. Cheng, Y.Y., Rath, E.M., Linton, A., Yuen, M.L., Takahashi, K. and Lee, K., 2020. <em>Lung Cancer: Targets and Therapy<\/em>, pp.1-11 (citing International Agency for Research on Cancer, 2012. A review of human carcinogens: personal habits and indoor combustions).<\/p>"},"excerpt":{"rendered":"<p>Lung Cancer and Asbestos Exposure Today there is no doubt that all types of asbestos can cause all types of lung cancer in humans. But the asbestos industry worked for decades to conceal that information.&nbsp; That\u2019s why courts ordered the asbestos industry to place billions of dollars in trust for people with asbestos-related injuries. The [&#8230;]<\/p>\n<p><a class=\"btn btn-secondary understrap-read-more-link\" href=\"https:\/\/www.asbestosclaims.law\/es\/asbestos-related-cancer\/lung-cancer\/\">Leer m\u00e1s&#8230;<\/a><\/p>","protected":false},"author":1,"featured_media":15925,"parent":15920,"menu_order":1,"comment_status":"closed","ping_status":"closed","template":"page-templates\/page-sidebar-template.php","meta":{"_acf_changed":false,"ub_ctt_via":"","footnotes":""},"class_list":["post-15924","page","type-page","status-publish","has-post-thumbnail","hentry"],"acf":[],"featured_image_src":"https:\/\/www.asbestosclaims.law\/wp-content\/uploads\/2024\/03\/Asbestos-lungcancer-hero.jpg","_links":{"self":[{"href":"https:\/\/www.asbestosclaims.law\/es\/wp-json\/wp\/v2\/pages\/15924","targetHints":{"allow":["GET"]}}],"collection":[{"href":"https:\/\/www.asbestosclaims.law\/es\/wp-json\/wp\/v2\/pages"}],"about":[{"href":"https:\/\/www.asbestosclaims.law\/es\/wp-json\/wp\/v2\/types\/page"}],"author":[{"embeddable":true,"href":"https:\/\/www.asbestosclaims.law\/es\/wp-json\/wp\/v2\/users\/1"}],"replies":[{"embeddable":true,"href":"https:\/\/www.asbestosclaims.law\/es\/wp-json\/wp\/v2\/comments?post=15924"}],"version-history":[{"count":4,"href":"https:\/\/www.asbestosclaims.law\/es\/wp-json\/wp\/v2\/pages\/15924\/revisions"}],"predecessor-version":[{"id":15929,"href":"https:\/\/www.asbestosclaims.law\/es\/wp-json\/wp\/v2\/pages\/15924\/revisions\/15929"}],"up":[{"embeddable":true,"href":"https:\/\/www.asbestosclaims.law\/es\/wp-json\/wp\/v2\/pages\/15920"}],"wp:featuredmedia":[{"embeddable":true,"href":"https:\/\/www.asbestosclaims.law\/es\/wp-json\/wp\/v2\/media\/15925"}],"wp:attachment":[{"href":"https:\/\/www.asbestosclaims.law\/es\/wp-json\/wp\/v2\/media?parent=15924"}],"curies":[{"name":"wp","href":"https:\/\/api.w.org\/{rel}","templated":true}]}}