{"id":14564,"date":"2023-08-03T17:35:50","date_gmt":"2023-08-03T23:35:50","guid":{"rendered":"https:\/\/www.asbestosclaims.law\/?page_id=14564"},"modified":"2023-08-03T18:25:17","modified_gmt":"2023-08-04T00:25:17","slug":"duro-dyne-corporation","status":"publish","type":"page","link":"https:\/\/www.asbestosclaims.law\/es\/fideicomisos-de-asbesto-2\/base-de-datos-de-fideicomisos\/corporacion-duro-dyne\/","title":{"rendered":"Duro Dyne Corporation"},"content":{"rendered":"<h2 class=\"wp-block-heading\" id=\"h-asbestos-trust-claims-compensation-is-available-without-filing-a-lawsuit\"><strong>Reclamaciones de fideicomiso de asbesto: la compensaci\u00f3n est\u00e1 disponible sin presentar una demanda<\/strong><\/h2>\n\n\n\n<div class=\"wp-block-columns p-4 has-background is-layout-flex wp-container-core-columns-is-layout-9d6595d7 wp-block-columns-is-layout-flex\" style=\"background-color:#f8f7f6\">\n<div class=\"wp-block-column is-layout-flow wp-block-column-is-layout-flow\">\n<h3 class=\"wp-block-heading\" id=\"h-asbestos-companies-and-their-insurers-placed-close-to-30-billion-dollars-into-trust-funds-to-pay-people-who-were-injured-by-asbestos\">Las compa\u00f1\u00edas de asbesto y sus aseguradoras colocaron cerca de $ 30 mil millones de d\u00f3lares en fondos fiduciarios para pagar a las personas que resultaron heridas por el asbesto.<\/h3>\n\n\n\n<p>Pero casi el 40% de los fondos a\u00fan no han sido reclamados por las v\u00edctimas. Es posible que tenga derecho a una parte de estos fondos.<\/p>\n<\/div>\n<\/div>\n\n\n\n<h3 class=\"wp-block-heading\" id=\"h-applying-for-asbestos-trust-fund-compensation-is-not-getting-into-a-fight\">Solicitar una compensaci\u00f3n al fondo fiduciario de asbesto no es meterse en una pelea.<\/h3>\n\n\n\n<p><strong>Este dinero se reserv\u00f3 en una cuenta fiduciaria para los heridos.<\/strong><\/p>\n\n\n\n<p>Solicitar un pago de estos fideicomisos no afecta a ninguna empresa ni sale del bolsillo de nadie. Este es dinero del seguro espec\u00edficamente para ayudar a las personas lesionadas por el asbesto.&nbsp;<\/p>\n\n\n\n<p><strong>El tribunal orden\u00f3 los fondos porque la industria del asbesto ya no pudo ocultar su secreto: el asbesto es muy peligroso para respirar.<\/strong><\/p>\n\n\n\n<h2 class=\"wp-block-heading\" id=\"h-duro-dyne-asbestos-personal-injury-trust\"><strong><strong>Duro Dyne Asbestos Personal Injury Trust<\/strong><\/strong><\/h2>\n\n\n\n<div class=\"wp-block-columns m-0 background_cloud p-3 is-layout-flex wp-container-core-columns-is-layout-9d6595d7 wp-block-columns-is-layout-flex\">\n<div class=\"wp-block-column is-layout-flow wp-block-column-is-layout-flow\">\n<p><strong><strong>Duro Dyne Corporation<\/strong><\/strong><\/p>\n<\/div>\n<\/div>\n\n\n\n<figure class=\"wp-block-table is-style-stripes\"><table><tbody><tr><td><strong>Fundaci\u00f3n de la empresa<\/strong><\/td><td>1952<\/td><\/tr><tr><td><strong>Negocios principales<\/strong><\/td><td>manufacture of sheet metal equipment and accessories<\/td><\/tr><tr><td><strong>Bancarrota<\/strong><\/td><td>District of New Jersey (2018)<\/td><\/tr><tr><td><strong>A\u00f1o en que se fund\u00f3 el fideicomiso<\/strong><\/td><td>2020<\/td><\/tr><tr><td><strong>Activos en la fundaci\u00f3n<\/strong><\/td><td>$47,450,500<\/td><\/tr><tr><td><strong>Assets as of 2022<\/strong><\/td><td>$42,229,297<\/td><\/tr><tr><td><strong>Porcentaje de pago<\/strong><\/td><td>20%<\/td><\/tr><tr><td><strong>Cantidad de dinero pagada hasta la fecha<\/strong><\/td><td>$580,875<\/td><\/tr><tr><td><strong>N\u00famero de reclamaciones pagadas<\/strong><\/td><td>52<\/td><\/tr><\/tbody><\/table><\/figure>\n\n\n\n<h3 class=\"wp-block-heading\" id=\"h-company-summary\"><strong>Sumario de la compa\u00f1\u00eda<\/strong><\/h3>\n\n\n\n<p>In New York in 1952, Duro Dyne Machinery Corporation was founded. By 1954, it dropped the \u201cMachinery\u201d but business stayed the same, a sheet metal company manufactured products for the HVAC (Heating, Ventilating, and Air Conditioning) industry.&nbsp;<\/p>\n\n\n\n<ul class=\"wp-block-list\">\n<li>Part of Duro Dyne\u2019s legacy is that it put new products onto the market, like <a href=\"https:\/\/www.durodyne.com\/connector.php\">flexible duct connectors<\/a>. These connected separate sections of sheet metal and helped absorb noise from the airflow in the ducts. The Econ-o-Fab Duct Connector was known to contain asbestos fabric.<\/li>\n<\/ul>\n\n\n\n<ul class=\"wp-block-list\">\n<li>Asbestos was known to be heat resistant and good at insulating, so it\u2019s no wonder Duro Dyne added it into many of its products that would need to withstand high temperature airflow from inside the ductwork.&nbsp;<\/li>\n<\/ul>\n\n\n\n<ul class=\"wp-block-list\">\n<li>Another important aspect of sheet metal work is sealing between the ducts, and asbestos was also commonly added to sealant products.<\/li>\n<\/ul>\n\n\n\n<ul class=\"wp-block-list\">\n<li>Duro Dyne manufactured such products, typically sold in cans like paint cans, and they were applied wet and then dried to form a seal. When the material was chipped or scraped away for repairs or other purposes, asbestos fibers could be released into the air.<\/li>\n<\/ul>\n\n\n\n<ul class=\"wp-block-list\">\n<li>The company\u2019s various asbestos products had their peak on the market in the 1960s and \u201870s. Today, Duro Dyne operates facilities in New York, Ohio, Colorado, and Canada.<\/li>\n<\/ul>\n\n\n\n<h3 class=\"wp-block-heading\" id=\"h-workers-generally-eligible-for-the-duro-dyne-asbestos-personal-injury-trust\"><strong><strong>Workers Generally Eligible for the Duro Dyne Asbestos Personal Injury Trust:<\/strong><\/strong><\/h3>\n\n\n\n<p>Workers who may have been at risk of exposure to asbestos from working with Duro Dyne products include:<\/p>\n\n\n\n<figure class=\"wp-block-table is-style-regular custom-table\"><table class=\"has-fixed-layout\"><tbody><tr><td>Trabajadores de climatizaci\u00f3n<\/td><td>Trabajadores de la construcci\u00f3n\/demostraci\u00f3n<\/td><td>Fontaneros<\/td><\/tr><tr><td>Trabajadores de f\u00e1brica<\/td><td>Sheet metal workers<\/td><td><\/td><\/tr><\/tbody><\/table><\/figure>\n\n\n\n<p>The occupations above are just some of the different trades that may have frequently been exposed to asbestos from the use of Duro Dyne products.&nbsp;<\/p>\n\n\n\n<p>Working in the vicinity of others who used the products, creating a dusty environment, would also put someone at potential risk of exposure.<\/p>\n\n\n\n<figure class=\"wp-block-image size-full\"><img decoding=\"async\" width=\"1430\" height=\"510\" src=\"https:\/\/www.asbestosclaims.law\/wp-content\/uploads\/2023\/08\/Image-Justinian-Duro-Dyne-article-body.jpg\" alt=\"Image Justinian Duro Dyne article body\" class=\"wp-image-14568\" srcset=\"https:\/\/www.asbestosclaims.law\/wp-content\/uploads\/2023\/08\/Image-Justinian-Duro-Dyne-article-body.jpg 1430w, https:\/\/www.asbestosclaims.law\/wp-content\/uploads\/2023\/08\/Image-Justinian-Duro-Dyne-article-body-540x193.jpg 540w, https:\/\/www.asbestosclaims.law\/wp-content\/uploads\/2023\/08\/Image-Justinian-Duro-Dyne-article-body-768x274.jpg 768w, https:\/\/www.asbestosclaims.law\/wp-content\/uploads\/2023\/08\/Image-Justinian-Duro-Dyne-article-body-18x6.jpg 18w\" sizes=\"(max-width: 1430px) 100vw, 1430px\" \/><\/figure>\n\n\n\n<h3 class=\"wp-block-heading\" id=\"h-secondary-asbestos-exposure\"><strong>Exposici\u00f3n Secundaria al Asbesto<\/strong><\/h3>\n\n\n\n<h4 class=\"wp-block-heading\" id=\"h-spouses-and-household-members-of-workers-may-qualify-for-the-duro-dyne-asbestos-personal-injury-trust-as-well\"><strong><strong>Spouses and household members of workers may qualify for the Duro Dyne Asbestos Personal Injury Trust as well.<\/strong><\/strong><\/h4>\n\n\n\n<p>Las personas que trajeron asbesto a casa en su ropa de trabajo tambi\u00e9n pueden haber estado expuestas en sus hogares y veh\u00edculos. Esto incluye especialmente a cualquier persona que lave regularmente ropa de trabajo contaminada con asbesto. El asbesto es polvoriento y duradero, y cualquiera que haya pasado tiempo en un garaje o en un peque\u00f1o cuarto de lavado respir\u00e1ndolo podr\u00eda haber estado en riesgo.<\/p>\n\n\n\n<h3 class=\"wp-block-heading\" id=\"h-duro-dyne-asbestos-personal-injury-trust-history\"><strong><strong>Duro Dyne Asbestos Personal Injury Trust History<\/strong><\/strong><\/h3>\n\n\n\n<p>In September 2018, Duro Dyne Corporation filed for Chapter 11 Bankruptcy in the District of New Jersey. It took 2 years for the bankruptcy plan to be approved and finalize the establishment of the asbestos bankruptcy trust.<\/p>\n\n\n\n<p>The Duro Dyne Asbestos Trust began accepting claims in 2021.<\/p>\n\n\n\n<h4 class=\"wp-block-heading\" id=\"h-in-2020-duro-dyne-created-the-duro-dyne-asbestos-personal-injury-trust-under-its-chapter-11-plan-of-reorganization-the-current-payment-percentage-is-20\"><strong><strong>In 2020, Duro Dyne created the Duro Dyne Asbestos Personal Injury Trust under its Chapter 11 Plan of Reorganization. The current payment percentage is 20%.<\/strong><\/strong><\/h4>\n\n\n\n<p>To date, 660 claims have been filed with the Duro Dyne Asbestos Trust. The Trust\u2019s annual financial report for 2022 provided that over $580,000 has been paid in compensation so far.<\/p>\n\n\n\n<p>Payment percentages are determined by each trust and are subject to change over time. The Trust has established forms and procedures to apply and collect compensation from the trust. You can learn more on their <a href=\"http:\/\/durodyne.mfrclaims.com\/index.html\">sitio web<\/a>.<\/p>\n\n\n\n<h2 class=\"wp-block-heading\" id=\"h-important-facts-about-asbestos-trust-compensation-for-people-with-asbestos-illnesses\"><strong><strong>Datos importantes sobre la compensaci\u00f3n del fideicomiso de asbesto para personas con enfermedades de asbesto<\/strong><\/strong><\/h2>\n\n\n\n<h3 class=\"wp-block-heading\" id=\"h-the-vast-majority-of-our-clients-qualify-for-payments-from-multiple-asbestos-trusts\"><strong><strong>La gran mayor\u00eda de nuestros clientes califican para pagos de m\u00faltiples fideicomisos de asbesto.<\/strong><\/strong><\/h3>\n\n\n\n<p>Dependiendo de d\u00f3nde trabaj\u00f3 o c\u00f3mo estuvo expuesto al asbesto, puede calificar para presentar reclamos con m\u00e1s de un fideicomiso de asbesto. Diferentes ocupaciones trabajaron con diferentes tipos de productos de asbesto. La ubicaci\u00f3n del trabajo, el sitio de trabajo real, tambi\u00e9n afecta qu\u00e9 reclamos se pueden presentar. Cada caso es \u00fanico y miles de clientes han podido recibir compensaci\u00f3n de m\u00faltiples fideicomisos de asbesto.&nbsp;&nbsp;<\/p>\n\n\n\n<h3 class=\"wp-block-heading\" id=\"h-asbestos-trust-claims-are-not-lawsuits-and-do-not-affect-a-person-s-employer-or-benefits\"><strong><strong>Las reclamaciones del fideicomiso de asbesto no son juicios y no afectan al empleador ni a los beneficios de una persona.<\/strong><\/strong><\/h3>\n\n\n\n<p>Presentar reclamos ante fideicomisos de asbesto es un acto separado de presentar una demanda contra ciertas empresas. Sin embargo, es posible presentar una demanda y, adem\u00e1s, presentar reclamos con fideicomisos de asbesto. Esta determinaci\u00f3n se realiza caso por caso seg\u00fan el trabajo y\/o el historial de exposici\u00f3n de cada cliente. Las empresas que no est\u00e1n en quiebra son elegibles para ser demandadas en una demanda, mientras que las empresas en quiebra son aquellas a las que se les orden\u00f3 establecer fideicomisos de quiebra de asbesto.<\/p>\n\n\n\n<p>Los fideicomisos de asbesto existen con el prop\u00f3sito de otorgar una compensaci\u00f3n a los reclamantes calificados. Los tribunales designaron que el dinero se apartara espec\u00edficamente para pagar a las personas lesionadas por el asbesto. No tiene que estar jubilado para presentar un reclamo, y el reclamo no afecta a su(s) empleador(es) actual(es) o anterior(es), ni a ning\u00fan beneficio que ya pueda recibir. Si trabaj\u00f3 con productos o en un sitio de trabajo que era propiedad de una empresa que ha establecido un fideicomiso de asbesto, puede cumplir con los criterios de compensaci\u00f3n.&nbsp;<\/p>\n\n\n\n<h3 class=\"wp-block-heading\" id=\"h-veterans-injured-by-asbestos-exposure-during-service-can-claim-asbestos-trust-compensation-and-veterans-benefits\"><strong><strong>Los veteranos lesionados por la exposici\u00f3n al asbesto durante el servicio pueden reclamar una compensaci\u00f3n del fideicomiso de asbesto y beneficios para veteranos<\/strong><\/strong><\/h3>\n\n\n\n<p>Asbestos use was extremely common in the U.S. military for decades.&nbsp; Navy ships were built using asbestos insulation to ensure they were fireproof.&nbsp; The boiler rooms on the ships were full of asbestos insulation, gaskets, and valves used on the various types of equipment.&nbsp; Military tanks and vehicles used asbestos containing brake parts as well as gaskets and valves.&nbsp;<br><\/p>\n\n\n\n<p>Algunos trabajos militares, como mec\u00e1nicos, caldereros e instaladores de tuber\u00edas, por nombrar algunos, podr\u00edan causar que los miembros del servicio est\u00e9n directamente expuestos al asbesto. Otros trabajos requer\u00edan que el trabajo se hiciera cerca de quienes usaban o trabajaban con asbesto, lo que a\u00fan pon\u00eda en riesgo a esos trabajadores. Los beneficios de un veterano militar no se ver\u00e1n afectados por la presentaci\u00f3n de reclamos de fideicomiso de asbesto; esto es cierto incluso si ya recibe beneficios por discapacidad del VA.<\/p>\n\n\n\n<h3 class=\"wp-block-heading\" id=\"h-cigarette-smokers-are-absolutely-eligible-to-file-asbestos-trust-claims\"><strong>Los fumadores de cigarrillos son absolutamente elegibles para presentar reclamos de fideicomiso de asbesto.<\/strong><\/h3>\n\n\n\n<div class=\"wp-block-columns p-4 has-background is-layout-flex wp-container-core-columns-is-layout-9d6595d7 wp-block-columns-is-layout-flex\" style=\"background-color:#f8f7f6\">\n<div class=\"wp-block-column is-layout-flow wp-block-column-is-layout-flow\">\n<p>Uno de los conceptos err\u00f3neos comunes que rodean las reclamaciones de fideicomisos de asbesto es que las personas que fumaron no pueden solicitar una compensaci\u00f3n.<\/p>\n\n\n\n<p>Eso es absolutamente falso.<\/p>\n<\/div>\n<\/div>\n\n\n\n<h4 class=\"wp-block-heading\" id=\"h-our-office-has-recovered-many-trust-settlements-on-behalf-of-smokers\"><strong>Nuestra oficina ha recuperado muchos acuerdos de fideicomiso en nombre de fumadores.<\/strong><\/h4>\n\n\n\n<p>La exposici\u00f3n al asbesto hace que sea cinco veces m\u00e1s probable que desarrolle c\u00e1ncer de pulm\u00f3n. Fumar hace que sea diez veces m\u00e1s probable que desarrolle c\u00e1ncer de pulm\u00f3n. Pero ser un fumador con exposici\u00f3n al asbesto hace que sea cincuenta veces m\u00e1s probable que desarrolle c\u00e1ncer de pulm\u00f3n.<\/p>\n\n\n\n<h5 class=\"wp-block-heading\" id=\"h-and-that-s-why-asbestos-companies-will-pay-compensation-to-industrial-workers-or-others-exposed-to-asbestos-even-if-they-were-lifelong-smokers\"><strong><em>Y es por eso que las empresas de asbesto pagar\u00e1n una compensaci\u00f3n a los trabajadores industriales u otras personas expuestas al asbesto, incluso si fueron fumadores de por vida.&nbsp;<\/em><\/strong><\/h5>\n\n\n\n<p>Lo s\u00e9 porque muchos de ellos son mis clientes.<\/p>\n\n\n\n<h3 class=\"wp-block-heading\" id=\"h-your-rights-can-be-lost-if-you-wait\"><strong>Sus derechos pueden perderse si espera.<\/strong><\/h3>\n\n\n\n<p>Although asbestos trust claims <u>are not<\/u> lawsuits, they are subject to the same time limitations that lawsuits are.&nbsp;<\/p>\n\n\n\n<h4 class=\"wp-block-heading\" id=\"h-these-laws-are-called-statutes-of-limitation\"><strong>Estas leyes se denominan estatutos de limitaci\u00f3n.<\/strong>&nbsp;<\/h4>\n\n\n\n<p>Los estatutos de limitaci\u00f3n especifican cu\u00e1nto tiempo tiene una persona para presentar una demanda.&nbsp;<\/p>\n\n\n\n<h4 class=\"wp-block-heading\" id=\"h-if-a-person-waits-too-long-they-lose-the-right-to-file-a-lawsuit\"><strong>Si una persona espera demasiado, pierde el derecho a presentar una demanda.<\/strong>&nbsp;<\/h4>\n\n\n\n<p>Cada estado pone l\u00edmites al tiempo que las personas tienen para presentar demandas en su propio nombre o en nombre de un ser querido fallecido. Estas leyes se denominan Estatutos de limitaci\u00f3n y, si no cumple con alguno, no podr\u00e1 presentar ninguna reclamaci\u00f3n por asbesto.<\/p>\n\n\n\n<h4 class=\"wp-block-heading\" id=\"h-the-exact-same-thing-applies-with-asbestos-trusts\"><strong>Exactamente lo mismo se aplica a los fideicomisos de asbesto:<\/strong><\/h4>\n\n\n\n<p>Si espera demasiado para presentar un reclamo de fideicomiso de asbesto, perder\u00e1 el derecho a hacerlo. Los estatutos de limitaci\u00f3n pueden ser complicados en los casos de asbesto porque una persona generalmente no desarrolla una enfermedad relacionada con el asbesto hasta muchos a\u00f1os despu\u00e9s de haber estado expuesto.<\/p>\n\n\n\n<p>Los estatutos de limitaciones a menudo no son muy sencillos en los casos de asbesto porque hay preguntas sobre cu\u00e1ndo deber\u00eda comenzar el estatuto:<\/p>\n\n\n\n<ul class=\"wp-block-list\">\n<li>\u00bfComienza \u201cel reloj\u201d cuando a una persona se le diagnostica una enfermedad relacionada con el asbesto, o comienza cuando descubre que su enfermedad podr\u00eda haber sido causada por el asbesto?&nbsp;<\/li>\n<\/ul>\n\n\n\n<ul class=\"wp-block-list\">\n<li>Si trabajaron en Texas pero ahora viven en Missouri, \u00bfqu\u00e9 estatuto se aplica?&nbsp;<\/li>\n<\/ul>\n\n\n\n<p>Estos son los tipos de preguntas que mejor se le plantean a un abogado especializado en asbesto, y nos complacer\u00e1 responderlas por usted.<\/p>\n\n\n\n<p><strong>Si cree que tiene derecho a una compensaci\u00f3n por su enfermedad relacionada con el asbesto, llame, env\u00ede un mensaje de texto o env\u00ede un correo electr\u00f3nico a nuestro bufete de abogados para que podamos decirle cu\u00e1nto tiempo tiene para tomar la decisi\u00f3n de presentar un reclamo de fideicomiso o buscar una compensaci\u00f3n por asbesto a trav\u00e9s de una demanda por asbesto.<\/strong>&nbsp;&nbsp;<\/p>\n\n\n\n<p><strong>No le costar\u00e1 nada llamarnos, pero podr\u00eda costarle todo si espera demasiado para presentar un reclamo.<\/strong><\/p>\n\n\n\n<h2 class=\"wp-block-heading\" id=\"h-justinian-c-lane-esq-asbestosclaims-law\"><strong>Justinian C. Lane, Esq. &#8211; AsbestosClaims.Law<\/strong><\/h2>\n\n\n\n<p>Mi abuelo, mi abuela y mi padre estuvieron expuestos al asbesto en su trabajo y los tres murieron de c\u00e1nceres relacionados con las v\u00edas respiratorias.<\/p>\n\n\n\n<p><strong>Me enter\u00e9 demasiado tarde de los efectos del asbesto en la salud como para ayudarlos.<\/strong><\/p>\n\n\n\n<p><strong>Pero mi empresa ha ayudado a muchas otras personas a recibir una compensaci\u00f3n por los problemas de salud que desarrollaron por la exposici\u00f3n al asbesto.&nbsp;<\/strong><\/p>\n\n\n\n<p>Ll\u00e1menos, env\u00edenos un mensaje de texto o env\u00edenos un correo electr\u00f3nico para una consulta completamente gratuita y sin compromiso. Escuchar\u00e9 los detalles de tu historia y explicar\u00e9 tus opciones. Solo trabajamos en caso de contingencia, por lo que solo nos pagan si usted lo hace.<\/p>\n\n\n\n<p>Every case is different, but the Law Offices of Justinian C. Lane, Esq. has <span style=\"color:#976e2e\">obtenido grandes asentamientos<\/span> for thousands of people harmed by asbestos. This compensation has helped ease our clients\u2019 financial burdens, and offers a legacy to leave for their loved ones.<\/p>\n\n\n\n<section class=\"boxtextnew\">\r\n            <div class=\"row pt-5 5 px-xl-0 px-lg-3\" style=\"padding:30px 10px !Important;background-color:#F8F7F6;margin:0px\">\r\n                <div class=\"col-md-12\">\r\n                    <table style=\"width:90%;margin:0px auto\">\r\n                        <tbody><tr>                            \r\n                            <td style=\"width:90%;text-align:left\"><p style=\"margin-top:12px\">En AsbestosClaims.Law, hemos ayudado a miles de personas que estuvieron expuestas al asbesto en su trabajo, autom\u00f3vil o en casa.<\/p><h5 style=\"margin-top:12px;text-align:right\">\u00bfPodemos ayudarte?<\/h5><\/td>                            \r\n                        <\/tr>\r\n                    <\/tbody><\/table>\r\n                <\/div>\r\n            <\/div>\r\n<\/section>"},"excerpt":{"rendered":"<p>Asbestos Trust Claims: Compensation is Available Without Filing a Lawsuit Asbestos companies and their insurers placed close to $30 Billion dollars into trust funds to pay people who were injured by asbestos. But nearly 40% of the funds have still gone unclaimed by the victims.&nbsp; You may be entitled to a portion of these funds. [&#8230;]<\/p>\n<p><a class=\"btn btn-secondary understrap-read-more-link\" href=\"https:\/\/www.asbestosclaims.law\/es\/fideicomisos-de-asbesto-2\/base-de-datos-de-fideicomisos\/corporacion-duro-dyne\/\">Leer m\u00e1s&#8230;<\/a><\/p>","protected":false},"author":1,"featured_media":14565,"parent":7261,"menu_order":40,"comment_status":"closed","ping_status":"closed","template":"page-templates\/page-sidebar-template.php","meta":{"_acf_changed":false,"ub_ctt_via":"","footnotes":""},"class_list":["post-14564","page","type-page","status-publish","has-post-thumbnail","hentry"],"acf":[],"featured_image_src":"https:\/\/www.asbestosclaims.law\/wp-content\/uploads\/2023\/08\/Header-Justinian-Duro-Dyne-article-body.jpg","_links":{"self":[{"href":"https:\/\/www.asbestosclaims.law\/es\/wp-json\/wp\/v2\/pages\/14564","targetHints":{"allow":["GET"]}}],"collection":[{"href":"https:\/\/www.asbestosclaims.law\/es\/wp-json\/wp\/v2\/pages"}],"about":[{"href":"https:\/\/www.asbestosclaims.law\/es\/wp-json\/wp\/v2\/types\/page"}],"author":[{"embeddable":true,"href":"https:\/\/www.asbestosclaims.law\/es\/wp-json\/wp\/v2\/users\/1"}],"replies":[{"embeddable":true,"href":"https:\/\/www.asbestosclaims.law\/es\/wp-json\/wp\/v2\/comments?post=14564"}],"version-history":[{"count":12,"href":"https:\/\/www.asbestosclaims.law\/es\/wp-json\/wp\/v2\/pages\/14564\/revisions"}],"predecessor-version":[{"id":14579,"href":"https:\/\/www.asbestosclaims.law\/es\/wp-json\/wp\/v2\/pages\/14564\/revisions\/14579"}],"up":[{"embeddable":true,"href":"https:\/\/www.asbestosclaims.law\/es\/wp-json\/wp\/v2\/pages\/7261"}],"wp:featuredmedia":[{"embeddable":true,"href":"https:\/\/www.asbestosclaims.law\/es\/wp-json\/wp\/v2\/media\/14565"}],"wp:attachment":[{"href":"https:\/\/www.asbestosclaims.law\/es\/wp-json\/wp\/v2\/media?parent=14564"}],"curies":[{"name":"wp","href":"https:\/\/api.w.org\/{rel}","templated":true}]}}