{"id":13932,"date":"2023-07-06T15:51:33","date_gmt":"2023-07-06T21:51:33","guid":{"rendered":"https:\/\/www.asbestosclaims.law\/?page_id=13932"},"modified":"2023-07-06T17:34:08","modified_gmt":"2023-07-06T23:34:08","slug":"sepco-corporation","status":"publish","type":"page","link":"https:\/\/www.asbestosclaims.law\/es\/fideicomisos-de-asbesto-2\/base-de-datos-de-fideicomisos\/corporacion-sepco\/","title":{"rendered":"Sepco Corporation"},"content":{"rendered":"<style>\nfigure.wp-block-table.is-style-stripes {\n    border: none;\n}\n.col-xl-9.col-lg-9.col-md-6.col-sm-12 {\n    vertical-align: middle;\n    display: flex;\n    flex-wrap: wrap;\n    align-items: center;\n    align-content: center;\n    font-weight: bold;\n}\nh3#h-your-rights-can-be-lost-if-you-wait {\n    padding-bottom: 30px;\n    padding-top: 30px;\n}\n<\/style>\n\n\n\n<h1 class=\"wp-block-heading\" id=\"h-asbestos-trusts-sepco-corporation\">Asbestos Trusts \u2014 Sepco Corporation<\/h1>\n\n\n\n<h2 class=\"wp-block-heading\" id=\"h-asbestos-trust-claims-compensation-is-available-without-filing-a-lawsuit\"><strong>Reclamaciones de fideicomiso de asbesto: la compensaci\u00f3n est\u00e1 disponible sin presentar una demanda<\/strong><\/h2>\n\n\n\n<section class=\"boxtextnew\">\r\n            <div class=\"row pt-5 5 px-xl-0 px-lg-3\" style=\"padding:30px 10px !Important;background-color:#F8F7F6;margin:0px\">\r\n                <div>\r\n                    <table style=\"width:90%;margin:0px auto\">\r\n                        <tbody><tr>                           \r\n                            <td style=\"text-align:left\">\r\n<h3>Las compa\u00f1\u00edas de asbesto y sus aseguradoras colocaron cerca de $ 30 mil millones de d\u00f3lares en fondos fiduciarios para pagar a las personas que resultaron heridas por el asbesto.<\/h3>\r\n<h4 style=\"margin-top:12px\">Pero casi el 40% de los fondos a\u00fan no han sido reclamados por las v\u00edctimas. Es posible que tenga derecho a una parte de estos fondos.<\/h4><\/td>                            \r\n                        <\/tr>\r\n                    <\/tbody><\/table>\r\n                <\/div>\r\n            <\/div>\r\n        <\/section>\n\n\n\n<h3 class=\"wp-block-heading\" id=\"h-applying-for-asbestos-trust-fund-compensation-is-not-getting-into-a-fight\">Solicitar una compensaci\u00f3n al fondo fiduciario de asbesto no es meterse en una pelea.<\/h3>\n\n\n\n<p><strong>Este dinero se reserv\u00f3 en una cuenta fiduciaria para los heridos.<\/strong><\/p>\n\n\n\n<p>Solicitar un pago de estos fideicomisos no afecta a ninguna empresa ni sale del bolsillo de nadie. Este es dinero del seguro espec\u00edficamente para ayudar a las personas lesionadas por el asbesto.<\/p>\n\n\n\n<p><strong>El tribunal orden\u00f3 los fondos porque la industria del asbesto ya no pudo ocultar su secreto: el asbesto es muy peligroso para respirar.<\/strong><\/p>\n\n\n\n<h2 class=\"wp-block-heading\" id=\"h-sepco-asbestos-personal-injury-trust\">Sepco Asbestos Personal Injury Trust<\/h2>\n\n\n\n<div class=\"wp-block-columns m-0 background_cloud p-3 is-layout-flex wp-container-core-columns-is-layout-9d6595d7 wp-block-columns-is-layout-flex\">\n<div class=\"wp-block-column is-layout-flow wp-block-column-is-layout-flow\">\n<p><strong>Sepco Trust<\/strong><\/p>\n<\/div>\n<\/div>\n\n\n\n<figure class=\"wp-block-table is-style-stripes\"><table><tbody><tr><td><strong>Fundaci\u00f3n de la empresa<\/strong><\/td><td>1947<\/td><\/tr><tr><td><strong>Negocios principales<\/strong><\/td><td>manufacture of packing and gasket products<\/td><\/tr><tr><td><strong>Bancarrota<\/strong><\/td><td>Northern District of Ohio (2016)<\/td><\/tr><tr><td><strong>A\u00f1o en que se fund\u00f3 el fideicomiso<\/strong><\/td><td>2020<\/td><\/tr><tr><td><strong>Activos en la fundaci\u00f3n<\/strong><\/td><td>&gt;<strong> <\/strong>$20 million<\/td><\/tr><tr><td><strong>Activos a 2021<\/strong><\/td><td>$17,886,875<\/td><\/tr><tr><td><strong>Porcentaje de pago<\/strong><\/td><td>10%<\/td><\/tr><tr><td><strong>Cantidad de dinero pagada hasta la fecha<\/strong><\/td><td>&gt; $1.3 million<\/td><\/tr><tr><td><strong>N\u00famero de reclamaciones pagadas<\/strong><\/td><td>427<\/td><\/tr><\/tbody><\/table><figcaption class=\"wp-element-caption\"><br><em>*The Sepco Corporation Asbestos Trust has a claim filing deadline of <\/em><strong><em>June 7, 2024.<\/em><\/strong><\/figcaption><\/figure>\n\n\n\n<h3 class=\"wp-block-heading\" id=\"h-company-summary\">Sumario de la compa\u00f1\u00eda<\/h3>\n\n\n\n<p>Sepco Corporation (formerly Sealing Equipment Products Co.) was incorporated in Pennsylvania in 1947. It bounced around a bit, eventually establishing a headquarters in Ohio.&nbsp;<\/p>\n\n\n\n<ul class=\"wp-block-list\">\n<li>According to some records, the business was putting products on the market as early as 1924.<\/li>\n<\/ul>\n\n\n\n<ul class=\"wp-block-list\">\n<li>The company manufactured different types of industrial products like asbestos-containing packing material and gaskets, including spiral-wound and semi-metallic gaskets.&nbsp;<\/li>\n<\/ul>\n\n\n\n<ul class=\"wp-block-list\">\n<li>Unlike other companies which stopped manufacturing and selling asbestos products around the same time OSHA was established (the 1970s), documents filed with the bankruptcy court indicate that Sepco was selling asbestos products well into the 1980s and 1990s.&nbsp;<\/li>\n<\/ul>\n\n\n\n<ul class=\"wp-block-list\">\n<li>This means that people who worked in that time frame when asbestos was supposed to be on its way out still had a chance of being exposed to asbestos from Sepco products.<\/li>\n<\/ul>\n\n\n\n<h3 class=\"wp-block-heading\" id=\"h-workers-generally-eligible-for-the-trust\">Workers Generally Eligible for the Trust:<\/h3>\n\n\n\n<p>Workers who may have been at risk of exposure to asbestos from working with Sepco products include:<\/p>\n\n\n\n<figure class=\"wp-block-table is-style-regular custom-table\"><table class=\"has-fixed-layout\"><tbody><tr><td>Caldereros<\/td><td>Instaladores de vapor<\/td><td>Trabajadores de astilleros<\/td><\/tr><tr><td>Fontaneros<\/td><td>Trabajadores de f\u00e1brica<\/td><td>Trabajadores de la refiner\u00eda<\/td><\/tr><tr><td>Mec\u00e1nicos<\/td><td>Filtros para tuber\u00eda<\/td><td><\/td><\/tr><\/tbody><\/table><\/figure>\n\n\n\n<p>Gaskets and packing materials were commonly encountered by people working in the trades above, but they were not the only occupations that could have used Sepco products.<\/p>\n\n\n\n<p>Working in the vicinity of others who used the products, creating a dusty environment, would also put someone at potential risk of exposure.<\/p>\n\n\n\n<figure class=\"wp-block-image size-full\"><img decoding=\"async\" width=\"1430\" height=\"510\" src=\"https:\/\/www.asbestosclaims.law\/wp-content\/uploads\/2023\/07\/Image-Sepco-Corporation-article-body.jpg\" alt=\"Image Sepco Corporation article body\" class=\"wp-image-13933\" srcset=\"https:\/\/www.asbestosclaims.law\/wp-content\/uploads\/2023\/07\/Image-Sepco-Corporation-article-body.jpg 1430w, https:\/\/www.asbestosclaims.law\/wp-content\/uploads\/2023\/07\/Image-Sepco-Corporation-article-body-540x193.jpg 540w, https:\/\/www.asbestosclaims.law\/wp-content\/uploads\/2023\/07\/Image-Sepco-Corporation-article-body-768x274.jpg 768w, https:\/\/www.asbestosclaims.law\/wp-content\/uploads\/2023\/07\/Image-Sepco-Corporation-article-body-18x6.jpg 18w\" sizes=\"(max-width: 1430px) 100vw, 1430px\" \/><\/figure>\n\n\n\n<h3 class=\"wp-block-heading\" id=\"h-secondary-asbestos-exposure\">Exposici\u00f3n Secundaria al Asbesto<\/h3>\n\n\n\n<h4 class=\"wp-block-heading\" id=\"h-spouses-and-household-members-of-workers-may-qualify-for-the-sepco-asbestos-personal-injury-trust-as-well\"><strong>Spouses and household members of workers may qualify for the Sepco Asbestos Personal Injury Trust as well.<\/strong><\/h4>\n\n\n\n<p>Las personas que trajeron asbesto a casa en su ropa de trabajo tambi\u00e9n pueden haber estado expuestas en sus hogares y veh\u00edculos. Esto incluye especialmente a cualquier persona que lave regularmente ropa de trabajo contaminada con asbesto. El asbesto es polvoriento y duradero, y cualquiera que haya pasado tiempo en un garaje o en un peque\u00f1o cuarto de lavado respir\u00e1ndolo podr\u00eda haber estado en riesgo.<\/p>\n\n\n\n<h3 class=\"wp-block-heading\" id=\"h-sepco-asbestos-personal-injury-trust-history\">Sepco Asbestos Personal Injury Trust History<\/h3>\n\n\n\n<p>Sepco Corporation eventually followed in the footsteps of many other asbestos product manufacturers and filed for Chapter 11 Bankruptcy.&nbsp;<\/p>\n\n\n\n<p>Its petition was filed in 2016 in the Northern District of Ohio.<\/p>\n\n\n\n<h4 class=\"wp-block-heading\" id=\"h-in-2020-sepco-corporation-created-the-sepco-asbestos-personal-injury-trust-under-its-chapter-11-plan-of-reorganization-the-current-payment-percentage-is-10\">In 2020, Sepco Corporation created the Sepco Asbestos Personal Injury Trust under its Chapter 11 Plan of Reorganization. The current payment percentage is 10%.<\/h4>\n\n\n\n<p>The claim filing deadline set by the trust is June 7, 2024. This means that if you believe you are eligible for compensation from the Sepco Trust, you must submit your claim before that deadline.<\/p>\n\n\n\n<p>The payment percentage is determined by each trust and is subject to change over time. The Trust has established forms and procedures to apply and collect compensation from the trust. You can learn more on their <a href=\"http:\/\/sepco.mfrclaims.com\/index.html\">sitio web<\/a>.<\/p>\n\n\n\n<section class=\"boxtextnew\">\n            <div class=\"row pt-5 5 px-xl-0 px-lg-3\" style=\"padding:30px 10px !Important;background-color:#F8F7F6;margin:0px\">\n<div class=\"col-xl-3 col-lg-3 col-md-6 col-sm-12 text-center\">\n<figure class=\"wp-block-image size-full\"><img decoding=\"async\" src=\"https:\/\/asbestosclaims.law\/wp-content\/uploads\/2022\/05\/icono-dolar.svg\" width=\"107\"><\/figure>\n<\/div>\n<div class=\"col-xl-9 col-lg-9 col-md-6 col-sm-12\">\n<p>In 2022, 862 claims were filed with the Trust, according to its annual financial report.<\/p>\n<p>The report also details 427 claims were paid in 2022, totaling $1,315,240 for the year.<\/p>\n<\/div>\n                <\/div>\n        <\/section>\n\n\n\n<h2 class=\"wp-block-heading\" id=\"h-important-facts-about-asbestos-trust-compensation-for-people-with-asbestos-illnesses\">Datos importantes sobre la compensaci\u00f3n del fideicomiso de asbesto para personas con enfermedades de asbesto<\/h2>\n\n\n\n<h3 class=\"wp-block-heading\" id=\"h-the-vast-majority-of-our-clients-qualify-for-payments-from-multiple-asbestos-trusts\">La gran mayor\u00eda de nuestros clientes califican para pagos de m\u00faltiples fideicomisos de asbesto.&nbsp;<\/h3>\n\n\n\n<p>Dependiendo de d\u00f3nde trabaj\u00f3 o c\u00f3mo estuvo expuesto al asbesto, puede calificar para presentar reclamos con m\u00e1s de un fideicomiso de asbesto. Diferentes ocupaciones trabajaron con diferentes tipos de productos de asbesto. La ubicaci\u00f3n del trabajo, el sitio de trabajo real, tambi\u00e9n afecta qu\u00e9 reclamos se pueden presentar. Cada caso es \u00fanico y miles de clientes han podido recibir compensaci\u00f3n de m\u00faltiples fideicomisos de asbesto.&nbsp;<\/p>\n\n\n\n<h3 class=\"wp-block-heading\" id=\"h-asbestos-trust-claims-are-not-lawsuits-and-do-not-affect-a-person-s-employer-or-benefits\">Las reclamaciones del fideicomiso de asbesto no son juicios y no afectan al empleador ni a los beneficios de una persona.<\/h3>\n\n\n\n<p>Presentar reclamos ante fideicomisos de asbesto es un acto separado de presentar una demanda contra ciertas empresas. Sin embargo, es posible presentar una demanda y, adem\u00e1s, presentar reclamos con fideicomisos de asbesto. Esta determinaci\u00f3n se realiza caso por caso seg\u00fan el trabajo y\/o el historial de exposici\u00f3n de cada cliente. Las empresas que no est\u00e1n en quiebra son elegibles para ser demandadas en una demanda, mientras que las empresas en quiebra son aquellas a las que se les orden\u00f3 establecer fideicomisos de quiebra de asbesto.<\/p>\n\n\n\n<p>Los fideicomisos de asbesto existen con el prop\u00f3sito de otorgar una compensaci\u00f3n a los reclamantes calificados. Los tribunales designaron que el dinero se apartara espec\u00edficamente para pagar a las personas lesionadas por el asbesto. No tiene que estar jubilado para presentar un reclamo, y el reclamo no afecta a su(s) empleador(es) actual(es) o anterior(es), ni a ning\u00fan beneficio que ya pueda recibir. Si trabaj\u00f3 con productos o en un sitio de trabajo que era propiedad de una empresa que ha establecido un fideicomiso de asbesto, puede cumplir con los criterios de compensaci\u00f3n.&nbsp;<\/p>\n\n\n\n<h3 class=\"wp-block-heading\" id=\"h-veterans-injured-by-asbestos-exposure-during-service-can-claim-asbestos-trust-compensation-and-veterans-benefits\">Los veteranos lesionados por la exposici\u00f3n al asbesto durante el servicio pueden reclamar una compensaci\u00f3n del fideicomiso de asbesto y beneficios para veteranos<\/h3>\n\n\n\n<p>Asbestos use was extremely common in the U.S. military for decades.&nbsp; Navy ships were built using asbestos insulation to ensure they were fireproof.&nbsp; The boiler rooms on the ships were full of asbestos insulation, gaskets, and valves used on the various types of equipment.&nbsp; Military tanks and vehicles used asbestos containing brake parts as well as gaskets and valves.&nbsp;<\/p>\n\n\n\n<p>Algunos trabajos militares, como mec\u00e1nicos, caldereros e instaladores de tuber\u00edas, por nombrar algunos, podr\u00edan causar que los miembros del servicio est\u00e9n directamente expuestos al asbesto. Otros trabajos requer\u00edan que el trabajo se hiciera cerca de quienes usaban o trabajaban con asbesto, lo que a\u00fan pon\u00eda en riesgo a esos trabajadores. Los beneficios de un veterano militar no se ver\u00e1n afectados por la presentaci\u00f3n de reclamos de fideicomiso de asbesto; esto es cierto incluso si ya recibe beneficios por discapacidad del VA.<\/p>\n\n\n\n<h3 class=\"wp-block-heading mt-0 mb-0\" id=\"h-cigarette-smokers-are-absolutely-eligible-to-file-asbestos-trust-claims\">Los fumadores de cigarrillos son absolutamente elegibles para presentar reclamos de fideicomiso de asbesto.<\/h3>\n\n\n\n<h5 class=\"h5 has-background\" id=\"h-one-of-the-common-misconceptions-surrounding-asbestos-trust-claims-is-that-people-who-smoked-are-not-eligible-to-file-for-compensation-that-s-absolutely-false\" style=\"background-color:#ccc8c4\"><em>Uno de los conceptos err\u00f3neos comunes que rodean las reclamaciones de fideicomisos de asbesto es que las personas que fumaron no pueden solicitar una compensaci\u00f3n.<\/em><br><br>Eso es absolutamente falso.<\/h5>\n\n\n\n<h4 class=\"wp-block-heading h4\" id=\"h-our-office-has-recovered-many-trust-settlements-on-behalf-of-smokers\">Nuestra oficina ha recuperado muchos acuerdos de fideicomiso en nombre de fumadores.<\/h4>\n\n\n\n<p>La exposici\u00f3n al asbesto hace que sea cinco veces m\u00e1s probable que desarrolle c\u00e1ncer de pulm\u00f3n. Fumar hace que sea diez veces m\u00e1s probable que desarrolle c\u00e1ncer de pulm\u00f3n. Pero ser un fumador con exposici\u00f3n al asbesto hace que sea cincuenta veces m\u00e1s probable que desarrolle c\u00e1ncer de pulm\u00f3n.<\/p>\n\n\n\n<h5 class=\"h5\" id=\"h-and-that-s-why-asbestos-companies-will-pay-compensation-to-industrial-workers-or-others-exposed-to-asbestos-even-if-they-were-lifelong-smokers\"><strong><em>Y es por eso que las empresas de asbesto pagar\u00e1n una compensaci\u00f3n a los trabajadores industriales u otras personas expuestas al asbesto, incluso si fueron fumadores de por vida.<\/em><\/strong><\/h5>\n\n\n\n<p>Lo s\u00e9 porque muchos de ellos son mis clientes.<\/p>\n\n\n\n<h3 class=\"wp-block-heading mt-0 mb-0\" id=\"h-your-rights-can-be-lost-if-you-wait\">Sus derechos pueden perderse si espera.<\/h3>\n\n\n\n<p>Aunque los reclamos de fideicomisos de asbesto no son juicios, est\u00e1n sujetos a las mismas limitaciones de tiempo que los juicios.<\/p>\n\n\n\n<h4 class=\"wp-block-heading h4\" id=\"h-these-laws-are-called-statutes-of-limitation\">Estas leyes se denominan estatutos de limitaci\u00f3n.&nbsp;<\/h4>\n\n\n\n<p>Los estatutos de limitaci\u00f3n especifican cu\u00e1nto tiempo tiene una persona para presentar una demanda.<\/p>\n\n\n\n<h4 class=\"wp-block-heading h4\" id=\"h-if-a-person-waits-too-long-they-lose-the-right-to-file-a-lawsuit\">Si una persona espera demasiado, pierde el derecho a presentar una demanda.<\/h4>\n\n\n\n<p>Cada estado pone l\u00edmites al tiempo que las personas tienen para presentar demandas en su propio nombre o en nombre de un ser querido fallecido. Estas leyes se denominan estatutos de limitaci\u00f3n y, si no cumple con uno, no podr\u00e1 presentar ning\u00fan reclamo por asbesto.<\/p>\n\n\n\n<h4 class=\"wp-block-heading h4\" id=\"h-the-exact-same-thing-applies-with-asbestos-trusts\">Exactamente lo mismo se aplica a los fideicomisos de asbesto:&nbsp;<\/h4>\n\n\n\n<p>Si espera demasiado para presentar un reclamo de fideicomiso de asbesto, perder\u00e1 el derecho a hacerlo. Los estatutos de limitaci\u00f3n pueden ser complicados en los casos de asbesto porque una persona generalmente no desarrolla una enfermedad relacionada con el asbesto hasta muchos a\u00f1os despu\u00e9s de haber estado expuesto.<\/p>\n\n\n\n<p>Los estatutos de limitaciones a menudo no son muy sencillos en los casos de asbesto porque hay preguntas sobre cu\u00e1ndo deber\u00eda comenzar el estatuto:<\/p>\n\n\n\n<ul class=\"wp-block-list\">\n<li>\u00bfComienza \u201cel reloj\u201d cuando a una persona se le diagnostica una enfermedad relacionada con el asbesto, o comienza cuando descubre que su enfermedad podr\u00eda haber sido causada por el asbesto?&nbsp;<\/li>\n<\/ul>\n\n\n\n<ul class=\"wp-block-list\">\n<li>Si trabajaron en Texas pero ahora viven en Missouri, \u00bfqu\u00e9 estatuto se aplica?&nbsp;<\/li>\n<\/ul>\n\n\n\n<p>Estos son los tipos de preguntas que mejor se le plantean a un abogado especializado en asbesto, y nos complacer\u00e1 responderlas por usted.<\/p>\n\n\n\n<p><strong>Si cree que tiene derecho a una compensaci\u00f3n por su enfermedad relacionada con el asbesto, llame, env\u00ede un mensaje de texto o env\u00ede un correo electr\u00f3nico a nuestro bufete de abogados para que podamos decirle cu\u00e1nto tiempo tiene para tomar la decisi\u00f3n de presentar un reclamo de fideicomiso o buscar una compensaci\u00f3n por asbesto a trav\u00e9s de una demanda por asbesto.<\/strong>&nbsp;&nbsp;<\/p>\n\n\n\n<p><strong>No le costar\u00e1 nada llamarnos, pero podr\u00eda costarle todo si espera demasiado para presentar un reclamo.<\/strong><\/p>\n\n\n\n<h2 id=\"h-justinian-c-lane-esq-asbestosclaims-law\">Justinian C. Lane, Esq. &#8211; AsbestosClaims.Law<\/h2>\n\n\n\n<p>Mi abuelo, mi abuela y mi padre estuvieron expuestos al asbesto en su trabajo y los tres murieron de c\u00e1nceres relacionados con las v\u00edas respiratorias.<\/p>\n\n\n\n<p><strong>Me enter\u00e9 demasiado tarde de los efectos del asbesto en la salud como para ayudarlos.<\/strong><\/p>\n\n\n\n<p><strong>Pero mi empresa ha ayudado a muchas otras personas a recibir una compensaci\u00f3n por los problemas de salud que desarrollaron por la exposici\u00f3n al asbesto.<\/strong><\/p>\n\n\n\n<p>Ll\u00e1menos, env\u00edenos un mensaje de texto o env\u00edenos un correo electr\u00f3nico para una consulta completamente gratuita y sin compromiso. Escuchar\u00e9 los detalles de tu historia y explicar\u00e9 tus opciones. Solo trabajamos en caso de contingencia, por lo que solo nos pagan si usted lo hace.<\/p>\n\n\n\n<p>Every case is different, but the Law Offices of Justinian C. Lane, Esq. has <span style=\"color:#0AADFF\">obtenido grandes asentamientos<\/span> for thousands of people harmed by asbestos. This compensation has helped ease our clients\u2019 financial burdens, and offers a legacy to leave for their loved ones.<\/p>\n\n\n\n<section class=\"boxtextnew\">\r\n            <div class=\"row pt-5 5 px-xl-0 px-lg-3\" style=\"padding:30px 10px !Important;background-color:#F8F7F6;margin:0px\">\r\n                <div class=\"col-md-12\">\r\n                    <table style=\"width:90%;margin:0px auto\">\r\n                        <tbody><tr>                            \r\n                            <td style=\"width:90%;text-align:left\"><p style=\"margin-top:12px\">En AsbestosClaims.Law, hemos ayudado a miles de personas que estuvieron expuestas al asbesto en su trabajo, autom\u00f3vil o en casa.<\/p><h5 style=\"margin-top:12px;text-align:right\">\u00bfPodemos ayudarte?<\/h5><\/td>                            \r\n                        <\/tr>\r\n                    <\/tbody><\/table>\r\n                <\/div>\r\n            <\/div>\r\n<\/section>"},"excerpt":{"rendered":"<p>Asbestos Trusts \u2014 Sepco Corporation Asbestos Trust Claims: Compensation is Available Without Filing a Lawsuit Asbestos companies and their insurers placed close to $30 Billion dollars into trust funds to pay people who were injured by asbestos. But nearly 40% of the funds have still gone unclaimed by the victims. You may be entitled to [&#8230;]<\/p>\n<p><a class=\"btn btn-secondary understrap-read-more-link\" href=\"https:\/\/www.asbestosclaims.law\/es\/fideicomisos-de-asbesto-2\/base-de-datos-de-fideicomisos\/corporacion-sepco\/\">Leer m\u00e1s&#8230;<\/a><\/p>","protected":false},"author":1,"featured_media":13934,"parent":7261,"menu_order":69,"comment_status":"closed","ping_status":"closed","template":"page-templates\/page-sidebar-template.php","meta":{"_acf_changed":false,"ub_ctt_via":"","footnotes":""},"class_list":["post-13932","page","type-page","status-publish","has-post-thumbnail","hentry"],"acf":[],"featured_image_src":"https:\/\/www.asbestosclaims.law\/wp-content\/uploads\/2023\/07\/Header-justinian-Sepco-Corporation-1450x676-1.jpg","_links":{"self":[{"href":"https:\/\/www.asbestosclaims.law\/es\/wp-json\/wp\/v2\/pages\/13932","targetHints":{"allow":["GET"]}}],"collection":[{"href":"https:\/\/www.asbestosclaims.law\/es\/wp-json\/wp\/v2\/pages"}],"about":[{"href":"https:\/\/www.asbestosclaims.law\/es\/wp-json\/wp\/v2\/types\/page"}],"author":[{"embeddable":true,"href":"https:\/\/www.asbestosclaims.law\/es\/wp-json\/wp\/v2\/users\/1"}],"replies":[{"embeddable":true,"href":"https:\/\/www.asbestosclaims.law\/es\/wp-json\/wp\/v2\/comments?post=13932"}],"version-history":[{"count":13,"href":"https:\/\/www.asbestosclaims.law\/es\/wp-json\/wp\/v2\/pages\/13932\/revisions"}],"predecessor-version":[{"id":13959,"href":"https:\/\/www.asbestosclaims.law\/es\/wp-json\/wp\/v2\/pages\/13932\/revisions\/13959"}],"up":[{"embeddable":true,"href":"https:\/\/www.asbestosclaims.law\/es\/wp-json\/wp\/v2\/pages\/7261"}],"wp:featuredmedia":[{"embeddable":true,"href":"https:\/\/www.asbestosclaims.law\/es\/wp-json\/wp\/v2\/media\/13934"}],"wp:attachment":[{"href":"https:\/\/www.asbestosclaims.law\/es\/wp-json\/wp\/v2\/media?parent=13932"}],"curies":[{"name":"wp","href":"https:\/\/api.w.org\/{rel}","templated":true}]}}