{"id":12901,"date":"2023-03-07T14:29:57","date_gmt":"2023-03-07T20:29:57","guid":{"rendered":"https:\/\/www.asbestosclaims.law\/?page_id=12901"},"modified":"2023-03-07T17:34:15","modified_gmt":"2023-03-07T23:34:15","slug":"claims-for-asbestosis","status":"publish","type":"page","link":"https:\/\/www.asbestosclaims.law\/es\/asbesto-mesotelioma-reclamaciones\/reclamaciones-por-asbestosis\/","title":{"rendered":"Reclamaciones por asbestosis"},"content":{"rendered":"<h2 class=\"wp-block-heading\" id=\"h-asbestosis-claims\">Reclamaciones de asbestosis<\/h2>\n\n\n\n<p>Como un \"mineral milagroso\" aclamado una vez que se us\u00f3 mucho en la industria, hab\u00eda mucho que me gustaba de lo que el asbesto trajo a la mesa antes de mediados de la d\u00e9cada de 1980. Descubierta por primera vez en la antig\u00fcedad, la sustancia tiene muchas de las propiedades que buscan los fabricantes, incluida su bajo costo de uso, adem\u00e1s de ser extremadamente duradera y resistente al calor. Por estas razones y m\u00e1s, la Revoluci\u00f3n Industrial trajo numerosas aplicaciones para el asbesto y la industria del asbesto floreci\u00f3.<\/p>\n\n\n\n<p class=\" translation-block\">Por supuesto, en retrospectiva es 20\/20, y mirando hacia atr\u00e1s, este fue un gran error. Si bien <a href=\"https:\/\/www.asbestosclaims.law\" target=\"_self\">el asbesto<\/a> funciona bien, tambi\u00e9n representa un grave riesgo para la salud de los humanos. Por lo tanto, si bien hasta la fecha no se ha prohibido por completo en los EE. UU., todav\u00eda se usa en ciertas industrias bajo una estricta regulaci\u00f3n, el uso de asbesto ha disminuido dr\u00e1sticamente a lo largo de los a\u00f1os gracias a los esfuerzos de la Agencia de Protecci\u00f3n Ambiental (EPA) para hacer que la p\u00fablico m\u00e1s consciente.<\/p>\n\n\n\n<p class=\" translation-block\">Despu\u00e9s de una ca\u00edda significativa en desgracia, el mineral ahora ha sido demonizado como un asesino silencioso y se han presentado innumerables reclamos para compensar las <a href=\"https:\/\/www.asbestosclaims.law\" target=\"_self\">lesiones relacionadas con el asbesto<\/a>.<\/p>\n\n\n\n<div class=\"wp-block-columns align_center is-layout-flex wp-container-core-columns-is-layout-9d6595d7 wp-block-columns-is-layout-flex\">\n<div class=\"wp-block-column sign-mobile text-center is-layout-flow wp-block-column-is-layout-flow\" style=\"flex-basis:15%\">\n<p class=\"fs_200 color_red\">!<\/p>\n<\/div>\n\n\n\n<div class=\"wp-block-column is-layout-flow wp-block-column-is-layout-flow\">\n<p class=\" translation-block\"><font size=\"5\"><img align=\"left\" width=\"70\" height=\"70\" style=\"padding: 10px;float: left\" src=\"https:\/\/www.asbestosclaims.law\/wp-content\/uploads\/2023\/01\/ex_point_left.png\" class=\"webpexpress-processed smush-detected-img smush-image-17 smush-image-36\"><em>Si es posible que haya estado expuesto al asbesto, hable con su proveedor de atenci\u00f3n m\u00e9dica sobre pruebas y ex\u00e1menes para ayudar a detectar la presencia de fibras de <a href=\"https:\/\/www.asbestosclaims.law\/asbestos-injuries\" target=\"_blank\" rel=\"noreferrer noopener\">enfermedades relacionadas con el asbesto<\/a>.<\/em><\/font><\/p>\n<\/div>\n<\/div>\n\n\n\n<div style=\"height:4px\" aria-hidden=\"true\" class=\"wp-block-spacer\"><\/div>\n\n\n\n<h2 class=\"wp-block-heading\" id=\"h-how-asbestos-is-harmful-to-humans\">C\u00f3mo el asbesto es da\u00f1ino para los humanos<\/h2>\n\n\n\n<p>Si bien muchas personas han escuchado que el asbesto es da\u00f1ino, es posible que no sepan exactamente c\u00f3mo. El peligro radica en la inhalaci\u00f3n de fibras de asbesto. Respirar continuamente las fibras microsc\u00f3picas de asbesto friable (transportado por el aire) puede hacer que se alojen permanentemente en los pulmones. Con el tiempo, su presencia causa irritaci\u00f3n y eventualmente cicatrizaci\u00f3n. El tejido cicatricial es firme e inflexible y restringe el movimiento del sistema respiratorio, lo que dificulta y hace dolorosa la respiraci\u00f3n. Esto eventualmente puede conducir a problemas de salud graves, como asma, enfisema, asbestosis, mesotelioma, c\u00e1ncer de pulm\u00f3n y m\u00e1s.<\/p>\n\n\n\n<p>Debido a que las fibras de asbesto generalmente son invisibles a simple vista, es dif\u00edcil darse cuenta cuando se las inhala. Adem\u00e1s, el per\u00edodo de latencia asociado con los s\u00edntomas de enfermedades relacionadas con el asbesto es tan significativo que las complicaciones a menudo no son observables hasta d\u00e9cadas despu\u00e9s. En el momento en que la salud de uno est\u00e1 obviamente comprometida, es probable que la enfermedad haya progresado y, a menudo, sea fatal.<\/p>\n\n\n\n<p>Dado que el asbesto se us\u00f3 regularmente en la d\u00e9cada de 1980, las personas expuestas en los a\u00f1os previos a la prohibici\u00f3n generalizada de la EPA ahora est\u00e1n experimentando s\u00edntomas por primera vez. Estos individuos estuvieron expuestos hace tantos a\u00f1os, sin embargo, las consecuencias de la exposici\u00f3n ahora se est\u00e1n volviendo evidentes.<\/p>\n\n\n\n<p>Adem\u00e1s de la latencia de los s\u00edntomas que conducen a un aumento en los \u00faltimos a\u00f1os de enfermedades relacionadas con el asbesto, muchos hogares, lugares de trabajo y otros edificios a\u00fan contienen asbesto, lo que significa que las personas a\u00fan est\u00e1n expuestas activamente. Adem\u00e1s, varios productos todav\u00eda contienen fibras, especialmente si se importan de pa\u00edses que han optado por no regularlo.<\/p>\n\n\n\n<p class=\" translation-block\">En pocas palabras, si bien el uso de asbesto ha disminuido significativamente, todav\u00eda es un peligro activo para la salud. Algunas <a href=\"https:\/\/www.sciencedirect.com\/science\/article\/abs\/pii\/S1546084317301761#:~:text=UltimatelyinvestigationbyMerewetherconfirmedtheexistenceof,RegulationsrequiringsimpledustsuppressionmeasuresBartrip1983.\" target=\"_self\">enfermedades<\/a> se pueden rastrear f\u00e1cilmente hasta la exposici\u00f3n, mientras que hacer esta conexi\u00f3n es m\u00e1s complicado en otras debido a factores de riesgo adicionales conocidos. Echemos un vistazo m\u00e1s de cerca a la asbestosis en particular, que (tal vez evidente por su nombre) est\u00e1 directamente relacionada con la exposici\u00f3n.<\/p>\n\n\n\n<div class=\"block_ward_blog my-4\">       \n        <p class=\"title\">\u00bfCalifica usted para una compensaci\u00f3n?<\/p>\n        <p class=\"description\">Descubra r\u00e1pida y f\u00e1cilmente c\u00f3mo estuvo expuesto buscando en WARD, la base de datos de asbesto m\u00e1s grande del planeta.<\/p>\n        <a href=\"https:\/\/www.asbestosclaims.law\/es\/worldwide-asbestos-research-database\/\" class=\"btn\">B\u00daSQUEDA GRATUITA &gt; <\/a>\n    <\/div>\n\n\n\n<h2 class=\"wp-block-heading\" id=\"h-what-exactly-is-asbestosis\">\u00bfQu\u00e9 es exactamente la asbestosis?<\/h2>\n\n\n\n<p class=\" translation-block\">Una vez m\u00e1s, existen ciertas condiciones que podr\u00edan resultar de la exposici\u00f3n al asbesto, mientras que otras se han relacionado directamente. Un m\u00e9dico puede diagnosticar un problema de salud relacionado con el asbesto con el uso de im\u00e1genes y otras formas de prueba.<\/p>\n\n\n\n<p class=\" translation-block\">La asbestosis es una condici\u00f3n de salud relacionada con el asbesto que se diagnostica con frecuencia y que afecta los pulmones. Aunque hab\u00eda estado presente durante mucho tiempo, com\u00fanmente se diagnosticaba err\u00f3neamente como tuberculosis u otras enfermedades pulmonares hasta la d\u00e9cada de 1920, cuando <a href=\"https:\/\/pubmed.ncbi.nlm.nih.gov\/14970292\" target=\"_self\">Thomas Oliver<\/a> finalmente acu\u00f1\u00f3 el t\u00e9rmino \"asbestosis\" en un art\u00edculo m\u00e9dico. A partir de ese momento, la literatura sobre el tema se expandi\u00f3 mucho y los m\u00e9dicos revisaron los casos anteriores y determinaron que efectivamente hab\u00eda asbestosis. El primer caso en el que se diagnostic\u00f3 inicialmente asbestosis (en lugar de otra afecci\u00f3n) fue en un trabajador de aislamiento estadounidense en 1933.<\/p>\n\n\n\n<p>Los s\u00edntomas comunes de la enfermedad incluyen:<\/p>\n\n\n\n<ul class=\"wp-block-list\"><li>Dificultad para respirar<\/li><li>Tos seca persistente<\/li><li>Fatiga<\/li><li>Sibilancias<\/li><li>Dolor o presi\u00f3n en el pecho<\/li><li>P\u00e9rdida de peso<\/li><\/ul>\n\n\n\n<p>Desafortunadamente, la asbestosis es irreversible a menos que un paciente pueda recibir un trasplante de pulm\u00f3n completo. Por lo general, no es fatal por s\u00ed mismo, pero los s\u00edntomas tienden a progresar a medida que el paciente envejece. Todos los tratamientos para la enfermedad se consideran \"paliativos\", lo que significa que est\u00e1n destinados a consolar al paciente y prolongar la vida \u00fatil. La atenci\u00f3n de seguimiento de rutina es necesaria despu\u00e9s de un diagn\u00f3stico inicial y, eventualmente, un m\u00e9dico puede recetar oxigenoterapia para mejorar la funci\u00f3n pulmonar.<\/p>\n\n\n\n<p>Las infecciones respiratorias son motivo de especial preocupaci\u00f3n para las personas con asbestosis, ya que el sistema respiratorio ya est\u00e1 comprometido. Por lo tanto, es importante obtener atenci\u00f3n de inmediato cuando se sospecha una infecci\u00f3n respiratoria. Tambi\u00e9n se pueden proporcionar algunas terapias adicionales en t\u00e9rminos de ejercicios b\u00e1sicos que pueden ayudar a facilitar un poco la respiraci\u00f3n.<\/p>\n\n\n\n<p><a href=\"https:\/\/www.asbestosclaims.law\/es\/asbesto-sintomas-y-tratamiento\/lesiones-por-asbesto\/lesiones-no-malignas\/\">La Asbestosis<\/a> puede conducir a otras condiciones m\u00e1s fatales, incluido el c\u00e1ncer de pulm\u00f3n. Esta es la raz\u00f3n por la cual es vital que los pacientes sigan diligentemente el plan de tratamiento de un m\u00e9dico y contin\u00faen recibiendo ex\u00e1menes de detecci\u00f3n de rutina. Sin embargo, debido a que la atenci\u00f3n m\u00e9dica puede ser costosa, es posible que los pacientes deseen explorar la posibilidad de presentar un reclamo por asbestosis para obtener una compensaci\u00f3n por sus lesiones.<\/p>\n\n\n\n<h2 class=\"wp-block-heading\" id=\"h-asbestos-exposure-risks\">Riesgos de exposici\u00f3n al asbesto<\/h2>\n\n\n\n<p>Hoy en d\u00eda, no hay muchas oportunidades para que la mayor\u00eda de las personas se expongan al asbesto y desarrollen asbestosis. Si bien todav\u00eda se usa en ciertas aplicaciones, esas aplicaciones est\u00e1n altamente reguladas y se utilizan procedimientos de seguridad estrictos para mantener a las personas seguras. Hay algo de asbesto residual al acecho en los edificios m\u00e1s antiguos, por supuesto, pero muchos de estos han sido renovados y\/o demolidos gradualmente a lo largo de los a\u00f1os. Y el asbesto todav\u00eda se usa en el cemento, las piezas de autom\u00f3viles y en otras industrias donde se considera que no es friable y, por lo tanto, de bajo riesgo.<\/p>\n\n\n\n<h3 class=\"wp-block-heading\">Muchos productos antiguos a\u00fan pueden contener asbesto.<\/h3>\n\n\n\n<p>Dicho esto, es posible que otras \u00e1reas del mundo no tengan pautas tan estrictas con respecto al uso del mineral, y se siguen encontrando trazas en productos importados a los EE. UU., como maquillaje, crayones, arcilla y fertilizantes. Johnson &amp; Johnson (J&amp;J) tambi\u00e9n ha enfrentado extensos litigios relacionados con su polvo de talco (talco para beb\u00e9s), un mineral arcilloso que contiene asbesto. Adem\u00e1s, los productos m\u00e1s antiguos que se encuentran en el hogar, como mantas ign\u00edfugas antiguas y otros tapices, accesorios para chimeneas, incluidos le\u00f1os artificiales, y ciertos electrodom\u00e9sticos pueden contener asbesto.&nbsp;<\/p>\n\n\n\n<p>El problema m\u00e1s importante en este punto es que las personas que estuvieron expuestas hace a\u00f1os ahora pueden estar experimentando s\u00edntomas graves por primera vez. Como se indic\u00f3 anteriormente, las enfermedades que se derivan de la exposici\u00f3n suelen tardar a\u00f1os en manifestarse, lo que significa que aquellos que vivieron o trabajaron cerca del asbesto hace d\u00e9cadas podr\u00edan tener problemas de salud como resultado. Por lo tanto, la asbestosis todav\u00eda se diagnostica y trata activamente.&nbsp;<\/p>\n\n\n\n<p>Puede ser \u00fatil saber qu\u00e9 tipo de posibilidades de exposici\u00f3n exist\u00edan antes de la prohibici\u00f3n del asbesto, para que las personas a las que se les haya diagnosticado asbestosis puedan considerar sus opciones para presentar reclamaciones. Cualquiera de las siguientes personas corre el riesgo de ser diagnosticada con asbestosis:&nbsp;<\/p>\n\n\n\n<ul class=\"wp-block-list\"><li><strong>Antiguos trabajadores de la industria del asbesto<\/strong>. Esta categor\u00eda es una de las que seguir\u00e1 teniendo el mayor n\u00famero de v\u00edctimas. Las personas que trabajaban en f\u00e1bricas que produc\u00edan productos como tejas para techos, piezas de frenos, baldosas para pisos, textiles y otros productos manufacturados que se sabe que contienen el mineral probablemente estuvieron expuestos. Adem\u00e1s, los que est\u00e1n en el campo de la construcci\u00f3n probablemente manipularon el mineral en un momento u otro.<br><\/li><li><strong>Sus familiares<\/strong>Una de las formas m\u00e1s furtivas en que el asbesto puede causar da\u00f1o es por exposici\u00f3n de segunda mano, viajar a casa con personas que trabajan con \u00e9l y exponer a sus seres queridos. Las diminutas fibras se pueden transportar largas distancias en la ropa y los accesorios, en el cabello y en las bolsas de trabajo y las loncheras.<br><\/li><li><strong>Los que viven cerca de una mina<\/strong>. Las ciudades cercanas a las antiguas minas de asbesto tienen una mayor incidencia de enfermedades relacionadas con el asbesto, incluso entre las personas que no trabajaban directamente en la industria. Esto se debe a que las fibras contin\u00faan acechando en el suelo, se infiltran en los suministros de agua y viajan por el aire, lo que facilita su ingesti\u00f3n.<\/li><\/ul>\n\n\n\n<p>Cualquier persona que sospeche que le han diagnosticado asbestosis debido a una de las condiciones anteriores puede considerar buscar opciones con respecto a las reclamaciones por lesiones por asbesto.<\/p>\n\n\n\n<h2 class=\"wp-block-heading\" id=\"h-victims-may-be-able-to-secure-compensation\">Las v\u00edctimas pueden ser capaces de obtener una compensaci\u00f3n&nbsp;<\/h2>\n\n\n\n<p>Es importante comprender que las v\u00edctimas de la exposici\u00f3n al asbesto que han sufrido graves consecuencias para la salud como resultado pueden presentar un reclamo por asbestosis y buscar una compensaci\u00f3n por sus lesiones. Cada caso es \u00fanico y los resultados de las acciones legales variar\u00e1n de uno a otro, pero vale la pena explorar esta posibilidad.&nbsp;<\/p>\n\n\n\n<p class=\" translation-block\">Trabajar con un bufete de abogados que est\u00e9 bien versado en reclamos por asbestosis es un paso importante. En algunos casos, es posible recibir acceso a una parte de los fondos de bancarrota preestablecidos, mientras que en otros casos, presentar una demanda individual por lesiones personales podr\u00eda ser el enfoque correcto. El experimentado equipo de <a href=\"https:\/\/www.asbestosclaims.law\" target=\"_self\">AsbestosClaims.law<\/a> puede ayudar a los clientes a navegar el sistema legal, a veces complicado, para determinar el mejor curso de acci\u00f3n.<\/p>\n\n\n\n<p>Adem\u00e1s de cubrir las facturas m\u00e9dicas y los gastos de rehabilitaci\u00f3n, los pagos por asbestosis pueden incluir una determinaci\u00f3n monetaria por el dolor y el sufrimiento, la p\u00e9rdida de salarios e incluso la p\u00e9rdida del disfrute de la vida.&nbsp;<\/p>\n\n\n\n<p>Ser diagnosticado con asbestosis no es f\u00e1cil, ni para el paciente ni para sus seres queridos. Cualquiera que crea que puede haber sido v\u00edctima de la exposici\u00f3n debe al menos considerar la posibilidad de un reclamo por asbestosis. Esto no solo ayudar\u00e1 a aliviar parte de la carga financiera del tratamiento, sino que garantizar\u00e1 que los responsables rindan cuentas por sus acciones.<\/p>\n\n\n\n<section class=\"boxtextnew\">\n            <div class=\"row pt-5 5 px-xl-0 px-lg-3\" style=\"padding:30px 10px !Important; background-color:#F8F7F6; margin:0px;\">\n                <div>\n                    <table style=\"width:90%; margin:0px auto;\">\n                        <tbody><tr>                            \n                            <td style=\"width:90%; text-align:left;\"><h3 style=\"margin-top:12px;\">AsbestosClaims.Law<\/h3>\n<strong><p>Para Justinian C. Lane, obtener una indemnizaci\u00f3n por las v\u00edctimas del asbesto es algo personal.<\/p><\/strong><br>\n<p>Los abuelos de Justiniano y su padre trabajaron con asbesto en su juventud y murieron de c\u00e1nceres relacionados con el asbesto en sus \u00faltimos a\u00f1os. <\/p>\n<strong><p>En el momento de cada una de sus muertes, nadie en la familia de Justiniano sab\u00eda que eran elegibles para presentar una demanda por asbesto y buscar una compensaci\u00f3n de los fideicomisos de asbesto.<\/p><\/strong><br>\n<p>Debido a que nadie en la familia de Justiniano conoc\u00eda sus opciones, nunca recibieron compensaci\u00f3n alguna por la muerte de sus seres queridos.<\/p>\n<strong><h3 class=\" translation-block\">Si cree que su lesi\u00f3n o la de su familiar estuvo relacionada con la exposici\u00f3n al asbesto, podr\u00eda tener derecho a una <a href=\"https:\/\/www.asbestosclaims.law\/asbestos-claims\" target=\"_self\">compensaci\u00f3n significativa.<\/a><\/h3><\/strong><br>\n<p>Este es dinero que podr\u00eda usar para cubrir los costos de los servicios de remoci\u00f3n de asbesto, pagar el tratamiento m\u00e9dico y proteger de manera preventiva su bienestar f\u00edsico.<\/p>\n<h3 class=\" translation-block\">Tambi\u00e9n hay fideicomisos de asbesto que ofrecen compensaci\u00f3n mucho m\u00e1s r\u00e1pida y f\u00e1cilmente (<u>sin presentar una demanda<\/u>).<\/h3>\n<p>Si desea ayuda para presentar un reclamo, <a href=\"https:\/\/www.asbestosclaims.law\/es\/about-us\/contacta-con-nosotros\/\">ponerse en contacto<\/a> por correo electr\u00f3nico a <a href=\"mailto:help@asbestosclaims.law\">help@asbestosclaims.law<\/a>, us or call or text us at <a href=\"tel:2064559190\" target=\"_blank\" rel=\"noreferrer noopener\" id=\"phone_body_2064559190\">(206) 455-9190<\/a>. Escucharemos su historia y le explicaremos sus opciones. Y nunca cobramos por nada a menos que reciba dinero en su bolsillo.<\/p>\n<p>Adem\u00e1s de <a href=\"https:\/\/www.asbestosclaims.law\/es\/asbestos-litigation\/\">demandas legales<\/a>, <a href=\"https:\/\/www.asbestosclaims.law\/es\/veterans-disability-claims\/\">discapacidad de veteranos<\/a>, social security and employment protection like <a href=\"https:\/\/www.asbestosclaims.law\/es\/workers-compensation\/\">compensaci\u00f3n de trabajadores<\/a>, <a href=\"https:\/\/www.asbestosclaims.law\/es\/fela-claims\/\">FELA<\/a> y <a href=\"https:\/\/www.asbestosclaims.law\/es\/asbestos-claims\/maritime-claims\/\">La ley de Jones<\/a> para los trabajadores mar\u00edtimos, hay <a href=\"https:\/\/www.asbestosclaims.law\/es\/fideicomisos-de-asbesto-2\/\">fideicomisos de asbesto<\/a> que se han establecido para indemnizar a los perjudicados por el asbesto sin tener que presentar una demanda.<\/p>\n<h3>No hay riesgo ni costo para hablar con uno de nuestro personal sobre su litigio de asbesto. No hay cargos a menos que reciba dinero.<\/h3>\n<p>Si tiene preguntas o inquietudes adicionales relacionadas con el asbesto, visite nuestro <a href=\"https:\/\/www.asbestosclaims.law\/es\/\">sitio web<\/a> y <a href=\"http:\/\/youtube.com\/channel\/UCZ8k_hDOrgpwHTVwzZHKcmA\">p\u00e1gina de YouTube<\/a> para ver videos, infograf\u00edas y respuestas a sus preguntas sobre el asbesto, incluida <a href=\"https:\/\/www.asbestosclaims.law\/es\/blogtag\/health-and-safety\/\">la salud y la seguridad<\/a>, <a href=\"https:\/\/www.asbestosclaims.law\/es\/asbestos-blog\/estoy-mudandome-deberia-tener-prueba-de-asbesto-gratis\/\">prueba de asbesto<\/a>, <a href=\"https:\/\/www.asbestosclaims.law\/es\/blogtag\/asbestos-removal\/\">la eliminaci\u00f3n del asbesto de su hogar y edificio<\/a>, y <a href=\"https:\/\/www.asbestosclaims.law\/es\/asbestos-mesothelioma-claims\/\">informaci\u00f3n legal<\/a> sobre <a href=\"https:\/\/www.asbestosclaims.law\/es\/asbestos-trusts\/what-are-asbestos-trusts-and-why-do-they-exist\/\">compensation for asbestos injuries.<\/a><\/p>\n<h4>Presentamos la base de datos de informaci\u00f3n sobre asbesto m\u00e1s grande del planeta.<\/h4>\n<p class=\" translation-block\"><a href=\"https:\/\/www.asbestosclaims.law\/worldwide-asbestos-research-database\/\" target=\"_self\">W.A.R.D.<\/a>, que significa Worldwide Asbestos Research Database, ayuda a los clientes a reducir cu\u00e1ndo y d\u00f3nde pueden haber estado expuestos, as\u00ed como qu\u00e9 productos a\u00fan pueden contener asbesto.WARD tambi\u00e9n ayudar\u00e1 a indicar los tipos de compensaci\u00f3n ya cu\u00e1nto puede tener derecho una persona.<\/p>\n<\/td>                            \n                        <\/tr>\n                    <\/tbody><\/table>\n                <\/div>\n            <\/div>\n        <\/section>\n\n\n\n<br>\n<p style=\"font-size: 0.7rem;\"> Patti Kratzke, Robert A. Kratzke (2018). Asbestos-Related Disease. Journal of Radiology Nursing (37)1, pp. 21-26. doi: 10.1016\/j.jradnu.2017.12.003. <br>\nBartrip PW. History of asbestos related disease. Postgrad Med J. 2004 Feb;80(940):72-6. doi: 10.1136\/pmj.2003.012526. PMID: 14970292; PMCID: PMC1742940. <\/p>"},"excerpt":{"rendered":"<p>Asbestosis Claims As a once-hailed \u201cmiracle mineral\u201d that was used heavily in industry, there was a lot to like about what asbestos brought to the table prior to the mid-1980s. First discovered in ancient times, the substance has many of the properties manufacturers look for, including being inexpensive to use, as well as extremely durable [&#8230;]<\/p>\n<p><a class=\"btn btn-secondary understrap-read-more-link\" href=\"https:\/\/www.asbestosclaims.law\/es\/asbesto-mesotelioma-reclamaciones\/reclamaciones-por-asbestosis\/\">Leer m\u00e1s&#8230;<\/a><\/p>","protected":false},"author":1,"featured_media":12911,"parent":7170,"menu_order":14,"comment_status":"closed","ping_status":"closed","template":"page-templates\/page-sidebar-template.php","meta":{"_acf_changed":false,"ub_ctt_via":"","footnotes":""},"class_list":["post-12901","page","type-page","status-publish","has-post-thumbnail","hentry"],"acf":[],"featured_image_src":"https:\/\/www.asbestosclaims.law\/wp-content\/uploads\/2023\/03\/mesothelioma-cancer-claims-hero.jpg","_links":{"self":[{"href":"https:\/\/www.asbestosclaims.law\/es\/wp-json\/wp\/v2\/pages\/12901","targetHints":{"allow":["GET"]}}],"collection":[{"href":"https:\/\/www.asbestosclaims.law\/es\/wp-json\/wp\/v2\/pages"}],"about":[{"href":"https:\/\/www.asbestosclaims.law\/es\/wp-json\/wp\/v2\/types\/page"}],"author":[{"embeddable":true,"href":"https:\/\/www.asbestosclaims.law\/es\/wp-json\/wp\/v2\/users\/1"}],"replies":[{"embeddable":true,"href":"https:\/\/www.asbestosclaims.law\/es\/wp-json\/wp\/v2\/comments?post=12901"}],"version-history":[{"count":27,"href":"https:\/\/www.asbestosclaims.law\/es\/wp-json\/wp\/v2\/pages\/12901\/revisions"}],"predecessor-version":[{"id":12929,"href":"https:\/\/www.asbestosclaims.law\/es\/wp-json\/wp\/v2\/pages\/12901\/revisions\/12929"}],"up":[{"embeddable":true,"href":"https:\/\/www.asbestosclaims.law\/es\/wp-json\/wp\/v2\/pages\/7170"}],"wp:featuredmedia":[{"embeddable":true,"href":"https:\/\/www.asbestosclaims.law\/es\/wp-json\/wp\/v2\/media\/12911"}],"wp:attachment":[{"href":"https:\/\/www.asbestosclaims.law\/es\/wp-json\/wp\/v2\/media?parent=12901"}],"curies":[{"name":"wp","href":"https:\/\/api.w.org\/{rel}","templated":true}]}}