{"id":11462,"date":"2022-10-12T21:52:10","date_gmt":"2022-10-12T21:52:10","guid":{"rendered":"https:\/\/www.asbestosclaims.law\/?page_id=11462"},"modified":"2023-07-13T11:06:13","modified_gmt":"2023-07-13T17:06:13","slug":"burns-and-roe-enterprises","status":"publish","type":"page","link":"https:\/\/www.asbestosclaims.law\/es\/fideicomisos-de-asbesto-2\/base-de-datos-de-fideicomisos\/empresas-burns-y-roe\/","title":{"rendered":"Empresas Burns y Roe"},"content":{"rendered":"<h2 class=\"wp-block-heading\" id=\"h-asbestos-trust-claims-compensation-is-available-without-filing-a-lawsuit\">Reclamaciones de fideicomiso de asbesto: la compensaci\u00f3n est\u00e1 disponible sin presentar una demanda<\/h2>\n\n\n\n<section class=\"boxtextnew\">\n            <div class=\"row pt-5 5 px-xl-0 px-lg-3\" style=\"padding:30px 10px !Important; background-color:#F8F7F6; margin:0px;\">\n                <div>\n                    <table style=\"width:90%; margin:0px auto;\">\n                        <tbody><tr>                           \n                            <td style=\"text-align:left;\">\n<h3>Las compa\u00f1\u00edas de asbesto y sus aseguradoras colocaron cerca de $ 30 mil millones de d\u00f3lares en fondos fiduciarios para pagar a las personas que resultaron heridas por el asbesto.<\/h3>\n<h4 style=\"margin-top:12px;\">Pero casi el 40% de los fondos a\u00fan no han sido reclamados por las v\u00edctimas. Es posible que tenga derecho a una parte de estos fondos.<\/h4><\/td>                            \n                        <\/tr>\n                    <\/tbody><\/table>\n                <\/div>\n            <\/div>\n        <\/section>\n\n\n\n<h3 id=\"h-applying-for-asbestos-trust-fund-compensation-is-not-getting-into-a-fight\" style=\"color:#444444!important\">Solicitar la compensaci\u00f3n del fondo fiduciario de asbesto no es entrar en una pelea<\/h3>\n\n\n\n<h3 class=\"wp-block-heading\" id=\"h-this-money-was-set-aside-in-a-trust-account-for-those-who-were-injured\">Este dinero se reserv\u00f3 en una cuenta fiduciaria para los heridos.<\/h3>\n\n\n\n<p>Solicitar un pago de estos fideicomisos no afecta a ninguna empresa ni sale del bolsillo de nadie. Este es dinero del seguro espec\u00edficamente para ayudar a las personas lesionadas por el asbesto.&nbsp;<\/p>\n\n\n\n<p><strong>El tribunal orden\u00f3 los fondos porque la industria del asbesto ya no pudo ocultar su secreto: el asbesto es muy peligroso para respirar.<\/strong><\/p>\n\n\n\n<h2 class=\"wp-block-heading\" id=\"h-burns-and-roe-personal-injury-trust\">Fideicomiso de lesiones personales de Burns and Roe<\/h2>\n\n\n\n<div class=\"wp-block-columns m-0 background_cloud p-3 is-layout-flex wp-container-core-columns-is-layout-9d6595d7 wp-block-columns-is-layout-flex\">\n<div class=\"wp-block-column is-layout-flow wp-block-column-is-layout-flow\">\n<p><strong>Fideicomiso de lesiones personales de Burns and Roe<\/strong><\/p>\n<\/div>\n<\/div>\n\n\n\n<figure class=\"wp-block-table is-style-stripes\"><table><tbody><tr><td><strong>Fundaci\u00f3n de la empresa<\/strong><\/td><td>1932<\/td><\/tr><tr><td><strong>Negocios principales<\/strong><\/td><td>contrataci\u00f3n de ingenier\u00eda<\/td><\/tr><tr><td><strong>Bancarrota<\/strong><\/td><td>Distrito de Nueva Jersey (2000)<\/td><\/tr><tr><td><strong>A\u00f1o en que se fund\u00f3 el fideicomiso<\/strong><\/td><td>2009<\/td><\/tr><tr><td><strong>Activos en la fundaci\u00f3n<\/strong><\/td><td>$172,000,000<\/td><\/tr><tr><td><strong>Assets as of 2022<\/strong><\/td><td>$91,177,716<\/td><\/tr><tr><td><strong>Porcentaje de pago<\/strong><\/td><td>Treinta y dos por ciento (32%)<\/td><\/tr><tr><td><strong>Cantidad de dinero pagada hasta la fecha<\/strong><\/td><td>$71,302,988<\/td><\/tr><tr><td><strong>N\u00famero de reclamaciones pagadas<\/strong><\/td><td>24,821<\/td><\/tr><\/tbody><\/table><\/figure>\n\n\n\n<figure class=\"wp-block-image size-full\"><img decoding=\"async\" width=\"1430\" height=\"510\" src=\"https:\/\/www.asbestosclaims.law\/wp-content\/uploads\/2022\/10\/working-on-electric-system.jpg\" alt=\"\" class=\"wp-image-11498\" srcset=\"https:\/\/www.asbestosclaims.law\/wp-content\/uploads\/2022\/10\/working-on-electric-system.jpg 1430w, https:\/\/www.asbestosclaims.law\/wp-content\/uploads\/2022\/10\/working-on-electric-system-540x193.jpg 540w, https:\/\/www.asbestosclaims.law\/wp-content\/uploads\/2022\/10\/working-on-electric-system-768x274.jpg 768w, https:\/\/www.asbestosclaims.law\/wp-content\/uploads\/2022\/10\/working-on-electric-system-18x6.jpg 18w\" sizes=\"(max-width: 1430px) 100vw, 1430px\" \/><\/figure>\n\n\n\n<h3 class=\"wp-block-heading\" id=\"h-company-summary\">Sumario de la compa\u00f1\u00eda<\/h3>\n\n\n\n<p>Burns and Roe Enterprises, Inc. fue fundada en 1932 e incorporada en Nueva Jersey en 1935. Fue fundada por cuatro hombres que anteriormente trabajaron juntos en Electric Management and Engineering Company que hab\u00edan perdido sus trabajos, pero quer\u00edan permanecer en el mismo campo y brindar Servicios de calidad. La empresa ten\u00eda 20 patentes de ingenier\u00eda pendientes cuando se incorpor\u00f3 en 1935.<\/p>\n\n\n\n<ul class=\"wp-block-list\">\n<li>Como contratistas de ingenier\u00eda, Burns and Roe supervis\u00f3 y particip\u00f3 en la construcci\u00f3n de numerosas centrales el\u00e9ctricas, incluidas Con Edison en Nueva York, la Junta de Agua y Luz El\u00e9ctrica de Lansing y la planta de Jacob E. Decker and Sons.<\/li>\n\n\n\n<li>A medida que pasaba el tiempo, la compa\u00f1\u00eda trabaj\u00f3 en estrecha colaboraci\u00f3n con el ej\u00e9rcito de los EE. UU. para desarrollar equipos para su uso en la Segunda Guerra Mundial.<\/li>\n\n\n\n<li>Desde la d\u00e9cada de 1950 hasta la de 1970, Burns y Roe trabajaron con la NASA y el ej\u00e9rcito en el desarrollo de tecnolog\u00eda para misiles y sistemas de defensa antimisiles.<\/li>\n\n\n\n<li>El asbesto puede no parecer algo que preocupara a Burns and Roe en su calidad de contratista, pero ese no es el caso. Los productos de asbesto se utilizaron en equipos generadores de energ\u00eda, como turbinas, para garantizar que el equipo funcionara a la temperatura correcta.<\/li>\n\n\n\n<li>El asbesto tambi\u00e9n prevalec\u00eda en cualquier lugar donde hubiera una preocupaci\u00f3n por mantener la temperatura o evitar que el calor da\u00f1ara la funcionalidad del equipo y los empleados de Burns and Roe y los trabajadores de la planta de energ\u00eda habr\u00edan estado en riesgo de exposici\u00f3n.<\/li>\n\n\n\n<li>Burns and Roe fue adquirida por Power Engineers en 2014.<\/li>\n<\/ul>\n\n\n\n<h3 class=\"wp-block-heading\" id=\"h-secondary-asbestos-exposure\">Exposici\u00f3n Secundaria al Asbesto<\/h3>\n\n\n\n<h4 class=\"wp-block-heading\" id=\"h-spouses-and-household-members-of-workers-may-qualify-for-the-burns-roe-personal-injury-trust-as-well\">Los c\u00f3nyuges y miembros del hogar de los trabajadores tambi\u00e9n pueden calificar para el Fideicomiso de lesiones personales de Burns &amp; Roe.<\/h4>\n\n\n\n<p>Las personas que trajeron asbesto a casa en su ropa de trabajo tambi\u00e9n pueden haber estado expuestas en sus hogares y veh\u00edculos. Esto incluye especialmente a cualquier persona que lave regularmente ropa de trabajo contaminada con asbesto. El asbesto es polvoriento y duradero, y cualquiera que haya pasado tiempo en un garaje o en un peque\u00f1o cuarto de lavado respir\u00e1ndolo podr\u00eda haber estado en riesgo.<\/p>\n\n\n\n<h4 class=\"wp-block-heading\" id=\"h-in-2009-burns-roe-enterprises-created-the-burns-roe-personal-injury-trust-under-its-chapter-11-joint-plan-of-reorganization-the-current-payment-percentage-is-32\">En 2009, Burns &amp; Roe Enterprises cre\u00f3 Burns &amp; Roe Personal Injury Trust bajo su Plan Conjunto de Reorganizaci\u00f3n del Cap\u00edtulo 11. El porcentaje de pago actual es del 32%.<\/h4>\n\n\n\n<p>Burns and Roe Enterprises vio el primero de sus reclamos por lesiones por asbesto a principios de la d\u00e9cada de 1980.Luego, la compa\u00f1\u00eda se acogi\u00f3 al Cap\u00edtulo 11 de bancarrota en 2009.<\/p>\n\n\n\n<p>El Fideicomiso afirma que se estableci\u00f3 para \u201cprocesar, liquidar y pagar reclamaciones v\u00e1lidas por lesiones personales relacionadas con el asbesto\u201d. El porcentaje de pago ayuda a garantizar que los fondos permanezcan disponibles para futuros reclamantes.&nbsp;&nbsp;&nbsp;&nbsp;<\/p>\n\n\n\n<p class=\" translation-block\">El fideicomiso de lesiones personales de Burns &amp; Roe ha establecido formularios y procedimientos para solicitar y cobrar compensaci\u00f3n del fideicomiso. Puedes conocer m\u00e1s en su <a href=\"http:\/\/www.burnsandroetrust.com\/\" target=\"_self\">sitio web<\/a>.<\/p>\n\n\n\n<h2 class=\"wp-block-heading\" id=\"h-important-facts-about-asbestos-trust-compensation-for-people-with-asbestos-illnesses\">Datos importantes sobre la compensaci\u00f3n del fideicomiso de asbesto para personas con enfermedades de asbesto<\/h2>\n\n\n\n<div class=\"wp-block-columns is-layout-flex wp-container-core-columns-is-layout-9d6595d7 wp-block-columns-is-layout-flex\">\n<div class=\"wp-block-column is-vertically-aligned-top is-layout-flow wp-block-column-is-layout-flow\">\n<h3 id=\"h-the-vast-majority-of-our-clients-qualify-for-payments-from-multiple-asbestos-trusts\" style=\"margin-top:0px\">La gran mayor\u00eda de nuestros clientes califican para pagos de m\u00faltiples fideicomisos de asbesto.<\/h3>\n<\/div>\n\n\n\n<div class=\"wp-block-column is-layout-flow wp-block-column-is-layout-flow\">\n<figure class=\"wp-block-image size-full\"><img decoding=\"async\" width=\"385\" height=\"120\" src=\"https:\/\/www.asbestosclaims.law\/wp-content\/uploads\/2022\/10\/Asbestos-Trust-Burns-and-Roe-Enterprises-1.jpg\" alt=\"\" class=\"wp-image-11503\" srcset=\"https:\/\/www.asbestosclaims.law\/wp-content\/uploads\/2022\/10\/Asbestos-Trust-Burns-and-Roe-Enterprises-1.jpg 385w, https:\/\/www.asbestosclaims.law\/wp-content\/uploads\/2022\/10\/Asbestos-Trust-Burns-and-Roe-Enterprises-1-18x6.jpg 18w\" sizes=\"(max-width: 385px) 100vw, 385px\" \/><\/figure>\n<\/div>\n<\/div>\n\n\n\n<p>Dependiendo de d\u00f3nde trabaj\u00f3 o c\u00f3mo estuvo expuesto al asbesto, puede calificar para presentar reclamos con m\u00e1s de un fideicomiso de asbesto. Diferentes ocupaciones trabajaron con diferentes tipos de productos de asbesto. La ubicaci\u00f3n del trabajo, el sitio de trabajo real, tambi\u00e9n afecta qu\u00e9 reclamos se pueden presentar. Cada caso es \u00fanico y miles de clientes han podido recibir compensaci\u00f3n de m\u00faltiples fideicomisos de asbesto.<\/p>\n\n\n\n<div class=\"wp-block-columns is-layout-flex wp-container-core-columns-is-layout-9d6595d7 wp-block-columns-is-layout-flex\">\n<div class=\"wp-block-column is-layout-flow wp-block-column-is-layout-flow\">\n<figure class=\"wp-block-image size-full\"><img decoding=\"async\" width=\"385\" height=\"120\" src=\"https:\/\/www.asbestosclaims.law\/wp-content\/uploads\/2022\/10\/Asbestos-Trust-Burns-and-Roe-Enterprises-2.jpg\" alt=\"\" class=\"wp-image-11504\" srcset=\"https:\/\/www.asbestosclaims.law\/wp-content\/uploads\/2022\/10\/Asbestos-Trust-Burns-and-Roe-Enterprises-2.jpg 385w, https:\/\/www.asbestosclaims.law\/wp-content\/uploads\/2022\/10\/Asbestos-Trust-Burns-and-Roe-Enterprises-2-18x6.jpg 18w\" sizes=\"(max-width: 385px) 100vw, 385px\" \/><\/figure>\n<\/div>\n\n\n\n<div class=\"wp-block-column is-vertically-aligned-top is-layout-flow wp-block-column-is-layout-flow\">\n<h3 id=\"h-asbestos-trust-claims-are-not-lawsuits-and-do-not-affect-a-person-s-employer-or-benefits\" style=\"margin-top:0px\">Las reclamaciones del fideicomiso de asbesto no son juicios y no afectan al empleador ni a los beneficios de una persona.<\/h3>\n<\/div>\n<\/div>\n\n\n\n<p>Presentar reclamos ante fideicomisos de asbesto es un acto separado de presentar una demanda contra ciertas empresas. Sin embargo, es posible presentar una demanda y, adem\u00e1s, presentar reclamos con fideicomisos de asbesto. Esta determinaci\u00f3n se realiza caso por caso seg\u00fan el trabajo y\/o el historial de exposici\u00f3n de cada cliente. Las empresas que no est\u00e1n en quiebra son elegibles para ser demandadas en una demanda, mientras que las empresas en quiebra son aquellas a las que se les orden\u00f3 establecer fideicomisos de quiebra de asbesto.<\/p>\n\n\n\n<p>Los fideicomisos de asbesto existen con el prop\u00f3sito de otorgar una compensaci\u00f3n a los reclamantes calificados. Los tribunales designaron que el dinero se apartara espec\u00edficamente para pagar a las personas lesionadas por el asbesto. No tiene que estar jubilado para presentar un reclamo, y el reclamo no afecta a su(s) empleador(es) actual(es) o anterior(es), ni a ning\u00fan beneficio que ya pueda recibir. Si trabaj\u00f3 con productos o en un sitio de trabajo que era propiedad de una empresa que ha establecido un fideicomiso de asbesto, puede cumplir con los criterios de compensaci\u00f3n.<\/p>\n\n\n\n<div class=\"wp-block-columns is-layout-flex wp-container-core-columns-is-layout-9d6595d7 wp-block-columns-is-layout-flex\">\n<div class=\"wp-block-column is-vertically-aligned-top is-layout-flow wp-block-column-is-layout-flow\">\n<h3 id=\"h-veterans-injured-by-asbestos-exposure-during-service-can-claim-asbestos-trust-compensation-and-veterans-benefits\" style=\"margin-top:0px\">Los veteranos lesionados por la exposici\u00f3n al asbesto durante el servicio pueden reclamar una compensaci\u00f3n del fideicomiso de asbesto y beneficios para veteranos<\/h3>\n<\/div>\n\n\n\n<div class=\"wp-block-column is-layout-flow wp-block-column-is-layout-flow\">\n<figure class=\"wp-block-image size-full\"><img decoding=\"async\" width=\"385\" height=\"120\" src=\"https:\/\/www.asbestosclaims.law\/wp-content\/uploads\/2022\/10\/Asbestos-Trust-Burns-and-Roe-Enterprises-3.jpg\" alt=\"\" class=\"wp-image-11505\" srcset=\"https:\/\/www.asbestosclaims.law\/wp-content\/uploads\/2022\/10\/Asbestos-Trust-Burns-and-Roe-Enterprises-3.jpg 385w, https:\/\/www.asbestosclaims.law\/wp-content\/uploads\/2022\/10\/Asbestos-Trust-Burns-and-Roe-Enterprises-3-18x6.jpg 18w\" sizes=\"(max-width: 385px) 100vw, 385px\" \/><\/figure>\n<\/div>\n<\/div>\n\n\n\n<p>El uso de asbesto fue extremadamente com\u00fan en el ej\u00e9rcito estadounidense durante d\u00e9cadas. Los barcos de la Marina se construyeron con aislamiento de asbesto para garantizar que fueran ign\u00edfugos. Las salas de calderas de los barcos estaban llenas de aislamiento de asbesto, juntas y v\u00e1lvulas utilizadas en los distintos tipos de equipos. Los tanques y veh\u00edculos militares usaban piezas de frenos que conten\u00edan asbesto, as\u00ed como juntas y v\u00e1lvulas. Estos son solo algunos ejemplos de d\u00f3nde se habr\u00eda encontrado asbesto.<\/p>\n\n\n\n<p>Algunos trabajos militares, como mec\u00e1nicos, caldereros e instaladores de tuber\u00edas, por nombrar algunos, podr\u00edan causar que los miembros del servicio est\u00e9n directamente expuestos al asbesto. Otros trabajos requer\u00edan que el trabajo se hiciera cerca de quienes usaban o trabajaban con asbesto, lo que a\u00fan pon\u00eda en riesgo a esos trabajadores. Los beneficios de un veterano militar no se ver\u00e1n afectados por la presentaci\u00f3n de reclamos de fideicomiso de asbesto; esto es cierto incluso si ya recibe beneficios por discapacidad del VA.<\/p>\n\n\n\n<div class=\"wp-block-columns is-layout-flex wp-container-core-columns-is-layout-9d6595d7 wp-block-columns-is-layout-flex\">\n<div class=\"wp-block-column is-layout-flow wp-block-column-is-layout-flow\">\n<figure class=\"wp-block-image size-full\"><img decoding=\"async\" width=\"385\" height=\"120\" src=\"https:\/\/www.asbestosclaims.law\/wp-content\/uploads\/2022\/10\/Asbestos-Trust-Burns-and-Roe-Enterprises-4.jpg\" alt=\"\" class=\"wp-image-11506\" srcset=\"https:\/\/www.asbestosclaims.law\/wp-content\/uploads\/2022\/10\/Asbestos-Trust-Burns-and-Roe-Enterprises-4.jpg 385w, https:\/\/www.asbestosclaims.law\/wp-content\/uploads\/2022\/10\/Asbestos-Trust-Burns-and-Roe-Enterprises-4-18x6.jpg 18w\" sizes=\"(max-width: 385px) 100vw, 385px\" \/><\/figure>\n<\/div>\n\n\n\n<div class=\"wp-block-column is-layout-flow wp-block-column-is-layout-flow\">\n<h3 id=\"h-cigarette-smokers-are-absolutely-eligible-to-file-asbestos-trust-claims\" style=\"margin-top:0px\">Los fumadores de cigarrillos son absolutamente elegibles para presentar reclamos de fideicomiso de asbesto<\/h3>\n<\/div>\n<\/div>\n\n\n\n<p><h5 class=\"h5 has-background\" id=\"h-one-of-the-common-misconceptions-surrounding-asbestos-trust-claims-is-that-people-who-smoked-are-not-eligible-to-file-for-compensation-that-s-absolutely-false\" style=\"background-color:#ccc8c4\"><em>Uno de los conceptos err\u00f3neos comunes que rodean las reclamaciones de fideicomisos de asbesto es que las personas que fumaron no pueden solicitar una compensaci\u00f3n.<\/em><br><br>Eso es absolutamente falso.&nbsp;<\/h5><\/p>\n\n\n\n<h4 class=\"wp-block-heading\" id=\"h-our-office-has-recovered-many-trust-settlements-on-behalf-of-smokers\"><strong>Nuestra oficina ha recuperado muchos acuerdos de fideicomiso en nombre de fumadores.&nbsp;<\/strong><\/h4>\n\n\n\n<p>La exposici\u00f3n al asbesto hace que sea cinco veces m\u00e1s probable que desarrolle c\u00e1ncer de pulm\u00f3n. Fumar hace que sea diez veces m\u00e1s probable que desarrolle c\u00e1ncer de pulm\u00f3n. Pero ser un fumador con exposici\u00f3n al asbesto hace que sea cincuenta veces m\u00e1s probable que desarrolle c\u00e1ncer de pulm\u00f3n.<\/p>\n\n\n\n<h5 class=\"wp-block-heading\" id=\"h-and-that-s-why-asbestos-companies-will-pay-compensation-to-industrial-workers-or-others-exposed-to-asbestos-even-if-they-were-lifelong-smokers\"><strong><em>Y es por eso que las empresas de asbesto pagar\u00e1n una compensaci\u00f3n a los trabajadores industriales u otras personas expuestas al asbesto, incluso si fueron fumadores de por vida.&nbsp;<\/em><\/strong><\/h5>\n\n\n\n<p>Lo s\u00e9 porque muchos de ellos son mis clientes.<\/p>\n\n\n\n<div class=\"wp-block-columns is-layout-flex wp-container-core-columns-is-layout-9d6595d7 wp-block-columns-is-layout-flex\">\n<div class=\"wp-block-column is-vertically-aligned-center is-layout-flow wp-block-column-is-layout-flow\">\n<h3 id=\"h-your-rights-can-be-lost-if-you-wait\" style=\"margin-top:0px\">Sus derechos pueden perderse si espera.<\/h3>\n<\/div>\n\n\n\n<div class=\"wp-block-column is-vertically-aligned-top is-layout-flow wp-block-column-is-layout-flow\">\n<figure class=\"wp-block-image size-full\"><img decoding=\"async\" width=\"385\" height=\"120\" src=\"https:\/\/www.asbestosclaims.law\/wp-content\/uploads\/2022\/10\/Asbestos-Trust-Burns-and-Roe-Enterprises-5.jpg\" alt=\"\" class=\"wp-image-11507\" srcset=\"https:\/\/www.asbestosclaims.law\/wp-content\/uploads\/2022\/10\/Asbestos-Trust-Burns-and-Roe-Enterprises-5.jpg 385w, https:\/\/www.asbestosclaims.law\/wp-content\/uploads\/2022\/10\/Asbestos-Trust-Burns-and-Roe-Enterprises-5-18x6.jpg 18w\" sizes=\"(max-width: 385px) 100vw, 385px\" \/><\/figure>\n<\/div>\n<\/div>\n\n\n\n<p>Aunque los reclamos de fideicomisos de asbesto no son juicios, est\u00e1n sujetos a las mismas limitaciones de tiempo que los juicios.&nbsp;&nbsp;<\/p>\n\n\n\n<h4 class=\"wp-block-heading\" id=\"h-these-laws-are-called-statutes-of-limitation\"><strong>Estas leyes se denominan estatutos de limitaci\u00f3n.<\/strong><\/h4>\n\n\n\n<p>Los estatutos de limitaci\u00f3n especifican cu\u00e1nto tiempo tiene una persona para presentar una demanda.<\/p>\n\n\n\n<h4 class=\"wp-block-heading\" id=\"h-if-a-person-waits-too-long-they-lose-the-right-to-file-a-lawsuit\"><strong>Si una persona espera demasiado, pierde el derecho a presentar una demanda.<\/strong><\/h4>\n\n\n\n<p>Cada estado pone l\u00edmites al tiempo que las personas tienen para presentar demandas en su propio nombre o en nombre de un ser querido fallecido. Estas leyes se denominan Estatutos de limitaci\u00f3n y, si no cumple con alguno, no podr\u00e1 presentar ninguna reclamaci\u00f3n por asbesto.<\/p>\n\n\n\n<h4 class=\"wp-block-heading\" id=\"h-the-exact-same-thing-applies-with-asbestos-trusts\"><strong>Exactamente lo mismo se aplica a los fideicomisos de asbesto:<\/strong><\/h4>\n\n\n\n<p>Si espera demasiado para presentar un reclamo de fideicomiso de asbesto, perder\u00e1 el derecho a hacerlo. Los estatutos de limitaci\u00f3n pueden ser complicados en los casos de asbesto porque una persona generalmente no desarrolla una enfermedad relacionada con el asbesto hasta muchos a\u00f1os despu\u00e9s de haber estado expuesto.<\/p>\n\n\n\n<p>Los estatutos de limitaciones a menudo no son muy sencillos en los casos de asbesto porque hay preguntas sobre cu\u00e1ndo deber\u00eda comenzar el estatuto:<\/p>\n\n\n\n<ul class=\"wp-block-list\">\n<li>\u00bfComienza \u201cel reloj\u201d cuando a una persona se le diagnostica una enfermedad relacionada con el asbesto, o comienza cuando descubre que su enfermedad podr\u00eda haber sido causada por el asbesto?&nbsp;<\/li>\n\n\n\n<li>Si trabajaron en Texas, pero ahora viven en Missouri, \u00bfqu\u00e9 estatuto se aplica?&nbsp;<\/li>\n<\/ul>\n\n\n\n<p>Estos son los tipos de preguntas que mejor se le plantean a un abogado especializado en asbesto, y nos complacer\u00e1 responderlas por usted.<\/p>\n\n\n\n<p><strong>Si cree que tiene derecho a una compensaci\u00f3n por su enfermedad relacionada con el asbesto, llame, env\u00ede un mensaje de texto o env\u00ede un correo electr\u00f3nico a nuestro bufete de abogados para que podamos decirle cu\u00e1nto tiempo tiene para tomar la decisi\u00f3n de presentar un reclamo de fideicomiso o buscar una compensaci\u00f3n por asbesto a trav\u00e9s de una demanda por asbesto.<\/strong>&nbsp;&nbsp;<\/p>\n\n\n\n<p><strong>No le costar\u00e1 nada llamarnos, pero podr\u00eda costarle todo si espera demasiado para presentar un reclamo.<\/strong><\/p>\n\n\n\n<h2 class=\"wp-block-heading\" id=\"h-justinian-c-lane-esq-asbestosclaims-law\">Justinian C. Lane, Esq. &#8211; AsbestosClaims.Law<\/h2>\n\n\n\n<p>Mi abuelo, mi abuela y mi padre estuvieron expuestos al asbesto en su trabajo y los tres murieron de c\u00e1nceres relacionados con las v\u00edas respiratorias.<\/p>\n\n\n\n<p><strong>Me enter\u00e9 demasiado tarde de los efectos del asbesto en la salud como para ayudarlos.<\/strong><\/p>\n\n\n\n<p><strong>Pero mi empresa ha ayudado a muchas otras personas a recibir una compensaci\u00f3n por los problemas de salud que desarrollaron por la exposici\u00f3n al asbesto.&nbsp;<\/strong><\/p>\n\n\n\n<p>Ll\u00e1menos, env\u00edenos un mensaje de texto o env\u00edenos un correo electr\u00f3nico para una consulta completamente gratuita y sin compromiso. Escuchar\u00e9 los detalles de su historia y le explicar\u00e9 sus opciones. Solo trabajamos en contingencia, por lo que solo cobramos si lo haces.<br>Cada caso es diferente, pero las Oficinas Legales de Justinian C. Lane, Esq. ha obtenido cuantiosas indemnizaciones para miles de personas perjudicadas por el asbesto. Esta compensaci\u00f3n ha ayudado a aliviar las cargas financieras de nuestros clientes y ofrece un legado para sus seres queridos.<\/p>\n\n\n\n<section class=\"boxtextnew\">\n            <div class=\"row pt-5 5 px-xl-0 px-lg-3\" style=\"padding:30px 10px !Important; background-color:#F8F7F6; margin:0px;\">\n                <div class=\"col-md-12\">\n                    <table style=\"width:90%; margin:0px auto;\">\n                        <tbody><tr>                            \n                            <td style=\"width:90%; text-align:left;\"><p style=\"margin-top:12px;\">En AsbestosClaims.Law, hemos ayudado a miles de personas que estuvieron expuestas al asbesto en su trabajo, autom\u00f3vil o en casa.<\/p><h5 style=\"margin-top:12px; text-align:right;\">\u00bfPodemos ayudarte?<\/h5><\/td>                            \n                        <\/tr>\n                    <\/tbody><\/table>\n                <\/div>\n            <\/div>\n<\/section>"},"excerpt":{"rendered":"<p>Asbestos Trust Claims: Compensation is Available Without Filing a Lawsuit Asbestos companies and their insurers placed close to $30 Billion dollars into trust funds to pay people who were injured by asbestos. But nearly 40% of the funds have still gone unclaimed by the victims. You may be entitled to a portion of these funds. [&#8230;]<\/p>\n<p><a class=\"btn btn-secondary understrap-read-more-link\" href=\"https:\/\/www.asbestosclaims.law\/es\/fideicomisos-de-asbesto-2\/base-de-datos-de-fideicomisos\/empresas-burns-y-roe\/\">Leer m\u00e1s&#8230;<\/a><\/p>","protected":false},"author":1,"featured_media":11472,"parent":7261,"menu_order":33,"comment_status":"closed","ping_status":"closed","template":"page-templates\/page-sidebar-template.php","meta":{"_acf_changed":false,"ub_ctt_via":"","footnotes":""},"class_list":["post-11462","page","type-page","status-publish","has-post-thumbnail","hentry"],"acf":[],"featured_image_src":"https:\/\/www.asbestosclaims.law\/wp-content\/uploads\/2022\/10\/Burns-and-Roe-Enterprises-desktop.jpg","_links":{"self":[{"href":"https:\/\/www.asbestosclaims.law\/es\/wp-json\/wp\/v2\/pages\/11462","targetHints":{"allow":["GET"]}}],"collection":[{"href":"https:\/\/www.asbestosclaims.law\/es\/wp-json\/wp\/v2\/pages"}],"about":[{"href":"https:\/\/www.asbestosclaims.law\/es\/wp-json\/wp\/v2\/types\/page"}],"author":[{"embeddable":true,"href":"https:\/\/www.asbestosclaims.law\/es\/wp-json\/wp\/v2\/users\/1"}],"replies":[{"embeddable":true,"href":"https:\/\/www.asbestosclaims.law\/es\/wp-json\/wp\/v2\/comments?post=11462"}],"version-history":[{"count":4,"href":"https:\/\/www.asbestosclaims.law\/es\/wp-json\/wp\/v2\/pages\/11462\/revisions"}],"predecessor-version":[{"id":14044,"href":"https:\/\/www.asbestosclaims.law\/es\/wp-json\/wp\/v2\/pages\/11462\/revisions\/14044"}],"up":[{"embeddable":true,"href":"https:\/\/www.asbestosclaims.law\/es\/wp-json\/wp\/v2\/pages\/7261"}],"wp:featuredmedia":[{"embeddable":true,"href":"https:\/\/www.asbestosclaims.law\/es\/wp-json\/wp\/v2\/media\/11472"}],"wp:attachment":[{"href":"https:\/\/www.asbestosclaims.law\/es\/wp-json\/wp\/v2\/media?parent=11462"}],"curies":[{"name":"wp","href":"https:\/\/api.w.org\/{rel}","templated":true}]}}