{"id":11061,"date":"2022-09-07T17:14:25","date_gmt":"2022-09-07T17:14:25","guid":{"rendered":"https:\/\/www.asbestosclaims.law\/?page_id=11061"},"modified":"2022-09-29T00:11:04","modified_gmt":"2022-09-29T00:11:04","slug":"asbestos-on-escort-carriers","status":"publish","type":"page","link":"https:\/\/www.asbestosclaims.law\/es\/fuentes-de-exposicion\/marina-eeuu\/clases-de-barcos\/transportistas-de-escolta\/","title":{"rendered":"Asbesto en Transportistas de Escolta"},"content":{"rendered":"<p class=\"mt-5\">Casi todos los portaaviones de la Marina de los EE. UU. durante la Segunda Guerra Mundial eran portaaviones de escolta. Ninguno de estos barcos permanece hoy, ni siquiera en un puerto o un museo. La mayor\u00eda de los portaaviones de escolta eran barcos comerciales convertidos, por lo que eran f\u00e1ciles de construir. Estos buques sol\u00edan proteger a los convoyes de suministros. Con la notable excepci\u00f3n de la Batalla frente a Samar, estos barcos lentos demostraron estar casi indefensos en combate. Adem\u00e1s, todos los portaaviones de escolta se construyeron antes de 1975, lo que significa que todos conten\u00edan asbesto.<\/p>\n\n\n\n<h2 class=\"wp-block-heading\" id=\"h-escort-carriers-were-vital-to-winning-world-war-ii\">Los portaaviones de escolta fueron vitales para ganar la Segunda Guerra Mundial<\/h2>\n\n\n\n<p>En octubre de 1944, la poderosa Tercera Flota ahuyent\u00f3 a un se\u00f1uelo de Filipinas, dejando barcos de escolta ligeros y aviones lentos para proteger los suministros en el golfo de Leyte. Los japoneses se abalanzaron, liderados por ocho cruceros y cuatro acorazados, incluido el Yamato. Los \"Taffies\", superados en armamento, lucharon tan duro y tan bien que los japoneses creyeron que la fuerza era mucho mayor. Se retiraron, pero no antes de hundir dos barcos y da\u00f1ar gravemente a varios otros.<\/p>\n\n\n\n<h3 class=\"wp-block-heading\" id=\"h-the-losses-of-ships-and-men-at-the-battle-off-samar-exceeded-the-combined-losses-in-battles-of-midway-and-the-coral-sea\">Las p\u00e9rdidas de barcos y hombres en la Batalla frente a Samar excedieron las p\u00e9rdidas combinadas en las Batallas de Midway y el Mar del Coral.<\/h3>\n\n\n\n<p>Aparte de esa feroz batalla, la acci\u00f3n enemiga no era una amenaza para la mayor\u00eda de los portaaviones de escolta. El asbesto a bordo de estos barcos era un asunto diferente. Los marineros que sirvieron en barcos calientes en el c\u00e1lido Pac\u00edfico Central y Sur nunca usaron ropa protectora pesada. Entonces, a menudo inhalaban las fibras de asbesto que flotaban en el aire. Estas fibras, que causan <a href=\"https:\/\/www.asbestosclaims.law\/es\/asbestos-mesothelioma-claims\/mesothelioma\/\">c\u00e1nceres como el mesotelioma<\/a>, tambi\u00e9n son lo suficientemente peque\u00f1as como para pasar a trav\u00e9s de peque\u00f1os orificios en el cuerpo o incluso directamente a trav\u00e9s de la piel.<\/p>\n\n\n\n<figure class=\"wp-block-image size-full\"><img decoding=\"async\" width=\"1430\" height=\"510\" src=\"https:\/\/www.asbestosclaims.law\/wp-content\/uploads\/2022\/07\/Asbestos-Carriers-img4.jpg\" alt=\"\" class=\"wp-image-10146\" srcset=\"https:\/\/www.asbestosclaims.law\/wp-content\/uploads\/2022\/07\/Asbestos-Carriers-img4.jpg 1430w, https:\/\/www.asbestosclaims.law\/wp-content\/uploads\/2022\/07\/Asbestos-Carriers-img4-540x193.jpg 540w, https:\/\/www.asbestosclaims.law\/wp-content\/uploads\/2022\/07\/Asbestos-Carriers-img4-768x274.jpg 768w, https:\/\/www.asbestosclaims.law\/wp-content\/uploads\/2022\/07\/Asbestos-Carriers-img4-18x6.jpg 18w\" sizes=\"(max-width: 1430px) 100vw, 1430px\" \/><\/figure>\n\n\n\n<h2 class=\"wp-block-heading\" id=\"h-areas-of-us-naval-escort-carriers-that-carried-a-risk-of-asbestos-exposure\">\u00c1reas de los transportistas de escolta naval de los EE. UU. que ten\u00edan riesgo de exposici\u00f3n al asbesto<\/h2>\n\n\n\n<p>Muchas embarcaciones navales construidas durante la Segunda Guerra Mundial y la Guerra Fr\u00eda conten\u00edan principalmente asbesto en la sala de m\u00e1quinas y en las \u00e1reas de municiones, donde el riesgo de incendio era mayor. Los portaaviones de escolta eran diferentes, ya que el peligro de incendio estaba en casi todas partes. Ejemplos incluyen:<\/p>\n\n\n\n<ul class=\"check-list wp-block-list\"><li><strong>Cubiertas de vuelo<\/strong>: Los portaaviones de escolta, como los portaaviones de tama\u00f1o completo de la \u00e9poca, ten\u00edan cubiertas de vuelo de madera. Adem\u00e1s, hasta finales de la era de la Guerra Fr\u00eda, la aviaci\u00f3n era muy peligrosa y los accidentes eran comunes, especialmente en los portaaviones. A mayor riesgo de incendio, mayor cantidad de asbesto.<\/li><li><strong>Salas de m\u00e1quinas<\/strong>: Los portaaviones de escolta eran bastante lentos, como se mencion\u00f3 anteriormente. Entonces, los capitanes generalmente empujaban los motores al m\u00e1ximo. La operaci\u00f3n sostenida cerca de la capacidad operativa hizo que los incendios fueran comunes en las salas de m\u00e1quinas. Principalmente debido al humo, incluso un peque\u00f1o incendio podr\u00eda ser fatal. Una vez m\u00e1s, m\u00e1s riesgo significaba m\u00e1s asbesto.<\/li><li><strong>Baldosas<\/strong>La mayor\u00eda de la gente no piensa en el asbesto en las baldosas. Estas losetas son muy comunes en las <a href=\"https:\/\/www.asbestosclaims.law\/es\/asbestos-blog\/una-casa-construida-en-la-decada-de-1920-tendria-asbesto\/\">casas construidas antes de la d\u00e9cada de 1980<\/a> y en los barcos construidos antes de 1975. Las losetas del piso se golpean. Incluso las grietas finas, que a menudo se desarrollaban antes de que el barco entrara en servicio (los barcos de la Marina de los EE. UU. no eran conocidos por sus extravagantes baldosas), pod\u00edan liberar fibras de asbesto en el aire.<\/li><\/ul>\n\n\n\n<p>Los constructores navales tambi\u00e9n usaron papel de asbesto para aislar los cables el\u00e9ctricos en un portaaviones de escolta. Absesos no conduce la electricidad y es impermeable. Entonces, si accion\u00f3 un interruptor o camin\u00f3 por el piso a bordo de un veh\u00edculo de escolta, probablemente estuvo expuesto a fibras de asbesto.<\/p>\n\n\n\n<p>Esa es la mala noticia. La buena noticia es que hay una compensaci\u00f3n sustancial disponible de varias fuentes, y nuestros abogados est\u00e1n <a href=\"https:\/\/www.asbestosclaims.law\/es\/about-us\/contacta-con-nosotros\/\">aqu\u00ed para ayudarlo<\/a>.<\/p>\n\n\n\n<section class=\"boxtextnew\">\n            <div class=\"row pt-5 5 px-xl-0 px-lg-3\" style=\"padding:30px 10px !Important; background-color:#F8F7F6; margin:0px;\">\n                <div>\n                    <table style=\"width:90%; margin:0px auto;\">\n                        <tbody><tr>                           \n                            <td style=\"text-align:left;\">\n<h5>AsbestosClaims.Law<\/h5>\n<p>AsbestosClaims.law es su recurso integral para todo lo relacionado con el asbesto, incluida informaci\u00f3n sobre salud y compensaci\u00f3n para los veteranos de la Fuerza A\u00e9rea y otros exmiembros del servicio. Esperamos que esto sea de ayuda y estamos agradecidos con todos los que se han dado de s\u00ed mismos para defendernos a todos.<\/p>\n\n<p>Si tiene preguntas o inquietudes adicionales relacionadas con el asbesto, visite nuestro <a href=\"https:\/\/www.asbestosclaims.law\/es\/\" rel=\"noopener\">sitio web<\/a> y <a href=\"http:\/\/youtube.com\/channel\/UCZ8k_hDOrgpwHTVwzZHKcmA\" target=\"_blank\" rel=\"noopener\">p\u00e1gina de YouTube<\/a> para ver videos, infograf\u00edas y respuestas a sus preguntas sobre el asbesto, incluida <a href=\"https:\/\/www.asbestosclaims.law\/es\/blogtag\/health-and-safety\/\">la salud y la seguridad<\/a>, <a href=\"https:\/\/www.asbestosclaims.law\/es\/asbestos-blog\/estoy-mudandome-deberia-tener-prueba-de-asbesto-gratis\/\">prueba de asbesto<\/a>, <a href=\"https:\/\/www.asbestosclaims.law\/es\/blogtag\/asbestos-removal\/\">la eliminaci\u00f3n del asbesto de su hogar y edificio<\/a>, y <a href=\"https:\/\/www.asbestosclaims.law\/es\/asbestos-mesothelioma-claims\/\">informaci\u00f3n legal<\/a> sobre <a href=\"https:\/\/www.asbestosclaims.law\/es\/asbestos-trusts\/what-are-asbestos-trusts-and-why-do-they-exist\/\">la compensaci\u00f3n por lesiones de asbesto<\/a>.<\/p>\n\n<p>Y si cree que estuvo expuesto al asbesto, o le han diagnosticado una enfermedad relacionada con el asbesto, podr\u00eda tener derecho a <a href=\"https:\/\/www.asbestosclaims.law\/es\/asbestos-claims\/\">compensaci\u00f3n significativa<\/a>: dinero que podr\u00eda usar para cubrir los costos de los servicios de eliminaci\u00f3n de asbesto, pagar el tratamiento m\u00e9dico y proteger de forma preventiva su bienestar f\u00edsico.&nbsp;<\/p>\n\n<p>Todo sin presentar una demanda.<\/p>\n\n<p>Si desea ayuda para presentar un reclamo, <a href=\"https:\/\/www.asbestosclaims.law\/es\/about-us\/contacta-con-nosotros\/\">ponerse en contacto<\/a> por correo electr\u00f3nico a <a href=\"mailto:help@asbestosclaims.law\">help@asbestosclaims.law<\/a>&nbsp;\to ll\u00e1menos o env\u00edenos un mensaje de texto al <a href=\"tel:8334272378\">(833) 4-ASBESTOS (427-2378)<\/a> o <a href=\"tel:2064559190\">(206) 455-9190<\/a>. Escucharemos su historia y le explicaremos sus opciones. Y nunca cobramos por nada a menos que reciba dinero en su bolsillo.<\/p>\n\n<\/td>                            \n                        <\/tr>\n                    <\/tbody><\/table>\n                <\/div>\n            <\/div>\n        <\/section>"},"excerpt":{"rendered":"<p>Almost all of the aircraft carriers in the U.S. Navy during World War II were escort carriers. None of these vessels remain today, not even in a port or a museum. Most escort carriers were converted commercial ships, so they were easy to build. These vessels usually protected supply convoys. With the notable exception of [&#8230;]<\/p>\n<p><a class=\"btn btn-secondary understrap-read-more-link\" href=\"https:\/\/www.asbestosclaims.law\/es\/fuentes-de-exposicion\/marina-eeuu\/clases-de-barcos\/transportistas-de-escolta\/\">Leer m\u00e1s&#8230;<\/a><\/p>","protected":false},"author":1,"featured_media":10148,"parent":10924,"menu_order":8,"comment_status":"closed","ping_status":"closed","template":"page-templates\/page-sidebar-template.php","meta":{"_acf_changed":false,"ub_ctt_via":"","footnotes":""},"class_list":["post-11061","page","type-page","status-publish","has-post-thumbnail","hentry"],"acf":[],"featured_image_src":"https:\/\/www.asbestosclaims.law\/wp-content\/uploads\/2022\/07\/Asbestos-Carriers-desktop.jpg","_links":{"self":[{"href":"https:\/\/www.asbestosclaims.law\/es\/wp-json\/wp\/v2\/pages\/11061","targetHints":{"allow":["GET"]}}],"collection":[{"href":"https:\/\/www.asbestosclaims.law\/es\/wp-json\/wp\/v2\/pages"}],"about":[{"href":"https:\/\/www.asbestosclaims.law\/es\/wp-json\/wp\/v2\/types\/page"}],"author":[{"embeddable":true,"href":"https:\/\/www.asbestosclaims.law\/es\/wp-json\/wp\/v2\/users\/1"}],"replies":[{"embeddable":true,"href":"https:\/\/www.asbestosclaims.law\/es\/wp-json\/wp\/v2\/comments?post=11061"}],"version-history":[{"count":0,"href":"https:\/\/www.asbestosclaims.law\/es\/wp-json\/wp\/v2\/pages\/11061\/revisions"}],"up":[{"embeddable":true,"href":"https:\/\/www.asbestosclaims.law\/es\/wp-json\/wp\/v2\/pages\/10924"}],"wp:featuredmedia":[{"embeddable":true,"href":"https:\/\/www.asbestosclaims.law\/es\/wp-json\/wp\/v2\/media\/10148"}],"wp:attachment":[{"href":"https:\/\/www.asbestosclaims.law\/es\/wp-json\/wp\/v2\/media?parent=11061"}],"curies":[{"name":"wp","href":"https:\/\/api.w.org\/{rel}","templated":true}]}}