{"id":10953,"date":"2022-07-07T21:11:43","date_gmt":"2022-07-07T21:11:43","guid":{"rendered":"https:\/\/www.asbestosclaims.law\/?page_id=10107"},"modified":"2022-09-28T21:23:35","modified_gmt":"2022-09-28T21:23:35","slug":"tenders-and-tugs","status":"publish","type":"page","link":"https:\/\/www.asbestosclaims.law\/es\/fuentes-de-exposicion\/marina-eeuu\/clases-de-barcos\/licitadores-y-remolcadores\/","title":{"rendered":"Asbesto en Licitadores y Remolcadores"},"content":{"rendered":"<p class=\"mt-5\">A diferencia de los otros barcos de la Marina de los EE. UU., como <a href=\"https:\/\/www.asbestosclaims.law\/es\/fuentes-de-exposicion\/marina-eeuu\/clases-de-barcos\/escoltas-destructoras\/\">escoltas de destructoras<\/a>, la mayor\u00eda de los remolcadores y botes auxiliares permanecen bastante cerca de la costa. Por lo tanto, los hombres y mujeres que sirven a bordo de estos barcos tienen poco que temer de la acci\u00f3n del enemigo, incluso en tiempos de guerra. Desafortunadamente para estos marineros, la amenaza m\u00e1s grave para su salud y seguridad puede haber estado dentro de los barcos en los que sirvieron.<\/p>\n\n\n\n<p>A partir de finales de 1800, los constructores navales utilizaron casi exclusivamente asbesto para proteger estas embarcaciones contra incendios, y tambi\u00e9n para muchos otros fines. Debido a sus graves riesgos para la salud, <a href=\"https:\/\/www.asbestosclaims.law\/es\/centro-de-aprendizaje\/historial-legal-de-asbesto\/\">la EPA prohibi\u00f3 el asbesto en 1987<\/a>. Por lo tanto, si sirvi\u00f3 a bordo de un barco auxiliar o remolcador en la Segunda Guerra Mundial o principios de la Guerra Fr\u00eda, lo m\u00e1s probable es que haya estado expuesto a fibras de asbesto. Una sola fibra microsc\u00f3pica es tan t\u00f3xica que podr\u00eda causar una enfermedad mortal.<\/p>\n\n\n\n<figure class=\"wp-block-image size-full\"><img decoding=\"async\" width=\"1430\" height=\"510\" src=\"https:\/\/www.asbestosclaims.law\/wp-content\/uploads\/2022\/07\/Asbestos-Tugs-img4.jpg\" alt=\"\" class=\"wp-image-10209\" srcset=\"https:\/\/www.asbestosclaims.law\/wp-content\/uploads\/2022\/07\/Asbestos-Tugs-img4.jpg 1430w, https:\/\/www.asbestosclaims.law\/wp-content\/uploads\/2022\/07\/Asbestos-Tugs-img4-540x193.jpg 540w, https:\/\/www.asbestosclaims.law\/wp-content\/uploads\/2022\/07\/Asbestos-Tugs-img4-768x274.jpg 768w, https:\/\/www.asbestosclaims.law\/wp-content\/uploads\/2022\/07\/Asbestos-Tugs-img4-18x6.jpg 18w\" sizes=\"(max-width: 1430px) 100vw, 1430px\" \/><\/figure>\n\n\n\n<h2 class=\"wp-block-heading\" id=\"h-tug-and-tender-sailors-at-risk-for-asbestos-exposure-and-health-problems\">Remolcadores y marineros auxiliares en riesgo de exposici\u00f3n al asbesto y problemas de salud<\/h2>\n\n\n\n<p>Aunque los botes auxiliares y los remolcadores no son barcos transoce\u00e1nicos, para todos los efectos, estos marineros viv\u00edan en estos barcos. Tales embarcaciones son tan peque\u00f1as que cualquier persona que cruzara la pasarela probablemente estar\u00eda expuesta a <a href=\"https:\/\/www.asbestosclaims.law\/es\/asbestos-blog\/como-elimino-los-conductos-de-asbesto\/\">conductos de asbesto<\/a> y otros peligros. Las posiciones de alto riesgo incluyen:<\/p>\n\n\n\n<ul class=\"check-list wp-block-list\"><li><strong>Manos de cubierta<\/strong>: principalmente para reducir el peso, los remolcadores y las embarcaciones auxiliares suelen tener cubiertas de madera. Una capa de asbesto suele estar debajo de los tablones de madera, para evitar que se propague el fuego. Entre el clima y el tr\u00e1fico peatonal, las cubiertas de madera reciben tanto castigo que inevitablemente aparecen peque\u00f1as grietas. Eso significa asbesto en el aire.<\/li><li><strong>Compa\u00f1eros electricistas<\/strong>: Dado que el asbesto no conduce la electricidad, los constructores navales generalmente lo usaban para aislar los cables el\u00e9ctricos. El asbesto tambi\u00e9n es resistente al agua, lo que lo hace a\u00fan m\u00e1s atractivo. Estas cualidades, junto con el bajo costo del asbesto, significan que los EM que trabajaban alrededor de cables generalmente inhalaban fibras de asbesto.<\/li><li><strong>T\u00e9cnicas de caldera<\/strong>: El motor es el \u00e1rea m\u00e1s caliente de cualquier barco. El riesgo extremo de incendio generalmente llev\u00f3 a los constructores navales a duplicar el asbesto en estas \u00e1reas. Adem\u00e1s, las propias calderas, junto con otros dispositivos mec\u00e1nicos en la sala de m\u00e1quinas, a menudo conten\u00edan piezas de asbesto.<\/li><\/ul>\n\n\n\n<h3 class=\"wp-block-heading\" id=\"h-veterans-who-were-exposed-to-asbestos-usually-show-signs-of-illness-between-fifty-and-seventy-years-after-exposure\">Los veteranos que estuvieron expuestos al asbesto generalmente muestran signos de enfermedad entre cincuenta y setenta a\u00f1os despu\u00e9s de la exposici\u00f3n.<\/h3>\n\n\n\n<p>No importa cu\u00e1nto tiempo haya pasado, las opciones legales para estas v\u00edctimas generalmente incluyen un reclamo por discapacidad de VA, una demanda por producto defectuoso o un reclamo del fondo de compensaci\u00f3n para v\u00edctimas de asbesto.<\/p>\n\n\n\n<section class=\"boxtextnew\">\n            <div class=\"row pt-5 5 px-xl-0 px-lg-3\" style=\"padding:30px 10px !Important; background-color:#F8F7F6; margin:0px;\">\n                <div>\n                    <table style=\"width:90%; margin:0px auto;\">\n                        <tbody><tr>                           \n                            <td style=\"text-align:left;\">\n<h5>AsbestosClaims.Law<\/h5>\n<p>AsbestosClaims.law es su recurso integral para todo lo relacionado con el asbesto, incluida informaci\u00f3n sobre salud y compensaci\u00f3n para los veteranos de la Fuerza A\u00e9rea y otros exmiembros del servicio. Esperamos que esto sea de ayuda y estamos agradecidos con todos los que se han dado de s\u00ed mismos para defendernos a todos.<\/p>\n\n<p>Si tiene preguntas o inquietudes adicionales relacionadas con el asbesto, visite nuestro <a href=\"https:\/\/www.asbestosclaims.law\/es\/\" target=\"_blank\" rel=\"noopener\">sitio web<\/a> y <a href=\"http:\/\/youtube.com\/channel\/UCZ8k_hDOrgpwHTVwzZHKcmA\">p\u00e1gina de YouTube<\/a> para ver videos, infograf\u00edas y respuestas a sus preguntas sobre el asbesto, incluida <a href=\"https:\/\/www.asbestosclaims.law\/es\/blogtag\/health-and-safety\/\">la salud y la seguridad<\/a>, <a href=\"https:\/\/www.asbestosclaims.law\/es\/asbestos-blog\/estoy-mudandome-deberia-tener-prueba-de-asbesto-gratis\/\">prueba de asbesto<\/a>, <a href=\"https:\/\/www.asbestosclaims.law\/es\/blogtag\/asbestos-removal\/\">la eliminaci\u00f3n del asbesto de su hogar y edificio<\/a>, y <a href=\"https:\/\/www.asbestosclaims.law\/es\/asbestos-mesothelioma-claims\/\">informaci\u00f3n legal<\/a> sobre <a href=\"https:\/\/www.asbestosclaims.law\/es\/asbestos-trusts\/what-are-asbestos-trusts-and-why-do-they-exist\/\">la compensaci\u00f3n por lesiones de asbesto<\/a>.<\/p>\n\n<p>Y si cree que estuvo expuesto al asbesto, o le han diagnosticado una enfermedad relacionada con el asbesto, podr\u00eda tener derecho a <a href=\"https:\/\/www.asbestosclaims.law\/es\/asbestos-claims\/\">compensaci\u00f3n significativa<\/a>: dinero que podr\u00eda usar para cubrir los costos de los servicios de eliminaci\u00f3n de asbesto, pagar el tratamiento m\u00e9dico y proteger de forma preventiva su bienestar f\u00edsico.&nbsp;<\/p>\n\n<p>Todo sin presentar una demanda.<\/p>\n\n<p>Si desea ayuda para presentar un reclamo, <a href=\"https:\/\/www.asbestosclaims.law\/es\/about-us\/contacta-con-nosotros\/\">ponerse en contacto<\/a> por correo electr\u00f3nico a <a href=\"mailto:help@asbestosclaims.law\">help@asbestosclaims.law<\/a>&nbsp;\to ll\u00e1menos o env\u00edenos un mensaje de texto al <a href=\"tel:8334272378\">(833) 4-ASBESTOS (427-2378)<\/a> o <a href=\"tel:2064559190\">(206) 455-9190<\/a>. Escucharemos su historia y le explicaremos sus opciones. Y nunca cobramos por nada a menos que reciba dinero en su bolsillo.<\/p>\n\n<\/td>                            \n                        <\/tr>\n                    <\/tbody><\/table>\n                <\/div>\n            <\/div>\n        <\/section>"},"excerpt":{"rendered":"<p>Unlike the other ships in the U.S. Navy, like destroyer escorts, most tugs and tenders stay pretty close to the shoreline. So, the men and women who serve aboard these vessels have little to fear from enemy action, even during wartime. Unfortunately for these sailors, the most serious threat to their health and safety may [&#8230;]<\/p>\n<p><a class=\"btn btn-secondary understrap-read-more-link\" href=\"https:\/\/www.asbestosclaims.law\/es\/fuentes-de-exposicion\/marina-eeuu\/clases-de-barcos\/licitadores-y-remolcadores\/\">Leer m\u00e1s&#8230;<\/a><\/p>","protected":false},"author":1,"featured_media":0,"parent":10924,"menu_order":14,"comment_status":"closed","ping_status":"closed","template":"page-templates\/page-sidebar-template.php","meta":{"_acf_changed":false,"ub_ctt_via":"","footnotes":""},"class_list":["post-10953","page","type-page","status-publish","hentry"],"acf":[],"featured_image_src":null,"_links":{"self":[{"href":"https:\/\/www.asbestosclaims.law\/es\/wp-json\/wp\/v2\/pages\/10953","targetHints":{"allow":["GET"]}}],"collection":[{"href":"https:\/\/www.asbestosclaims.law\/es\/wp-json\/wp\/v2\/pages"}],"about":[{"href":"https:\/\/www.asbestosclaims.law\/es\/wp-json\/wp\/v2\/types\/page"}],"author":[{"embeddable":true,"href":"https:\/\/www.asbestosclaims.law\/es\/wp-json\/wp\/v2\/users\/1"}],"replies":[{"embeddable":true,"href":"https:\/\/www.asbestosclaims.law\/es\/wp-json\/wp\/v2\/comments?post=10953"}],"version-history":[{"count":0,"href":"https:\/\/www.asbestosclaims.law\/es\/wp-json\/wp\/v2\/pages\/10953\/revisions"}],"up":[{"embeddable":true,"href":"https:\/\/www.asbestosclaims.law\/es\/wp-json\/wp\/v2\/pages\/10924"}],"wp:attachment":[{"href":"https:\/\/www.asbestosclaims.law\/es\/wp-json\/wp\/v2\/media?parent=10953"}],"curies":[{"name":"wp","href":"https:\/\/api.w.org\/{rel}","templated":true}]}}