{"id":10952,"date":"2022-07-07T20:59:47","date_gmt":"2022-07-07T20:59:47","guid":{"rendered":"https:\/\/www.asbestosclaims.law\/?page_id=10104"},"modified":"2022-09-28T21:23:38","modified_gmt":"2022-09-28T21:23:38","slug":"tankers-and-oilers","status":"publish","type":"page","link":"https:\/\/www.asbestosclaims.law\/es\/fuentes-de-exposicion\/marina-eeuu\/clases-de-barcos\/pertroles-y-engrasadores\/","title":{"rendered":"Asbesto en Camiones Cisterna y Engrasadores"},"content":{"rendered":"<p class=\"mt-5\">Los dos grandes oc\u00e9anos en las costas este y oeste de los Estados Unidos significan que los barcos de apoyo juegan un papel vital y peligroso en las operaciones navales. Durante la Segunda Guerra Mundial, la <a href=\"https:\/\/www.asbestosclaims.law\/es\/fuentes-de-exposicion\/marina-eeuu\/clases-de-barcos\/buques-de-la-marina-mercante\/\">marina mercante<\/a> tuvo la tasa de bajas m\u00e1s alta de cualquier grupo de combate. Los petroleros y petroleros pueden ser a\u00fan m\u00e1s importantes. Estos barcos abastecen a los aliados en el extranjero y mantienen a flote a los barcos de combate. M\u00e1s que eso, los petroleros y engrasadores son un s\u00edmbolo del compromiso estadounidense con los aliados y miembros del servicio.<\/p>\n\n\n\n<p>Hablando de amenazas peligrosas para la salud a bordo de petroleros y petroleros, como los <a href=\"https:\/\/www.asbestosclaims.law\/es\/centro-de-aprendizaje\/tipos-de-asbestos\/\">minerales de asbesto<\/a> que se encuentran en casi todas las \u00e1reas de todos los barcos de la Armada construidos antes de 1975, puede ser un peligro mayor que la acci\u00f3n del enemigo.<\/p>\n\n\n\n<h3 class=\"wp-block-heading\" id=\"h-since-the-risk-of-fire-is-so-high-on-these-ships-builders-often-doubled-down-on-asbestos-fireproofing-lining\">Dado que el riesgo de incendio es tan alto en estos barcos, los constructores a menudo duplicaron el revestimiento ign\u00edfugo de asbesto.<\/h3>\n\n\n\n<p>Estos constructores sab\u00edan que el asbesto representaba un peligro mayor que los incendios que preven\u00edan. Pero siguieron us\u00e1ndolo de todos modos, raz\u00f3n por la cual hay varias opciones legales disponibles. Sigue leyendo para saber m\u00e1s.<\/p>\n\n\n\n<figure class=\"wp-block-image size-full\"><img decoding=\"async\" width=\"1430\" height=\"510\" src=\"https:\/\/www.asbestosclaims.law\/wp-content\/uploads\/2022\/07\/Asbestos-Oilers-img4.jpg\" alt=\"\" class=\"wp-image-10203\" srcset=\"https:\/\/www.asbestosclaims.law\/wp-content\/uploads\/2022\/07\/Asbestos-Oilers-img4.jpg 1430w, https:\/\/www.asbestosclaims.law\/wp-content\/uploads\/2022\/07\/Asbestos-Oilers-img4-540x193.jpg 540w, https:\/\/www.asbestosclaims.law\/wp-content\/uploads\/2022\/07\/Asbestos-Oilers-img4-768x274.jpg 768w, https:\/\/www.asbestosclaims.law\/wp-content\/uploads\/2022\/07\/Asbestos-Oilers-img4-18x6.jpg 18w\" sizes=\"(max-width: 1430px) 100vw, 1430px\" \/><\/figure>\n\n\n\n<h2 class=\"wp-block-heading\" id=\"h-legal-options-for-victims-of-naval-asbestos-exposure\">Opciones legales para las v\u00edctimas de la exposici\u00f3n al asbesto naval<\/h2>\n\n\n\n<p>Los tratamientos para la <a href=\"https:\/\/www.asbestosclaims.law\/es\/asbestos-symptoms-and-treatment\/asbestos-injuries\/non-malignant-injuries\/\">asbestosis<\/a> y otras enfermedades graves relacionadas con el asbesto pueden costar decenas de miles de d\u00f3lares al mes. Adem\u00e1s, estas condiciones debilitantes causan un dolor y un sufrimiento casi incre\u00edbles. La compensaci\u00f3n est\u00e1 disponible a trav\u00e9s de:<\/p>\n\n\n\n<ul class=\"check-list wp-block-list\"><li><strong>Reclamaci\u00f3n por discapacidad de VA<\/strong>: Los veteranos de la Marina y otros veteranos que prueban que estuvieron expuestos al asbesto durante el servicio militar y tienen un diagn\u00f3stico actual de una enfermedad relacionada con el asbesto generalmente tienen derecho a beneficios como un estipendio mensual en efectivo y atenci\u00f3n m\u00e9dica gratuita.<\/li><li><strong>Fondo fiduciario de asbesto<\/strong>: Los requisitos para una reclamaci\u00f3n exitosa del fondo fiduciario de asbesto son similares. El dinero de estos fondos multimillonarios est\u00e1 disponible si el reclamante prueba la exposici\u00f3n al asbesto y tiene un diagn\u00f3stico de enfermedad actual.<\/li><li><strong>Reclamaci\u00f3n de producto defectuoso<\/strong>: Los fabricantes de asbesto, como todos los dem\u00e1s fabricantes, son estrictamente responsables de las lesiones que causan sus productos defectuosos. Los revestimientos de asbesto y otros productos fueron dise\u00f1ados de manera defectuosa. Estas empresas sab\u00edan que no deber\u00edan haber usado asbesto, pero lo usaron de todos modos.<\/li><\/ul>\n\n\n\n<p>El diagn\u00f3stico actual es a menudo uno de los temas m\u00e1s apremiantes en estos reclamos. Las enfermedades relacionadas con el asbesto son dif\u00edciles de diagnosticar. Entonces, un abogado conecta a las v\u00edctimas con m\u00e9dicos que se enfocan en esos asuntos. Por lo general, estos m\u00e9dicos no cobran nada por adelantado por sus servicios profesionales.<\/p>\n\n\n\n<section class=\"boxtextnew\">\n            <div class=\"row pt-5 5 px-xl-0 px-lg-3\" style=\"padding:30px 10px !Important; background-color:#F8F7F6; margin:0px;\">\n                <div>\n                    <table style=\"width:90%; margin:0px auto;\">\n                        <tbody><tr>                           \n                            <td style=\"text-align:left;\">\n<h5>AsbestosClaims.Law<\/h5>\n<p>AsbestosClaims.law es su recurso integral para todo lo relacionado con el asbesto, incluida informaci\u00f3n sobre salud y compensaci\u00f3n para los veteranos de la Fuerza A\u00e9rea y otros exmiembros del servicio. Esperamos que esto sea de ayuda y estamos agradecidos con todos los que se han dado de s\u00ed mismos para defendernos a todos.<\/p>\n\n<p>Si tiene preguntas o inquietudes adicionales relacionadas con el asbesto, visite nuestro <a href=\"https:\/\/www.asbestosclaims.law\/es\/\" rel=\"noopener\">sitio web<\/a> y <a href=\"http:\/\/youtube.com\/channel\/UCZ8k_hDOrgpwHTVwzZHKcmA\" target=\"_blank\" rel=\"noopener\">p\u00e1gina de YouTube<\/a> para ver videos, infograf\u00edas y respuestas a sus preguntas sobre el asbesto, incluida <a href=\"https:\/\/www.asbestosclaims.law\/es\/blogtag\/health-and-safety\/\">la salud y la seguridad<\/a>, <a href=\"https:\/\/www.asbestosclaims.law\/es\/asbestos-blog\/estoy-mudandome-deberia-tener-prueba-de-asbesto-gratis\/\">prueba de asbesto<\/a>, <a href=\"https:\/\/www.asbestosclaims.law\/es\/blogtag\/asbestos-removal\/\">la eliminaci\u00f3n del asbesto de su hogar y edificio<\/a>, y <a href=\"https:\/\/www.asbestosclaims.law\/es\/asbestos-mesothelioma-claims\/\">informaci\u00f3n legal<\/a> sobre <a href=\"https:\/\/www.asbestosclaims.law\/es\/asbestos-trusts\/what-are-asbestos-trusts-and-why-do-they-exist\/\">la compensaci\u00f3n por lesiones de asbesto<\/a>.<\/p>\n\n<p>Y si cree que estuvo expuesto al asbesto, o le han diagnosticado una enfermedad relacionada con el asbesto, podr\u00eda tener derecho a <a href=\"https:\/\/www.asbestosclaims.law\/es\/asbestos-claims\/\">compensaci\u00f3n significativa<\/a>: dinero que podr\u00eda usar para cubrir los costos de los servicios de eliminaci\u00f3n de asbesto, pagar el tratamiento m\u00e9dico y proteger de forma preventiva su bienestar f\u00edsico.&nbsp;<\/p>\n\n<p>Todo sin presentar una demanda.<\/p>\n\n<p>Si desea ayuda para presentar un reclamo, <a href=\"https:\/\/www.asbestosclaims.law\/es\/about-us\/contacta-con-nosotros\/\">ponerse en contacto<\/a> por correo electr\u00f3nico a <a href=\"mailto:help@asbestosclaims.law\">help@asbestosclaims.law<\/a>&nbsp;\to ll\u00e1menos o env\u00edenos un mensaje de texto al <a href=\"tel:8334272378\">(833) 4-ASBESTOS (427-2378)<\/a> o <a href=\"tel:2064559190\">(206) 455-9190<\/a>. Escucharemos su historia y le explicaremos sus opciones. Y nunca cobramos por nada a menos que reciba dinero en su bolsillo.<\/p>\n\n<\/td>                            \n                        <\/tr>\n                    <\/tbody><\/table>\n                <\/div>\n            <\/div>\n        <\/section>"},"excerpt":{"rendered":"<p>The two large oceans on the east and west coasts of the United States mean that support ships play a vital, and dangerous, role in naval operations. During World War II, the merchant marine had the highest casualty rate of any combat group. Tankers and oilers may be even more important. These vessels supply overseas [&#8230;]<\/p>\n<p><a class=\"btn btn-secondary understrap-read-more-link\" href=\"https:\/\/www.asbestosclaims.law\/es\/fuentes-de-exposicion\/marina-eeuu\/clases-de-barcos\/pertroles-y-engrasadores\/\">Leer m\u00e1s&#8230;<\/a><\/p>","protected":false},"author":1,"featured_media":0,"parent":10924,"menu_order":13,"comment_status":"closed","ping_status":"closed","template":"page-templates\/page-sidebar-template.php","meta":{"_acf_changed":false,"ub_ctt_via":"","footnotes":""},"class_list":["post-10952","page","type-page","status-publish","hentry"],"acf":[],"featured_image_src":null,"_links":{"self":[{"href":"https:\/\/www.asbestosclaims.law\/es\/wp-json\/wp\/v2\/pages\/10952","targetHints":{"allow":["GET"]}}],"collection":[{"href":"https:\/\/www.asbestosclaims.law\/es\/wp-json\/wp\/v2\/pages"}],"about":[{"href":"https:\/\/www.asbestosclaims.law\/es\/wp-json\/wp\/v2\/types\/page"}],"author":[{"embeddable":true,"href":"https:\/\/www.asbestosclaims.law\/es\/wp-json\/wp\/v2\/users\/1"}],"replies":[{"embeddable":true,"href":"https:\/\/www.asbestosclaims.law\/es\/wp-json\/wp\/v2\/comments?post=10952"}],"version-history":[{"count":0,"href":"https:\/\/www.asbestosclaims.law\/es\/wp-json\/wp\/v2\/pages\/10952\/revisions"}],"up":[{"embeddable":true,"href":"https:\/\/www.asbestosclaims.law\/es\/wp-json\/wp\/v2\/pages\/10924"}],"wp:attachment":[{"href":"https:\/\/www.asbestosclaims.law\/es\/wp-json\/wp\/v2\/media?parent=10952"}],"curies":[{"name":"wp","href":"https:\/\/api.w.org\/{rel}","templated":true}]}}