{"id":10951,"date":"2022-07-07T20:40:03","date_gmt":"2022-07-07T20:40:03","guid":{"rendered":"https:\/\/www.asbestosclaims.law\/?page_id=10098"},"modified":"2022-09-28T21:23:39","modified_gmt":"2022-09-28T21:23:39","slug":"submarines","status":"publish","type":"page","link":"https:\/\/www.asbestosclaims.law\/es\/fuentes-de-exposicion\/marina-eeuu\/clases-de-barcos\/submarinos\/","title":{"rendered":"Asbesto en Submarinos"},"content":{"rendered":"<p class=\"mt-5\">Los submarinos sigilosos han sido parte de la Marina de los EE. UU. desde su formaci\u00f3n. La primera embarcaci\u00f3n de este tipo, la Tortuga, zarp\u00f3 en 1775. La misi\u00f3n de este sumergible de una sola persona con forma de tortuga era colocar explosivos en los cascos de las <a href=\"https:\/\/www.asbestosclaims.law\/es\/fuentes-de-exposicion\/marina-eeuu\/clases-de-barcos\/fragatas\/\">fragatas<\/a> de la Marina Real y otros barcos de superficie de combate. En el pasado, los submarinos tambi\u00e9n eran un arma psicol\u00f3gica. La idea de un enemigo invisible acechando un barco era bastante aterradora. Desafortunadamente, los planes de combate fallaron y nadie est\u00e1 seguro de lo que le sucedi\u00f3 a Turtle.<\/p>\n\n\n\n<h3 class=\"wp-block-heading\" id=\"h-for-almost-as-many-years-shipbuilders-used-asbestos-in-submarine-interiors-waterproof-asbestos-seemed-like-the-ideal-way-to-reduce-fire-risk-and-insulate-electrical-wires\">Durante casi la misma cantidad de a\u00f1os, los constructores navales utilizaron asbesto en los interiores de los submarinos. El asbesto resistente al agua parec\u00eda la forma ideal de reducir el riesgo de incendio y aislar los cables el\u00e9ctricos.<\/h3>\n\n\n\n<p>El hecho de que el asbesto amortigua el sonido ayud\u00f3 a cerrar el trato. Adem\u00e1s, <a href=\"https:\/\/www.asbestosclaims.law\/es\/asbestos-blog\/que-es-el-material-sin-asbesto-que-reemplaza-al-asbesto\/\">materiales de reemplazo sin asbesto<\/a> no estaban ampliamente disponibles hasta hace poco. Finalmente, el asbesto era barato y eficaz. Todas estas ventajas de ingenier\u00eda y costos superaron el riesgo para la salud de los marineros, al menos en lo que respecta a la Armada. Hoy, si sufre de una enfermedad relacionada con el asbesto, hay opciones legales disponibles.<\/p>\n\n\n\n<figure class=\"wp-block-image size-full\"><img decoding=\"async\" width=\"1430\" height=\"510\" src=\"https:\/\/www.asbestosclaims.law\/wp-content\/uploads\/2022\/07\/Asbestos-Submarines-img4.jpg\" alt=\"\" class=\"wp-image-10193\" srcset=\"https:\/\/www.asbestosclaims.law\/wp-content\/uploads\/2022\/07\/Asbestos-Submarines-img4.jpg 1430w, https:\/\/www.asbestosclaims.law\/wp-content\/uploads\/2022\/07\/Asbestos-Submarines-img4-540x193.jpg 540w, https:\/\/www.asbestosclaims.law\/wp-content\/uploads\/2022\/07\/Asbestos-Submarines-img4-768x274.jpg 768w, https:\/\/www.asbestosclaims.law\/wp-content\/uploads\/2022\/07\/Asbestos-Submarines-img4-18x6.jpg 18w\" sizes=\"(max-width: 1430px) 100vw, 1430px\" \/><\/figure>\n\n\n\n<h2 class=\"wp-block-heading\" id=\"h-submarine-areas-at-risk-for-asbestos-exposure\">\u00c1reas submarinas en riesgo de exposici\u00f3n al asbesto<\/h2>\n\n\n\n<p>Los submarinos de la Marina de los EE. UU. de la Segunda Guerra Mundial y principios de la Guerra Fr\u00eda eran un poco m\u00e1s grandes que la Tortuga, pero no eran mucho m\u00e1s grandes. Dado que una sola fibra de asbesto transportada por el aire pod\u00eda causar c\u00e1nceres como el mesotelioma, enfermedades pulmonares como la asbestosis y otras enfermedades cr\u00f3nicas graves, cualquier persona a bordo estaba en riesgo. Los marineros que sirvieron en las siguientes \u00e1reas de submarinos llenos de asbesto deben vigilar m\u00e1s de cerca su salud a medida que envejecen.<\/p>\n\n\n\n<ul class=\"check-list wp-block-list\"><li><strong>Sala de m\u00e1quinas<\/strong>: Si estas naves avanzaban bajo el agua, las calderas submarinas necesitaban generar una cantidad significativa de energ\u00eda. Eso significa una cantidad significativa de calor y, en una lata bajo el agua, un riesgo significativo de incendio. Entonces, las calderas, las tuber\u00edas y casi todas las dem\u00e1s partes mec\u00e1nicas estaban recubiertas de asbesto.<\/li><li><strong>Dep\u00f3sitos de municiones<\/strong>: La ordenanza a bordo del Turtle no necesitaba ser demasiado poderosa. Solo tuvo que romper cascos de madera. A medida que los barcos se hicieron m\u00e1s resistentes, los torpedos y otros explosivos de los submarinos se volvieron m\u00e1s poderosos. En lugar de arriesgarse a un incendio, los constructores recubrieron estas \u00e1reas con asbesto.<\/li><li><strong>Cuartos de la tripulaci\u00f3n<\/strong>: La mayor\u00eda de los marineros pasaban casi la mitad de cada d\u00eda en sus cuartos o en otra \u00e1rea de relajaci\u00f3n. Las puertas de acero que conectaban la habitaci\u00f3n con un pasillo sol\u00edan tener asbesto. Las baldosas del piso generalmente tambi\u00e9n conten\u00edan asbesto. Los pisos y las puertas est\u00e1n sujetos a un desgaste considerable. Entonces, despu\u00e9s de solo dos o tres recorridos, las fibras de asbesto sueltas a menudo se filtraban a trav\u00e9s de grietas en puertas y pisos.<\/li><\/ul>\n\n\n\n<p>Los ex submarinistas, o las personas que trabajaron en submarinos, deben vigilar su salud de cerca porque las enfermedades por exposici\u00f3n al asbesto mencionadas anteriormente tienen per\u00edodos de latencia muy largos. La mayor\u00eda de estas v\u00edctimas est\u00e1n gravemente enfermas desde hace d\u00e9cadas, pero no lo saben.<\/p>\n\n\n\n<section class=\"boxtextnew\">\n            <div class=\"row pt-5 5 px-xl-0 px-lg-3\" style=\"padding:30px 10px !Important; background-color:#F8F7F6; margin:0px;\">\n                <div>\n                    <table style=\"width:90%; margin:0px auto;\">\n                        <tbody><tr>                           \n                            <td style=\"text-align:left;\">\n<h5>AsbestosClaims.Law<\/h5>\n<p>AsbestosClaims.law es su recurso integral para todo lo relacionado con el asbesto, incluida informaci\u00f3n sobre salud y compensaci\u00f3n para los veteranos de la Fuerza A\u00e9rea y otros exmiembros del servicio. Esperamos que esto sea de ayuda y estamos agradecidos con todos los que se han dado de s\u00ed mismos para defendernos a todos.<\/p>\n\n<p>Si tiene preguntas o inquietudes adicionales relacionadas con el asbesto, visite nuestro <a href=\"https:\/\/www.asbestosclaims.law\/es\/\" rel=\"noopener\">sitio web<\/a> y <a href=\"http:\/\/youtube.com\/channel\/UCZ8k_hDOrgpwHTVwzZHKcmA\" target=\"_blank\" rel=\"noopener\">p\u00e1gina de YouTube<\/a> para ver videos, infograf\u00edas y respuestas a sus preguntas sobre el asbesto, incluida <a href=\"https:\/\/www.asbestosclaims.law\/es\/blogtag\/health-and-safety\/\">la salud y la seguridad<\/a>, <a href=\"https:\/\/www.asbestosclaims.law\/es\/asbestos-blog\/estoy-mudandome-deberia-tener-prueba-de-asbesto-gratis\/\">prueba de asbesto<\/a>, <a href=\"https:\/\/www.asbestosclaims.law\/es\/blogtag\/asbestos-removal\/\">la eliminaci\u00f3n del asbesto de su hogar y edificio<\/a>, y <a href=\"https:\/\/www.asbestosclaims.law\/es\/asbestos-mesothelioma-claims\/\">informaci\u00f3n legal<\/a> sobre <a href=\"https:\/\/www.asbestosclaims.law\/es\/asbestos-trusts\/what-are-asbestos-trusts-and-why-do-they-exist\/\">la compensaci\u00f3n por lesiones de asbesto<\/a>.<\/p>\n\n<p>Y si cree que estuvo expuesto al asbesto, o le han diagnosticado una enfermedad relacionada con el asbesto, podr\u00eda tener derecho a <a href=\"https:\/\/www.asbestosclaims.law\/es\/asbestos-claims\/\">compensaci\u00f3n significativa<\/a>: dinero que podr\u00eda usar para cubrir los costos de los servicios de eliminaci\u00f3n de asbesto, pagar el tratamiento m\u00e9dico y proteger de forma preventiva su bienestar f\u00edsico.&nbsp;<\/p>\n\n<p>Todo sin presentar una demanda.<\/p>\n\n<p>Si desea ayuda para presentar un reclamo, <a href=\"https:\/\/www.asbestosclaims.law\/es\/about-us\/contacta-con-nosotros\/\">ponerse en contacto<\/a> por correo electr\u00f3nico a <a href=\"mailto:help@asbestosclaims.law\">help@asbestosclaims.law<\/a>&nbsp;\to ll\u00e1menos o env\u00edenos un mensaje de texto al <a href=\"tel:8334272378\">(833) 4-ASBESTOS (427-2378)<\/a> o <a href=\"tel:2064559190\">(206) 455-9190<\/a>. Escucharemos su historia y le explicaremos sus opciones. Y nunca cobramos por nada a menos que reciba dinero en su bolsillo.<\/p>\n\n<\/td>                            \n                        <\/tr>\n                    <\/tbody><\/table>\n                <\/div>\n            <\/div>\n        <\/section>"},"excerpt":{"rendered":"<p>Stealthy submarines have been part of the U.S. Navy since its formation. The first such craft, the Turtle, set sail in 1775. The mission of this turtle-shaped, single-person submersible was to attach explosives to the hulls of Royal Navy frigates and other combat surface ships. Back in the day, submarines were also a psychological weapon. [&#8230;]<\/p>\n<p><a class=\"btn btn-secondary understrap-read-more-link\" href=\"https:\/\/www.asbestosclaims.law\/es\/fuentes-de-exposicion\/marina-eeuu\/clases-de-barcos\/submarinos\/\">Leer m\u00e1s&#8230;<\/a><\/p>","protected":false},"author":1,"featured_media":0,"parent":10924,"menu_order":12,"comment_status":"closed","ping_status":"closed","template":"page-templates\/page-sidebar-template.php","meta":{"_acf_changed":false,"ub_ctt_via":"","footnotes":""},"class_list":["post-10951","page","type-page","status-publish","hentry"],"acf":[],"featured_image_src":null,"_links":{"self":[{"href":"https:\/\/www.asbestosclaims.law\/es\/wp-json\/wp\/v2\/pages\/10951","targetHints":{"allow":["GET"]}}],"collection":[{"href":"https:\/\/www.asbestosclaims.law\/es\/wp-json\/wp\/v2\/pages"}],"about":[{"href":"https:\/\/www.asbestosclaims.law\/es\/wp-json\/wp\/v2\/types\/page"}],"author":[{"embeddable":true,"href":"https:\/\/www.asbestosclaims.law\/es\/wp-json\/wp\/v2\/users\/1"}],"replies":[{"embeddable":true,"href":"https:\/\/www.asbestosclaims.law\/es\/wp-json\/wp\/v2\/comments?post=10951"}],"version-history":[{"count":0,"href":"https:\/\/www.asbestosclaims.law\/es\/wp-json\/wp\/v2\/pages\/10951\/revisions"}],"up":[{"embeddable":true,"href":"https:\/\/www.asbestosclaims.law\/es\/wp-json\/wp\/v2\/pages\/10924"}],"wp:attachment":[{"href":"https:\/\/www.asbestosclaims.law\/es\/wp-json\/wp\/v2\/media?parent=10951"}],"curies":[{"name":"wp","href":"https:\/\/api.w.org\/{rel}","templated":true}]}}