{"id":10950,"date":"2022-07-07T20:18:31","date_gmt":"2022-07-07T20:18:31","guid":{"rendered":"https:\/\/www.asbestosclaims.law\/?page_id=10082"},"modified":"2022-09-28T21:23:41","modified_gmt":"2022-09-28T21:23:41","slug":"minesweepers","status":"publish","type":"page","link":"https:\/\/www.asbestosclaims.law\/es\/fuentes-de-exposicion\/marina-eeuu\/clases-de-barcos\/buscaminas\/","title":{"rendered":"Asbesto en Buscaminas"},"content":{"rendered":"<p class=\"mt-5\">Los primeros dragaminas eran botes de remos equipados con garfios. Los marineros arrojaron los anzuelos a las minas submarinas y las sacaron del agua. Eso suena como un trabajo bastante peligroso para nosotros. Con el paso de los a\u00f1os, los dragaminas se volvieron cada vez m\u00e1s sofisticados. Para proteger a los <a href=\"https:\/\/www.asbestosclaims.law\/es\/fuentes-de-exposicion\/marina-eeuu\/clases-de-barcos\/barcos-de-guerra\/\">barcos de guerra<\/a> y otras embarcaciones grandes de las minas submarinas, los dragaminas usaban una combinaci\u00f3n de barridos mec\u00e1nicos y materiales de insonorizaci\u00f3n.<\/p>\n\n\n\n<h2 class=\"wp-block-heading\" id=\"h-fireproofing-us-naval-minesweepers-with-asbestos\">Buscaminas navales de EE. UU. a prueba de fuego con asbesto<\/h2>\n\n\n\n<p>Principalmente debido a estos requisitos mec\u00e1nicos, los constructores navales usaban la mayor cantidad de asbesto posible cuando constru\u00edan dragaminas. El asbesto es ign\u00edfugo, una necesidad clave a bordo de un barco que maneja algunos de los artefactos explosivos m\u00e1s fuertes conocidos por el hombre. Adem\u00e1s, este material es insonorizado. Los constructores utilizaron <a href=\"https:\/\/www.asbestosclaims.law\/es\/centro-de-aprendizaje\/tipos-de-asbestos\/\">minerales de asbesto<\/a> para fortalecer los paneles ac\u00fasticos, los mismos tipos de paneles que son comunes en las iglesias, porque amortiguan los sonidos de los \u00f3rganos.<\/p>\n\n\n\n<figure class=\"wp-block-image size-full\"><img decoding=\"async\" width=\"1430\" height=\"510\" src=\"https:\/\/www.asbestosclaims.law\/wp-content\/uploads\/2022\/07\/Asbestos-minesweeper-img4.jpg\" alt=\"\" class=\"wp-image-10222\" srcset=\"https:\/\/www.asbestosclaims.law\/wp-content\/uploads\/2022\/07\/Asbestos-minesweeper-img4.jpg 1430w, https:\/\/www.asbestosclaims.law\/wp-content\/uploads\/2022\/07\/Asbestos-minesweeper-img4-540x193.jpg 540w, https:\/\/www.asbestosclaims.law\/wp-content\/uploads\/2022\/07\/Asbestos-minesweeper-img4-768x274.jpg 768w, https:\/\/www.asbestosclaims.law\/wp-content\/uploads\/2022\/07\/Asbestos-minesweeper-img4-18x6.jpg 18w\" sizes=\"(max-width: 1430px) 100vw, 1430px\" \/><\/figure>\n\n\n\n<h2 class=\"wp-block-heading\" id=\"h-us-naval-veterans-who-served-on-minesweepers-were-exposed-to-asbestos\">Los veteranos navales de EE. UU. que sirvieron en los dragaminas estuvieron expuestos al asbesto<\/h2>\n\n\n\n<p>Millones de personas respiran humo de tabaco t\u00f3xico todos los d\u00edas, pero la mayor\u00eda de ellos nunca desarrollan c\u00e1ncer de pulm\u00f3n. El alquitr\u00e1n debe acumularse en los pulmones lentamente con el tiempo. Pero una sola fibra de asbesto podr\u00eda causar <a href=\"https:\/\/www.asbestosclaims.law\/es\/asbestos-symptoms-and-treatment\/asbestos-injuries\/\">asbestosis<\/a> y otras enfermedades cr\u00f3nicas graves.<\/p>\n\n\n\n<h3 class=\"wp-block-heading\" id=\"h-compensation-for-us-naval-veterans-with-asbestos-related-illnesses-from-service-on-a-minesweeper\">Compensaci\u00f3n para veteranos de la Marina de los EE. UU. con enfermedades relacionadas con el asbesto por servicio en un dragaminas<\/h3>\n\n\n\n<p>Las v\u00edctimas necesitan y merecen una compensaci\u00f3n por enfermedades por exposici\u00f3n al asbesto, y existen tres formas b\u00e1sicas para que los ex marinos mercantes puedan obtenerla.<\/p>\n\n\n\n<ul class=\"check-list wp-block-list\"><li><strong>Discapacidad del VA<\/strong>: La declaraci\u00f3n de 1987 antes mencionada significa que los marinos mercantes son elegibles para los beneficios por discapacidad del VA. Los beneficios m\u00e9dicos y en efectivo est\u00e1n disponibles si un veterano tiene una discapacidad relacionada con el servicio. El envenenamiento por asbesto es presuntamente incapacitante seg\u00fan las leyes federales aplicables.<\/li><li><strong>Productos defectuosos<\/strong>: Casi un siglo antes de que los marinos mercantes recibieran el estatus de veteranos, las empresas que usaban asbesto sab\u00edan que este mineral era altamente t\u00f3xico. Pero siguieron us\u00e1ndolo de todos modos, principalmente porque era barato. La mayor\u00eda de las empresas son estrictamente responsables de las lesiones que causan sus productos defectuosos, incluidos los productos t\u00f3xicos.<\/li><li><strong>VCF<\/strong>: Tambi\u00e9n en la d\u00e9cada de 1980, las empresas de asbesto establecieron varios grandes fondos de compensaci\u00f3n para las v\u00edctimas. Un reclamo por lesiones con un administrador del fondo es un poco como un reclamo por discapacidad del VA. La v\u00edctima s\u00f3lo debe probar exposici\u00f3n y causa. Despu\u00e9s de todos estos a\u00f1os, estos fondos fiduciarios todav\u00eda contienen miles de millones de d\u00f3lares.<\/li><\/ul>\n\n\n\n<p>La asbestosis y otras enfermedades tienen periodos de latencia muy largos. La mayor\u00eda de las v\u00edctimas enfermas no saben que est\u00e1n enfermas durante unos cincuenta a\u00f1os. Legalmente, la mayor\u00eda de las v\u00edctimas tienen un tiempo limitado para actuar. Pero el estatuto de limitaciones se extiende en los casos de exposici\u00f3n al asbesto, por lo que incluso muchos a\u00f1os despu\u00e9s, las v\u00edctimas a\u00fan tienen opciones legales.<\/p>\n\n\n\n<section class=\"boxtextnew\">\n            <div class=\"row pt-5 5 px-xl-0 px-lg-3\" style=\"padding:30px 10px !Important; background-color:#F8F7F6; margin:0px;\">\n                <div>\n                    <table style=\"width:90%; margin:0px auto;\">\n                        <tbody><tr>                           \n                            <td style=\"text-align:left;\">\n<h5>AsbestosClaims.Law<\/h5>\n<p>AsbestosClaims.law es su recurso integral para todo lo relacionado con el asbesto, incluida informaci\u00f3n sobre salud y compensaci\u00f3n para los veteranos de la Fuerza A\u00e9rea y otros exmiembros del servicio. Esperamos que esto sea de ayuda y estamos agradecidos con todos los que se han dado de s\u00ed mismos para defendernos a todos.<\/p>\n\n<p>Si tiene preguntas o inquietudes adicionales relacionadas con el asbesto, visite nuestro <a href=\"https:\/\/www.asbestosclaims.law\/es\/\" rel=\"noopener\">sitio web<\/a> y <a href=\"http:\/\/youtube.com\/channel\/UCZ8k_hDOrgpwHTVwzZHKcmA\" target=\"_blank\" rel=\"noopener\">p\u00e1gina de YouTube<\/a> para ver videos, infograf\u00edas y respuestas a sus preguntas sobre el asbesto, incluida <a href=\"https:\/\/www.asbestosclaims.law\/es\/blogtag\/health-and-safety\/\">la salud y la seguridad<\/a>, <a href=\"https:\/\/www.asbestosclaims.law\/es\/asbestos-blog\/estoy-mudandome-deberia-tener-prueba-de-asbesto-gratis\/\">prueba de asbesto<\/a>, <a href=\"https:\/\/www.asbestosclaims.law\/es\/blogtag\/asbestos-removal\/\">la eliminaci\u00f3n del asbesto de su hogar y edificio<\/a>, y <a href=\"https:\/\/www.asbestosclaims.law\/es\/asbestos-mesothelioma-claims\/\">informaci\u00f3n legal<\/a> sobre <a href=\"https:\/\/www.asbestosclaims.law\/es\/asbestos-trusts\/what-are-asbestos-trusts-and-why-do-they-exist\/\">la compensaci\u00f3n por lesiones de asbesto<\/a>.<\/p>\n\n<p>Y si cree que estuvo expuesto al asbesto, o le han diagnosticado una enfermedad relacionada con el asbesto, podr\u00eda tener derecho a <a href=\"https:\/\/www.asbestosclaims.law\/es\/asbestos-claims\/\">compensaci\u00f3n significativa<\/a>: dinero que podr\u00eda usar para cubrir los costos de los servicios de eliminaci\u00f3n de asbesto, pagar el tratamiento m\u00e9dico y proteger de forma preventiva su bienestar f\u00edsico.&nbsp;<\/p>\n\n<p>Todo sin presentar una demanda.<\/p>\n\n<p>Si desea ayuda para presentar un reclamo, <a href=\"https:\/\/www.asbestosclaims.law\/es\/about-us\/contacta-con-nosotros\/\">ponerse en contacto<\/a> por correo electr\u00f3nico a <a href=\"mailto:help@asbestosclaims.law\">help@asbestosclaims.law<\/a>&nbsp;\to ll\u00e1menos o env\u00edenos un mensaje de texto al <a href=\"tel:8334272378\">(833) 4-ASBESTOS (427-2378)<\/a> o <a href=\"tel:2064559190\">(206) 455-9190<\/a>. Escucharemos su historia y le explicaremos sus opciones. Y nunca cobramos por nada a menos que reciba dinero en su bolsillo.<\/p>\n\n<\/td>                            \n                        <\/tr>\n                    <\/tbody><\/table>\n                <\/div>\n            <\/div>\n        <\/section>"},"excerpt":{"rendered":"<p>The earliest minesweepers were rowboats fitted with grappling hooks. Sailors threw the hooks onto undersea mines and pulled them out of the water. That sounds like a pretty dangerous job to us. As the years rolled on, minesweepers became increasingly more sophisticated. To protect battleships and other large vessels from undersea mines, minesweepers used a [&#8230;]<\/p>\n<p><a class=\"btn btn-secondary understrap-read-more-link\" href=\"https:\/\/www.asbestosclaims.law\/es\/fuentes-de-exposicion\/marina-eeuu\/clases-de-barcos\/buscaminas\/\">Leer m\u00e1s&#8230;<\/a><\/p>","protected":false},"author":1,"featured_media":0,"parent":10924,"menu_order":11,"comment_status":"closed","ping_status":"closed","template":"page-templates\/page-sidebar-template.php","meta":{"_acf_changed":false,"ub_ctt_via":"","footnotes":""},"class_list":["post-10950","page","type-page","status-publish","hentry"],"acf":[],"featured_image_src":null,"_links":{"self":[{"href":"https:\/\/www.asbestosclaims.law\/es\/wp-json\/wp\/v2\/pages\/10950","targetHints":{"allow":["GET"]}}],"collection":[{"href":"https:\/\/www.asbestosclaims.law\/es\/wp-json\/wp\/v2\/pages"}],"about":[{"href":"https:\/\/www.asbestosclaims.law\/es\/wp-json\/wp\/v2\/types\/page"}],"author":[{"embeddable":true,"href":"https:\/\/www.asbestosclaims.law\/es\/wp-json\/wp\/v2\/users\/1"}],"replies":[{"embeddable":true,"href":"https:\/\/www.asbestosclaims.law\/es\/wp-json\/wp\/v2\/comments?post=10950"}],"version-history":[{"count":0,"href":"https:\/\/www.asbestosclaims.law\/es\/wp-json\/wp\/v2\/pages\/10950\/revisions"}],"up":[{"embeddable":true,"href":"https:\/\/www.asbestosclaims.law\/es\/wp-json\/wp\/v2\/pages\/10924"}],"wp:attachment":[{"href":"https:\/\/www.asbestosclaims.law\/es\/wp-json\/wp\/v2\/media?parent=10950"}],"curies":[{"name":"wp","href":"https:\/\/api.w.org\/{rel}","templated":true}]}}