{"id":10949,"date":"2022-07-07T20:03:32","date_gmt":"2022-07-07T20:03:32","guid":{"rendered":"https:\/\/www.asbestosclaims.law\/?page_id=10073"},"modified":"2022-09-28T21:23:42","modified_gmt":"2022-09-28T21:23:42","slug":"merchant-marine-ships","status":"publish","type":"page","link":"https:\/\/www.asbestosclaims.law\/es\/fuentes-de-exposicion\/marina-eeuu\/clases-de-barcos\/buques-de-la-marina-mercante\/","title":{"rendered":"Asbesto en Buques de la Marina Mercante"},"content":{"rendered":"<p class=\"mt-5\">En combate, mantener las l\u00edneas de suministro es tan importante como mantener la l\u00ednea del frente. Los riesgos son igual de grandes tambi\u00e9n. Durante la Segunda Guerra Mundial, la marina mercante de los Estados Unidos, que opera barcos bajo control tanto civil como militar, tuvo una tasa de bajas m\u00e1s alta que los <a href=\"https:\/\/www.asbestosclaims.law\/es\/fuentes-de-exposicion\/marina-eeuu\/clases-de-barcos\/escoltas-destructoras\/\">destructores<\/a> y cualquier otro barco de la Armada de los Estados Unidos. Sin embargo, los marineros de la marina mercante no recibieron el reconocimiento oficial de sus contribuciones militares hasta 1987.<\/p>\n\n\n\n<h2 class=\"wp-block-heading\" id=\"h-before-it-was-banned-some-form-of-asbestos-was-on-most-sailing-vessels\">Antes de que fuera prohibido, hab\u00eda alguna forma de asbesto en la mayor\u00eda de los veleros<\/h2>\n\n\n\n<p>Coincidentemente, <a href=\"https:\/\/www.asbestosclaims.law\/es\/centro-de-aprendizaje\/historial-legal-de-asbesto\/\">la EPA prohibi\u00f3 el asbesto en 1987<\/a>. Si usted o un ser querido pas\u00f3 alg\u00fan tiempo a bordo de un buque de la marina mercante construido antes de esa fecha, en el mar, en un puerto o en un dique seco, lo m\u00e1s probable es que haya estado expuesto al asbesto. Este material ign\u00edfugo no solo se us\u00f3 alrededor de calderas, dep\u00f3sitos de municiones u otros peligros de incendio obvios. El trabajo interno, como los <a href=\"https:\/\/www.asbestosclaims.law\/es\/asbestos-blog\/como-elimino-los-conductos-de-asbesto\/\">conductos de asbesto<\/a>, tambi\u00e9n era muy com\u00fan en estos barcos. A veces, el papel de asbesto proteg\u00eda las juntas de los conductos. Sin embargo, con mayor frecuencia, los constructores navales envolv\u00edan toda la red de conductos en papel con asbesto.<\/p>\n\n\n\n<figure class=\"wp-block-image size-full\"><img decoding=\"async\" width=\"1430\" height=\"510\" src=\"https:\/\/www.asbestosclaims.law\/wp-content\/uploads\/2022\/07\/Asbestos-Merchant-img4.jpg\" alt=\"\" class=\"wp-image-10182\" srcset=\"https:\/\/www.asbestosclaims.law\/wp-content\/uploads\/2022\/07\/Asbestos-Merchant-img4.jpg 1430w, https:\/\/www.asbestosclaims.law\/wp-content\/uploads\/2022\/07\/Asbestos-Merchant-img4-540x193.jpg 540w, https:\/\/www.asbestosclaims.law\/wp-content\/uploads\/2022\/07\/Asbestos-Merchant-img4-768x274.jpg 768w, https:\/\/www.asbestosclaims.law\/wp-content\/uploads\/2022\/07\/Asbestos-Merchant-img4-18x6.jpg 18w\" sizes=\"(max-width: 1430px) 100vw, 1430px\" \/><\/figure>\n\n\n\n<h2 class=\"wp-block-heading\" id=\"h-sailors-and-us-naval-veterans-at-risk-of-asbestos-exposure-aboard-merchant-marine-ships\">Marineros y veteranos de la Marina de los EE. UU. en riesgo de exposici\u00f3n al asbesto a bordo de buques de la Marina Mercante<\/h2>\n\n\n\n<p>Como se mencion\u00f3, las personas que construyeron estos barcos, repararon estos barcos y sirvieron en estos barcos podr\u00edan haber estado expuestas al asbesto.<\/p>\n\n\n\n<p>En la d\u00e9cada de 1980, la mayor\u00eda de los constructores finalmente reconocieron los peligros del asbesto. Sin embargo, durante el auge de la construcci\u00f3n de la marina mercante en la Segunda Guerra Mundial y la Guerra de Vietnam, los trabajadores a menudo manipulaban el asbesto con poco o ning\u00fan equipo de protecci\u00f3n. Las m\u00e1scaras y los guantes hacen poco para proteger a los trabajadores de las microsc\u00f3picas fibras de asbesto.<\/p>\n\n\n\n<h3 class=\"wp-block-heading\" id=\"h-asbestos-exposure-and-health-problems-from-repairing-merchant-marine-ships\">Exposici\u00f3n al asbesto y problemas de salud derivados de la reparaci\u00f3n de buques de la marina mercante<\/h3>\n\n\n\n<p>Los trabajadores de reparaci\u00f3n pueden haber enfrentado peligros a\u00fan mayores por la exposici\u00f3n al asbesto. Las tareas de reparaci\u00f3n son a\u00fan m\u00e1s sensibles al tiempo que los trabajos de construcci\u00f3n. Para muchos supervisores, equipar a los trabajadores es una p\u00e9rdida de tiempo. Explicar los peligros del asbesto es una p\u00e9rdida de tiempo a\u00fan mayor. Los trabajadores de la construcci\u00f3n generalmente pagaban el precio.<\/p>\n\n\n\n<p>Tambi\u00e9n como se mencion\u00f3, el asbesto estaba pr\u00e1cticamente en todas partes en la mayor\u00eda de los barcos de la marina mercante, ya que este mineral era barato y abundante. Los marineros en ciertas \u00e1reas, como las calderas, generalmente podr\u00edan identificar el asbesto y tratar de evitarlo. La mayor\u00eda de los otros marineros probablemente no ten\u00edan idea de c\u00f3mo era el asbesto, por lo que no tomaron medidas para evitarlo.<\/p>\n\n\n\n<p>Los tratamientos para el mesotelioma, la asbestosis y otras enfermedades relacionadas con el asbesto son extremadamente altos. Adem\u00e1s, estas condiciones graves a menudo son fatales. Hay varias fuentes de compensaci\u00f3n disponibles para aliviar el dolor de estas p\u00e9rdidas econ\u00f3micas y no econ\u00f3micas.<\/p>\n\n\n\n<section class=\"boxtextnew\">\n            <div class=\"row pt-5 5 px-xl-0 px-lg-3\" style=\"padding:30px 10px !Important; background-color:#F8F7F6; margin:0px;\">\n                <div>\n                    <table style=\"width:90%; margin:0px auto;\">\n                        <tbody><tr>                           \n                            <td style=\"text-align:left;\">\n<h5>AsbestosClaims.Law<\/h5>\n<p>AsbestosClaims.law es su recurso integral para todo lo relacionado con el asbesto, incluida informaci\u00f3n sobre salud y compensaci\u00f3n para los veteranos de la Fuerza A\u00e9rea y otros exmiembros del servicio. Esperamos que esto sea de ayuda y estamos agradecidos con todos los que se han dado de s\u00ed mismos para defendernos a todos.<\/p>\n\n<p>Si tiene preguntas o inquietudes adicionales relacionadas con el asbesto, visite nuestro <a href=\"https:\/\/www.asbestosclaims.law\/es\/\" rel=\"noopener\">sitio web<\/a> y <a href=\"http:\/\/youtube.com\/channel\/UCZ8k_hDOrgpwHTVwzZHKcmA\" target=\"_blank\" rel=\"noopener\">p\u00e1gina de YouTube<\/a> para ver videos, infograf\u00edas y respuestas a sus preguntas sobre el asbesto, incluida <a href=\"https:\/\/www.asbestosclaims.law\/es\/blogtag\/health-and-safety\/\">la salud y la seguridad<\/a>, <a href=\"https:\/\/www.asbestosclaims.law\/es\/asbestos-blog\/estoy-mudandome-deberia-tener-prueba-de-asbesto-gratis\/\">prueba de asbesto<\/a>, <a href=\"https:\/\/www.asbestosclaims.law\/es\/blogtag\/asbestos-removal\/\">la eliminaci\u00f3n del asbesto de su hogar y edificio<\/a>, y <a href=\"https:\/\/www.asbestosclaims.law\/es\/asbestos-mesothelioma-claims\/\">informaci\u00f3n legal<\/a> sobre <a href=\"https:\/\/www.asbestosclaims.law\/es\/asbestos-trusts\/what-are-asbestos-trusts-and-why-do-they-exist\/\">la compensaci\u00f3n por lesiones de asbesto<\/a>.<\/p>\n\n<p>Y si cree que estuvo expuesto al asbesto, o le han diagnosticado una enfermedad relacionada con el asbesto, podr\u00eda tener derecho a <a href=\"https:\/\/www.asbestosclaims.law\/es\/asbestos-claims\/\">compensaci\u00f3n significativa<\/a>: dinero que podr\u00eda usar para cubrir los costos de los servicios de eliminaci\u00f3n de asbesto, pagar el tratamiento m\u00e9dico y proteger de forma preventiva su bienestar f\u00edsico.&nbsp;<\/p>\n\n<p>Todo sin presentar una demanda.<\/p>\n\n<p>Si desea ayuda para presentar un reclamo, <a href=\"https:\/\/www.asbestosclaims.law\/es\/about-us\/contacta-con-nosotros\/\">ponerse en contacto<\/a> por correo electr\u00f3nico a <a href=\"mailto:help@asbestosclaims.law\">help@asbestosclaims.law<\/a>&nbsp;\to ll\u00e1menos o env\u00edenos un mensaje de texto al <a href=\"tel:8334272378\">(833) 4-ASBESTOS (427-2378)<\/a> o <a href=\"tel:2064559190\">(206) 455-9190<\/a>. Escucharemos su historia y le explicaremos sus opciones. Y nunca cobramos por nada a menos que reciba dinero en su bolsillo.<\/p>\n\n<\/td>                            \n                        <\/tr>\n                    <\/tbody><\/table>\n                <\/div>\n            <\/div>\n        <\/section>"},"excerpt":{"rendered":"<p>In combat, maintaining the supply lines is every bit as important as holding the front line. The risks are just as great as well. During World War II, the United States merchant marine, which operates ships under both civilian and military control, had a higher casualty rate than destroyers and any other ships in the [&#8230;]<\/p>\n<p><a class=\"btn btn-secondary understrap-read-more-link\" href=\"https:\/\/www.asbestosclaims.law\/es\/fuentes-de-exposicion\/marina-eeuu\/clases-de-barcos\/buques-de-la-marina-mercante\/\">Leer m\u00e1s&#8230;<\/a><\/p>","protected":false},"author":1,"featured_media":0,"parent":10924,"menu_order":10,"comment_status":"closed","ping_status":"closed","template":"page-templates\/page-sidebar-template.php","meta":{"_acf_changed":false,"ub_ctt_via":"","footnotes":""},"class_list":["post-10949","page","type-page","status-publish","hentry"],"acf":[],"featured_image_src":null,"_links":{"self":[{"href":"https:\/\/www.asbestosclaims.law\/es\/wp-json\/wp\/v2\/pages\/10949","targetHints":{"allow":["GET"]}}],"collection":[{"href":"https:\/\/www.asbestosclaims.law\/es\/wp-json\/wp\/v2\/pages"}],"about":[{"href":"https:\/\/www.asbestosclaims.law\/es\/wp-json\/wp\/v2\/types\/page"}],"author":[{"embeddable":true,"href":"https:\/\/www.asbestosclaims.law\/es\/wp-json\/wp\/v2\/users\/1"}],"replies":[{"embeddable":true,"href":"https:\/\/www.asbestosclaims.law\/es\/wp-json\/wp\/v2\/comments?post=10949"}],"version-history":[{"count":0,"href":"https:\/\/www.asbestosclaims.law\/es\/wp-json\/wp\/v2\/pages\/10949\/revisions"}],"up":[{"embeddable":true,"href":"https:\/\/www.asbestosclaims.law\/es\/wp-json\/wp\/v2\/pages\/10924"}],"wp:attachment":[{"href":"https:\/\/www.asbestosclaims.law\/es\/wp-json\/wp\/v2\/media?parent=10949"}],"curies":[{"name":"wp","href":"https:\/\/api.w.org\/{rel}","templated":true}]}}