{"id":10948,"date":"2022-07-07T18:58:28","date_gmt":"2022-07-07T18:58:28","guid":{"rendered":"https:\/\/www.asbestosclaims.law\/?page_id=10068"},"modified":"2022-09-28T21:23:44","modified_gmt":"2022-09-28T21:23:44","slug":"frigates","status":"publish","type":"page","link":"https:\/\/www.asbestosclaims.law\/es\/fuentes-de-exposicion\/marina-eeuu\/clases-de-barcos\/fragatas\/","title":{"rendered":"Asbesto en Fragatas"},"content":{"rendered":"<p class=\"mt-5\">Tradicionalmente, una fragata es un buque de guerra peque\u00f1o y resistente que tiene todas sus armas en la cubierta superior. Los barcos de l\u00ednea m\u00e1s grandes, como los grandes <a href=\"https:\/\/www.asbestosclaims.law\/es\/fuentes-de-exposicion\/marina-eeuu\/clases-de-barcos\/cruceros\/\">cruceros de batalla<\/a>, a menudo tienen armas en la cubierta superior y en la cubierta inferior. Desde los inicios de las armadas modernas en el siglo XVII, las fragatas eran en su mayor\u00eda embarcaciones de escolta. En los tiempos modernos, tambi\u00e9n son naves de b\u00fasqueda y destrucci\u00f3n. Para llevar a cabo esta tarea, muchas fragatas llevan misiles guiados avanzados y otras municiones poderosas.<\/p>\n\n\n\n<p>Las primeras fragatas estadounidenses, incluida la USS Constitution (Old Ironsides), zarparon a fines de la d\u00e9cada de 1790. M\u00e1s tarde, los peligros del asbesto en las fragatas se hicieron ampliamente conocidos. Sin embargo, debido principalmente a que no hab\u00eda disponibles <a href=\"https:\/\/www.asbestosclaims.law\/es\/asbestos-blog\/que-es-el-material-sin-asbesto-que-reemplaza-al-asbesto\/\">materiales de reemplazo sin asbesto<\/a> , la Marina sigui\u00f3 usando asbesto hasta 1975. Esta sustancia ign\u00edfuga y protectora se ha relacionado con una serie de enfermedades graves y, por lo general, fatales.<\/p>\n\n\n\n<h2 class=\"wp-block-heading\" id=\"h-us-naval-veterans-at-risk-for-asbestos-exposure-aboard-frigates\">Veteranos navales de EE. UU. en riesgo de exposici\u00f3n al asbesto a bordo de fragatas<\/h2>\n\n\n\n<p>La joven armada de los EE. UU. necesitaba una flota de naves oce\u00e1nicas robustas que tuvieran una gran potencia de fuego pero que no llevaran tanto tiempo construirlas como las naves de l\u00ednea. Las fragatas encajan muy bien en ese proyecto de ley. En a\u00f1os posteriores, estas necesidades significaron que los constructores navales usaron cantidades sustanciales de asbesto en las fragatas.<\/p>\n\n\n\n<h3 class=\"wp-block-heading\" id=\"h-areas-of-us-naval-frigates-that-contained-asbestos\">\u00c1reas de fragatas navales estadounidenses que conten\u00edan asbesto<\/h3>\n\n\n\n<p>Los marineros que trabajaron en fragatas en las siguientes \u00e1reas corren un riesgo especial de contraer enfermedades por exposici\u00f3n al asbesto:<\/p>\n\n\n\n<ul class=\"check-list wp-block-list\"><li><strong>Sistemas El\u00e9ctricos<\/strong>: El asbesto no conduce la electricidad y es resistente al agua. Por lo tanto, la mayor\u00eda de los cables el\u00e9ctricos est\u00e1n envueltos en papel con asbesto. Este papel se manipula mucho y se rompe f\u00e1cilmente.<\/li><li><strong>Turbinas de gas<\/strong>: El fuego, tanto accidental como relacionado con el combate, es el mayor peligro a bordo de las fragatas. El asbesto es a prueba de fuego y las turbinas de gas generan m\u00e1s calor que casi cualquier otro sistema de barco. Los constructores navales de la Marina de los EE. UU. utilizaron asbesto de forma extensiva en las salas de m\u00e1quinas hasta 1975.<\/li><li><strong>Comedores<\/strong>: Estas \u00e1reas no tienen un trabajo el\u00e9ctrico extenso ni representan un riesgo significativo de incendio. Sin embargo, tienen mucho asbesto, generalmente en las paredes, techos y baldosas. Las baldosas con asbesto son especialmente peligrosas, ya que se camina sobre los pisos.<\/li><\/ul>\n\n\n\n<p>Una fibra de asbesto microsc\u00f3pica podr\u00eda causar <a href=\"https:\/\/www.asbestosclaims.law\/es\/asbestos-symptoms-and-treatment\/asbestos-injuries\/malignant-injuries\/\">c\u00e1nceres como el mesotelioma<\/a> y enfermedades pulmonares graves como la asbestosis.<\/p>\n\n\n\n<figure class=\"wp-block-image size-full\"><img decoding=\"async\" width=\"1430\" height=\"510\" src=\"https:\/\/www.asbestosclaims.law\/wp-content\/uploads\/2022\/07\/Asbestos-Frigates-img4.jpg\" alt=\"\" class=\"wp-image-10155\" srcset=\"https:\/\/www.asbestosclaims.law\/wp-content\/uploads\/2022\/07\/Asbestos-Frigates-img4.jpg 1430w, https:\/\/www.asbestosclaims.law\/wp-content\/uploads\/2022\/07\/Asbestos-Frigates-img4-540x193.jpg 540w, https:\/\/www.asbestosclaims.law\/wp-content\/uploads\/2022\/07\/Asbestos-Frigates-img4-768x274.jpg 768w, https:\/\/www.asbestosclaims.law\/wp-content\/uploads\/2022\/07\/Asbestos-Frigates-img4-18x6.jpg 18w\" sizes=\"(max-width: 1430px) 100vw, 1430px\" \/><\/figure>\n\n\n\n<h2 class=\"wp-block-heading\" id=\"h-us-naval-veterans-with-asbestos-related-illnesses-can-receive-compensation-for-their-injuries\">Los veteranos navales de EE. UU. con enfermedades relacionadas con el asbesto pueden recibir compensaci\u00f3n por sus lesiones<\/h2>\n\n\n\n<p>No importa cu\u00e1nto tiempo pase entre la exposici\u00f3n y la enfermedad, estas v\u00edctimas suelen tener opciones legales.<\/p>\n\n\n\n<p>La mayor\u00eda de las enfermedades por exposici\u00f3n al asbesto son presuntamente condiciones de discapacidad, seg\u00fan las pautas de discapacidad de VA. Estas v\u00edctimas tambi\u00e9n podr\u00edan presentar reclamos por productos defectuosos contra el fabricante de asbesto, o un reclamo con un fondo de compensaci\u00f3n para v\u00edctimas de asbesto de miles de millones de d\u00f3lares.<\/p>\n\n\n\n<section class=\"boxtextnew\">\n            <div class=\"row pt-5 5 px-xl-0 px-lg-3\" style=\"padding:30px 10px !Important; background-color:#F8F7F6; margin:0px;\">\n                <div>\n                    <table style=\"width:90%; margin:0px auto;\">\n                        <tbody><tr>                           \n                            <td style=\"text-align:left;\">\n<h5>AsbestosClaims.Law<\/h5>\n<p>AsbestosClaims.law es su recurso integral para todo lo relacionado con el asbesto, incluida informaci\u00f3n sobre salud y compensaci\u00f3n para los veteranos de la Fuerza A\u00e9rea y otros exmiembros del servicio. Esperamos que esto sea de ayuda y estamos agradecidos con todos los que se han dado de s\u00ed mismos para defendernos a todos.<\/p>\n\n<p>Si tiene preguntas o inquietudes adicionales relacionadas con el asbesto, visite nuestro <a href=\"https:\/\/www.asbestosclaims.law\/es\/\" rel=\"noopener\">sitio web<\/a> y <a href=\"http:\/\/youtube.com\/channel\/UCZ8k_hDOrgpwHTVwzZHKcmA\" target=\"_blank\" rel=\"noopener\">p\u00e1gina de YouTube<\/a> para ver videos, infograf\u00edas y respuestas a sus preguntas sobre el asbesto, incluida <a href=\"https:\/\/www.asbestosclaims.law\/es\/blogtag\/health-and-safety\/\">la salud y la seguridad<\/a>, <a href=\"https:\/\/www.asbestosclaims.law\/es\/asbestos-blog\/estoy-mudandome-deberia-tener-prueba-de-asbesto-gratis\/\">prueba de asbesto<\/a>, <a href=\"https:\/\/www.asbestosclaims.law\/es\/blogtag\/asbestos-removal\/\">la eliminaci\u00f3n del asbesto de su hogar y edificio<\/a>, y <a href=\"https:\/\/www.asbestosclaims.law\/es\/asbestos-mesothelioma-claims\/\">informaci\u00f3n legal<\/a> sobre <a href=\"https:\/\/www.asbestosclaims.law\/es\/asbestos-trusts\/what-are-asbestos-trusts-and-why-do-they-exist\/\">la compensaci\u00f3n por lesiones de asbesto<\/a>.<\/p>\n\n<p>Y si cree que estuvo expuesto al asbesto, o le han diagnosticado una enfermedad relacionada con el asbesto, podr\u00eda tener derecho a <a href=\"https:\/\/www.asbestosclaims.law\/es\/asbestos-claims\/\">compensaci\u00f3n significativa<\/a>: dinero que podr\u00eda usar para cubrir los costos de los servicios de eliminaci\u00f3n de asbesto, pagar el tratamiento m\u00e9dico y proteger de forma preventiva su bienestar f\u00edsico.&nbsp;<\/p>\n\n<p>Todo sin presentar una demanda.<\/p>\n\n<p>Si desea ayuda para presentar un reclamo, <a href=\"https:\/\/www.asbestosclaims.law\/es\/about-us\/contacta-con-nosotros\/\">ponerse en contacto<\/a> por correo electr\u00f3nico a <a href=\"mailto:help@asbestosclaims.law\">help@asbestosclaims.law<\/a>&nbsp;\to ll\u00e1menos o env\u00edenos un mensaje de texto al <a href=\"tel:8334272378\">(833) 4-ASBESTOS (427-2378)<\/a> o <a href=\"tel:2064559190\">(206) 455-9190<\/a>. Escucharemos su historia y le explicaremos sus opciones. Y nunca cobramos por nada a menos que reciba dinero en su bolsillo.<\/p>\n\n<\/td>                            \n                        <\/tr>\n                    <\/tbody><\/table>\n                <\/div>\n            <\/div>\n        <\/section>"},"excerpt":{"rendered":"<p>Traditionally, a frigate is a small, sturdy warship that has all its weapons on the top deck. Larger ships-of-the-line, such as large battle cruisers, often have weapons on the upper deck and on a lower deck. Since the beginnings of modern navies in the 17th century, frigates were mostly escort vessels. In modern times, they\u2019re [&#8230;]<\/p>\n<p><a class=\"btn btn-secondary understrap-read-more-link\" href=\"https:\/\/www.asbestosclaims.law\/es\/fuentes-de-exposicion\/marina-eeuu\/clases-de-barcos\/fragatas\/\">Leer m\u00e1s&#8230;<\/a><\/p>","protected":false},"author":1,"featured_media":0,"parent":10924,"menu_order":9,"comment_status":"closed","ping_status":"closed","template":"page-templates\/page-sidebar-template.php","meta":{"_acf_changed":false,"ub_ctt_via":"","footnotes":""},"class_list":["post-10948","page","type-page","status-publish","hentry"],"acf":[],"featured_image_src":null,"_links":{"self":[{"href":"https:\/\/www.asbestosclaims.law\/es\/wp-json\/wp\/v2\/pages\/10948","targetHints":{"allow":["GET"]}}],"collection":[{"href":"https:\/\/www.asbestosclaims.law\/es\/wp-json\/wp\/v2\/pages"}],"about":[{"href":"https:\/\/www.asbestosclaims.law\/es\/wp-json\/wp\/v2\/types\/page"}],"author":[{"embeddable":true,"href":"https:\/\/www.asbestosclaims.law\/es\/wp-json\/wp\/v2\/users\/1"}],"replies":[{"embeddable":true,"href":"https:\/\/www.asbestosclaims.law\/es\/wp-json\/wp\/v2\/comments?post=10948"}],"version-history":[{"count":0,"href":"https:\/\/www.asbestosclaims.law\/es\/wp-json\/wp\/v2\/pages\/10948\/revisions"}],"up":[{"embeddable":true,"href":"https:\/\/www.asbestosclaims.law\/es\/wp-json\/wp\/v2\/pages\/10924"}],"wp:attachment":[{"href":"https:\/\/www.asbestosclaims.law\/es\/wp-json\/wp\/v2\/media?parent=10948"}],"curies":[{"name":"wp","href":"https:\/\/api.w.org\/{rel}","templated":true}]}}