{"id":10946,"date":"2022-07-07T18:28:06","date_gmt":"2022-07-07T18:28:06","guid":{"rendered":"https:\/\/www.asbestosclaims.law\/?page_id=10040"},"modified":"2023-02-17T20:42:30","modified_gmt":"2023-02-17T20:42:30","slug":"destroyer-escorts","status":"publish","type":"page","link":"https:\/\/www.asbestosclaims.law\/es\/fuentes-de-exposicion\/marina-eeuu\/clases-de-barcos\/escoltas-destructoras\/","title":{"rendered":"Asbesto en Escoltas Destructoras"},"content":{"rendered":"<h2 class=\"wp-block-heading\" id=\"h-the-importance-of-us-naval-support-ships\">La importancia de los buques de apoyo naval de EE. UU.<\/h2>\n\n\n\n<p>Los barcos de apoyo, como los destructores y los escoltas, son tan vitales como los barcos de combate de primera l\u00ednea. El <a href=\"https:\/\/www.asbestosclaims.law\/es\/fuentes-de-exposicion\/marina-eeuu\/clases-de-barcos\/barcos-de-guerra\/\">barco de combate<\/a> m\u00e1s poderoso de la flota bien podr\u00eda ser un bote de remos sin combustible ni municiones, o si sufre da\u00f1os en la batalla. Regresar al puerto para reabastecimiento y reparaci\u00f3n no es una opci\u00f3n.Eso es especialmente cierto en campa\u00f1as amplias con grandes teatros de operaciones, como la Segunda Guerra Mundial.<\/p>\n\n\n\n<h3 class=\"wp-block-heading\" id=\"h-asbestos-exposure-aboard-the-uss-sierra\">Exposici\u00f3n al asbesto a bordo del USS Sierra<\/h3>\n\n\n\n<p>El<em> USS Sierra<\/em> fue una de las escoltas de destructores m\u00e1s notables de este per\u00edodo. <em>Sierra <\/em>Su quilla se coloc\u00f3 en diciembre de 1941, solo unas semanas despu\u00e9s de Pearl Harbor. <em>Sierra <\/em>entr\u00f3 en acci\u00f3n a partir de mediados de 1943, apoyando las invasiones de Iwo Jima y Filipinas. Durante esta acci\u00f3n, su tripulaci\u00f3n realiz\u00f3 reparaciones importantes en varias naves de combate grandes, para que esas naves pudieran permanecer en la lucha.<\/p>\n\n\n\n<p class=\" translation-block\">Durante el per\u00edodo inicial de la Guerra Fr\u00eda, <em>Sierra<\/em> sirvi\u00f3 principalmente en Europa. Fue el buque insignia de Destroyer Flotilla 4 durante la d\u00e9cada de 1960. En la d\u00e9cada de 1970, sirvi\u00f3 en los Estados Unidos, principalmente en la costa este. Los funcionarios otorgaron a la tripulaci\u00f3n del <em>Sierra<\/em> la Medalla Humanitaria por sus esfuerzos para ayudar a las v\u00edctimas del hurac\u00e1n Frederic en Alabama. En el momento de su desmantelamiento en 1993,  Sierra era el buque de guerra activo m\u00e1s antiguo de la Armada.<\/p>\n\n\n\n<figure class=\"wp-block-image size-full\"><img decoding=\"async\" width=\"1430\" height=\"510\" src=\"https:\/\/www.asbestosclaims.law\/wp-content\/uploads\/2022\/07\/Asbestos-Destroyer-img4.jpg\" alt=\"\" class=\"wp-image-10108\" srcset=\"https:\/\/www.asbestosclaims.law\/wp-content\/uploads\/2022\/07\/Asbestos-Destroyer-img4.jpg 1430w, https:\/\/www.asbestosclaims.law\/wp-content\/uploads\/2022\/07\/Asbestos-Destroyer-img4-540x193.jpg 540w, https:\/\/www.asbestosclaims.law\/wp-content\/uploads\/2022\/07\/Asbestos-Destroyer-img4-768x274.jpg 768w, https:\/\/www.asbestosclaims.law\/wp-content\/uploads\/2022\/07\/Asbestos-Destroyer-img4-18x6.jpg 18w\" sizes=\"(max-width: 1430px) 100vw, 1430px\" \/><\/figure>\n\n\n\n<h2 class=\"wp-block-heading\" id=\"h-asbestos-uses-on-us-naval-destroyer-escorts\">Usos del asbesto en las escoltas de destructores navales de EE. UU.<\/h2>\n\n\n\n<p>Las escoltas de destructores, como el <em>Sierra<\/em>, estuvieron entre los primeros barcos en utilizar motores diesel-el\u00e9ctricos en lugar de turbinas de vapor.Esta mejora aument\u00f3 significativamente el riesgo de incendio.Entonces, los dise\u00f1adores pusieron m\u00e1s asbesto en el <em>Sierra <\/em>y barcos similares.<\/p>\n\n\n\n<p>El asbesto en la sala de m\u00e1quinas y otras \u00e1reas del barco es probablemente una de las razones por las que la Sierra, como muchas otras embarcaciones navales m\u00e1s antiguas que a\u00fan ten\u00edan algo de vida \u00fatil, fue desmantelada poco despu\u00e9s de que la <a href=\"https:\/\/www.asbestosclaims.law\/es\/centro-de-aprendizaje\/historial-legal-de-asbesto\/\">EPA prohibiera el asbesto en 1987<\/a>.<\/p>\n\n\n\n<p>Los constructores navales tambi\u00e9n utilizaron este mineral fibroso para el aislamiento y la reducci\u00f3n del ruido. El asbesto crisotilo, o asbesto blanco, es resistente al agua, lo cual es una gran ventaja en un buque de guerra. Adem\u00e1s, el <a href=\"https:\/\/www.asbestosclaims.law\/es\/asbestos-blog\/puedes-oler-el-asbesto-y-detectarlo\/\">there is no asbestos smell<\/a>, lo cual es otra ventaja en un barco de alta mar lleno de calabozos.Esta forma de asbesto tambi\u00e9n est\u00e1 sujeta a mucho desgaste, lo que significa que las fibras sueltas a menudo ingresan al aire.<\/p>\n\n\n\n<h2 class=\"wp-block-heading\" id=\"h-us-naval-veterans-at-risk-for-asbestos-exposure-and-health-problems\">Veteranos navales de EE. UU. en riesgo de exposici\u00f3n al asbesto y problemas de salud<\/h2>\n\n\n\n<p>Los marineros en escoltas de destructores se enfrentan a peligros dobles.Adem\u00e1s del amianto de sus propios barcos, trabajan sin protecci\u00f3n entre el amianto de otros barcos.<\/p>\n\n\n\n<p>Los compa\u00f1eros de ingeniero y los compa\u00f1eros de electricista trabajaban alrededor del asbesto casi todos los d\u00edas.Como confirmar\u00eda la mayor\u00eda de los marineros, los oficiales hac\u00edan la mayor parte del trabajo, mientras que los jefes supervisaban principalmente.<\/p>\n\n\n\n<p>Mencionamos los motores pesados \u200b\u200by el riesgo de incendio en las embarcaciones auxiliares de los destructores.Adem\u00e1s, el asbesto no conduce la electricidad.Por lo tanto, para los constructores navales, cubrir el cableado con amianto crisotilo de bajo costo fue la soluci\u00f3n m\u00e1s rentable.Tambi\u00e9n era la soluci\u00f3n m\u00e1s peligrosa.<\/p>\n\n\n\n<div class=\"wp-block-columns is-layout-flex wp-container-core-columns-is-layout-9d6595d7 wp-block-columns-is-layout-flex\">\n<div class=\"wp-block-column is-layout-flow wp-block-column-is-layout-flow\" style=\"flex-basis:66.66%\">\n<h3 class=\"mt-0 wp-block-heading\" id=\"h-us-naval-vessel-repair-personnel-were-also-exposed-to-asbestos-and-develop-asbestos-related-illnesses\">El personal de reparaci\u00f3n de embarcaciones navales de EE. UU. tambi\u00e9n estuvo expuesto al asbesto y desarroll\u00f3 enfermedades relacionadas con el asbesto<\/h3>\n\n\n\n<p>Los trabajadores de reparaci\u00f3n que abordaron otros barcos caminaron hacia las fauces del le\u00f3n, al menos por motivos de exposici\u00f3n al asbesto.Las fibras de asbesto flotaban por todas partes en los barcos de combate da\u00f1ados por la batalla, especialmente en \u00e1reas cerradas.Estas fibras tambi\u00e9n estaban en el suelo, lo que significa que los trabajadores que se inclinaban, agachaban y arrodillaban estaban expuestos a ellas.<\/p>\n\n\n\n<p>La asbestosis y otras enfermedades relacionadas con el asbesto a menudo significan cientos de miles de d\u00f3lares en facturas m\u00e9dicas.Nuestro equipo trabaja arduamente para asegurarse de que estas v\u00edctimas no tengan que pagar estos costos de su propio bolsillo.<\/p>\n<\/div>\n\n\n\n<div class=\"wp-block-column is-layout-flow wp-block-column-is-layout-flow\" style=\"flex-basis:33.33%\">\n<figure class=\"wp-block-image size-full\"><img decoding=\"async\" width=\"592\" height=\"900\" src=\"https:\/\/www.asbestosclaims.law\/wp-content\/uploads\/2022\/07\/Asbestos-Destroyer-img5-1.jpg\" alt=\"\" class=\"wp-image-10120\" srcset=\"https:\/\/www.asbestosclaims.law\/wp-content\/uploads\/2022\/07\/Asbestos-Destroyer-img5-1.jpg 592w, https:\/\/www.asbestosclaims.law\/wp-content\/uploads\/2022\/07\/Asbestos-Destroyer-img5-1-355x540.jpg 355w, https:\/\/www.asbestosclaims.law\/wp-content\/uploads\/2022\/07\/Asbestos-Destroyer-img5-1-8x12.jpg 8w\" sizes=\"(max-width: 592px) 100vw, 592px\" \/><\/figure>\n<\/div>\n<\/div>\n\n\n\n<section class=\"boxtextnew\">\n            <div class=\"row pt-5 5 px-xl-0 px-lg-3\" style=\"padding:30px 10px !Important; background-color:#F8F7F6; margin:0px;\">\n                <div>\n                    <table style=\"width:90%; margin:0px auto;\">\n                        <tbody><tr>                           \n                            <td style=\"text-align:left;\">\n<h5>AsbestosClaims.Law<\/h5>\n<p>AsbestosClaims.law es su recurso integral para todo lo relacionado con el asbesto, incluida informaci\u00f3n sobre salud y compensaci\u00f3n para los veteranos de la Fuerza A\u00e9rea y otros exmiembros del servicio. Esperamos que esto sea de ayuda y estamos agradecidos con todos los que se han dado de s\u00ed mismos para defendernos a todos.<\/p>\n\n<p>Si tiene preguntas o inquietudes adicionales relacionadas con el asbesto, visite nuestro <a href=\"https:\/\/www.asbestosclaims.law\/es\/\" rel=\"noopener\">sitio web<\/a> y <a href=\"http:\/\/youtube.com\/channel\/UCZ8k_hDOrgpwHTVwzZHKcmA\" target=\"_blank\" rel=\"noopener\">p\u00e1gina de YouTube<\/a> para ver videos, infograf\u00edas y respuestas a sus preguntas sobre el asbesto, incluida <a href=\"https:\/\/www.asbestosclaims.law\/es\/blogtag\/health-and-safety\/\">la salud y la seguridad<\/a>, <a href=\"https:\/\/www.asbestosclaims.law\/es\/asbestos-blog\/estoy-mudandome-deberia-tener-prueba-de-asbesto-gratis\/\">prueba de asbesto<\/a>, <a href=\"https:\/\/www.asbestosclaims.law\/es\/blogtag\/asbestos-removal\/\">la eliminaci\u00f3n del asbesto de su hogar y edificio<\/a>, y <a href=\"https:\/\/www.asbestosclaims.law\/es\/asbestos-mesothelioma-claims\/\">informaci\u00f3n legal<\/a> sobre <a href=\"https:\/\/www.asbestosclaims.law\/es\/asbestos-trusts\/what-are-asbestos-trusts-and-why-do-they-exist\/\">la compensaci\u00f3n por lesiones de asbesto<\/a>.<\/p>\n\n<p>Y si cree que estuvo expuesto al asbesto, o le han diagnosticado una enfermedad relacionada con el asbesto, podr\u00eda tener derecho a <a href=\"https:\/\/www.asbestosclaims.law\/es\/asbestos-claims\/\">compensaci\u00f3n significativa<\/a>: dinero que podr\u00eda usar para cubrir los costos de los servicios de eliminaci\u00f3n de asbesto, pagar el tratamiento m\u00e9dico y proteger de forma preventiva su bienestar f\u00edsico.&nbsp;<\/p>\n\n<p>Todo sin presentar una demanda.<\/p>\n\n<p>Si desea ayuda para presentar un reclamo, <a href=\"https:\/\/www.asbestosclaims.law\/es\/about-us\/contacta-con-nosotros\/\">ponerse en contacto<\/a> por correo electr\u00f3nico a <a href=\"mailto:help@asbestosclaims.law\">help@asbestosclaims.law<\/a>&nbsp;\to ll\u00e1menos o env\u00edenos un mensaje de texto al <a href=\"tel:8334272378\">(833) 4-ASBESTOS (427-2378)<\/a> o <a href=\"tel:2064559190\">(206) 455-9190<\/a>. Escucharemos su historia y le explicaremos sus opciones. Y nunca cobramos por nada a menos que reciba dinero en su bolsillo.<\/p>\n\n<\/td>                            \n                        <\/tr>\n                    <\/tbody><\/table>\n                <\/div>\n            <\/div>\n        <\/section>"},"excerpt":{"rendered":"<p>The Importance of US Naval Support Ships Support ships, like destroyer tenders and escorts, are every bit as vital as front-line combat ships. The most powerful combat ship in the fleet might as well be a rowboat without fuel or ammunition, or if it sustains battle damage. Returning to port for resupply and repair is [&#8230;]<\/p>\n<p><a class=\"btn btn-secondary understrap-read-more-link\" href=\"https:\/\/www.asbestosclaims.law\/es\/fuentes-de-exposicion\/marina-eeuu\/clases-de-barcos\/escoltas-destructoras\/\">Leer m\u00e1s&#8230;<\/a><\/p>","protected":false},"author":1,"featured_media":0,"parent":10924,"menu_order":7,"comment_status":"closed","ping_status":"closed","template":"page-templates\/page-sidebar-template.php","meta":{"_acf_changed":false,"ub_ctt_via":"","footnotes":""},"class_list":["post-10946","page","type-page","status-publish","hentry"],"acf":[],"featured_image_src":null,"_links":{"self":[{"href":"https:\/\/www.asbestosclaims.law\/es\/wp-json\/wp\/v2\/pages\/10946","targetHints":{"allow":["GET"]}}],"collection":[{"href":"https:\/\/www.asbestosclaims.law\/es\/wp-json\/wp\/v2\/pages"}],"about":[{"href":"https:\/\/www.asbestosclaims.law\/es\/wp-json\/wp\/v2\/types\/page"}],"author":[{"embeddable":true,"href":"https:\/\/www.asbestosclaims.law\/es\/wp-json\/wp\/v2\/users\/1"}],"replies":[{"embeddable":true,"href":"https:\/\/www.asbestosclaims.law\/es\/wp-json\/wp\/v2\/comments?post=10946"}],"version-history":[{"count":1,"href":"https:\/\/www.asbestosclaims.law\/es\/wp-json\/wp\/v2\/pages\/10946\/revisions"}],"predecessor-version":[{"id":12784,"href":"https:\/\/www.asbestosclaims.law\/es\/wp-json\/wp\/v2\/pages\/10946\/revisions\/12784"}],"up":[{"embeddable":true,"href":"https:\/\/www.asbestosclaims.law\/es\/wp-json\/wp\/v2\/pages\/10924"}],"wp:attachment":[{"href":"https:\/\/www.asbestosclaims.law\/es\/wp-json\/wp\/v2\/media?parent=10946"}],"curies":[{"name":"wp","href":"https:\/\/api.w.org\/{rel}","templated":true}]}}