{"id":10938,"date":"2022-07-07T14:50:42","date_gmt":"2022-07-07T14:50:42","guid":{"rendered":"https:\/\/www.asbestosclaims.law\/did-the-ancients-know-that-asbestos-was-dangerous\/image-ancients-article-body-1\/asbestos-on-auxiliary-ships\/"},"modified":"2022-09-28T17:18:41","modified_gmt":"2022-09-28T17:18:41","slug":"asbestos-on-auxiliary-ships","status":"publish","type":"page","link":"https:\/\/www.asbestosclaims.law\/es\/fuentes-de-exposicion\/marina-eeuu\/clases-de-barcos\/asbesto-en-barcos-auxiliares\/","title":{"rendered":"Asbesto en Barcos Auxiliares"},"content":{"rendered":"<p class=\"mt-5\">La mayor\u00eda de las armadas del mundo, incluida la Marina de los EE. UU., tienen casi tantos barcos de apoyo como barcos de combate. Los miembros del servicio que sirven en estas naves enfrentan los mismos peligros que los que sirven en <a href=\"https:\/\/www.asbestosclaims.law\/es\/fuentes-de-exposicion\/marina-eeuu\/clases-de-barcos\/portaaviones\/\">portaaviones<\/a> y otras embarcaciones de combate, incluido el riesgo de una enfermedad relacionada con el asbesto.<\/p>\n\n\n\n<h2 class=\"wp-block-heading\" id=\"h-asbestos-exposure-aboard-us-naval-auxiliary-ships\">Exposici\u00f3n al asbesto a bordo de buques auxiliares navales de EE. UU.<\/h2>\n\n\n\n<p>Si sirvi\u00f3 en un barco auxiliar durante la Guerra Fr\u00eda, es probable que el funcionamiento interno del barco estuviera cubierto de asbesto.&nbsp;<\/p>\n\n\n\n<h3 class=\"wp-block-heading\" id=\"h-asbestos-was-used-to-fireproof-auxiliary-ships-in-areas-like\">El asbesto se utiliz\u00f3 para proteger contra incendios los barcos auxiliares en \u00e1reas como:<\/h3>\n\n\n\n<ul class=\"check-list wp-block-list\"><li><strong>Sala de m\u00e1quinas<\/strong>: Debido al alto riesgo de incendio, los materiales ign\u00edfugos efectivos, como el asbesto, eran imprescindibles en las salas de m\u00e1quinas. La Marina pas\u00f3 por alto los riesgos para la salud conocidos, porque el asbesto era barato y eficaz.<\/li><li><strong>Cocina<\/strong>: Pr\u00e1cticamente todos a bordo pasaron mucho tiempo en la cocina del barco. Las baldosas del piso en las \u00e1reas comunes, como la cocina, conten\u00edan asbesto, nuevamente debido al riesgo de incendio. Dado que las baldosas absorben mucho desgaste, las fibras de asbesto sueltas generalmente flotan en el aire en estas \u00e1reas.<\/li><li><strong>Sistemas El\u00e9ctricos<\/strong>: El asbesto fibroso no conduce la electricidad. Por lo tanto, el papel con asbesto parec\u00eda ser la cubierta ideal para los cables el\u00e9ctricos. Al igual que las baldosas del piso, ese papel absorbi\u00f3 mucho desgaste. A diferencia de las baldosas, el papel no dura mucho.<\/li><\/ul>\n\n\n\n<h2 class=\"wp-block-heading\" id=\"h-us-naval-veterans-of-auxiliary-ships-at-risk-of-asbestos-exposure-and-health-problems\">Veteranos navales de EE. UU. de barcos auxiliares en riesgo de exposici\u00f3n al asbesto y problemas de salud<\/h2>\n\n\n\n<p>Los compa\u00f1eros maquinistas, los t\u00e9cnicos de sala de calderas, los chefs y los compa\u00f1eros electricistas corren un riesgo especial de contraer enfermedades por exposici\u00f3n al asbesto como la asbestosis y el mesotelioma. Estas enfermedades graves, latentes durante d\u00e9cadas, suelen ser mortales.<\/p>\n\n\n\n<p>Las facturas m\u00e9dicas por tales enfermedades a menudo superan los $10,000 al mes. Las v\u00edctimas tienen varias opciones legales en t\u00e9rminos de obtener una compensaci\u00f3n por estas facturas y otras p\u00e9rdidas, como la p\u00e9rdida del disfrute de la vida.<\/p>\n\n\n\n<p>En el sistema de compensaci\u00f3n de VA, la asbestosis, el mesotelioma y otras enfermedades por exposici\u00f3n al asbesto son presuntamente condiciones incapacitantes. Si un miembro del servicio establece una conexi\u00f3n relacionada con el servicio, que generalmente es un servicio en cualquier barco auxiliar u otro barco construido antes de 1975, cuando la Marina dej\u00f3 de usar asbesto, el efectivo mensual est\u00e1 disponible. Tambi\u00e9n se ofrece atenci\u00f3n m\u00e9dica gratuita.<\/p>\n\n\n\n<figure class=\"wp-block-image size-full\"><img decoding=\"async\" width=\"1430\" height=\"510\" src=\"https:\/\/www.asbestosclaims.law\/wp-content\/uploads\/2022\/07\/Asbestos-Auxiliary-img4-1.jpg\" alt=\"\" class=\"wp-image-10027\" srcset=\"https:\/\/www.asbestosclaims.law\/wp-content\/uploads\/2022\/07\/Asbestos-Auxiliary-img4-1.jpg 1430w, https:\/\/www.asbestosclaims.law\/wp-content\/uploads\/2022\/07\/Asbestos-Auxiliary-img4-1-540x193.jpg 540w, https:\/\/www.asbestosclaims.law\/wp-content\/uploads\/2022\/07\/Asbestos-Auxiliary-img4-1-768x274.jpg 768w, https:\/\/www.asbestosclaims.law\/wp-content\/uploads\/2022\/07\/Asbestos-Auxiliary-img4-1-18x6.jpg 18w\" sizes=\"(max-width: 1430px) 100vw, 1430px\" \/><\/figure>\n\n\n\n<h3 class=\"wp-block-heading\" id=\"h-asbestos-claims-for-us-naval-veterans-who-served-on-auxiliary-ships\">Reclamaciones de asbesto para veteranos navales de EE. UU. que sirvieron en barcos auxiliares<\/h3>\n\n\n\n<p>Las reclamaciones contra los fondos fiduciarios de asbesto tienen un procedimiento similar. Estos reclamos son un poco m\u00e1s complejos, porque el reclamante debe identificar la fuente del asbesto. Pero un abogado con experiencia puede manejar este desaf\u00edo. Los fondos fiduciarios de asbesto normalmente compensan a las v\u00edctimas por sus facturas m\u00e9dicas y otras p\u00e9rdidas econ\u00f3micas pasadas y futuras.&nbsp;<\/p>\n\n\n\n<p>Hay una compensaci\u00f3n adicional disponible en un reclamo por producto defectuoso contra un fabricante de asbesto. Esta compensaci\u00f3n adicional generalmente incluye da\u00f1os punitivos sustanciales.<\/p>\n\n\n\n<section class=\"boxtextnew\">\n            <div class=\"row pt-5 5 px-xl-0 px-lg-3\" style=\"padding:30px 10px !Important; background-color:#F8F7F6; margin:0px;\">\n                <div>\n                    <table style=\"width:90%; margin:0px auto;\">\n                        <tbody><tr>                           \n                            <td style=\"text-align:left;\">\n<h5>AsbestosClaims.Law<\/h5>\n<p>AsbestosClaims.law es su recurso integral para todo lo relacionado con el asbesto, incluida informaci\u00f3n sobre salud y compensaci\u00f3n para los veteranos de la Fuerza A\u00e9rea y otros exmiembros del servicio. Esperamos que esto sea de ayuda y estamos agradecidos con todos los que se han dado de s\u00ed mismos para defendernos a todos.<\/p>\n\n<p>Si tiene preguntas o inquietudes adicionales relacionadas con el asbesto, visite nuestro <a href=\"https:\/\/www.asbestosclaims.law\/es\/\" rel=\"noopener\">sitio web<\/a> y <a href=\"http:\/\/youtube.com\/channel\/UCZ8k_hDOrgpwHTVwzZHKcmA\" target=\"_blank\" rel=\"noopener\">p\u00e1gina de YouTube<\/a> para ver videos, infograf\u00edas y respuestas a sus preguntas sobre el asbesto, incluida <a href=\"https:\/\/www.asbestosclaims.law\/es\/blogtag\/health-and-safety\/\">la salud y la seguridad<\/a>, <a href=\"https:\/\/www.asbestosclaims.law\/es\/asbestos-blog\/estoy-mudandome-deberia-tener-prueba-de-asbesto-gratis\/\">prueba de asbesto<\/a>, <a href=\"https:\/\/www.asbestosclaims.law\/es\/blogtag\/asbestos-removal\/\">la eliminaci\u00f3n del asbesto de su hogar y edificio<\/a>, y <a href=\"https:\/\/www.asbestosclaims.law\/es\/asbestos-mesothelioma-claims\/\">informaci\u00f3n legal<\/a> sobre <a href=\"https:\/\/www.asbestosclaims.law\/es\/asbestos-trusts\/what-are-asbestos-trusts-and-why-do-they-exist\/\">la compensaci\u00f3n por lesiones de asbesto<\/a>.<\/p>\n\n<p>Y si cree que estuvo expuesto al asbesto, o le han diagnosticado una enfermedad relacionada con el asbesto, podr\u00eda tener derecho a <a href=\"https:\/\/www.asbestosclaims.law\/es\/asbestos-claims\/\">compensaci\u00f3n significativa<\/a>: dinero que podr\u00eda usar para cubrir los costos de los servicios de eliminaci\u00f3n de asbesto, pagar el tratamiento m\u00e9dico y proteger de forma preventiva su bienestar f\u00edsico.&nbsp;<\/p>\n\n<p>Todo sin presentar una demanda.<\/p>\n\n<p>Si desea ayuda para presentar un reclamo, <a href=\"https:\/\/www.asbestosclaims.law\/es\/about-us\/contacta-con-nosotros\/\">ponerse en contacto<\/a> por correo electr\u00f3nico a <a href=\"mailto:help@asbestosclaims.law\">help@asbestosclaims.law<\/a>&nbsp;\to ll\u00e1menos o env\u00edenos un mensaje de texto al <a href=\"tel:8334272378\">(833) 4-ASBESTOS (427-2378)<\/a> o <a href=\"tel:2064559190\">(206) 455-9190<\/a> We\u2019ll listen to your story and explain your options. And we never charge for anything unless you receive money in your pocket.<\/p>\n\n<\/td>                            \n                        <\/tr>\n                    <\/tbody><\/table>\n                <\/div>\n            <\/div>\n        <\/section>"},"excerpt":{"rendered":"<p>Most navies in the world, including the U.S. Navy, have almost as many support ships as combat ships. The service members who serve on these craft face the same dangers as the ones who serve on aircraft carriers and other combat vessels, including the risk of an asbestos-related illness. Asbestos Exposure Aboard US Naval Auxiliary [&#8230;]<\/p>\n<p><a class=\"btn btn-secondary understrap-read-more-link\" href=\"https:\/\/www.asbestosclaims.law\/es\/fuentes-de-exposicion\/marina-eeuu\/clases-de-barcos\/asbesto-en-barcos-auxiliares\/\">Leer m\u00e1s&#8230;<\/a><\/p>","protected":false},"author":1,"featured_media":0,"parent":10924,"menu_order":3,"comment_status":"closed","ping_status":"closed","template":"page-templates\/page-sidebar-template.php","meta":{"_acf_changed":false,"ub_ctt_via":"","footnotes":""},"class_list":["post-10938","page","type-page","status-publish","hentry"],"acf":[],"featured_image_src":null,"_links":{"self":[{"href":"https:\/\/www.asbestosclaims.law\/es\/wp-json\/wp\/v2\/pages\/10938","targetHints":{"allow":["GET"]}}],"collection":[{"href":"https:\/\/www.asbestosclaims.law\/es\/wp-json\/wp\/v2\/pages"}],"about":[{"href":"https:\/\/www.asbestosclaims.law\/es\/wp-json\/wp\/v2\/types\/page"}],"author":[{"embeddable":true,"href":"https:\/\/www.asbestosclaims.law\/es\/wp-json\/wp\/v2\/users\/1"}],"replies":[{"embeddable":true,"href":"https:\/\/www.asbestosclaims.law\/es\/wp-json\/wp\/v2\/comments?post=10938"}],"version-history":[{"count":0,"href":"https:\/\/www.asbestosclaims.law\/es\/wp-json\/wp\/v2\/pages\/10938\/revisions"}],"up":[{"embeddable":true,"href":"https:\/\/www.asbestosclaims.law\/es\/wp-json\/wp\/v2\/pages\/10924"}],"wp:attachment":[{"href":"https:\/\/www.asbestosclaims.law\/es\/wp-json\/wp\/v2\/media?parent=10938"}],"curies":[{"name":"wp","href":"https:\/\/api.w.org\/{rel}","templated":true}]}}