{"id":10915,"date":"2022-08-29T20:27:55","date_gmt":"2022-08-29T20:27:55","guid":{"rendered":"https:\/\/www.asbestosclaims.law\/?page_id=10915"},"modified":"2023-03-29T17:47:29","modified_gmt":"2023-03-29T23:47:29","slug":"us-air-force","status":"publish","type":"page","link":"https:\/\/www.asbestosclaims.law\/es\/fuentes-de-exposicion\/fuerza-aerea-eeuu\/","title":{"rendered":"Asbesto en la Fuerza A\u00e9rea de EE. UU."},"content":{"rendered":"<style>\n@media (min-width:768px){.wp-block-columns h2#sub-title{margin-left: 20px;margin-top: 15px;}.wp-block-columns p{margin-left: 20px !important;}.wp-block-columns h3, .wp-block-columns h4{margin-left: 20px!important;}.wp-block-table .has-fixed-layout{width: 95%!important;margin-left: 20px!important;}}\n<\/style>\n\n\n\n<h2 class=\"wp-block-heading\">Asbesto de la Fuerza A\u00e9rea: lo que debe saber<\/h2>\n\n\n\n<p>Mucha gente asocia el asbesto con la&nbsp;<a href=\"https:\/\/www.asbestosclaims.law\/es\/maritime-claims\/\">Marina y la construcci\u00f3n naval<\/a>. Despu\u00e9s de que&nbsp;<a href=\"https:\/\/weeklywilson.com\/tag\/steve-mcqueen-and-mesothelioma\/\" target=\"_blank\" rel=\"noreferrer noopener\">Steve McQueen<\/a>&nbsp;se ausentara sin permiso de la Marina, sus superiores lo obligaron a raspar el asbesto de las tuber\u00edas. El mesotelioma, que se analiza a continuaci\u00f3n, mat\u00f3 al actor a los 50 a\u00f1os.&nbsp;<\/p>\n\n\n\n<p class=\" translation-block\">Pero otras ramas militares, incluida la Fuerza A\u00e9rea, tambi\u00e9n utilizaron este <a href=\"https:\/\/www.asbestosclaims.law\/asbestos-learning-center\/\" target=\"_self\">material ign\u00edfugo<\/a>. El asbesto se encontraba en aviones fabricados antes de 1980. Adem\u00e1s, los funcionarios encontraron asbesto en varias bases de la Fuerza A\u00e9rea en varios estados diferentes.<\/p>\n\n\n\n<p>Casi tan pronto como se descubri\u00f3 el asbesto a fines del siglo XIX, los constructores de todo el mundo, y no solo en el ej\u00e9rcito de los Estados Unidos, tomaron la decisi\u00f3n consciente de&nbsp;<a href=\"https:\/\/www.asbestosclaims.law\/es\/legal-history-of-asbestos\/\">ignorar sus riesgos para la salud<\/a>&nbsp;y usar el asbesto en una escala sin precedentes. Dado que tantas empresas hicieron la vista gorda con respecto a la seguridad durante tantos a\u00f1os, los pacientes con mesotelioma y otras v\u00edctimas de la exposici\u00f3n al asbesto tienen varias opciones legales. Eso es especialmente cierto para los veteranos militares y los familiares sobrevivientes.<\/p>\n\n\n\n<div class=\"wp-block-columns is-layout-flex wp-container-core-columns-is-layout-9d6595d7 wp-block-columns-is-layout-flex\">\n<div class=\"wp-block-column p-3 has-background is-layout-flow wp-block-column-is-layout-flow\" style=\"background-color:#f8f7f6\">\n<h2 class=\"wp-block-heading\" id=\"sub-title\">Riesgos del asbesto<\/h2>\n\n\n\n<p>Hacia el final de su vida, Steve McQueen, desesperado, busc\u00f3 tratamiento contra el c\u00e1ncer fuera de los Estados Unidos. Un m\u00e9dico mexicano afirm\u00f3 que pod\u00eda curar el mesotelioma avanzado de McQueen. La afirmaci\u00f3n fue precisa. Pero una enfermera le advirti\u00f3 a McQueen que las drogas eran tan fuertes que le quemar\u00edan la piel si lo tocaban accidentalmente.<\/p>\n\n\n\n<p class=\" translation-block\">Los  pacientes de <a href=\"https:\/\/www.asbestosclaims.law\/malignant-injuries\" target=\"_self\">mesotelioma<\/a> de hoy  enfrentan aproximadamente el mismo problema. Las fibras t\u00f3xicas de asbesto hacen que se forme un tumor entre el coraz\u00f3n y los pulmones, en el revestimiento meso. Dado que estos tumores son dif\u00edciles de ver, a menudo pasan desapercibidos durante d\u00e9cadas. Cuando un m\u00e9dico ve el problema, el remedio suele ser peor que la enfermedad.<\/p>\n\n\n\n<h3 class=\"wp-block-heading\">Veteranos y enfermedades relacionadas con el asbesto<\/h3>\n\n\n\n<p>El asbesto tambi\u00e9n podr\u00eda causar varios problemas pulmonares graves, como EPOC y&nbsp;<a href=\"https:\/\/www.mayoclinic.org\/diseases-conditions\/asbestosis\/symptoms-causes\/syc-20354637\" target=\"_blank\" rel=\"noreferrer noopener\">asbestosis<\/a>. Las mismas fibras que causan los tumores malignos tambi\u00e9n queman el interior de los pulmones,&nbsp;<a href=\"https:\/\/www.asbestosclaims.law\/es\/asbestos-injuries\/\">haciendo que se acumule tejido cicatricial<\/a>. Los t\u00faneles de aire en los pulmones son extremadamente estrechos. Por lo tanto, una peque\u00f1a cantidad de tejido cicatricial provoca dificultad para respirar<strong>,<\/strong>&nbsp;incluso en reposo.<\/p>\n\n\n\n<p>En t\u00e9rminos de tratamiento m\u00e9dico, las v\u00edctimas de asbestosis enfrentan b\u00e1sicamente las mismas opciones que las v\u00edctimas de mesotelioma. Un trasplante radical de pulm\u00f3n podr\u00eda solucionar el problema. Pero esta cura de asbestosis a menudo hace m\u00e1s da\u00f1o que bien.<\/p>\n<\/div>\n<\/div>\n\n\n\n<div class=\"wp-block-columns is-layout-flex wp-container-core-columns-is-layout-9d6595d7 wp-block-columns-is-layout-flex\">\n<div class=\"wp-block-column p-3 is-layout-flow wp-block-column-is-layout-flow\">\n<h2 class=\"wp-block-heading\" id=\"sub-title\">Opciones para quienes sirvieron<\/h2>\n\n\n\n<p>Los veteranos que luchan, o lucharon, contra el&nbsp;<a href=\"https:\/\/www.asbestosclaims.law\/es\/malignant-injuries\/\">mesotelioma<\/a>&nbsp;y&nbsp;<a href=\"https:\/\/www.asbestosclaims.law\/es\/non-malignant-injuries\/\">asbestosis<\/a>&nbsp;are&nbsp;<a href=\"https:\/\/www.asbestosclaims.law\/es\/veterans-disability-claims\/\">presuntamente<\/a>&nbsp;tienen derecho a beneficios por discapacidad. Otras condiciones en la lista presuntiva incluyen:<\/p>\n\n\n\n<figure class=\"wp-block-table is-style-regular border-table-full\"><table class=\"has-fixed-layout\"><tbody><tr><td><ul><li class=\" translation-block\"><a href=\"https:\/\/www.thealphaparent.com\/6-reasons-why-you-should-purchase-an-air-cleaner\/\" target=\"_blank\" rel=\"noreferrer noopener\">C\u00e1ncer de<\/a> pulm\u00f3n<\/li><\/ul><\/td><td><ul><li>C\u00e1ncer de bronquios<\/li><\/ul><\/td><td class=\"has-text-align-left\" data-align=\"left\"><ul><li>C\u00e1ncer de faringe<\/li><\/ul><\/td><\/tr><tr><td><ul><li>C\u00e1ncer urogenital<\/li><\/ul><\/td><td><ul><li>C\u00e1ncer del tracto gastrointestinal<\/li><\/ul><\/td><td class=\"has-text-align-left\" data-align=\"left\"><ul><li>Derrame pleural<\/li><\/ul><\/td><\/tr><tr><td><ul><li>Fibrosis pulmonar intersticial<\/li><\/ul><\/td><td><ul><li><a href=\"https:\/\/www.asbestosclaims.law\/es\/non-malignant-injuries\/\">Placas pleurales<\/a><\/li><\/ul><\/td><td class=\"has-text-align-left\" data-align=\"left\"><ul><li>C\u00e1ncer de laringe<\/li><\/ul><\/td><\/tr><\/tbody><\/table><\/figure>\n<\/div>\n<\/div>\n\n\n\n<figure class=\"wp-block-image size-full\"><img decoding=\"async\" src=\"https:\/\/www.asbestosclaims.law\/wp-content\/uploads\/2022\/08\/us-airforce1.jpg\" alt=\"\" class=\"wp-image-10655\"\/><\/figure>\n\n\n\n<div class=\"wp-block-columns is-layout-flex wp-container-core-columns-is-layout-9d6595d7 wp-block-columns-is-layout-flex\">\n<div class=\"wp-block-column p-3 has-background is-layout-flow wp-block-column-is-layout-flow\" style=\"background-color:#f8f7f6\">\n<h2 class=\"wp-block-heading\" id=\"sub-title\">Exposici\u00f3n al asbesto relacionada con la Fuerza A\u00e9rea de EE. UU.<\/h2>\n\n\n\n<p>Estos solicitantes a\u00fan deben establecer una conexi\u00f3n relacionada con el servicio. Casi todas las estructuras construidas antes de 1980 contienen asbesto. Por lo tanto, este elemento de un&nbsp;<a href=\"https:\/\/www.asbestosclaims.law\/es\/veterans-disability-claims\/\">reclamo por discapacidad del VA<\/a>&nbsp;a menudo es dif\u00edcil de probar. La buena noticia es que el Congreso recientemente redujo la carga de la prueba en estos asuntos. Los veteranos solo deben demostrar que, muy probablemente, la exposici\u00f3n al asbesto estuvo relacionada con el servicio militar.&nbsp;<\/p>\n\n\n\n<h4 class=\"wp-block-heading\">Demostraci\u00f3n de exposici\u00f3n al asbesto durante el servicio en la Fuerza A\u00e9rea<\/h4>\n\n\n\n<p>Los registros de servicio y\/o las declaraciones de los amigos suelen ser suficientes. Como se mencion\u00f3, muchas instalaciones de la Fuerza A\u00e9rea se conocen como puntos cr\u00edticos de asbesto. El despliegue en tal lugar hace que sea \"muy probable\" que la exposici\u00f3n al asbesto haya ocurrido all\u00ed. En cuanto a las declaraciones de compa\u00f1eros, muy pocos miembros del servicio tuvieron que raspar el asbesto de las tuber\u00edas, pero incidentes similares son comunes.<\/p>\n\n\n\n<p class=\" translation-block\">La mayor\u00eda de las condiciones presuntas son tan serias que son completamente <a href=\"https:\/\/www.asbestosclaims.law\/social-security-disability\" target=\"_self\">deshabilitar<\/a>. Sin embargo, el sistema de calificaci\u00f3n de discapacidad podr\u00eda entrar en juego en algunas situaciones.<\/p>\n\n\n\n<p>En t\u00e9rminos de compensaci\u00f3n, los beneficios de VA generalmente incluyen un estipendio mensual en efectivo y, quiz\u00e1s lo m\u00e1s importante, atenci\u00f3n m\u00e9dica gratuita en cualquier centro m\u00e9dico de VA en el pa\u00eds.<\/p>\n<\/div>\n<\/div>\n\n\n\n<style>\n.block_ward_blog{width:100%;background-color:#976e2e;color:#fff;text-align:center;height:auto;padding:30px 35px !important;}.block_ward_blog .title{font-size:45px!important;margin-bottom:10px;color:#fff;font-weight:800!important;font-family:Tinos}.block_ward_blog .description{font-family:Tinos;margin-bottom:25px;font-weight:400}.block_ward_blog .btn{padding:15px 20px;background:#3b9ccf;font-size:14px;font-weight:700;color:#fff!important;text-decoration:none;#sub-title{margin-top: 20px !important;}\n<\/style>\n<div class=\"block_ward_blog my-4\">       \n        <p class=\"title\">\u00bfCalifica usted para una compensaci\u00f3n?<\/p>\n        <p class=\"description\">Descubra r\u00e1pida y f\u00e1cilmente c\u00f3mo estuvo expuesto buscando en WARD, la base de datos de asbesto m\u00e1s grande del planeta.<\/p>\n        <a href=\"https:\/\/www.asbestosclaims.law\/es\/worldwide-asbestos-research-database\/\" class=\"btn\">B\u00daSQUEDA GRATUITA &gt; <\/a>\n    <\/div>\n\n\n\n<div class=\"wp-block-columns is-layout-flex wp-container-core-columns-is-layout-9d6595d7 wp-block-columns-is-layout-flex\">\n<div class=\"wp-block-column p-3 is-layout-flow wp-block-column-is-layout-flow\">\n<h2 class=\"wp-block-heading\" id=\"sub-title\">Contratistas y otros no miembros del servicio<\/h2>\n\n\n\n<p>Los contratistas de defensa de la Fuerza A\u00e9rea, los empleados civiles del Departamento de Defensa y otras personas similares no son elegibles para los beneficios de VA. Sin embargo, quedan opciones legales.<\/p>\n\n\n\n<h3 class=\"wp-block-heading\">La Ley de Bases de Defensa y los Contratistas Militares Privados Expuestos al Asbesto<\/h3>\n\n\n\n<p class=\" translation-block\">La Ley de base de defensa, un programa similar al sistema de compensaci\u00f3n por discapacidad de VA, cubre a los contratistas militares privados que sufrieron lesiones en el extranjero. Estos asuntos son bastante complejos. Afortunadamente, las otras alternativas son un poco m\u00e1s sencillas. B\u00e1sicamente, otras v\u00edctimas pueden presentar  <a href=\"https:\/\/www.asbestosclaims.law\/asbestos-litigation\" target=\"_self\">demandas por negligencia<\/a> contra la Fuerza A\u00e9rea, demandas por productos defectuosos contra un fabricante de asbesto o una demanda con uno o m\u00e1s de los fondos fiduciarios de asbesto  multimillonarios  .<\/p>\n\n\n\n<h3 class=\"wp-block-heading\">Deberes del Departamento de Defensa y exposici\u00f3n al asbesto<\/h3>\n\n\n\n<p>Al igual que todos los dem\u00e1s propietarios, el Departamento de Defensa tiene el deber legal de garantizar la seguridad de la mayor\u00eda de los visitantes y de todos los empleados. Este deber generalmente se aplica si la Fuerza A\u00e9rea sab\u00eda, o deber\u00eda haber sabido, sobre el asbesto u otro peligro para la propiedad. Estas v\u00edctimas deben lidiar con la ley de inmunidad soberana, que protege al gobierno federal de ser demandado y var\u00eda en diferentes jurisdicciones. Otros obst\u00e1culos procesales incluyen la regla de notificaci\u00f3n de reclamo, que establece que las personas que buscan demandar al gobierno deben proporcionar un aviso previo de su reclamo; Debido a esto, muchas v\u00edctimas de la exposici\u00f3n al asbesto no pueden presentar casos judiciales de inmediato.<\/p>\n\n\n\n<p>Las reclamaciones de productos defectuosos generalmente no tienen ninguno de estos obst\u00e1culos legales o de procedimiento. Los fabricantes de asbesto como Raytheon, Bendix General Electric, Cleaver Brooks y Fairchild-Republic son estrictamente responsables de las lesiones que causan sus productos defectuosos.&nbsp;<a href=\"https:\/\/www.asbestosclaims.law\/es\/asbestos-litigation\/\">Muy pocas defensas est\u00e1n disponibles en estos reclamos<\/a>.<\/p>\n\n\n\n<h3 class=\"wp-block-heading\">Fideicomisos de bancarrota de asbesto para veteranos de la Fuerza A\u00e9rea<\/h3>\n\n\n\n<p>Si la empresa que fabric\u00f3 el asbesto ya no est\u00e1 en el negocio, como suele ser el caso, el fondo fiduciario de asbesto antes mencionado podr\u00eda pagar una compensaci\u00f3n. En estas tres situaciones, esta compensaci\u00f3n generalmente incluye dinero por da\u00f1os econ\u00f3micos, como facturas m\u00e9dicas, y da\u00f1os no econ\u00f3micos, como dolor y sufrimiento. Tambi\u00e9n pueden estar disponibles da\u00f1os punitivos adicionales, especialmente en reclamos por productos defectuosos.<\/p>\n<\/div>\n<\/div>\n\n\n\n<div class=\"wp-block-columns is-layout-flex wp-container-core-columns-is-layout-9d6595d7 wp-block-columns-is-layout-flex\">\n<div class=\"wp-block-column p-3 has-background is-layout-flow wp-block-column-is-layout-flow\" style=\"background-color:#f8f7f6\">\n<h3 class=\"wp-block-heading\" id=\"sub-title\">AsbestosClaims.Law<\/h3>\n\n\n\n<p>AsbestosClaims.law es su recurso integral para todo lo relacionado con el asbesto, incluida informaci\u00f3n sobre salud y compensaci\u00f3n para los veteranos de la Fuerza A\u00e9rea y otros exmiembros del servicio. Esperamos que esto sea de ayuda y estamos agradecidos con todos los que se han dado de s\u00ed mismos para defendernos a todos.<\/p>\n\n\n\n<p>Si tiene preguntas o inquietudes adicionales relacionadas con el asbesto, visite nuestro&nbsp;<a href=\"https:\/\/www.asbestosclaims.law\/es\/\">sitio web<\/a>&nbsp;y&nbsp;<a href=\"https:\/\/youtube.com\/channel\/UCZ8k_hDOrgpwHTVwzZHKcmA\" target=\"_blank\" rel=\"noreferrer noopener\">p\u00e1gina de YouTube<\/a>&nbsp;para ver videos, infograf\u00edas y respuestas a sus preguntas sobre el asbesto, incluida la salud y la seguridad, las pruebas de asbesto, la eliminaci\u00f3n del asbesto de su hogar y edificio, e informaci\u00f3n legal.<\/p>\n\n\n\n<p>Y si cree que estuvo expuesto al asbesto, o le han diagnosticado una enfermedad relacionada con el asbesto, podr\u00eda tener derecho a&nbsp;<a href=\"https:\/\/www.asbestosclaims.law\/es\/asbestos-claims\/\">compensaci\u00f3n significativa<\/a>: dinero que podr\u00eda usar para cubrir los costos de los servicios de eliminaci\u00f3n de asbesto, pagar el tratamiento m\u00e9dico y proteger de forma preventiva su bienestar f\u00edsico.&nbsp;<\/p>\n\n\n\n<p>Todo sin presentar una demanda.<\/p>\n\n\n\n<p>Si desea ayuda para presentar un reclamo,&nbsp;<a href=\"https:\/\/www.asbestosclaims.law\/es\/about-us\/contacta-con-nosotros\/\">ponerse en contacto<\/a>&nbsp;por correo electr\u00f3nico a&nbsp;<a href=\"mailto:help@asbestosclaims.law\" target=\"_blank\" rel=\"noreferrer noopener\">help@asbestosclaims.law<\/a>&nbsp;\to ll\u00e1menos o env\u00edenos un mensaje de texto al&nbsp;<a href=\"tel:8334272378\">(833) 4-ASBESTOS (427-2378)<\/a> o <a href=\"tel:2064559190\">(206) 455-9190<\/a>. Escucharemos su historia y le explicaremos sus opciones. Y nunca cobramos por nada a menos que reciba dinero en su bolsillo.<\/p>\n<\/div>\n<\/div>"},"excerpt":{"rendered":"<p>Air Force Asbestos: What You Should Know Many people associate asbestos with the&nbsp;Navy and shipbuilding. After&nbsp;Steve McQueen&nbsp;went AWOL in the Navy, his superiors made him scrape asbestos off pipes. Mesothelioma, which is discussed below, killed the actor at age 50.&nbsp; But other military branches, including the Air Force, also used this&nbsp;fireproofing material. Asbestos was in [&#8230;]<\/p>\n<p><a class=\"btn btn-secondary understrap-read-more-link\" href=\"https:\/\/www.asbestosclaims.law\/es\/fuentes-de-exposicion\/fuerza-aerea-eeuu\/\">Leer m\u00e1s&#8230;<\/a><\/p>","protected":false},"author":1,"featured_media":10917,"parent":3555,"menu_order":74,"comment_status":"closed","ping_status":"closed","template":"page-templates\/page-sidebar-template.php","meta":{"_acf_changed":false,"ub_ctt_via":"","footnotes":""},"class_list":["post-10915","page","type-page","status-publish","has-post-thumbnail","hentry"],"acf":[],"featured_image_src":"https:\/\/www.asbestosclaims.law\/wp-content\/uploads\/2022\/08\/us-airforce-banner-2.jpg","_links":{"self":[{"href":"https:\/\/www.asbestosclaims.law\/es\/wp-json\/wp\/v2\/pages\/10915","targetHints":{"allow":["GET"]}}],"collection":[{"href":"https:\/\/www.asbestosclaims.law\/es\/wp-json\/wp\/v2\/pages"}],"about":[{"href":"https:\/\/www.asbestosclaims.law\/es\/wp-json\/wp\/v2\/types\/page"}],"author":[{"embeddable":true,"href":"https:\/\/www.asbestosclaims.law\/es\/wp-json\/wp\/v2\/users\/1"}],"replies":[{"embeddable":true,"href":"https:\/\/www.asbestosclaims.law\/es\/wp-json\/wp\/v2\/comments?post=10915"}],"version-history":[{"count":3,"href":"https:\/\/www.asbestosclaims.law\/es\/wp-json\/wp\/v2\/pages\/10915\/revisions"}],"predecessor-version":[{"id":13162,"href":"https:\/\/www.asbestosclaims.law\/es\/wp-json\/wp\/v2\/pages\/10915\/revisions\/13162"}],"up":[{"embeddable":true,"href":"https:\/\/www.asbestosclaims.law\/es\/wp-json\/wp\/v2\/pages\/3555"}],"wp:featuredmedia":[{"embeddable":true,"href":"https:\/\/www.asbestosclaims.law\/es\/wp-json\/wp\/v2\/media\/10917"}],"wp:attachment":[{"href":"https:\/\/www.asbestosclaims.law\/es\/wp-json\/wp\/v2\/media?parent=10915"}],"curies":[{"name":"wp","href":"https:\/\/api.w.org\/{rel}","templated":true}]}}