{"id":10882,"date":"2022-08-29T20:09:58","date_gmt":"2022-08-29T20:09:58","guid":{"rendered":"https:\/\/www.asbestosclaims.law\/?page_id=10882"},"modified":"2023-03-29T17:33:21","modified_gmt":"2023-03-29T23:33:21","slug":"us-navy-data","status":"publish","type":"page","link":"https:\/\/www.asbestosclaims.law\/es\/fuentes-de-exposicion\/marina-eeuu\/marina-eeuu-data\/","title":{"rendered":"Asbesto en la Marina de los EE. UU."},"content":{"rendered":"<h2 class=\"wp-block-heading\" id=\"h-u-s-naval-forces-accounted-for-the-majority-of-asbestos-used-the-u-s-military\">Las fuerzas navales de EE. UU. representaron la mayor\u00eda del asbesto utilizado por el ej\u00e9rcito de EE. UU.<\/h2>\n\n\n\n<p class=\" translation-block\">En la historia, se pueden encontrar historias sobre la \"magia\" del asbesto que se remontan a 2000 a\u00f1os. El asbesto tiene una multitud de usos que tomaron por asalto <a href=\"https:\/\/www.asbestosclaims.law\/sources-of-asbestos-exposure\/occupational-exposure\" target=\"_self\">las industrias y las industrias de construcci\u00f3n de principios del siglo XX .<\/p>\n\n\n\n<p>Todo, desde materiales de construcci\u00f3n como <a href=\"https:\/\/www.asbestosclaims.law\/es\/asbestos-blog\/5-formas-probar-pisos-vinilo-para-detectar-asbesto\/\">baldosas<\/a>, placas de yeso y <a href=\"https:\/\/www.asbestosclaims.law\/es\/asbestos-blog\/el-cemento-tiene-asbesto\/\">cemento<\/a>, hasta ropa protectora como guantes y delantales, hasta componentes mec\u00e1nicos como juntas, frenos y v\u00e1lvulas, conten\u00eda asbesto en alg\u00fan momento. Incluso hab\u00eda pintura, cinta e hilo de asbesto. El <a href=\"https:\/\/www.asbestosclaims.law\/es\/asbestos-blog\/asbesto-el-mineral-milagroso\/\">\u201cmineral milagroso\u201d<\/a> era econ\u00f3mico y extremadamente duradero, lo que lo convert\u00eda en una opci\u00f3n obvia y popular para los fabricantes.&nbsp;<\/p>\n\n\n\n<div class=\"wp-block-columns is-layout-flex wp-container-core-columns-is-layout-9d6595d7 wp-block-columns-is-layout-flex\">\n<div class=\"wp-block-column is-layout-flow wp-block-column-is-layout-flow\" style=\"flex-basis:66.66%\">\n<h2 class=\"mt-0 wp-block-heading\" id=\"h-u-s-naval-vessels-and-ships-were-fireproofed-with-asbestos\">Embarcaciones y barcos de la Armada de EE. UU. fueron ignifugados con asbesto<\/h2>\n\n\n\n<p>Otro uso muy extendido del amianto fue en astilleros ya bordo de barcos y submarinos. Las embarcaciones construidas para la Marina de los EE. UU., la Guardia Costera de los EE. UU. y la <a href=\"https:\/\/www.asbestosclaims.law\/es\/asbestos-mesothelioma-claims\/maritime-claims\/\">Marina Mercante<\/a> desde aproximadamente la d\u00e9cada de 1930 hasta 1980 conten\u00edan asbesto en casi todos los lugares imaginables. El aislamiento de asbesto era especialmente un producto omnipresente debido a la necesidad de que los barcos fueran resistentes al fuego para proteger a las personas y cualquier carga a bordo.&nbsp;<\/p>\n<\/div>\n\n\n\n<div class=\"wp-block-column is-layout-flow wp-block-column-is-layout-flow\" style=\"flex-basis:33.33%\">\n<figure class=\"wp-block-image size-full\"><img decoding=\"async\" width=\"592\" height=\"780\" src=\"https:\/\/www.asbestosclaims.law\/wp-content\/uploads\/2022\/06\/Asbestos-military-img1-v3.jpg\" alt=\"\" class=\"wp-image-9550\" srcset=\"https:\/\/www.asbestosclaims.law\/wp-content\/uploads\/2022\/06\/Asbestos-military-img1-v3.jpg 592w, https:\/\/www.asbestosclaims.law\/wp-content\/uploads\/2022\/06\/Asbestos-military-img1-v3-410x540.jpg 410w, https:\/\/www.asbestosclaims.law\/wp-content\/uploads\/2022\/06\/Asbestos-military-img1-v3-9x12.jpg 9w\" sizes=\"(max-width: 592px) 100vw, 592px\" \/><\/figure>\n<\/div>\n<\/div>\n\n\n\n<p>Desafortunadamente, la exposici\u00f3n a las fibras de asbesto puede conducir al desarrollo de enfermedades y problemas de salud graves, como la asbestosis o el c\u00e1ncer.<\/p>\n\n\n\n<h2 class=\"wp-block-heading\" id=\"h-asbestos-and-health\">Asbesto y Salud<\/h2>\n\n\n\n<p>Estar expuesto al asbesto significa que alguien ha inhalado o ingerido fibras de asbesto friables (peque\u00f1as, rotas). La exposici\u00f3n al asbesto, en cualquier cantidad, puede tener un impacto negativo en su salud. El Instituto Nacional del C\u00e1ncer ha declarado que <strong>ninguna cantidad de exposici\u00f3n al asbesto es segura<sup><strong><sup>1<\/sup><\/strong><\/sup>.<\/strong><\/p>\n\n\n\n<p>Las fibras pueden alojarse en el tejido llamado mesotelio, que cubre los \u00f3rganos internos del abdomen y el t\u00f3rax, o irritar la pleura, el revestimiento de los pulmones. Esta irritaci\u00f3n causa tejido cicatricial y da\u00f1o con el tiempo, lo que eventualmente puede conducir al desarrollo de una enfermedad maligna (agresiva, de r\u00e1pida propagaci\u00f3n) o no maligna (menos agresiva, t\u00edpicamente no cancerosa).<\/p>\n\n\n\n<h3 class=\"wp-block-heading\">Problemas de salud causados \u200b\u200bpor la exposici\u00f3n al asbesto en la Marina de los EE. UU.<\/h3>\n\n\n\n<p>Los veteranos que estuvieron expuestos al asbesto en la Marina de los EE. UU. a menudo desarrollan las mismas condiciones causadas por la exposici\u00f3n al asbesto en general, que incluye enfermedades <strong>no malignas<\/strong> y <strong><em>malignas <\/em><\/strong><a href=\"https:\/\/www.asbestosclaims.law\/es\/asbestos-symptoms-and-treatment\/asbestos-injuries\/\">enfermedades relacionadas con el asbesto<\/a>:<\/p>\n\n\n\n<div class=\"wp-block-columns is-layout-flex wp-container-core-columns-is-layout-9d6595d7 wp-block-columns-is-layout-flex\">\n<div class=\"wp-block-column is-layout-flow wp-block-column-is-layout-flow\">\n<h4 class=\"wp-block-heading\" id=\"h-non-malignant\">No malignas:<\/h4>\n\n\n\n<ul class=\"wp-block-list\"><li>La Asbestosis<\/li><li>Placas pleurales<\/li><li>Derrame pleural<\/li><\/ul>\n\n\n\n<p><strong>Nota: Incluso las lesiones no malignas pueden ser extremadamente dolorosas y debilitantes para su calidad de vida, adem\u00e1s de implicar un tratamiento m\u00e9dico costoso y lento.<\/strong><\/p>\n<\/div>\n\n\n\n<div class=\"wp-block-column is-layout-flow wp-block-column-is-layout-flow\">\n<h4 class=\"wp-block-heading\" id=\"h-malignant\">Malignas:<\/h4>\n\n\n\n<ul class=\"wp-block-list\"><li>Mesotelioma<\/li><li class=\" translation-block\"><a href=\"https:\/\/www.thealphaparent.com\/6-reasons-why-you-should-purchase-an-air-cleaner\/\" target=\"_blank\" rel=\"noreferrer noopener\">C\u00e1ncer de<\/a> pulm\u00f3n<\/li><li>C\u00e1ncer de ovarios<\/li><li>C\u00e1ncer de est\u00f3mago<\/li><\/ul>\n\n\n\n<p>Al considerar si puede tener una enfermedad relacionada con el asbesto, <a href=\"https:\/\/www.asbestosclaims.law\/es\/asbestos-symptoms-and-treatment\/asbestos-injuries\/malignant-injuries\/\">potencialmente mortal<\/a> o no, es importante recordar que la exposici\u00f3n al asbesto tiene un largo per\u00edodo de latencia, lo que significa que los s\u00edntomas tardan <strong>decadas<\/strong> en desarrollarse en el cuerpo. Por lo tanto, alguien a quien se le haya diagnosticado recientemente una de las enfermedades anteriores puede haber estado expuesto al asbesto entre 20 y 50 a\u00f1os antes de su diagn\u00f3stico.&nbsp;<\/p>\n<\/div>\n<\/div>\n\n\n\n<h2 class=\"wp-block-heading\" id=\"h-places-asbestos-could-be-found-in-the-u-s-navy\">Lugares donde se podr\u00eda encontrar asbesto en la Marina de los EE. UU.<\/h2>\n\n\n\n<p>El asbesto tiene cualidades notables, que incluyen:<\/p>\n\n\n\n<ul class=\"wp-block-list\"><li>Baja conductividad el\u00e9ctrica<\/li><li>Insolubilidad en agua<\/li><li>Resistencia al calor<\/li><li>Durabilidad y la capacidad de fortalecer otros materiales.<\/li><li>Resistencia a \u00e1cidos y \u00e1lcalis<\/li><li>Una naturaleza fibrosa que le permite ser rociado o tejido como tela<\/li><\/ul>\n\n\n\n<h2 class=\"wp-block-heading\" id=\"h-asbestos-was-often-used-on-u-s-naval-vessels\">El asbesto se usaba con frecuencia en los buques navales de EE. UU.<\/h2>\n\n\n\n<p>Algunas \u00e1reas comunes en embarcaciones donde se puede encontrar asbesto incluyen:<\/p>\n\n\n\n<div class=\"wp-block-columns is-layout-flex wp-container-core-columns-is-layout-9d6595d7 wp-block-columns-is-layout-flex\">\n<div class=\"wp-block-column is-layout-flow wp-block-column-is-layout-flow\">\n<h4 class=\"mt-0 wp-block-heading\" id=\"h-boiler-rooms-or-fire-rooms\">Salas de calderas (o salas de fuego)<\/h4>\n\n\n\n<p>Equipos como calderas y turbinas que impulsaban los barcos creando y controlando vapor requer\u00edan aislamiento de asbesto. Las tuber\u00edas conectadas a esta maquinaria tambi\u00e9n se cubrieron con aislamiento de asbesto.<\/p>\n<\/div>\n\n\n\n<div class=\"wp-block-column is-layout-flow wp-block-column-is-layout-flow\">\n<h4 class=\"mt-0 wp-block-heading\" id=\"h-engine-rooms\">Salas de m\u00e1quinas<\/h4>\n\n\n\n<p>Ubicada directamente al lado de la sala de calderas o dentro del mismo espacio, la sala de m\u00e1quinas era donde se enviaba el vapor de la sala de calderas para continuar alimentando el barco. La alta temperatura del vapor requer\u00eda que el equipo estuviera cubierto con aislamiento de asbesto.<\/p>\n<\/div>\n\n\n\n<div class=\"wp-block-column is-layout-flow wp-block-column-is-layout-flow\">\n<h4 class=\"mt-0 wp-block-heading\" id=\"h-pump-rooms\">Salas de bombas<\/h4>\n\n\n\n<p>Las bombas industriales de alta potencia eran una parte necesaria del proceso de propulsi\u00f3n del barco. Estas bombas requer\u00edan componentes de asbesto como juntas, v\u00e1lvulas y aislamiento para funcionar correctamente.&nbsp;<\/p>\n<\/div>\n<\/div>\n\n\n\n<div class=\"wp-block-columns is-layout-flex wp-container-core-columns-is-layout-9d6595d7 wp-block-columns-is-layout-flex\">\n<div class=\"wp-block-column is-layout-flow wp-block-column-is-layout-flow\">\n<h4 class=\"mt-0 wp-block-heading\" id=\"h-cabins\">Caba\u00f1as&nbsp;<\/h4>\n\n\n\n<p>A bordo de los barcos, se pod\u00eda encontrar asbesto en los mamparos de las cabinas o en el \u00e1rea donde dorm\u00edan los miembros de la tripulaci\u00f3n. Un mamparo es una barrera o divisi\u00f3n entre compartimentos, y para garantizar que los marineros estuvieran seguros dentro de las cabinas, se utiliz\u00f3 aislamiento de asbesto para proteger contra incendios los mamparos.<\/p>\n<\/div>\n\n\n\n<div class=\"wp-block-column is-layout-flow wp-block-column-is-layout-flow\">\n<h4 class=\"mt-0 wp-block-heading\" id=\"h-hulls\">Cascos<\/h4>\n\n\n\n<p>El casco, o cuerpo del barco, debe ser impermeable e ign\u00edfugo para garantizar la seguridad de todo el barco. Se utilizaron materiales de asbesto para proteger los cascos.<\/p>\n<\/div>\n<\/div>\n\n\n\n<div class=\"wp-block-columns are-vertically-aligned-center is-layout-flex wp-container-core-columns-is-layout-9d6595d7 wp-block-columns-is-layout-flex\">\n<div class=\"wp-block-column is-vertically-aligned-center is-layout-flow wp-block-column-is-layout-flow\" style=\"flex-basis:33.33%\">\n<figure class=\"wp-block-image size-full\"><img decoding=\"async\" width=\"600\" height=\"350\" src=\"https:\/\/www.asbestosclaims.law\/wp-content\/uploads\/2022\/06\/Asbestos-military-img2.jpg\" alt=\"\" class=\"wp-image-9553\" srcset=\"https:\/\/www.asbestosclaims.law\/wp-content\/uploads\/2022\/06\/Asbestos-military-img2.jpg 600w, https:\/\/www.asbestosclaims.law\/wp-content\/uploads\/2022\/06\/Asbestos-military-img2-540x315.jpg 540w, https:\/\/www.asbestosclaims.law\/wp-content\/uploads\/2022\/06\/Asbestos-military-img2-18x12.jpg 18w\" sizes=\"(max-width: 600px) 100vw, 600px\" \/><\/figure>\n<\/div>\n\n\n\n<div class=\"wp-block-column is-vertically-aligned-center is-layout-flow wp-block-column-is-layout-flow\" style=\"flex-basis:66.66%\">\n<p>Las salas de m\u00e1quinas y las salas de calderas sol\u00edan ser espacios peque\u00f1os y cerrados con poca ventilaci\u00f3n.<\/p>\n<\/div>\n<\/div>\n\n\n\n<div class=\"wp-block-columns are-vertically-aligned-center is-layout-flex wp-container-core-columns-is-layout-9d6595d7 wp-block-columns-is-layout-flex\">\n<div class=\"wp-block-column is-vertically-aligned-center is-layout-flow wp-block-column-is-layout-flow\" style=\"flex-basis:33.33%\">\n<figure class=\"wp-block-image size-full\"><img decoding=\"async\" width=\"600\" height=\"350\" src=\"https:\/\/www.asbestosclaims.law\/wp-content\/uploads\/2022\/06\/Asbestos-military-img3.jpg\" alt=\"\" class=\"wp-image-9554\" srcset=\"https:\/\/www.asbestosclaims.law\/wp-content\/uploads\/2022\/06\/Asbestos-military-img3.jpg 600w, https:\/\/www.asbestosclaims.law\/wp-content\/uploads\/2022\/06\/Asbestos-military-img3-540x315.jpg 540w, https:\/\/www.asbestosclaims.law\/wp-content\/uploads\/2022\/06\/Asbestos-military-img3-18x12.jpg 18w\" sizes=\"(max-width: 600px) 100vw, 600px\" \/><\/figure>\n<\/div>\n\n\n\n<div class=\"wp-block-column is-vertically-aligned-center is-layout-flow wp-block-column-is-layout-flow\" style=\"flex-basis:66.66%\">\n<p>Las fibras de asbesto liberadas al aire en estas habitaciones por la reparaci\u00f3n, el mantenimiento o la instalaci\u00f3n de productos que contienen asbesto habr\u00edan permanecido durante horas y aumentado el riesgo de exposici\u00f3n para cualquier persona en esas habitaciones.<\/p>\n<\/div>\n<\/div>\n\n\n\n<h2 class=\"wp-block-heading\" id=\"h-other-places-asbestos-may-have-been-present-on-u-s-naval-vessels\">Otros lugares donde el asbesto pudo haber estado presente en los buques navales de EE. UU.<\/h2>\n\n\n\n<p>Otros lugares donde el asbesto puede estar presente en los barcos incluyen:<\/p>\n\n\n\n<ul class=\"wp-block-list\"><li>Salas de navegaci\u00f3n, que albergaban equipos de navegaci\u00f3n que deb\u00edan ser ign\u00edfugos.<\/li><li>Comedores, donde com\u00edan los marineros<\/li><li>Galeras (cocinas)<\/li><li>Cableado el\u00e9ctrico<\/li><\/ul>\n\n\n\n<section class=\"boxtextnew\">\n            <div class=\"row pt-5 5 px-xl-0 px-lg-3\" style=\"padding:30px 10px !Important;background-color:#F8F7F6;margin:0px\">\n                <div class=\"col-md-12\">\n                    <table style=\"width:90%;margin:0px auto\">\n                        <tbody><tr>                            \n                            <td style=\"width:90%;text-align:left\"><h4 style=\"margin-top:12px\">Si sirvi\u00f3 en la Marina de los EE. UU. durante las d\u00e9cadas de 1930 y 1970, es muy probable que haya servido a bordo de un barco que conten\u00eda materiales de asbesto.<\/h4><\/td>                            \n                        <\/tr>\n                    <\/tbody><\/table>\n                <\/div>\n            <\/div>\n<\/section>\n\n\n\n<h2 class=\"wp-block-heading\" id=\"h-occupational-asbestos-exposure-is-most-common-including-jobs-in-the-u-s-navy\">La exposici\u00f3n ocupacional al asbesto es la m\u00e1s com\u00fan, incluidos los trabajos en la Marina de los EE. UU.<\/h2>\n\n\n\n<p>Las ocupaciones comunes que habr\u00edan tenido una mayor probabilidad de trabajar directamente con productos que contienen asbesto incluyen caldereros, instaladores de tuber\u00edas, t\u00e9cnicos de reparaci\u00f3n de cascos, aisladores (o rezagados) y compa\u00f1eros de maquinista. Sin embargo, incluso si no tuvo una de estas ocupaciones, es posible que haya estado en riesgo de exposici\u00f3n si pasaba con frecuencia por un \u00e1rea donde otros manipulaban productos que liberaban fibras friables en el aire.&nbsp;<\/p>\n\n\n\n<h2 class=\"wp-block-heading\" id=\"h-shipyards-contained-asbestos-and-shipyard-workers-may-be-at-risk-of-asbestos-exposure\">Los astilleros conten\u00edan asbesto y los trabajadores de los astilleros pueden estar en riesgo de exposici\u00f3n al asbesto<\/h2>\n\n\n\n<p>Adem\u00e1s, los trabajadores de los astilleros, que no necesariamente ten\u00edan que ser miembros del ej\u00e9rcito, corr\u00edan un alto riesgo de exposici\u00f3n durante la construcci\u00f3n y reparaci\u00f3n de los barcos. Cada vez que se altera el asbesto, las fibras microsc\u00f3picas pueden volar y presentar un riesgo para la salud de las personas cercanas. Aquellos que transportaron materiales de asbesto en los astilleros, mezclaron, aserraron, cortaron o fabricaron productos de asbesto, o instalaron o quitaron materiales que contienen asbesto en las embarcaciones, habr\u00edan estado expuestos a fibras da\u00f1inas.&nbsp;<\/p>\n\n\n\n<figure class=\"wp-block-image size-full\"><img decoding=\"async\" width=\"1430\" height=\"510\" src=\"https:\/\/www.asbestosclaims.law\/wp-content\/uploads\/2022\/06\/Asbestos-military-img4.jpg\" alt=\"\" class=\"wp-image-9557\" srcset=\"https:\/\/www.asbestosclaims.law\/wp-content\/uploads\/2022\/06\/Asbestos-military-img4.jpg 1430w, https:\/\/www.asbestosclaims.law\/wp-content\/uploads\/2022\/06\/Asbestos-military-img4-540x193.jpg 540w, https:\/\/www.asbestosclaims.law\/wp-content\/uploads\/2022\/06\/Asbestos-military-img4-768x274.jpg 768w, https:\/\/www.asbestosclaims.law\/wp-content\/uploads\/2022\/06\/Asbestos-military-img4-18x6.jpg 18w\" sizes=\"(max-width: 1430px) 100vw, 1430px\" \/><\/figure>\n\n\n\n<h2 class=\"wp-block-heading\" id=\"h-ship-construction-maintenance-repair-and-decommissioning-can-involve-asbestos-exposure\">La construcci\u00f3n, el mantenimiento, la reparaci\u00f3n y el desmantelamiento de barcos pueden implicar exposici\u00f3n al asbesto<\/h2>\n\n\n\n<p>From 1930-1975, the United States constructed hundreds of ships for its Naval forces, and you can be certain that asbestos materials were used on virtually every one of those ships.&nbsp;Different types of vessels, such as aircraft carriers or submarines, may have had asbestos-materials in different areas. We\u2019ve compiled a <a href=\"https:\/\/www.asbestosclaims.law\/es\/fuentes-de-exposicion\/marina-eeuu\/clases-de-barcos\/\">lista completa<\/a> para que le resulte m\u00e1s f\u00e1cil verificar si usted o un ser querido sirvieron en alguno de estos barcos. Para obtener m\u00e1s informaci\u00f3n sobre reclamos por discapacidad de veteranos, <a href=\"https:\/\/www.asbestosclaims.law\/es\/asbestos-mesothelioma-claims\/veterans-disability-claims\/\">haga clic aqu\u00ed.<\/a><\/p>\n\n\n\n<style>\n.block_ward_blog{width:100%;background-color:#976e2e;color:#fff;text-align:center;height:auto;padding:30px 35px !important;}.block_ward_blog .title{font-size:45px!important;margin-bottom:10px;color:#fff;font-weight:800!important;font-family:Tinos}.block_ward_blog .description{font-family:Tinos;margin-bottom:25px;font-weight:400}.block_ward_blog .btn{padding:15px 20px;background:#3b9ccf;font-size:14px;font-weight:700;color:#fff!important;text-decoration:none;#sub-title{margin-top: 20px !important;}\n<\/style>\n<div class=\"block_ward_blog my-4\">       \n        <p class=\"title\">\u00bfCalifica usted para una compensaci\u00f3n?<\/p>\n        <p class=\"description\">Descubra r\u00e1pida y f\u00e1cilmente c\u00f3mo estuvo expuesto buscando en WARD, la base de datos de asbesto m\u00e1s grande del planeta.<\/p>\n        <a href=\"https:\/\/www.asbestosclaims.law\/es\/worldwide-asbestos-research-database\/\" class=\"btn\">B\u00daSQUEDA GRATUITA &gt; <\/a>\n    <\/div>\n\n\n\n<h2 class=\"wp-block-heading\" id=\"h-justinian-means-justice\">Justinian significa justicia<\/h2>\n\n\n\n<p>Adem\u00e1s de las facturas de atenci\u00f3n m\u00e9dica, las enfermedades relacionadas con el asbesto pueden provocar la p\u00e9rdida de salarios, incapacidad para trabajar, diferentes discapacidades, una calidad de vida degradada e incluso la muerte. Pero seg\u00fan las leyes estatales y federales, las personas perjudicadas por la exposici\u00f3n al asbesto a menudo tienen derecho a una compensaci\u00f3n por sus lesiones.<\/p>\n\n\n\n<h3 class=\"wp-block-heading\" id=\"h-in-many-cases-they-do-not-even-need-to-file-a-lawsuit\">En muchos casos, ni siquiera necesitan presentar una demanda.<\/h3>\n\n\n\n<p>Incluso los fumadores habituales de cigarrillos que desarrollaron c\u00e1ncer de pulm\u00f3n a menudo pueden recuperar dinero si la exposici\u00f3n al asbesto empeora sus problemas de salud.<\/p>\n\n\n\n<div class=\"wp-block-columns is-layout-flex wp-container-core-columns-is-layout-9d6595d7 wp-block-columns-is-layout-flex\">\n<div class=\"wp-block-column is-layout-flow wp-block-column-is-layout-flow\" style=\"flex-basis:66.66%\">\n<p>Y si le han diagnosticado una enfermedad relacionada con el asbesto, puede hablar con un abogado especializado en lesiones por asbesto en las oficinas legales de Justinian C. Lane, Esq. \u2013 PLLC para discutir sus opciones.<\/p>\n\n\n\n<p>Mi abuelo fue un veterano de la Segunda Guerra Mundial y mi propia familia se vio afectada por los enga\u00f1os y el descuido de la industria del asbesto. Y mi equipo y yo estamos listos para enfrentarnos cara a cara con cualquier empresa que fabrique, venda, instale o elimine productos de asbesto sin brindar la protecci\u00f3n adecuada a nuestros clientes.<\/p>\n\n\n\n<p>No aceptamos la derrota. A menos que le consigamos dinero por sus lesiones, no nos paga ni un centavo.<\/p>\n<\/div>\n\n\n\n<div class=\"wp-block-column is-layout-flow wp-block-column-is-layout-flow\" style=\"flex-basis:33.33%\">\n<figure class=\"wp-block-image size-full\"><img decoding=\"async\" width=\"592\" height=\"870\" src=\"https:\/\/www.asbestosclaims.law\/wp-content\/uploads\/2022\/06\/Asbestos-military-img5.jpg\" alt=\"\" class=\"wp-image-9601\" srcset=\"https:\/\/www.asbestosclaims.law\/wp-content\/uploads\/2022\/06\/Asbestos-military-img5.jpg 592w, https:\/\/www.asbestosclaims.law\/wp-content\/uploads\/2022\/06\/Asbestos-military-img5-367x540.jpg 367w, https:\/\/www.asbestosclaims.law\/wp-content\/uploads\/2022\/06\/Asbestos-military-img5-8x12.jpg 8w\" sizes=\"(max-width: 592px) 100vw, 592px\" \/><\/figure>\n<\/div>\n<\/div>\n\n\n\n<h3 class=\"wp-block-heading\" id=\"h-your-rights-can-be-lost-if-you-wait\">Sus derechos pueden perderse si espera<\/h3>\n\n\n\n<p>Existen leyes que limitan la cantidad de tiempo que tiene para presentar una demanda despu\u00e9s de sufrir una lesi\u00f3n. Se conocen como estatutos de prescripci\u00f3n.<\/p>\n\n\n\n<div class=\"wp-block-columns is-layout-flex wp-container-core-columns-is-layout-9d6595d7 wp-block-columns-is-layout-flex\">\n<div class=\"wp-block-column is-layout-flow wp-block-column-is-layout-flow\" style=\"flex-basis:66.66%\">\n<p>La mayor\u00eda de los estatutos comenzar\u00e1n a correr a partir de la fecha de la lesi\u00f3n. Eso significa que el \u201creloj en marcha\u201d comienza el d\u00eda en que le diagnosticaron una enfermedad relacionada con el asbesto. Si est\u00e1 presentando un reclamo por muerte por negligencia, el estatuto de limitaci\u00f3n generalmente termina en la fecha en que falleci\u00f3 el ser querido.<\/p>\n\n\n\n<p>No espere para saber cu\u00e1ndo comienza su reclamo. Si cree que tiene derecho a una compensaci\u00f3n por su enfermedad relacionada con el asbesto, llame, env\u00ede un mensaje de texto o env\u00ede un correo electr\u00f3nico a Law Offices of Justinian C. Lane, Esq. \u2013 PLLC para entender sus derechos.<\/p>\n<\/div>\n\n\n\n<div class=\"wp-block-column is-layout-flow wp-block-column-is-layout-flow\" style=\"flex-basis:33.33%\">\n<figure class=\"wp-block-image size-full\"><img decoding=\"async\" width=\"592\" height=\"690\" src=\"https:\/\/www.asbestosclaims.law\/wp-content\/uploads\/2022\/06\/Asbestos-military-img6.jpg\" alt=\"\" class=\"wp-image-9571\" srcset=\"https:\/\/www.asbestosclaims.law\/wp-content\/uploads\/2022\/06\/Asbestos-military-img6.jpg 592w, https:\/\/www.asbestosclaims.law\/wp-content\/uploads\/2022\/06\/Asbestos-military-img6-463x540.jpg 463w, https:\/\/www.asbestosclaims.law\/wp-content\/uploads\/2022\/06\/Asbestos-military-img6-10x12.jpg 10w\" sizes=\"(max-width: 592px) 100vw, 592px\" \/><\/figure>\n<\/div>\n<\/div>\n\n\n\n<h2 class=\"wp-block-heading\" id=\"h-no-matter-what-there-is-no-fee-for-a-consultation-and-no-obligation\">Pase lo que pase, no hay tarifa por una consulta ni obligaci\u00f3n.<\/h2>\n\n\n\n<p>Si result\u00f3 da\u00f1ado por la exposici\u00f3n al asbesto, se reservaron $30 mil millones de d\u00f3lares para ayudarlo a pagar sus facturas de atenci\u00f3n m\u00e9dica, los costos de viaje para el tratamiento, los costos funerarios inevitables y brindar apoyo a su familia.<\/p>\n\n\n\n<p>Y no le costar\u00e1 nada presentar una reclamaci\u00f3n.<\/p>\n\n\n\n<section class=\"boxtextnew\">\n            <div class=\"row pt-5 5 px-xl-0 px-lg-3\" style=\"padding:30px 10px !Important;background-color:#F8F7F6;margin:0px\">\n                <div class=\"col-md-12\">\n                    <table style=\"width:90%;margin:0px auto\">\n                        <tbody><tr>                            \n                            <td style=\"width:90%;text-align:left\"><p style=\"margin-top:12px\">En AsbestosClaims.Law, hemos ayudado a miles de personas que estuvieron expuestas al asbesto en su trabajo, autom\u00f3vil o en su hogar.<\/p><h5 style=\"margin-top:12px;text-align:right\">\u00bfPodemos ayudarte?<\/h5><\/td>                            \n                        <\/tr>\n                    <\/tbody><\/table>\n                <\/div>\n            <\/div>\n<\/section>\n\n\n\n<p style=\"font-size: 0.7rem\">1 Instituto Nacional del C\u00e1ncer (NIH) <a href=\"https:\/\/www.cancer.gov\/about-cancer\/causes-prevention\/risk\/substances\/asbestos\/asbestos-fact-sheet\" target=\"_blank\" rel=\"noopener noreferrer\">Hoja informativa sobre el asbesto<\/a><\/p>"},"excerpt":{"rendered":"<p>U.S. Naval forces accounted for the majority of asbestos used the U.S. military In history, tales about the \u201cmagic\u201d of asbestos can be found dating back 2000 years.&nbsp;Asbestos has a multitude of uses that took the early 20th century industrial and building industries by storm.&nbsp; Everything from construction materials like floor tiles, sheetrock, and cement, [&#8230;]<\/p>\n<p><a class=\"btn btn-secondary understrap-read-more-link\" href=\"https:\/\/www.asbestosclaims.law\/es\/fuentes-de-exposicion\/marina-eeuu\/marina-eeuu-data\/\">Leer m\u00e1s&#8230;<\/a><\/p>","protected":false},"author":1,"featured_media":10889,"parent":10922,"menu_order":0,"comment_status":"closed","ping_status":"closed","template":"page-templates\/page-sidebar-template.php","meta":{"_acf_changed":false,"ub_ctt_via":"","footnotes":""},"class_list":["post-10882","page","type-page","status-publish","has-post-thumbnail","hentry"],"acf":[],"featured_image_src":"https:\/\/www.asbestosclaims.law\/wp-content\/uploads\/2022\/08\/Asbestos-military-desktop.jpg","_links":{"self":[{"href":"https:\/\/www.asbestosclaims.law\/es\/wp-json\/wp\/v2\/pages\/10882","targetHints":{"allow":["GET"]}}],"collection":[{"href":"https:\/\/www.asbestosclaims.law\/es\/wp-json\/wp\/v2\/pages"}],"about":[{"href":"https:\/\/www.asbestosclaims.law\/es\/wp-json\/wp\/v2\/types\/page"}],"author":[{"embeddable":true,"href":"https:\/\/www.asbestosclaims.law\/es\/wp-json\/wp\/v2\/users\/1"}],"replies":[{"embeddable":true,"href":"https:\/\/www.asbestosclaims.law\/es\/wp-json\/wp\/v2\/comments?post=10882"}],"version-history":[{"count":2,"href":"https:\/\/www.asbestosclaims.law\/es\/wp-json\/wp\/v2\/pages\/10882\/revisions"}],"predecessor-version":[{"id":13158,"href":"https:\/\/www.asbestosclaims.law\/es\/wp-json\/wp\/v2\/pages\/10882\/revisions\/13158"}],"up":[{"embeddable":true,"href":"https:\/\/www.asbestosclaims.law\/es\/wp-json\/wp\/v2\/pages\/10922"}],"wp:featuredmedia":[{"embeddable":true,"href":"https:\/\/www.asbestosclaims.law\/es\/wp-json\/wp\/v2\/media\/10889"}],"wp:attachment":[{"href":"https:\/\/www.asbestosclaims.law\/es\/wp-json\/wp\/v2\/media?parent=10882"}],"curies":[{"name":"wp","href":"https:\/\/api.w.org\/{rel}","templated":true}]}}