{"id":10172,"date":"2022-07-07T22:45:45","date_gmt":"2022-07-07T22:45:45","guid":{"rendered":"https:\/\/www.asbestosclaims.law\/?page_id=10172"},"modified":"2022-09-28T17:54:43","modified_gmt":"2022-09-28T17:54:43","slug":"battleships","status":"publish","type":"page","link":"https:\/\/www.asbestosclaims.law\/es\/fuentes-de-exposicion\/marina-eeuu\/clases-de-barcos\/barcos-de-guerra\/","title":{"rendered":"Asbesto en Barcos de guerra"},"content":{"rendered":"<p class=\"mt-5\">Durante muchos a\u00f1os, el acorazado fue, con mucho, el buque de guerra m\u00e1s poderoso. Incluso despu\u00e9s del surgimiento de los portaaviones, la Marina depend\u00eda en gran medida de los acorazados. Estos carros de guerra flotantes eran bases de apoyo de fuego efectivas y embarcaciones efectivas de demostraci\u00f3n de fuerza. Muchos de los peligros a los que se enfrentaban los marineros a bordo de estos barcos no proced\u00edan de las municiones enemigas entrantes, sino del asbesto del interior.<\/p>\n\n\n\n<h2 class=\"wp-block-heading\" id=\"h-asbestos-exposure-on-us-naval-battleships\">Exposici\u00f3n al asbesto en acorazados navales de EE. UU.<\/h2>\n\n\n\n<p>Los veteranos de los acorazados suelen seguir sufriendo los efectos de las heridas de combate durante muchos a\u00f1os. Las v\u00edctimas de la exposici\u00f3n al asbesto tambi\u00e9n sufren durante muchos a\u00f1os. La gran diferencia es que estas v\u00edctimas de la exposici\u00f3n no saben que est\u00e1n enfermas. El per\u00edodo de latencia para la asbestosis, el mesotelioma y otras enfermedades por exposici\u00f3n al asbesto es de <a href=\"https:\/\/pubmed.ncbi.nlm.nih.gov\/7448712\/\" target=\"_blank\" rel=\"noreferrer noopener\">m\u00e1s de cuarenta a\u00f1os<\/a>.<\/p>\n\n\n\n<h3 class=\"wp-block-heading\" id=\"h-asbestos-was-used-in-the-us-navy-to-fireproof-battleships\">El asbesto se us\u00f3 en la Marina de los EE. UU. para proteger los acorazados contra incendios<\/h3>\n\n\n\n<p>Dado que los acorazados eran tan grandes y ten\u00edan tanta potencia de fuego, los constructores de barcos usaban mucho asbesto en estos barcos.<\/p>\n\n\n\n<p>La sala de m\u00e1quinas de un gran acorazado era m\u00e1s grande que algunos de los barcos de escolta y apoyo que formaban parte del grupo de batalla. Estas calderas generaban un calor inmenso. El asbesto era la forma m\u00e1s barata y f\u00e1cil de contener este calor. Simplemente no era la forma m\u00e1s segura. Lo mismo se aplica a las <a href=\"https:\/\/www.youtube.com\/watch?v=sGnD7jKZehc\" target=\"_blank\" rel=\"noreferrer noopener\">conchas tan grandes como \u00e1rboles<\/a> y otras ordenanzas a bordo. Los constructores necesitaban el material de supresi\u00f3n de incendios m\u00e1s efectivo disponible.<\/p>\n\n\n\n<figure class=\"wp-block-image size-full\"><img decoding=\"async\" width=\"1430\" height=\"510\" src=\"https:\/\/www.asbestosclaims.law\/wp-content\/uploads\/2022\/07\/Asbestos-naval-img1.jpg\" alt=\"\" class=\"wp-image-9970\" srcset=\"https:\/\/www.asbestosclaims.law\/wp-content\/uploads\/2022\/07\/Asbestos-naval-img1.jpg 1430w, https:\/\/www.asbestosclaims.law\/wp-content\/uploads\/2022\/07\/Asbestos-naval-img1-540x193.jpg 540w, https:\/\/www.asbestosclaims.law\/wp-content\/uploads\/2022\/07\/Asbestos-naval-img1-768x274.jpg 768w, https:\/\/www.asbestosclaims.law\/wp-content\/uploads\/2022\/07\/Asbestos-naval-img1-18x6.jpg 18w\" sizes=\"(max-width: 1430px) 100vw, 1430px\" \/><\/figure>\n\n\n\n<h2 class=\"wp-block-heading\" id=\"h-us-naval-veterans-at-risk-of-asbestos-exposure-from-serving-on-battleships\">Veteranos navales de EE. UU. en riesgo de exposici\u00f3n al asbesto por servir en acorazados<\/h2>\n\n\n\n<p>No importa cu\u00e1nto tiempo hace que ocurri\u00f3 la exposici\u00f3n, un abogado puede ayudar a estas v\u00edctimas a obtener la compensaci\u00f3n financiera que necesitan y merecen. Cada opci\u00f3n legal tiene algunos pros y contras.<\/p>\n\n\n\n<p>Las reclamaciones por productos defectuosos contra los fabricantes de asbesto suelen ser la opci\u00f3n de mayor riesgo y mayor recompensa. Estas afirmaciones son riesgosas porque no son f\u00e1ciles de probar en los tribunales. Adem\u00e1s, los fabricantes multinacionales de asbesto tienen recursos casi ilimitados para luchar contra estas afirmaciones. La recompensa es que una compensaci\u00f3n sustancial, incluidos da\u00f1os punitivos, est\u00e1 disponible en tales reclamos.<\/p>\n\n\n\n<h3 class=\"wp-block-heading\" id=\"h-us-naval-veterans-disability-claims-for-asbestos-exposure\">Reclamaciones por discapacidad de veteranos navales de EE. UU. por exposici\u00f3n al asbesto<\/h3>\n\n\n\n<p>En el otro extremo de la escala, un reclamo por discapacidad de la Administraci\u00f3n de Veteranos suele ser la alternativa de menor riesgo y menor recompensa. Seg\u00fan la ley federal, las enfermedades por exposici\u00f3n al asbesto relacionadas con el servicio son presuntamente incapacitantes. La compensaci\u00f3n financiera en estos asuntos generalmente se limita a un estipendio mensual en efectivo. A veces estos premios son retroactivos ya veces no lo son.<\/p>\n\n\n\n<p>Un reclamo de fondo fiduciario de asbesto es una alternativa intermedia. Estos reclamos son sencillos y estos fondos de compensaci\u00f3n para v\u00edctimas tienen miles de millones de d\u00f3lares. Sin embargo, los administradores de fondos fiduciarios son notoriamente taca\u00f1os. Un abogado iguala las probabilidades.<\/p>\n\n\n\n<section class=\"boxtextnew\">\n            <div class=\"row pt-5 5 px-xl-0 px-lg-3\" style=\"padding:30px 10px !Important; background-color:#F8F7F6; margin:0px;\">\n                <div>\n                    <table style=\"width:90%; margin:0px auto;\">\n                        <tbody><tr>                           \n                            <td style=\"text-align:left;\">\n<h5>AsbestosClaims.Law<\/h5>\n<p>AsbestosClaims.law es su recurso integral para todo lo relacionado con el asbesto, incluida informaci\u00f3n sobre salud y compensaci\u00f3n para los veteranos de la Fuerza A\u00e9rea y otros exmiembros del servicio. Esperamos que esto sea de ayuda y estamos agradecidos con todos los que se han dado de s\u00ed mismos para defendernos a todos.<\/p>\n\n<p>Si tiene preguntas o inquietudes adicionales relacionadas con el asbesto, visite nuestro <a href=\"https:\/\/www.asbestosclaims.law\/es\/\" rel=\"noopener\">sitio web<\/a> y <a href=\"http:\/\/youtube.com\/channel\/UCZ8k_hDOrgpwHTVwzZHKcmA\" target=\"_blank\" rel=\"noopener\">p\u00e1gina de YouTube<\/a> para ver videos, infograf\u00edas y respuestas a sus preguntas sobre el asbesto, incluida <a href=\"https:\/\/www.asbestosclaims.law\/es\/blogtag\/health-and-safety\/\">la salud y la seguridad<\/a>, <a href=\"https:\/\/www.asbestosclaims.law\/es\/asbestos-blog\/estoy-mudandome-deberia-tener-prueba-de-asbesto-gratis\/\">prueba de asbesto<\/a>, <a href=\"https:\/\/www.asbestosclaims.law\/es\/blogtag\/asbestos-removal\/\">la eliminaci\u00f3n del asbesto de su hogar y edificio<\/a>, y <a href=\"https:\/\/www.asbestosclaims.law\/es\/asbestos-mesothelioma-claims\/\">informaci\u00f3n legal<\/a> sobre <a href=\"https:\/\/www.asbestosclaims.law\/es\/asbestos-trusts\/what-are-asbestos-trusts-and-why-do-they-exist\/\">la compensaci\u00f3n por lesiones de asbesto<\/a>.<\/p>\n\n<p>Y si cree que estuvo expuesto al asbesto, o le han diagnosticado una enfermedad relacionada con el asbesto, podr\u00eda tener derecho a <a href=\"https:\/\/www.asbestosclaims.law\/es\/asbestos-claims\/\">compensaci\u00f3n significativa<\/a>: dinero que podr\u00eda usar para cubrir los costos de los servicios de eliminaci\u00f3n de asbesto, pagar el tratamiento m\u00e9dico y proteger de forma preventiva su bienestar f\u00edsico.&nbsp;<\/p>\n\n<p>Todo sin presentar una demanda.<\/p>\n\n<p>Si desea ayuda para presentar un reclamo, <a href=\"https:\/\/www.asbestosclaims.law\/es\/about-us\/contacta-con-nosotros\/\">ponerse en contacto<\/a> por correo electr\u00f3nico a <a href=\"mailto:help@asbestosclaims.law\">help@asbestosclaims.law<\/a>&nbsp;\to ll\u00e1menos o env\u00edenos un mensaje de texto al <a href=\"tel:8334272378\">(833) 4-ASBESTOS (427-2378)<\/a> o <a href=\"tel:2064559190\">(206) 455-9190<\/a>. Escucharemos su historia y le explicaremos sus opciones. Y nunca cobramos por nada a menos que reciba dinero en su bolsillo.<\/p>\n\n<\/td>                            \n                        <\/tr>\n                    <\/tbody><\/table>\n                <\/div>\n            <\/div>\n        <\/section>"},"excerpt":{"rendered":"<p>For many years, the battleship was, by far, the most powerful naval vessel. Even after the rise of the aircraft carrier, the Navy depended heavily on battleships. These floating war wagons were effective fire support bases and effective show-of-force vessels. Many of the hazards the sailors on board these vessels faced came not from incoming [&#8230;]<\/p>\n<p><a class=\"btn btn-secondary understrap-read-more-link\" href=\"https:\/\/www.asbestosclaims.law\/es\/fuentes-de-exposicion\/marina-eeuu\/clases-de-barcos\/barcos-de-guerra\/\">Leer m\u00e1s&#8230;<\/a><\/p>","protected":false},"author":1,"featured_media":0,"parent":10924,"menu_order":4,"comment_status":"closed","ping_status":"closed","template":"page-templates\/page-sidebar-template.php","meta":{"_acf_changed":false,"ub_ctt_via":"","footnotes":""},"class_list":["post-10172","page","type-page","status-publish","hentry"],"acf":[],"featured_image_src":null,"_links":{"self":[{"href":"https:\/\/www.asbestosclaims.law\/es\/wp-json\/wp\/v2\/pages\/10172","targetHints":{"allow":["GET"]}}],"collection":[{"href":"https:\/\/www.asbestosclaims.law\/es\/wp-json\/wp\/v2\/pages"}],"about":[{"href":"https:\/\/www.asbestosclaims.law\/es\/wp-json\/wp\/v2\/types\/page"}],"author":[{"embeddable":true,"href":"https:\/\/www.asbestosclaims.law\/es\/wp-json\/wp\/v2\/users\/1"}],"replies":[{"embeddable":true,"href":"https:\/\/www.asbestosclaims.law\/es\/wp-json\/wp\/v2\/comments?post=10172"}],"version-history":[{"count":0,"href":"https:\/\/www.asbestosclaims.law\/es\/wp-json\/wp\/v2\/pages\/10172\/revisions"}],"up":[{"embeddable":true,"href":"https:\/\/www.asbestosclaims.law\/es\/wp-json\/wp\/v2\/pages\/10924"}],"wp:attachment":[{"href":"https:\/\/www.asbestosclaims.law\/es\/wp-json\/wp\/v2\/media?parent=10172"}],"curies":[{"name":"wp","href":"https:\/\/api.w.org\/{rel}","templated":true}]}}