{"id":10036,"date":"2022-07-07T18:23:55","date_gmt":"2022-07-07T18:23:55","guid":{"rendered":"https:\/\/www.asbestosclaims.law\/?page_id=10036"},"modified":"2022-09-29T00:11:03","modified_gmt":"2022-09-29T00:11:03","slug":"cutters","status":"publish","type":"page","link":"https:\/\/www.asbestosclaims.law\/es\/fuentes-de-exposicion\/marina-eeuu\/clases-de-barcos\/cortadores\/","title":{"rendered":"Asbesto en Cortadores"},"content":{"rendered":"<p class=\"mt-5\">Estos nav\u00edos de batalla, que aparecieron por primera vez en la d\u00e9cada de 1790, son m\u00e1s grandes que los patrulleros y m\u00e1s peque\u00f1os que los <a href=\"https:\/\/www.asbestosclaims.law\/es\/fuentes-de-exposicion\/marina-eeuu\/clases-de-barcos\/escoltas-destructoras\/\">destructores<\/a>. En aquel entonces, los marineros a bordo de estos barcos se enfrentaron valientemente a barcos que eran mucho m\u00e1s grandes y poderosos que los c\u00fateres. Los incendios a bordo eran un peligro constante. Las municiones explotaron accidentalmente y los da\u00f1os menores de combate podr\u00edan causar un gran incendio. Los constructores navales pensaron que el asbesto era la respuesta a estos problemas. Pensaron mal.<\/p>\n\n\n\n<h2 class=\"wp-block-heading\" id=\"h-asbestos-was-used-to-fireproof-us-naval-cutters\">El asbesto se us\u00f3 para proteger contra incendios a los cortadores navales de EE. UU.<\/h2>\n\n\n\n<p>Sin embargo, los constructores navales continuaron usando asbesto en los barcos de la Armada y la Guardia Costera de los EE. UU. hasta mediados de la d\u00e9cada de 1970. Una sola fibra de asbesto podr\u00eda causar mesotelioma, <a href=\"https:\/\/www.asbestosclaims.law\/es\/asbestos-symptoms-and-treatment\/asbestos-injuries\/\">asbestosis<\/a>&nbsp;y otras enfermedades graves y, a menudo, mortales. Afortunadamente, estas v\u00edctimas, que a menudo no se enferman durante varias d\u00e9cadas despu\u00e9s de la exposici\u00f3n, no tienen que sufrir solas.<\/p>\n\n\n\n<p class=\" translation-block\">La compensaci\u00f3n est\u00e1 disponible para las asombrosas facturas m\u00e9dicas que deben pagar estas v\u00edctimas. Las <a href=\"https:\/\/www.asbestosclaims.law\/asbestos-mesothelioma-claims\" target=\"_self\">opciones legales<\/a> incluyen un reclamo por discapacidad del VA, una acci\u00f3n por producto defectuoso contra el constructor naval que us\u00f3 asbesto y un reclamo con un fondo de compensaci\u00f3n para v\u00edctimas del asbesto. Todas estas opciones tienen algunos pros y contras que las v\u00edctimas deben discutir con sus abogados.<\/p>\n\n\n\n<figure class=\"wp-block-image size-full\"><img decoding=\"async\" width=\"1430\" height=\"510\" src=\"https:\/\/www.asbestosclaims.law\/wp-content\/uploads\/2022\/07\/Asbestos-Cutters-img4.jpg\" alt=\"\" class=\"wp-image-10090\" srcset=\"https:\/\/www.asbestosclaims.law\/wp-content\/uploads\/2022\/07\/Asbestos-Cutters-img4.jpg 1430w, https:\/\/www.asbestosclaims.law\/wp-content\/uploads\/2022\/07\/Asbestos-Cutters-img4-540x193.jpg 540w, https:\/\/www.asbestosclaims.law\/wp-content\/uploads\/2022\/07\/Asbestos-Cutters-img4-768x274.jpg 768w, https:\/\/www.asbestosclaims.law\/wp-content\/uploads\/2022\/07\/Asbestos-Cutters-img4-18x6.jpg 18w\" sizes=\"(max-width: 1430px) 100vw, 1430px\" \/><\/figure>\n\n\n\n<h2 class=\"wp-block-heading\" id=\"h-us-naval-veterans-at-risk-for-asbestos-exposure-and-health-problems-from-serving-on-cutters\">Veteranos de la Marina de los EE. UU. en riesgo de exposici\u00f3n al asbesto y problemas de salud por servir en cortadores<\/h2>\n\n\n\n<p>Cualquiera que haya servido alguna vez en un guardacostas u otro c\u00fater puede atestiguar el hecho de que estos barcos son peque\u00f1os y estrechos. Entonces, cualquiera que estuviera a bordo podr\u00eda haber inhalado una fibra de asbesto. Estas fibras tambi\u00e9n son lo suficientemente peque\u00f1as como para absorberse directamente a trav\u00e9s de la piel. Los grupos de mayor riesgo son:<\/p>\n\n\n\n<ul class=\"check-list wp-block-list\"><li><strong>Maquinista Mates<\/strong>: Las m\u00e1quinas a bordo, como bombas, purificadores de aceite, elevadores, generadores, sistemas de aire acondicionado, plantas de refrigeraci\u00f3n y plantas de desalinizaci\u00f3n, generan cantidades significativas de calor y ruido. Se sabe que estas m\u00e1quinas se queman espont\u00e1neamente y causan problemas de audici\u00f3n. Como resultado, los constructores navales utilizaron la mayor cantidad posible de aislamiento con asbesto en estas \u00e1reas.<\/li><li><strong>Filtros para tuber\u00eda<\/strong>: Cuando el actor Steve McQueen estaba en la Marina, sus superiores supuestamente lo castigaron haci\u00e9ndole raspar las fibras de asbesto de las tuber\u00edas. El mesotelioma, el c\u00e1ncer relacionado con el asbesto antes mencionado, mat\u00f3 a McQueen cuando solo ten\u00eda 51 a\u00f1os. Su muerte prematura destaca los peligros a los que se enfrentaban los instaladores de tuber\u00edas de la Marina, as\u00ed como los peligros de la exposici\u00f3n al asbesto.<\/li><li><strong>Ingenieros<\/strong>: El sistema de propulsi\u00f3n de un c\u00fater, especialmente las calderas, generaba m\u00e1s calor que todos los generadores, purificadores de aceite y otros sistemas mencionados anteriormente juntos. Los ingenieros que operaban estos sistemas de propulsi\u00f3n corr\u00edan un alto riesgo de exposici\u00f3n al asbesto. Los desafortunados ingenieros que mantuvieron estos sistemas de propulsi\u00f3n se enfrentaron a un riesgo a\u00fan mayor.<\/li><\/ul>\n\n\n\n<p>No importa cu\u00e1ndo las v\u00edctimas de la exposici\u00f3n al asbesto de la Marina sirvieron a su pa\u00eds, la compensaci\u00f3n de una de las tres fuentes mencionadas anteriormente generalmente est\u00e1 disponible.<\/p>\n\n\n\n<section class=\"boxtextnew\">\n            <div class=\"row pt-5 5 px-xl-0 px-lg-3\" style=\"padding:30px 10px !Important; background-color:#F8F7F6; margin:0px;\">\n                <div>\n                    <table style=\"width:90%; margin:0px auto;\">\n                        <tbody><tr>                           \n                            <td style=\"text-align:left;\">\n<h5>AsbestosClaims.Law<\/h5>\n<p>AsbestosClaims.law es su recurso integral para todo lo relacionado con el asbesto, incluida informaci\u00f3n sobre salud y compensaci\u00f3n para los veteranos de la Fuerza A\u00e9rea y otros exmiembros del servicio. Esperamos que esto sea de ayuda y estamos agradecidos con todos los que se han dado de s\u00ed mismos para defendernos a todos.<\/p>\n\n<p>Si tiene preguntas o inquietudes adicionales relacionadas con el asbesto, visite nuestro <a href=\"https:\/\/www.asbestosclaims.law\/es\/\" rel=\"noopener\">sitio web<\/a> y <a href=\"http:\/\/youtube.com\/channel\/UCZ8k_hDOrgpwHTVwzZHKcmA\" target=\"_blank\" rel=\"noopener\">p\u00e1gina de YouTube<\/a> para ver videos, infograf\u00edas y respuestas a sus preguntas sobre el asbesto, incluida <a href=\"https:\/\/www.asbestosclaims.law\/es\/blogtag\/health-and-safety\/\">la salud y la seguridad<\/a>, <a href=\"https:\/\/www.asbestosclaims.law\/es\/asbestos-blog\/estoy-mudandome-deberia-tener-prueba-de-asbesto-gratis\/\">prueba de asbesto<\/a>, <a href=\"https:\/\/www.asbestosclaims.law\/es\/blogtag\/asbestos-removal\/\">la eliminaci\u00f3n del asbesto de su hogar y edificio<\/a>, y <a href=\"https:\/\/www.asbestosclaims.law\/es\/asbestos-mesothelioma-claims\/\">informaci\u00f3n legal<\/a> sobre <a href=\"https:\/\/www.asbestosclaims.law\/es\/asbestos-trusts\/what-are-asbestos-trusts-and-why-do-they-exist\/\">la compensaci\u00f3n por lesiones de asbesto<\/a>.<\/p>\n\n<p>Y si cree que estuvo expuesto al asbesto, o le han diagnosticado una enfermedad relacionada con el asbesto, podr\u00eda tener derecho a <a href=\"https:\/\/www.asbestosclaims.law\/es\/asbestos-claims\/\">compensaci\u00f3n significativa<\/a>: dinero que podr\u00eda usar para cubrir los costos de los servicios de eliminaci\u00f3n de asbesto, pagar el tratamiento m\u00e9dico y proteger de forma preventiva su bienestar f\u00edsico.&nbsp;<\/p>\n\n<p>Todo sin presentar una demanda.<\/p>\n\n<p>Si desea ayuda para presentar un reclamo, <a href=\"https:\/\/www.asbestosclaims.law\/es\/about-us\/contacta-con-nosotros\/\">ponerse en contacto<\/a> por correo electr\u00f3nico a <a href=\"mailto:help@asbestosclaims.law\">help@asbestosclaims.law<\/a>&nbsp;\to ll\u00e1menos o env\u00edenos un mensaje de texto al <a href=\"tel:8334272378\">(833) 4-ASBESTOS (427-2378)<\/a> o <a href=\"tel:2064559190\">(206) 455-9190<\/a>. Escucharemos su historia y le explicaremos sus opciones. Y nunca cobramos por nada a menos que reciba dinero en su bolsillo.<\/p>\n\n<\/td>                            \n                        <\/tr>\n                    <\/tbody><\/table>\n                <\/div>\n            <\/div>\n        <\/section>"},"excerpt":{"rendered":"<p>These workhorse naval vessels, which first appeared in the 1790s, are bigger than patrol boats and smaller than destroyers. Back then, the sailors aboard these vessels bravely took on ships that were much bigger and more powerful than cutters. Onboard fires were a constant hazard. Munitions accidentally exploded, and minor combat damage could cause a [&#8230;]<\/p>\n<p><a class=\"btn btn-secondary understrap-read-more-link\" href=\"https:\/\/www.asbestosclaims.law\/es\/fuentes-de-exposicion\/marina-eeuu\/clases-de-barcos\/cortadores\/\">Leer m\u00e1s&#8230;<\/a><\/p>","protected":false},"author":1,"featured_media":0,"parent":10924,"menu_order":6,"comment_status":"closed","ping_status":"closed","template":"page-templates\/page-sidebar-template.php","meta":{"_acf_changed":false,"ub_ctt_via":"","footnotes":""},"class_list":["post-10036","page","type-page","status-publish","hentry"],"acf":[],"featured_image_src":null,"_links":{"self":[{"href":"https:\/\/www.asbestosclaims.law\/es\/wp-json\/wp\/v2\/pages\/10036","targetHints":{"allow":["GET"]}}],"collection":[{"href":"https:\/\/www.asbestosclaims.law\/es\/wp-json\/wp\/v2\/pages"}],"about":[{"href":"https:\/\/www.asbestosclaims.law\/es\/wp-json\/wp\/v2\/types\/page"}],"author":[{"embeddable":true,"href":"https:\/\/www.asbestosclaims.law\/es\/wp-json\/wp\/v2\/users\/1"}],"replies":[{"embeddable":true,"href":"https:\/\/www.asbestosclaims.law\/es\/wp-json\/wp\/v2\/comments?post=10036"}],"version-history":[{"count":0,"href":"https:\/\/www.asbestosclaims.law\/es\/wp-json\/wp\/v2\/pages\/10036\/revisions"}],"up":[{"embeddable":true,"href":"https:\/\/www.asbestosclaims.law\/es\/wp-json\/wp\/v2\/pages\/10924"}],"wp:attachment":[{"href":"https:\/\/www.asbestosclaims.law\/es\/wp-json\/wp\/v2\/media?parent=10036"}],"curies":[{"name":"wp","href":"https:\/\/api.w.org\/{rel}","templated":true}]}}