{"id":10029,"date":"2022-07-07T18:04:25","date_gmt":"2022-07-07T18:04:25","guid":{"rendered":"https:\/\/www.asbestosclaims.law\/?page_id=10029"},"modified":"2022-09-29T00:10:59","modified_gmt":"2022-09-29T00:10:59","slug":"cruisers","status":"publish","type":"page","link":"https:\/\/www.asbestosclaims.law\/es\/fuentes-de-exposicion\/marina-eeuu\/clases-de-barcos\/cruceros\/","title":{"rendered":"Asbesto en Cruceros"},"content":{"rendered":"<p class=\"mt-5\">Al igual que muchos buques de guerra de superficie, como los <a href=\"https:\/\/www.asbestosclaims.law\/es\/fuentes-de-exposicion\/marina-eeuu\/clases-de-barcos\/barcos-de-guerra\/\">barcos de guerra<\/a>, los cruceros no son tan prominentes hoy como lo eran en el pasado. Actualmente, solo las armadas estadounidense y rusa despliegan cruceros, que son m\u00e1s peque\u00f1os que los acorazados y m\u00e1s grandes que los destructores. Los cruceros de hoy son mucho m\u00e1s seguros que los de ayer, ya que en 1975, los constructores navales de la Marina dejaron de usar asbesto en los cruceros y otras embarcaciones transoce\u00e1nicas.<\/p>\n\n\n\n<h2 class=\"wp-block-heading\" id=\"h-asbestos-was-used-to-fireproof-us-naval-cruisers\">El asbesto se us\u00f3 para proteger contra incendios a los cruceros navales de EE. UU.<\/h2>\n\n\n\n<p>Ya en los d\u00edas del Monitor y el Merrimack, que fueron los dos primeros cruceros blindados del mundo, estos barcos ten\u00edan grandes ca\u00f1ones y grandes calderas.Los incendios, tanto accidentales como relacionados con el combate, mataron a m\u00e1s marineros que la acci\u00f3n directa del enemigo. Los constructores navales utilizaron asbesto para reducir el riesgo de incendio. Los cient\u00edficos sab\u00edan acerca de los peligros para la salud del asbesto en esos d\u00edas. Pero ese conocimiento no impidi\u00f3 que los constructores navales usaran tanto asbesto como fuera posible.<\/p>\n\n\n\n<h3 class=\"wp-block-heading\" id=\"h-us-naval-veterans-who-served-on-cruisers-were-routinely-exposed-to-asbestos\">Los veteranos navales de EE. UU. que sirvieron en cruceros estuvieron expuestos rutinariamente al asbesto<\/h3>\n\n\n\n<p>El uso de asbesto no se limit\u00f3 a las armas y las salas de m\u00e1quinas. Los constructores utilizaron cantidades significativas de este mineral fibroso en:<\/p>\n\n\n\n<div class=\"wp-block-columns mt-3 mb-2 is-layout-flex wp-container-core-columns-is-layout-9d6595d7 wp-block-columns-is-layout-flex\">\n<div class=\"wp-block-column is-layout-flow wp-block-column-is-layout-flow\">\n<ul class=\"check-list wp-block-list\"><li>Adhesivos,<\/li><li>Calderas, revestimientos de calderas y pantallas t\u00e9rmicas,<\/li><li>Cables,<\/li><li>Calafatear,<\/li><li>Azulejos de techo y piso,<\/li><li>Revestimientos de cubierta,<\/li><li>Galeras,<\/li><li>Comedores,<\/li><\/ul>\n<\/div>\n\n\n\n<div class=\"wp-block-column is-layout-flow wp-block-column-is-layout-flow\">\n<ul class=\"check-list wp-block-list\"><li>Revestimiento el\u00e9ctrico,<\/li><li>Motores,<\/li><li>Tuber\u00eda,<\/li><li>Turbinas,<\/li><li>Salas de m\u00e1quinas,<\/li><li>Salas de calderas,<\/li><li>Salas de bombas y propulsi\u00f3n, y<\/li><li>Alojamiento de la tripulaci\u00f3n.<\/li><\/ul>\n<\/div>\n<\/div>\n\n\n\n<p>Los cruceros son barcos grandes. Pero no son tan grandes. Preg\u00fantale a cualquiera que haya servido alguna vez en uno de estos barcos. Dado que el riesgo de incendio estaba en todas partes, el asbesto estaba en todas partes, incluso en cosas como techos y baldosas.<\/p>\n\n\n\n<figure class=\"wp-block-image size-full\"><img decoding=\"async\" width=\"1430\" height=\"510\" src=\"https:\/\/www.asbestosclaims.law\/wp-content\/uploads\/2022\/07\/Asbestos-cruisers-img4.jpg\" alt=\"\" class=\"wp-image-10041\" srcset=\"https:\/\/www.asbestosclaims.law\/wp-content\/uploads\/2022\/07\/Asbestos-cruisers-img4.jpg 1430w, https:\/\/www.asbestosclaims.law\/wp-content\/uploads\/2022\/07\/Asbestos-cruisers-img4-540x193.jpg 540w, https:\/\/www.asbestosclaims.law\/wp-content\/uploads\/2022\/07\/Asbestos-cruisers-img4-768x274.jpg 768w, https:\/\/www.asbestosclaims.law\/wp-content\/uploads\/2022\/07\/Asbestos-cruisers-img4-18x6.jpg 18w\" sizes=\"(max-width: 1430px) 100vw, 1430px\" \/><\/figure>\n\n\n\n<h2 class=\"wp-block-heading\" id=\"h-us-naval-veterans-at-risk-of-asbestos-exposure-and-health-problems-from-serving-on-cruisers\">Veteranos navales de EE. UU. en riesgo de exposici\u00f3n al asbesto y problemas de salud por servir en cruceros<\/h2>\n\n\n\n<p>Los trabajadores que usan ropa protectora o no trabajan cerca de \u00e1reas con fibras de asbesto sueltas en el aire generalmente enfrentan pocos riesgos para la salud. Sin embargo, la Armada no les dio a los marineros ni un \u00e1pice de ropa protectora, y dondequiera que fueras en un crucero, probablemente hab\u00eda microsc\u00f3picas fibras de asbesto en el aire.<\/p>\n\n\n\n<p>Con frecuencia, los contratistas privados dieron servicio a los cruceros en dique seco. Estos trabajadores probablemente tambi\u00e9n estuvieron expuestos al asbesto.<\/p>\n\n\n\n<p>Ambas categor\u00edas de v\u00edctimas tienen opciones legales.Los veteranos de servicio generalmente presentan reclamos por discapacidad de VA. Por lo general, los beneficios son retroactivos a la fecha de exposici\u00f3n, o al menos a la fecha de la enfermedad. Los que no son miembros del servicio generalmente presentan reclamos por productos defectuosos contra los fabricantes de asbesto o peticiones ante un fondo de compensaci\u00f3n para v\u00edctimas del asbesto.<\/p>\n\n\n\n<section class=\"boxtextnew\">\n            <div class=\"row pt-5 5 px-xl-0 px-lg-3\" style=\"padding:30px 10px !Important; background-color:#F8F7F6; margin:0px;\">\n                <div>\n                    <table style=\"width:90%; margin:0px auto;\">\n                        <tbody><tr>                           \n                            <td style=\"text-align:left;\">\n<h5>AsbestosClaims.Law<\/h5>\n<p>AsbestosClaims.law es su recurso integral para todo lo relacionado con el asbesto, incluida informaci\u00f3n sobre salud y compensaci\u00f3n para los veteranos de la Fuerza A\u00e9rea y otros exmiembros del servicio. Esperamos que esto sea de ayuda y estamos agradecidos con todos los que se han dado de s\u00ed mismos para defendernos a todos.<\/p>\n\n<p>Si tiene preguntas o inquietudes adicionales relacionadas con el asbesto, visite nuestro <a href=\"https:\/\/www.asbestosclaims.law\/es\/\" rel=\"noopener\">sitio web<\/a> y <a href=\"http:\/\/youtube.com\/channel\/UCZ8k_hDOrgpwHTVwzZHKcmA\" target=\"_blank\" rel=\"noopener\">p\u00e1gina de YouTube<\/a> para ver videos, infograf\u00edas y respuestas a sus preguntas sobre el asbesto, incluida <a href=\"https:\/\/www.asbestosclaims.law\/es\/blogtag\/health-and-safety\/\">la salud y la seguridad<\/a>, <a href=\"https:\/\/www.asbestosclaims.law\/es\/asbestos-blog\/estoy-mudandome-deberia-tener-prueba-de-asbesto-gratis\/\">prueba de asbesto<\/a>, <a href=\"https:\/\/www.asbestosclaims.law\/es\/blogtag\/asbestos-removal\/\">la eliminaci\u00f3n del asbesto de su hogar y edificio<\/a>, y <a href=\"https:\/\/www.asbestosclaims.law\/es\/asbestos-mesothelioma-claims\/\">informaci\u00f3n legal<\/a> sobre <a href=\"https:\/\/www.asbestosclaims.law\/es\/asbestos-trusts\/what-are-asbestos-trusts-and-why-do-they-exist\/\">la compensaci\u00f3n por lesiones de asbesto<\/a>.<\/p>\n\n<p>Y si cree que estuvo expuesto al asbesto, o le han diagnosticado una enfermedad relacionada con el asbesto, podr\u00eda tener derecho a <a href=\"https:\/\/www.asbestosclaims.law\/es\/asbestos-claims\/\">compensaci\u00f3n significativa<\/a>: dinero que podr\u00eda usar para cubrir los costos de los servicios de eliminaci\u00f3n de asbesto, pagar el tratamiento m\u00e9dico y proteger de forma preventiva su bienestar f\u00edsico.&nbsp;<\/p>\n\n<p>Todo sin presentar una demanda.<\/p>\n\n<p>Si desea ayuda para presentar un reclamo, <a href=\"https:\/\/www.asbestosclaims.law\/es\/about-us\/contacta-con-nosotros\/\">ponerse en contacto<\/a> por correo electr\u00f3nico a <a href=\"mailto:help@asbestosclaims.law\">help@asbestosclaims.law<\/a>&nbsp;\to ll\u00e1menos o env\u00edenos un mensaje de texto al <a href=\"tel:8334272378\">(833) 4-ASBESTOS (427-2378)<\/a> o <a href=\"tel:2064559190\">(206) 455-9190<\/a>. Escucharemos su historia y le explicaremos sus opciones. Y nunca cobramos por nada a menos que reciba dinero en su bolsillo.<\/p>\n\n<\/td>                            \n                        <\/tr>\n                    <\/tbody><\/table>\n                <\/div>\n            <\/div>\n        <\/section>"},"excerpt":{"rendered":"<p>Like many surface warships, such as battleships, cruisers are not as prominent today as they were back in the day. Only the American and Russian navies currently deploy cruisers, which are smaller than battleships and larger than destroyers. Today\u2019s cruisers are much safer than yesterday\u2019s cruisers, since in 1975, Navy shipbuilders stopped using asbestos in [&#8230;]<\/p>\n<p><a class=\"btn btn-secondary understrap-read-more-link\" href=\"https:\/\/www.asbestosclaims.law\/es\/fuentes-de-exposicion\/marina-eeuu\/clases-de-barcos\/cruceros\/\">Leer m\u00e1s&#8230;<\/a><\/p>","protected":false},"author":1,"featured_media":0,"parent":10924,"menu_order":5,"comment_status":"closed","ping_status":"closed","template":"page-templates\/page-sidebar-template.php","meta":{"_acf_changed":false,"ub_ctt_via":"","footnotes":""},"class_list":["post-10029","page","type-page","status-publish","hentry"],"acf":[],"featured_image_src":null,"_links":{"self":[{"href":"https:\/\/www.asbestosclaims.law\/es\/wp-json\/wp\/v2\/pages\/10029","targetHints":{"allow":["GET"]}}],"collection":[{"href":"https:\/\/www.asbestosclaims.law\/es\/wp-json\/wp\/v2\/pages"}],"about":[{"href":"https:\/\/www.asbestosclaims.law\/es\/wp-json\/wp\/v2\/types\/page"}],"author":[{"embeddable":true,"href":"https:\/\/www.asbestosclaims.law\/es\/wp-json\/wp\/v2\/users\/1"}],"replies":[{"embeddable":true,"href":"https:\/\/www.asbestosclaims.law\/es\/wp-json\/wp\/v2\/comments?post=10029"}],"version-history":[{"count":0,"href":"https:\/\/www.asbestosclaims.law\/es\/wp-json\/wp\/v2\/pages\/10029\/revisions"}],"up":[{"embeddable":true,"href":"https:\/\/www.asbestosclaims.law\/es\/wp-json\/wp\/v2\/pages\/10924"}],"wp:attachment":[{"href":"https:\/\/www.asbestosclaims.law\/es\/wp-json\/wp\/v2\/media?parent=10029"}],"curies":[{"name":"wp","href":"https:\/\/api.w.org\/{rel}","templated":true}]}}